{"id":8652,"date":"2025-12-04T03:30:43","date_gmt":"2025-12-04T03:30:43","guid":{"rendered":"https:\/\/www.ceramicbasin.com\/?post_type=product&#038;p=8652"},"modified":"2025-12-05T03:15:57","modified_gmt":"2025-12-05T03:15:57","slug":"bulk-custom-wall-mounted-sink","status":"publish","type":"product","link":"https:\/\/www.ceramicbasin.com\/de\/produkt\/bulk-custom-wall-mounted-sink\/","title":{"rendered":"Bulk Custom Wall Mounted Sink, Keramik-Waschbecken Versorgung"},"content":{"rendered":"<div class=\"wp-block-columns is-layout-flex wp-container-core-columns-is-layout-9d6595d7 wp-block-columns-is-layout-flex\">\n<div class=\"wp-block-column is-layout-flow wp-block-column-is-layout-flow\">\n<h2 class=\"wp-block-heading\">Premium Bulk Custom Wall Mounted Sink Merkmale:<\/h2>\n\n\n\n<ul class=\"wp-block-list\">\n<li><strong>Neues Design:<\/strong> Das ovale Design bietet ein ausgewogenes Verh\u00e4ltnis zwischen Praktikabilit\u00e4t und Raumanpassung und erleichtert die Projektplanung und den Einkauf in gro\u00dfen Mengen.<\/li>\n\n\n\n<li><strong>Hochwertige Easy-Clean-Keramik: <\/strong>Unser massgeschneidertes, wandmontiertes Waschbecken verf\u00fcgt \u00fcber eine bei hoher Temperatur gebrannte Keramikglasur, die glatt und dicht, schmutzabweisend und verschlei\u00dffest ist, sich t\u00e4glich leicht reinigen l\u00e4sst und bei langfristigem Gebrauch resistent gegen Flecken und Risse ist.<\/li>\n\n\n\n<li><strong>Wandmontierte Installation:<\/strong> Das Design unseres Gro\u00dfhandels-Waschbeckens f\u00fcr die Wandmontage spart nicht nur Platz, sondern erleichtert auch die Reinigung des Bodens darunter, wodurch das Badezimmer aufger\u00e4umt bleibt und eine erfrischende Nutzungsumgebung geschaffen wird.<\/li>\n\n\n\n<li><strong>Kosteneinsparungen beim Gro\u00dfeinkauf:<\/strong> HanYu kann Ihnen wandh\u00e4ngende Waschbecken im Gro\u00dfhandel zu wettbewerbsf\u00e4higen Einkaufspreisen anbieten, damit Sie die Kosten f\u00fcr die Dekoration effektiv kontrollieren k\u00f6nnen, ohne auf Qualit\u00e4t zu verzichten.<\/li>\n<\/ul>\n<\/div>\n\n\n\n<div class=\"wp-block-column is-layout-flow wp-block-column-is-layout-flow\">\n<figure class=\"wp-block-image size-full\"><img fetchpriority=\"high\" decoding=\"async\" width=\"670\" height=\"905\" src=\"https:\/\/www.ceramicbasin.com\/wp-content\/uploads\/2025\/12\/bulk-custom-wall-mounted-sink-ceramic-wash-basins-supply-6.webp\" alt=\"massgeschneidertes-wandmontiertes-keramisches-waschbecken-angebot-6\" class=\"wp-image-8687\" srcset=\"https:\/\/www.ceramicbasin.com\/wp-content\/uploads\/2025\/12\/bulk-custom-wall-mounted-sink-ceramic-wash-basins-supply-6.webp 670w, https:\/\/www.ceramicbasin.com\/wp-content\/uploads\/2025\/12\/bulk-custom-wall-mounted-sink-ceramic-wash-basins-supply-6-222x300.webp 222w, https:\/\/www.ceramicbasin.com\/wp-content\/uploads\/2025\/12\/bulk-custom-wall-mounted-sink-ceramic-wash-basins-supply-6-9x12.webp 9w, https:\/\/www.ceramicbasin.com\/wp-content\/uploads\/2025\/12\/bulk-custom-wall-mounted-sink-ceramic-wash-basins-supply-6-285x385.webp 285w, https:\/\/www.ceramicbasin.com\/wp-content\/uploads\/2025\/12\/bulk-custom-wall-mounted-sink-ceramic-wash-basins-supply-6-489x660.webp 489w, https:\/\/www.ceramicbasin.com\/wp-content\/uploads\/2025\/12\/bulk-custom-wall-mounted-sink-ceramic-wash-basins-supply-6-111x150.webp 111w\" sizes=\"(max-width: 670px) 100vw, 670px\" \/><\/figure>\n<\/div>\n<\/div>\n\n\n\n<p><\/p>","protected":false},"excerpt":{"rendered":"<p>Willkommen zum Kauf unserer Massen benutzerdefinierte Wand Waschbecken aus hochwertiger Keramik, leicht zu reinigen, ideal f\u00fcr platzsparende B\u00e4der. Unsere schnelle Lieferung Wand h\u00e4ngenden Waschbecken Gro\u00dfhandel kann dringende Projektanforderungen erf\u00fcllen. Wir bieten auch kundenspezifische Dienstleistungen, so dass Sie die Produktdetails entsprechend den Projektanforderungen anpassen k\u00f6nnen, um eine perfekte \u00dcbereinstimmung im Design zu erreichen.<\/p>\n<table style=\"border-collapse: collapse; width: 358.52pt;\" border=\"0\" width=\"478\" cellspacing=\"0\" cellpadding=\"0\">\n<tbody>\n<tr style=\"height: 17.25pt;\">\n<td class=\"et3\" style=\"height: 17.25pt; width: 125.00pt;\" width=\"166\" height=\"23\">Hersteller<\/td>\n<td class=\"et3\" style=\"width: 234.15pt;\" width=\"312\">HanYu<\/td>\n<\/tr>\n<tr style=\"height: 17.25pt;\">\n<td class=\"et3\" style=\"height: 17.25pt;\" height=\"23\">Modell Nr.<\/td>\n<td class=\"et4\">HY-3134B<\/td>\n<\/tr>\n<tr style=\"height: 17.25pt;\">\n<td class=\"et3\" style=\"height: 17.25pt;\" height=\"23\">Typ<\/td>\n<td class=\"et5\" style=\"width: 234.15pt;\" width=\"312\">Wandh\u00e4ngende Waschbecken<\/td>\n<\/tr>\n<tr style=\"height: 18.00pt;\">\n<td class=\"et3\" style=\"height: 18.00pt;\" height=\"24\">Form<\/td>\n<td class=\"et3\">Rectanglue Form<\/td>\n<\/tr>\n<tr style=\"height: 34.50pt;\">\n<td class=\"et4\" style=\"height: 34.50pt;\" height=\"46\">Farbe<\/td>\n<td class=\"et5\" style=\"width: 234.15pt;\" width=\"312\">schwarz\/wei\u00df\/blau\/grau\/rosa\/gr\u00fcn\/braun\/khaki<\/td>\n<\/tr>\n<tr style=\"height: 18.00pt;\">\n<td class=\"et3\" style=\"height: 18.00pt;\" height=\"24\">Dimension<\/td>\n<td class=\"et5\" style=\"width: 234.15pt;\" width=\"312\">60*45.5*14<\/td>\n<\/tr>\n<tr style=\"height: 17.25pt;\">\n<td class=\"et3\" style=\"height: 17.25pt;\" height=\"23\">N.W \/SET<\/td>\n<td class=\"et3\">12 KGS\/PCS<\/td>\n<\/tr>\n<tr style=\"height: 17.25pt;\">\n<td class=\"et3\" style=\"height: 17.25pt;\" height=\"23\">MOQ<\/td>\n<td class=\"et3\">20St\u00fcck<\/td>\n<\/tr>\n<tr style=\"height: 17.25pt;\">\n<td class=\"et3\" style=\"height: 17.25pt;\" height=\"23\">Benutzerdefinierte Option<\/td>\n<td class=\"et3\">Farbe\/Muster\/Gr\u00f6\u00dfe\/Logo\/Verpackung<\/td>\n<\/tr>\n<\/tbody>\n<\/table>","protected":false},"featured_media":8682,"comment_status":"closed","ping_status":"closed","template":"","meta":{"_acf_changed":false},"product_brand":[],"product_cat":[57],"product_tag":[],"class_list":{"0":"post-8652","1":"product","2":"type-product","3":"status-publish","4":"has-post-thumbnail","6":"product_cat-wholesale-wall-mounted-sinks","8":"first","9":"instock","10":"shipping-taxable","11":"product-type-simple"},"acf":[],"_links":{"self":[{"href":"https:\/\/www.ceramicbasin.com\/de\/wp-json\/wp\/v2\/product\/8652","targetHints":{"allow":["GET"]}}],"collection":[{"href":"https:\/\/www.ceramicbasin.com\/de\/wp-json\/wp\/v2\/product"}],"about":[{"href":"https:\/\/www.ceramicbasin.com\/de\/wp-json\/wp\/v2\/types\/product"}],"replies":[{"embeddable":true,"href":"https:\/\/www.ceramicbasin.com\/de\/wp-json\/wp\/v2\/comments?post=8652"}],"wp:featuredmedia":[{"embeddable":true,"href":"https:\/\/www.ceramicbasin.com\/de\/wp-json\/wp\/v2\/media\/8682"}],"wp:attachment":[{"href":"https:\/\/www.ceramicbasin.com\/de\/wp-json\/wp\/v2\/media?parent=8652"}],"wp:term":[{"taxonomy":"product_brand","embeddable":true,"href":"https:\/\/www.ceramicbasin.com\/de\/wp-json\/wp\/v2\/product_brand?post=8652"},{"taxonomy":"product_cat","embeddable":true,"href":"https:\/\/www.ceramicbasin.com\/de\/wp-json\/wp\/v2\/product_cat?post=8652"},{"taxonomy":"product_tag","embeddable":true,"href":"https:\/\/www.ceramicbasin.com\/de\/wp-json\/wp\/v2\/product_tag?post=8652"}],"curies":[{"name":"wp","href":"https:\/\/api.w.org\/{rel}","templated":true}]}}