{"id":8660,"date":"2025-12-04T03:38:55","date_gmt":"2025-12-04T03:38:55","guid":{"rendered":"https:\/\/www.ceramicbasin.com\/?post_type=product&#038;p=8660"},"modified":"2025-12-05T04:05:16","modified_gmt":"2025-12-05T04:05:16","slug":"wholesale-small-wall-mounted-sink","status":"publish","type":"product","link":"https:\/\/www.ceramicbasin.com\/de\/produkt\/wholesale-small-wall-mounted-sink\/","title":{"rendered":"Gro\u00dfhandel kleine Wand Waschbecken, benutzerdefinierte keramische Bad Waschbecken"},"content":{"rendered":"<div class=\"wp-block-columns is-layout-flex wp-container-core-columns-is-layout-9d6595d7 wp-block-columns-is-layout-flex\">\n<div class=\"wp-block-column is-layout-flow wp-block-column-is-layout-flow\">\n<h2 class=\"wp-block-heading\">Premium Gro\u00dfhandel kleine Wand Waschbecken Merkmale:<\/h2>\n\n\n\n<ul class=\"wp-block-list\">\n<li><strong>Raumoptimiertes Design:<\/strong> Dieses kleine Wandwaschbecken aus dem Gro\u00dfhandel ist besonders f\u00fcr kleine Badezimmer geeignet und verbessert die Raumnutzung. Geeignet f\u00fcr Wohnungen, Hotels und kleine Gewerbefl\u00e4chen.<\/li>\n\n\n\n<li><strong>Hergestellt aus hochwertigem Porzellan:<\/strong> Unser kleines Wandwaschbecken f\u00fcr den Gro\u00dfhandel wird aus hochwertigem Porzellan hergestellt und bei hohen Temperaturen gebrannt, um sicherzustellen, dass die Becken eine solide Textur, eine glatte Oberfl\u00e4che, eine einfache Reinigung und einen dauerhaften Glanz aufweisen.<\/li>\n\n\n\n<li><strong>Moderner, minimalistischer Stil: <\/strong>Diese ma\u00dfgefertigten Keramikwaschbecken haben ein reinwei\u00dfes, quadratisches Keramikbecken mit abgerundeten Ecken, kombiniert mit einem hohen schwarzen Einhebelmischer, der einen klassischen Schwarz-Wei\u00df-Kontrast bietet und einen schlichten und stilvollen Look schafft, der sich f\u00fcr verschiedene Einrichtungsstile eignet.<\/li>\n\n\n\n<li><strong>Starke Installationskompatibilit\u00e4t:<\/strong> Standardm\u00e4\u00dfig sind \u00dcberlauf- und Abflussl\u00f6cher vorhanden, die universelle Abl\u00e4ufe unterst\u00fctzen. Die Wandmontage ist stabil und mit den meisten Wandoberfl\u00e4chen und Wasserversorgungssystemen kompatibel.<\/li>\n\n\n\n<li><strong>Personalisierung und Gro\u00dfhandelsdienstleistungen:<\/strong> Wir unterst\u00fctzen OEM\/ODM-Anpassungen (z. B. Logo, Gr\u00f6\u00dfenanpassung) und bieten gestaffelte Gro\u00dfhandelspreise, um den Bedarf an Gro\u00dfeink\u00e4ufen f\u00fcr technische Projekte zu decken.<\/li>\n<\/ul>\n<\/div>\n\n\n\n<div class=\"wp-block-column is-layout-flow wp-block-column-is-layout-flow\">\n<figure class=\"wp-block-image size-full\"><img fetchpriority=\"high\" decoding=\"async\" width=\"660\" height=\"882\" src=\"https:\/\/www.ceramicbasin.com\/wp-content\/uploads\/2025\/12\/wholesale-small-wall-mounted-sink-custom-ceramic-bath-sink-6.webp\" alt=\"gro\u00dfhandel-kleines-wandmontiertes-waschbecken-keramik-waschbecken-6\" class=\"wp-image-8694\" srcset=\"https:\/\/www.ceramicbasin.com\/wp-content\/uploads\/2025\/12\/wholesale-small-wall-mounted-sink-custom-ceramic-bath-sink-6.webp 660w, https:\/\/www.ceramicbasin.com\/wp-content\/uploads\/2025\/12\/wholesale-small-wall-mounted-sink-custom-ceramic-bath-sink-6-224x300.webp 224w, https:\/\/www.ceramicbasin.com\/wp-content\/uploads\/2025\/12\/wholesale-small-wall-mounted-sink-custom-ceramic-bath-sink-6-9x12.webp 9w, https:\/\/www.ceramicbasin.com\/wp-content\/uploads\/2025\/12\/wholesale-small-wall-mounted-sink-custom-ceramic-bath-sink-6-285x381.webp 285w, https:\/\/www.ceramicbasin.com\/wp-content\/uploads\/2025\/12\/wholesale-small-wall-mounted-sink-custom-ceramic-bath-sink-6-494x660.webp 494w, https:\/\/www.ceramicbasin.com\/wp-content\/uploads\/2025\/12\/wholesale-small-wall-mounted-sink-custom-ceramic-bath-sink-6-112x150.webp 112w\" sizes=\"(max-width: 660px) 100vw, 660px\" \/><\/figure>\n<\/div>\n<\/div>\n\n\n\n<p><\/p>","protected":false},"excerpt":{"rendered":"<p>Willkommen zum Kauf unserer Gro\u00dfhandel kleine Wand Waschbecken, mit einem modernen Design mit hochwertigen Keramik, und einfache Installation. Unsere Keramik-Wandwaschbecken Gro\u00dfhandel sind f\u00fcr kleine B\u00e4der, die Praktikabilit\u00e4t und Sch\u00f6nheit verfolgen konzipiert. Anpassbare &amp; Gro\u00dfauftragspreise f\u00fcr Hotels\/Appartement-Projekte.<\/p>\n<table style=\"border-collapse: collapse; width: 358.52pt;\" border=\"0\" width=\"478\" cellspacing=\"0\" cellpadding=\"0\">\n<tbody>\n<tr style=\"height: 17.25pt;\">\n<td class=\"et3\" style=\"height: 17.25pt; width: 125.00pt;\" width=\"166\" height=\"23\">Hersteller<\/td>\n<td class=\"et3\" style=\"width: 234.15pt;\" width=\"312\">HanYu<\/td>\n<\/tr>\n<tr style=\"height: 17.25pt;\">\n<td class=\"et3\" style=\"height: 17.25pt;\" height=\"23\">Modell Nr.<\/td>\n<td class=\"et4\">HY-3136<\/td>\n<\/tr>\n<tr style=\"height: 17.25pt;\">\n<td class=\"et3\" style=\"height: 17.25pt;\" height=\"23\">Typ<\/td>\n<td class=\"et5\" style=\"width: 234.15pt;\" width=\"312\">Wandh\u00e4ngende Waschbecken<\/td>\n<\/tr>\n<tr style=\"height: 18.00pt;\">\n<td class=\"et3\" style=\"height: 18.00pt;\" height=\"24\">Form<\/td>\n<td class=\"et3\">Rectanglue Form<\/td>\n<\/tr>\n<tr style=\"height: 34.50pt;\">\n<td class=\"et4\" style=\"height: 34.50pt;\" height=\"46\">Farbe<\/td>\n<td class=\"et5\" style=\"width: 234.15pt;\" width=\"312\">schwarz\/wei\u00df\/blau\/grau\/rosa\/gr\u00fcn\/braun\/khaki<\/td>\n<\/tr>\n<tr style=\"height: 18.00pt;\">\n<td class=\"et3\" style=\"height: 18.00pt;\" height=\"24\">Dimension<\/td>\n<td class=\"et5\" style=\"width: 234.15pt;\" width=\"312\">45.5*36.5*17<\/td>\n<\/tr>\n<tr style=\"height: 17.25pt;\">\n<td class=\"et3\" style=\"height: 17.25pt;\" height=\"23\">N.W \/SET<\/td>\n<td class=\"et3\">8 KGS\/PCS<\/td>\n<\/tr>\n<tr style=\"height: 17.25pt;\">\n<td class=\"et3\" style=\"height: 17.25pt;\" height=\"23\">MOQ<\/td>\n<td class=\"et3\">20St\u00fcck<\/td>\n<\/tr>\n<tr style=\"height: 17.25pt;\">\n<td class=\"et3\" style=\"height: 17.25pt;\" height=\"23\">Benutzerdefinierte Option<\/td>\n<td class=\"et3\">Farbe\/Muster\/Gr\u00f6\u00dfe\/Logo\/Verpackung<\/td>\n<\/tr>\n<\/tbody>\n<\/table>","protected":false},"featured_media":8689,"comment_status":"closed","ping_status":"closed","template":"","meta":{"_acf_changed":false},"product_brand":[],"product_cat":[57,56],"product_tag":[],"class_list":{"0":"post-8660","1":"product","2":"type-product","3":"status-publish","4":"has-post-thumbnail","6":"product_cat-wholesale-wall-mounted-sinks","7":"product_cat-wholesale-small-bathroom-sinks","9":"first","10":"instock","11":"shipping-taxable","12":"product-type-simple"},"acf":[],"_links":{"self":[{"href":"https:\/\/www.ceramicbasin.com\/de\/wp-json\/wp\/v2\/product\/8660","targetHints":{"allow":["GET"]}}],"collection":[{"href":"https:\/\/www.ceramicbasin.com\/de\/wp-json\/wp\/v2\/product"}],"about":[{"href":"https:\/\/www.ceramicbasin.com\/de\/wp-json\/wp\/v2\/types\/product"}],"replies":[{"embeddable":true,"href":"https:\/\/www.ceramicbasin.com\/de\/wp-json\/wp\/v2\/comments?post=8660"}],"wp:featuredmedia":[{"embeddable":true,"href":"https:\/\/www.ceramicbasin.com\/de\/wp-json\/wp\/v2\/media\/8689"}],"wp:attachment":[{"href":"https:\/\/www.ceramicbasin.com\/de\/wp-json\/wp\/v2\/media?parent=8660"}],"wp:term":[{"taxonomy":"product_brand","embeddable":true,"href":"https:\/\/www.ceramicbasin.com\/de\/wp-json\/wp\/v2\/product_brand?post=8660"},{"taxonomy":"product_cat","embeddable":true,"href":"https:\/\/www.ceramicbasin.com\/de\/wp-json\/wp\/v2\/product_cat?post=8660"},{"taxonomy":"product_tag","embeddable":true,"href":"https:\/\/www.ceramicbasin.com\/de\/wp-json\/wp\/v2\/product_tag?post=8660"}],"curies":[{"name":"wp","href":"https:\/\/api.w.org\/{rel}","templated":true}]}}