{"id":8722,"date":"2025-12-18T07:17:37","date_gmt":"2025-12-18T07:17:37","guid":{"rendered":"https:\/\/www.ceramicbasin.com\/?post_type=product&#038;p=8722"},"modified":"2025-12-18T07:17:40","modified_gmt":"2025-12-18T07:17:40","slug":"above-counter-basin-wholesale","status":"publish","type":"product","link":"https:\/\/www.ceramicbasin.com\/de\/produkt\/above-counter-basin-wholesale\/","title":{"rendered":"Porzellan \u00fcber Z\u00e4hler Becken Gro\u00dfhandel, Oval Badezimmer Waschbecken Bulk"},"content":{"rendered":"<div class=\"wp-block-columns is-layout-flex wp-container-core-columns-is-layout-9d6595d7 wp-block-columns-is-layout-flex\">\n<div class=\"wp-block-column is-layout-flow wp-block-column-is-layout-flow\">\n<h2 class=\"wp-block-heading\">Premium \u00dcber-Theke-Becken Gro\u00dfhandel Merkmale:<\/h2>\n\n\n\n<ul class=\"wp-block-list\">\n<li><strong>Hochwertige Keramik:<\/strong>\u00a0Dieses Porzellan \u00fcber der Theke Waschbecken Gro\u00dfhandel ist hoch gebrannt durch eine Hochtemperatur-Prozess f\u00fcr eine viel glattere, dichtere Oberfl\u00e4che, die Kratzfestigkeit, Fleckenbest\u00e4ndigkeit und einfache Reinigung hat.<\/li>\n\n\n\n<li><strong>Gro\u00dfer Bestand:<\/strong>\u00a0Unser Gro\u00dfhandel f\u00fcr Aufsatzwaschbecken aus Porzellan unterst\u00fctzt sowohl den Gro\u00dfhandel als auch die Projektbeschaffung und erf\u00fcllt die Anforderungen von Einzelh\u00e4ndlern, Gro\u00dfh\u00e4ndlern und Projektkunden an eine schnelle Lieferung.<\/li>\n\n\n\n<li><strong>Leicht zu reinigende Glasurbehandlung:<\/strong>\u00a0Die Oberfl\u00e4che des ovalen Waschbeckens ist mit einer speziellen, leicht zu reinigenden Glasur versehen, die glatt und empfindlich ist, so dass sich Flecken nicht so leicht festsetzen und leicht zu reinigen sind.<\/li>\n\n\n\n<li><strong>Aufsatzbecken strukturell: <\/strong>Das Gro\u00dfhandelsdesign des Porzellanwaschbeckens \u00fcber der Theke ist einfach zu installieren und kann schnell die visuelle Anziehungskraft des gesamten Badezimmerraums verbessern.<\/li>\n\n\n\n<li><strong>Preisvorteil:\u00a0<\/strong>Wir bieten Gro\u00dfbestellungen f\u00fcr ovale Waschbecken an, die nicht nur erschwinglich sind, sondern auch schnell geliefert werden k\u00f6nnen. Sie eignen sich f\u00fcr kommerzielle Projekte und f\u00fcr die Dekoration von Gro\u00dfwohnungen und erf\u00fcllen die Anforderungen an hohe Effizienz und niedrige Kosten.<\/li>\n<\/ul>\n<\/div>\n\n\n\n<div class=\"wp-block-column is-layout-flow wp-block-column-is-layout-flow\">\n<figure class=\"wp-block-image size-full\"><img fetchpriority=\"high\" decoding=\"async\" width=\"726\" height=\"929\" src=\"https:\/\/www.ceramicbasin.com\/wp-content\/uploads\/2025\/12\/porcelain-above-counter-basin-wholesale-oval-bathroom-sink-bulk-5.webp\" alt=\"Porzellan-Aufsatzbecken-Gro\u00dfhandel-ovales-Badezimmer-Sp\u00fclbecken-Sch\u00fcttgut-5\" class=\"wp-image-8742\" srcset=\"https:\/\/www.ceramicbasin.com\/wp-content\/uploads\/2025\/12\/porcelain-above-counter-basin-wholesale-oval-bathroom-sink-bulk-5.webp 726w, https:\/\/www.ceramicbasin.com\/wp-content\/uploads\/2025\/12\/porcelain-above-counter-basin-wholesale-oval-bathroom-sink-bulk-5-234x300.webp 234w, https:\/\/www.ceramicbasin.com\/wp-content\/uploads\/2025\/12\/porcelain-above-counter-basin-wholesale-oval-bathroom-sink-bulk-5-9x12.webp 9w, https:\/\/www.ceramicbasin.com\/wp-content\/uploads\/2025\/12\/porcelain-above-counter-basin-wholesale-oval-bathroom-sink-bulk-5-285x365.webp 285w, https:\/\/www.ceramicbasin.com\/wp-content\/uploads\/2025\/12\/porcelain-above-counter-basin-wholesale-oval-bathroom-sink-bulk-5-516x660.webp 516w, https:\/\/www.ceramicbasin.com\/wp-content\/uploads\/2025\/12\/porcelain-above-counter-basin-wholesale-oval-bathroom-sink-bulk-5-117x150.webp 117w\" sizes=\"(max-width: 726px) 100vw, 726px\" \/><\/figure>\n<\/div>\n<\/div>","protected":false},"excerpt":{"rendered":"<p>Willkommen zum Kauf dieser Porzellan \u00fcber Theke Becken Gro\u00dfhandel verf\u00fcgt \u00fcber eine schlanke ovale Design mit einer glatten glasierten Oberfl\u00e4che, bietet Haltbarkeit, einfache Wartung und zeitlose \u00c4sthetik. Ideal f\u00fcr Gro\u00dfauftr\u00e4ge, Hotels und Wohnprojekte, unterst\u00fctzt dieses ovale Bad Waschbecken erschwinglich und schnelle Lieferung.<\/p>\n<table style=\"border-collapse: collapse; width: 358.52pt;\" border=\"0\" width=\"478\" cellspacing=\"0\" cellpadding=\"0\">\n<tbody>\n<tr style=\"height: 17.25pt;\">\n<td class=\"et3\" style=\"height: 17.25pt; width: 125.00pt;\" width=\"166\" height=\"23\">Hersteller<\/td>\n<td class=\"et3\" style=\"width: 234.15pt;\" width=\"312\">HanYu<\/td>\n<\/tr>\n<tr style=\"height: 17.25pt;\">\n<td class=\"et3\" style=\"height: 17.25pt;\" height=\"23\">Modell Nr.<\/td>\n<td class=\"et4\">HY-8259A<\/td>\n<\/tr>\n<tr style=\"height: 17.25pt;\">\n<td class=\"et3\" style=\"height: 17.25pt;\" height=\"23\">Typ<\/td>\n<td class=\"et5\" style=\"width: 234.15pt;\" width=\"312\">Aufsatzsp\u00fcle<\/td>\n<\/tr>\n<tr style=\"height: 18.00pt;\">\n<td class=\"et3\" style=\"height: 18.00pt;\" height=\"24\">Form<\/td>\n<td class=\"et3\">Ovale Form<\/td>\n<\/tr>\n<tr style=\"height: 34.50pt;\">\n<td class=\"et4\" style=\"height: 34.50pt;\" height=\"46\">Farbe<\/td>\n<td class=\"et5\" style=\"width: 234.15pt;\" width=\"312\">schwarz\/wei\u00df\/blau\/grau\/rosa\/gr\u00fcn\/braun\/khaki<\/td>\n<\/tr>\n<tr style=\"height: 18.00pt;\">\n<td class=\"et3\" style=\"height: 18.00pt;\" height=\"24\">Dimension<\/td>\n<td class=\"et5\" style=\"width: 234.15pt;\" width=\"312\">56*40.5*-16.5<\/td>\n<\/tr>\n<tr style=\"height: 17.25pt;\">\n<td class=\"et3\" style=\"height: 17.25pt;\" height=\"23\">N.W \/SET<\/td>\n<td class=\"et3\">8KGS\/PCS<\/td>\n<\/tr>\n<tr style=\"height: 17.25pt;\">\n<td class=\"et3\" style=\"height: 17.25pt;\" height=\"23\">MOQ<\/td>\n<td class=\"et3\">20St\u00fcck<\/td>\n<\/tr>\n<tr style=\"height: 17.25pt;\">\n<td class=\"et3\" style=\"height: 17.25pt;\" height=\"23\">Benutzerdefinierte Option<\/td>\n<td class=\"et3\">Farbe\/Muster\/Gr\u00f6\u00dfe\/Logo\/Verpackung<\/td>\n<\/tr>\n<\/tbody>\n<\/table>","protected":false},"featured_media":8741,"comment_status":"closed","ping_status":"closed","template":"","meta":{"_acf_changed":false},"product_brand":[],"product_cat":[50],"product_tag":[],"class_list":{"0":"post-8722","1":"product","2":"type-product","3":"status-publish","4":"has-post-thumbnail","6":"product_cat-wholesale-countertop-sinks","8":"first","9":"instock","10":"shipping-taxable","11":"product-type-simple"},"acf":[],"_links":{"self":[{"href":"https:\/\/www.ceramicbasin.com\/de\/wp-json\/wp\/v2\/product\/8722","targetHints":{"allow":["GET"]}}],"collection":[{"href":"https:\/\/www.ceramicbasin.com\/de\/wp-json\/wp\/v2\/product"}],"about":[{"href":"https:\/\/www.ceramicbasin.com\/de\/wp-json\/wp\/v2\/types\/product"}],"replies":[{"embeddable":true,"href":"https:\/\/www.ceramicbasin.com\/de\/wp-json\/wp\/v2\/comments?post=8722"}],"wp:featuredmedia":[{"embeddable":true,"href":"https:\/\/www.ceramicbasin.com\/de\/wp-json\/wp\/v2\/media\/8741"}],"wp:attachment":[{"href":"https:\/\/www.ceramicbasin.com\/de\/wp-json\/wp\/v2\/media?parent=8722"}],"wp:term":[{"taxonomy":"product_brand","embeddable":true,"href":"https:\/\/www.ceramicbasin.com\/de\/wp-json\/wp\/v2\/product_brand?post=8722"},{"taxonomy":"product_cat","embeddable":true,"href":"https:\/\/www.ceramicbasin.com\/de\/wp-json\/wp\/v2\/product_cat?post=8722"},{"taxonomy":"product_tag","embeddable":true,"href":"https:\/\/www.ceramicbasin.com\/de\/wp-json\/wp\/v2\/product_tag?post=8722"}],"curies":[{"name":"wp","href":"https:\/\/api.w.org\/{rel}","templated":true}]}}