{"id":8723,"date":"2025-12-18T08:25:07","date_gmt":"2025-12-18T08:25:07","guid":{"rendered":"https:\/\/www.ceramicbasin.com\/?post_type=product&#038;p=8723"},"modified":"2025-12-18T08:25:10","modified_gmt":"2025-12-18T08:25:10","slug":"wholesale-oval-countertop-sink","status":"publish","type":"product","link":"https:\/\/www.ceramicbasin.com\/de\/produkt\/wholesale-oval-countertop-sink\/","title":{"rendered":"Gro\u00dfhandel Oval Arbeitsplatte Waschbecken, benutzerdefinierte keramische Badezimmer-Becken"},"content":{"rendered":"<div class=\"wp-block-columns is-layout-flex wp-container-core-columns-is-layout-9d6595d7 wp-block-columns-is-layout-flex\">\n<div class=\"wp-block-column is-layout-flow wp-block-column-is-layout-flow\">\n<h2 class=\"wp-block-heading\">Premium Gro\u00dfhandel Oval Arbeitsplatte Waschbecken Merkmale:<\/h2>\n\n\n\n<ul class=\"wp-block-list\">\n<li><strong>Klassische ovale Form:<\/strong> Das ovale Aufsatzwaschbecken f\u00fcr den Gro\u00dfhandel hat weiche und glatte ovale Linien, die zu modernen, minimalistischen, hotelartigen und leicht luxuri\u00f6sen Badstilen passen. Das Aufsatzwaschbecken Installationsmethode ist einfach zu installieren und kann schnell das visuelle Niveau der gesamten Bad Raum verbessern.<\/li>\n\n\n\n<li><strong>Glatte glasierte Oberfl\u00e4che: <\/strong>Die Oberfl\u00e4chenglasur dieser ovalen Gro\u00dfhandelssp\u00fcle ist zart und glatt, schmutzabweisend und nicht anf\u00e4llig f\u00fcr Kalkablagerungen, wodurch die t\u00e4gliche Reinigung erleichtert wird. Die Farbe bleibt auch bei l\u00e4ngerem Kontakt mit Reinigungsmitteln stabil und neigt nicht zum Vergilben oder Verblassen.<\/li>\n\n\n\n<li><strong>Entspricht den internationalen Normen:<\/strong> Die Abmessungen der Keramikwaschbecken und die Position der Abflussl\u00f6cher entsprechen den g\u00e4ngigen Standards f\u00fcr Badezimmerinstallationen und eignen sich f\u00fcr den Export und technische Projekte. Weit verbreitet in Hotels, Wohnungen, Wohnprojekten, kommerziellen R\u00e4umen und Einzelhandelskan\u00e4len f\u00fcr Badezimmer.<\/li>\n\n\n\n<li><strong>Professionelle Anpassung:<\/strong>\u00a0Hanyu bietet eine Vielzahl von Anpassungsm\u00f6glichkeiten f\u00fcr Gro\u00dfhandel Arbeitsplatte Waschbecken. Ob es Farbe, Form oder Textur ist, kann es Ihre Bed\u00fcrfnisse zu erf\u00fcllen und bieten Ihnen mehr wettbewerbsf\u00e4hige Gro\u00dfhandel Keramik-Becken Produkte.<\/li>\n<\/ul>\n<\/div>\n\n\n\n<div class=\"wp-block-column is-layout-flow wp-block-column-is-layout-flow\">\n<figure class=\"wp-block-image size-full\"><img fetchpriority=\"high\" decoding=\"async\" width=\"660\" height=\"929\" src=\"https:\/\/www.ceramicbasin.com\/wp-content\/uploads\/2025\/12\/Oval-shape-countertop-sink-with-wholesale-price-5.webp\" alt=\"Gro\u00dfhandel-ovale-Abdeckplatte-Waschbecken-individuelles-Keramik-Badezimmer-Becken-5\" class=\"wp-image-8710\" srcset=\"https:\/\/www.ceramicbasin.com\/wp-content\/uploads\/2025\/12\/Oval-shape-countertop-sink-with-wholesale-price-5.webp 660w, https:\/\/www.ceramicbasin.com\/wp-content\/uploads\/2025\/12\/Oval-shape-countertop-sink-with-wholesale-price-5-213x300.webp 213w, https:\/\/www.ceramicbasin.com\/wp-content\/uploads\/2025\/12\/Oval-shape-countertop-sink-with-wholesale-price-5-9x12.webp 9w, https:\/\/www.ceramicbasin.com\/wp-content\/uploads\/2025\/12\/Oval-shape-countertop-sink-with-wholesale-price-5-285x401.webp 285w, https:\/\/www.ceramicbasin.com\/wp-content\/uploads\/2025\/12\/Oval-shape-countertop-sink-with-wholesale-price-5-469x660.webp 469w, https:\/\/www.ceramicbasin.com\/wp-content\/uploads\/2025\/12\/Oval-shape-countertop-sink-with-wholesale-price-5-107x150.webp 107w\" sizes=\"(max-width: 660px) 100vw, 660px\" \/><\/figure>\n<\/div>\n<\/div>","protected":false},"excerpt":{"rendered":"<p>Willkommen in unserem Gro\u00dfhandel ovale Arbeitsplatte Waschbecken mit einer glatten glasierten Oberfl\u00e4che f\u00fcr Haltbarkeit und einfache Wartung, mit zeitloser Sch\u00f6nheit zu kaufen. Geeignet f\u00fcr Gro\u00dfhandel Auftr\u00e4ge, Hotels und Heimgebrauch. Hanyu hat eine Reihe von keramischen Produkten f\u00fcr Waschbecken entwickelt, die geformt, gef\u00e4rbt oder strukturiert sind, um Ihre Bed\u00fcrfnisse zu befriedigen und Ihnen zu erm\u00f6glichen, auf dem Markt wettbewerbsf\u00e4higer zu sein.<\/p>\n<table style=\"border-collapse: collapse; width: 358.52pt;\" border=\"0\" width=\"478\" cellspacing=\"0\" cellpadding=\"0\">\n<tbody>\n<tr style=\"height: 17.25pt;\">\n<td class=\"et3\" style=\"height: 17.25pt; width: 125.00pt;\" width=\"166\" height=\"23\">Hersteller<\/td>\n<td class=\"et3\" style=\"width: 234.15pt;\" width=\"312\">HanYu<\/td>\n<\/tr>\n<tr style=\"height: 17.25pt;\">\n<td class=\"et3\" style=\"height: 17.25pt;\" height=\"23\">Modell Nr.<\/td>\n<td class=\"et4\">HY-8259<\/td>\n<\/tr>\n<tr style=\"height: 17.25pt;\">\n<td class=\"et3\" style=\"height: 17.25pt;\" height=\"23\">Typ<\/td>\n<td class=\"et5\" style=\"width: 234.15pt;\" width=\"312\">Arbeitsplatten-Sp\u00fclbecken<\/td>\n<\/tr>\n<tr style=\"height: 18.00pt;\">\n<td class=\"et3\" style=\"height: 18.00pt;\" height=\"24\">Form<\/td>\n<td class=\"et3\">Ovale Form<\/td>\n<\/tr>\n<tr style=\"height: 34.50pt;\">\n<td class=\"et4\" style=\"height: 34.50pt;\" height=\"46\">Farbe<\/td>\n<td class=\"et5\" style=\"width: 234.15pt;\" width=\"312\">schwarz\/wei\u00df\/blau\/grau\/rosa\/gr\u00fcn\/braun\/khaki<\/td>\n<\/tr>\n<tr style=\"height: 18.00pt;\">\n<td class=\"et3\" style=\"height: 18.00pt;\" height=\"24\">Dimension<\/td>\n<td class=\"et5\" style=\"width: 234.15pt;\" width=\"312\">50*40*16.5<\/td>\n<\/tr>\n<tr style=\"height: 17.25pt;\">\n<td class=\"et3\" style=\"height: 17.25pt;\" height=\"23\">N.W \/SET<\/td>\n<td class=\"et3\">7KGS\/PCS<\/td>\n<\/tr>\n<tr style=\"height: 17.25pt;\">\n<td class=\"et3\" style=\"height: 17.25pt;\" height=\"23\">MOQ<\/td>\n<td class=\"et3\">20St\u00fcck<\/td>\n<\/tr>\n<tr style=\"height: 17.25pt;\">\n<td class=\"et3\" style=\"height: 17.25pt;\" height=\"23\">Benutzerdefinierte Option<\/td>\n<td class=\"et3\">Farbe\/Muster\/Gr\u00f6\u00dfe\/Logo\/Verpackung<\/td>\n<\/tr>\n<\/tbody>\n<\/table>","protected":false},"featured_media":8709,"comment_status":"closed","ping_status":"closed","template":"","meta":{"_acf_changed":false},"product_brand":[],"product_cat":[50],"product_tag":[],"class_list":{"0":"post-8723","1":"product","2":"type-product","3":"status-publish","4":"has-post-thumbnail","6":"product_cat-wholesale-countertop-sinks","8":"first","9":"instock","10":"shipping-taxable","11":"product-type-simple"},"acf":[],"_links":{"self":[{"href":"https:\/\/www.ceramicbasin.com\/de\/wp-json\/wp\/v2\/product\/8723","targetHints":{"allow":["GET"]}}],"collection":[{"href":"https:\/\/www.ceramicbasin.com\/de\/wp-json\/wp\/v2\/product"}],"about":[{"href":"https:\/\/www.ceramicbasin.com\/de\/wp-json\/wp\/v2\/types\/product"}],"replies":[{"embeddable":true,"href":"https:\/\/www.ceramicbasin.com\/de\/wp-json\/wp\/v2\/comments?post=8723"}],"wp:featuredmedia":[{"embeddable":true,"href":"https:\/\/www.ceramicbasin.com\/de\/wp-json\/wp\/v2\/media\/8709"}],"wp:attachment":[{"href":"https:\/\/www.ceramicbasin.com\/de\/wp-json\/wp\/v2\/media?parent=8723"}],"wp:term":[{"taxonomy":"product_brand","embeddable":true,"href":"https:\/\/www.ceramicbasin.com\/de\/wp-json\/wp\/v2\/product_brand?post=8723"},{"taxonomy":"product_cat","embeddable":true,"href":"https:\/\/www.ceramicbasin.com\/de\/wp-json\/wp\/v2\/product_cat?post=8723"},{"taxonomy":"product_tag","embeddable":true,"href":"https:\/\/www.ceramicbasin.com\/de\/wp-json\/wp\/v2\/product_tag?post=8723"}],"curies":[{"name":"wp","href":"https:\/\/api.w.org\/{rel}","templated":true}]}}