{"id":8724,"date":"2025-12-18T08:06:44","date_gmt":"2025-12-18T08:06:44","guid":{"rendered":"https:\/\/www.ceramicbasin.com\/?post_type=product&#038;p=8724"},"modified":"2025-12-18T08:06:48","modified_gmt":"2025-12-18T08:06:48","slug":"ceramic-wash-basin-wholesale","status":"publish","type":"product","link":"https:\/\/www.ceramicbasin.com\/de\/produkt\/ceramic-wash-basin-wholesale\/","title":{"rendered":"Neuestes keramisches Waschbecken Gro\u00dfhandel, benutzerdefinierte Arbeitsplatte Waschbecken"},"content":{"rendered":"<div class=\"wp-block-columns is-layout-flex wp-container-core-columns-is-layout-9d6595d7 wp-block-columns-is-layout-flex\">\n<div class=\"wp-block-column is-layout-flow wp-block-column-is-layout-flow\">\n<h2 class=\"wp-block-heading\">Premium-Keramik-Waschtisch Gro\u00dfhandel Merkmale:<\/h2>\n\n\n\n<ul class=\"wp-block-list\">\n<li><strong>Modedesign:\u00a0<\/strong>Unser Keramik-Waschbecken im Gro\u00dfhandel, das ein modernes und modisches Design mit glatten Linien hat, eignet sich f\u00fcr verschiedene Badezimmer-Layouts und verbessert die allgemeine Sch\u00f6nheit und Qualit\u00e4t des Raumes.<\/li>\n\n\n\n<li><strong>Arbeitsplatte Struktur des Beckens:<\/strong> Dieses keramische Waschbecken im Gro\u00dfhandel wird auf einer Arbeitsplatte installiert und bietet bequeme Installation und Wartung, eine starke visuelle Anziehungskraft und Eignung f\u00fcr Wohn- und Gewerbeprojekte.<\/li>\n\n\n\n<li><strong>Hochtemperatur-Keramik-Brennen:<\/strong> Aus hochwertigen keramischen Rohstoffen hergestellt und bei hohen Temperaturen gebrannt, zeichnet sich dieses Keramik-Waschbecken im Gro\u00dfhandel durch eine dichte Struktur, Langlebigkeit und Rissbest\u00e4ndigkeit aus.<\/li>\n\n\n\n<li><strong>Gro\u00dfe Produktionskapazit\u00e4t:\u00a0<\/strong>Ein gro\u00dfes Lager, um diese Keramiksp\u00fclen Gro\u00dfhandel Produkte enthalten. W\u00e4hlen Sie die Elemente, die Sie interessiert sind und erkundigen Sie sich bei uns; die meisten der wei\u00dfen Keramik-Sp\u00fclen Gro\u00dfhandel sind auf Lager, so dass die Versandzeit w\u00e4re viel k\u00fcrzer.<\/li>\n\n\n\n<li><strong>Schnelle Lieferung:<\/strong>\u00a0Unser kundenspezifisches Waschbecken verf\u00fcgt \u00fcber ein effizientes Produktions- und Logistiksystem, das eine schnelle Reaktion und rechtzeitige Lieferung der Auftr\u00e4ge gew\u00e4hrleistet. Egal, ob Sie gro\u00dfe Mengen abnehmen oder kleine Mengen anpassen m\u00fcssen, wir k\u00f6nnen die Produktion und die Lieferung innerhalb der vereinbarten Zeit abschlie\u00dfen, um sicherzustellen, dass Sie die gew\u00fcnschten Produkte rechtzeitig erhalten k\u00f6nnen.<\/li>\n<\/ul>\n<\/div>\n\n\n\n<div class=\"wp-block-column is-layout-flow wp-block-column-is-layout-flow\">\n<figure class=\"wp-block-image size-full\"><img fetchpriority=\"high\" decoding=\"async\" width=\"663\" height=\"936\" src=\"https:\/\/www.ceramicbasin.com\/wp-content\/uploads\/2025\/12\/Newest-design-ceramic-cabinet-top-mounting-hand-washing-basin-supplier-5.webp\" alt=\"neuestes-keramisches-waschbecken-gro\u00dfhandel-sonderanfertigung-ablagebecken-5\" class=\"wp-image-8705\" srcset=\"https:\/\/www.ceramicbasin.com\/wp-content\/uploads\/2025\/12\/Newest-design-ceramic-cabinet-top-mounting-hand-washing-basin-supplier-5.webp 663w, https:\/\/www.ceramicbasin.com\/wp-content\/uploads\/2025\/12\/Newest-design-ceramic-cabinet-top-mounting-hand-washing-basin-supplier-5-213x300.webp 213w, https:\/\/www.ceramicbasin.com\/wp-content\/uploads\/2025\/12\/Newest-design-ceramic-cabinet-top-mounting-hand-washing-basin-supplier-5-9x12.webp 9w, https:\/\/www.ceramicbasin.com\/wp-content\/uploads\/2025\/12\/Newest-design-ceramic-cabinet-top-mounting-hand-washing-basin-supplier-5-285x402.webp 285w, https:\/\/www.ceramicbasin.com\/wp-content\/uploads\/2025\/12\/Newest-design-ceramic-cabinet-top-mounting-hand-washing-basin-supplier-5-468x660.webp 468w, https:\/\/www.ceramicbasin.com\/wp-content\/uploads\/2025\/12\/Newest-design-ceramic-cabinet-top-mounting-hand-washing-basin-supplier-5-106x150.webp 106w\" sizes=\"(max-width: 663px) 100vw, 663px\" \/><\/figure>\n<\/div>\n<\/div>\n\n\n\n<p><\/p>","protected":false},"excerpt":{"rendered":"<p>Willkommen zum Kauf unserer Keramik Waschbecken Gro\u00dfhandel, aus Hochtemperatur gebrannt Keramik f\u00fcr Haltbarkeit und einfache Wartung gefertigt. Mit einer glatten glasierten Oberfl\u00e4che und Standard-Entw\u00e4sserung, sind diese benutzerdefinierte Arbeitsplatte Waschbecken ideal f\u00fcr Wohn-, Hotel- und Gewerbeprojekte. Wir haben ein gro\u00dfes Lager, um diese Keramiksp\u00fclen Gro\u00dfhandel Produkte enthalten, vor allem der wei\u00dfen Keramiksp\u00fclen Gro\u00dfhandel sind auf Lager.<\/p>\n<table style=\"border-collapse: collapse; width: 358.52pt;\" border=\"0\" width=\"478\" cellspacing=\"0\" cellpadding=\"0\">\n<tbody>\n<tr style=\"height: 17.25pt;\">\n<td class=\"et3\" style=\"height: 17.25pt; width: 125.00pt;\" width=\"166\" height=\"23\">Hersteller<\/td>\n<td class=\"et3\" style=\"width: 234.15pt;\" width=\"312\">HanYu<\/td>\n<\/tr>\n<tr style=\"height: 17.25pt;\">\n<td class=\"et3\" style=\"height: 17.25pt;\" height=\"23\">Modell Nr.<\/td>\n<td class=\"et4\">HY-8256A<\/td>\n<\/tr>\n<tr style=\"height: 17.25pt;\">\n<td class=\"et3\" style=\"height: 17.25pt;\" height=\"23\">Typ<\/td>\n<td class=\"et5\" style=\"width: 234.15pt;\" width=\"312\">Arbeitsplatten-Sp\u00fclbecken<\/td>\n<\/tr>\n<tr style=\"height: 18.00pt;\">\n<td class=\"et3\" style=\"height: 18.00pt;\" height=\"24\">Form<\/td>\n<td class=\"et3\">Rechteckige Form<\/td>\n<\/tr>\n<tr style=\"height: 34.50pt;\">\n<td class=\"et4\" style=\"height: 34.50pt;\" height=\"46\">Farbe<\/td>\n<td class=\"et5\" style=\"width: 234.15pt;\" width=\"312\">schwarz\/wei\u00df\/blau\/grau\/rosa\/gr\u00fcn\/braun\/khaki<\/td>\n<\/tr>\n<tr style=\"height: 18.00pt;\">\n<td class=\"et3\" style=\"height: 18.00pt;\" height=\"24\">Dimension<\/td>\n<td class=\"et5\" style=\"width: 234.15pt;\" width=\"312\">50*37.5*15<\/td>\n<\/tr>\n<tr style=\"height: 17.25pt;\">\n<td class=\"et3\" style=\"height: 17.25pt;\" height=\"23\">N.W \/SET<\/td>\n<td class=\"et3\">8KGS\/PCS<\/td>\n<\/tr>\n<tr style=\"height: 17.25pt;\">\n<td class=\"et3\" style=\"height: 17.25pt;\" height=\"23\">MOQ<\/td>\n<td class=\"et3\">20St\u00fcck<\/td>\n<\/tr>\n<tr style=\"height: 17.25pt;\">\n<td class=\"et3\" style=\"height: 17.25pt;\" height=\"23\">Benutzerdefinierte Option<\/td>\n<td class=\"et3\">Farbe\/Muster\/Gr\u00f6\u00dfe\/Logo\/Verpackung<\/td>\n<\/tr>\n<\/tbody>\n<\/table>","protected":false},"featured_media":8701,"comment_status":"closed","ping_status":"closed","template":"","meta":{"_acf_changed":false},"product_brand":[],"product_cat":[50],"product_tag":[],"class_list":{"0":"post-8724","1":"product","2":"type-product","3":"status-publish","4":"has-post-thumbnail","6":"product_cat-wholesale-countertop-sinks","8":"first","9":"instock","10":"shipping-taxable","11":"product-type-simple"},"acf":[],"_links":{"self":[{"href":"https:\/\/www.ceramicbasin.com\/de\/wp-json\/wp\/v2\/product\/8724","targetHints":{"allow":["GET"]}}],"collection":[{"href":"https:\/\/www.ceramicbasin.com\/de\/wp-json\/wp\/v2\/product"}],"about":[{"href":"https:\/\/www.ceramicbasin.com\/de\/wp-json\/wp\/v2\/types\/product"}],"replies":[{"embeddable":true,"href":"https:\/\/www.ceramicbasin.com\/de\/wp-json\/wp\/v2\/comments?post=8724"}],"wp:featuredmedia":[{"embeddable":true,"href":"https:\/\/www.ceramicbasin.com\/de\/wp-json\/wp\/v2\/media\/8701"}],"wp:attachment":[{"href":"https:\/\/www.ceramicbasin.com\/de\/wp-json\/wp\/v2\/media?parent=8724"}],"wp:term":[{"taxonomy":"product_brand","embeddable":true,"href":"https:\/\/www.ceramicbasin.com\/de\/wp-json\/wp\/v2\/product_brand?post=8724"},{"taxonomy":"product_cat","embeddable":true,"href":"https:\/\/www.ceramicbasin.com\/de\/wp-json\/wp\/v2\/product_cat?post=8724"},{"taxonomy":"product_tag","embeddable":true,"href":"https:\/\/www.ceramicbasin.com\/de\/wp-json\/wp\/v2\/product_tag?post=8724"}],"curies":[{"name":"wp","href":"https:\/\/api.w.org\/{rel}","templated":true}]}}