{"id":8725,"date":"2025-12-18T07:37:02","date_gmt":"2025-12-18T07:37:02","guid":{"rendered":"https:\/\/www.ceramicbasin.com\/?post_type=product&#038;p=8725"},"modified":"2025-12-18T07:37:05","modified_gmt":"2025-12-18T07:37:05","slug":"bulk-ceramic-countertop-basin","status":"publish","type":"product","link":"https:\/\/www.ceramicbasin.com\/de\/produkt\/bulk-ceramic-countertop-basin\/","title":{"rendered":"Factory Bulk Keramik Arbeitsplatte Becken, Rechteckige Bad Waschbecken"},"content":{"rendered":"<div class=\"wp-block-columns is-layout-flex wp-container-core-columns-is-layout-9d6595d7 wp-block-columns-is-layout-flex\">\n<div class=\"wp-block-column is-layout-flow wp-block-column-is-layout-flow\">\n<h2 class=\"wp-block-heading\">Premium Bulk Ceramic Countertop Basin Merkmale:<\/h2>\n\n\n\n<ul class=\"wp-block-list\">\n<li><strong>Hochwertige Keramik:<\/strong>\u00a0Die Fabrik bulk keramische Arbeitsplatte Becken ausgew\u00e4hlt hochwertigen keramischen Rohstoffen gesintert bei hoher Temperatur, so dass unsere keramischen Waschbecken solide in der Struktur, zart und glatt in der Oberfl\u00e4che, leicht zu reinigen, und langlebig wie neu.<\/li>\n\n\n\n<li><strong>Modernes rechteckiges Design:<\/strong> Das werkseitig hergestellte Keramik-Aufsatzbecken hat eine klare und einfache rechteckige Form mit glatten Linien und eignet sich f\u00fcr moderne, minimalistische und kommerzielle Badezimmer.<\/li>\n\n\n\n<li><strong>Obere Installationsart:<\/strong>\u00a0Dieses werkseitig hergestellte Keramikbecken ist f\u00fcr die Installation von oben geeignet, l\u00e4sst sich leicht installieren und funktioniert stabil und zuverl\u00e4ssig. Es wird nicht nur Platz f\u00fcr das Bad zu sparen, sondern auch Bequemlichkeit in der t\u00e4glichen Wartung und Reinigung bringen und die Benutzererfahrung zu verbessern.<\/li>\n\n\n\n<li><strong>Ausgezeichnete Leistung:<\/strong> Unsere Gro\u00dfhandel rechteckige Waschbecken auf hochwertige keramische Materialien, so dass das Waschbecken wird eine ausgezeichnete Haltbarkeit und Kratzfestigkeit und kann einen guten Zustand auch nach einer langen Zeit der Nutzung zu halten.<\/li>\n\n\n\n<li><strong>Direkte Lieferung ab Werk: <\/strong>Wir sind Gro\u00dfh\u00e4ndler f\u00fcr Waschbecken zu vern\u00fcnftigen Preisen, unterst\u00fctzen direkte Fabriklieferungen und Gro\u00dfeink\u00e4ufe, mit stabiler Produktionskapazit\u00e4t, geeignet f\u00fcr Hotels, Wohnungen und Projektkan\u00e4le.<\/li>\n<\/ul>\n<\/div>\n\n\n\n<div class=\"wp-block-column is-layout-flow wp-block-column-is-layout-flow\">\n<figure class=\"wp-block-image size-full\"><img fetchpriority=\"high\" decoding=\"async\" width=\"660\" height=\"912\" src=\"https:\/\/www.ceramicbasin.com\/wp-content\/uploads\/2025\/12\/Top-counter-ceramic-washbasin-manufacturer-rectanglue-shape-hand-washing-sink-bowl-5.webp\" alt=\"factory-bulk-Keramik-Arbeitsplatte-Becken-rechteckig-Badewanne-5\" class=\"wp-image-8700\" srcset=\"https:\/\/www.ceramicbasin.com\/wp-content\/uploads\/2025\/12\/Top-counter-ceramic-washbasin-manufacturer-rectanglue-shape-hand-washing-sink-bowl-5.webp 660w, https:\/\/www.ceramicbasin.com\/wp-content\/uploads\/2025\/12\/Top-counter-ceramic-washbasin-manufacturer-rectanglue-shape-hand-washing-sink-bowl-5-217x300.webp 217w, https:\/\/www.ceramicbasin.com\/wp-content\/uploads\/2025\/12\/Top-counter-ceramic-washbasin-manufacturer-rectanglue-shape-hand-washing-sink-bowl-5-9x12.webp 9w, https:\/\/www.ceramicbasin.com\/wp-content\/uploads\/2025\/12\/Top-counter-ceramic-washbasin-manufacturer-rectanglue-shape-hand-washing-sink-bowl-5-285x394.webp 285w, https:\/\/www.ceramicbasin.com\/wp-content\/uploads\/2025\/12\/Top-counter-ceramic-washbasin-manufacturer-rectanglue-shape-hand-washing-sink-bowl-5-478x660.webp 478w, https:\/\/www.ceramicbasin.com\/wp-content\/uploads\/2025\/12\/Top-counter-ceramic-washbasin-manufacturer-rectanglue-shape-hand-washing-sink-bowl-5-109x150.webp 109w\" sizes=\"(max-width: 660px) 100vw, 660px\" \/><\/figure>\n<\/div>\n<\/div>","protected":false},"excerpt":{"rendered":"<p>Willkommen zum Kauf unserer werkseitig hergestellten Keramikbecken mit einem modernen rechteckigen Design, die aus bei hoher Temperatur gebrannter Keramik f\u00fcr Langlebigkeit und einfache Wartung hergestellt werden. Mit einer glatten, glasierten Oberfl\u00e4che und einem standardm\u00e4\u00dfigen Abfluss sind diese rechteckigen Waschbecken ideal f\u00fcr Wohn-, Hotel- und kommerzielle Projekte, die Bequemlichkeit bei der t\u00e4glichen Wartung und Reinigung bieten und die Benutzererfahrung verbessern.<\/p>\n<table style=\"border-collapse: collapse; width: 358.52pt;\" border=\"0\" width=\"478\" cellspacing=\"0\" cellpadding=\"0\">\n<tbody>\n<tr style=\"height: 17.25pt;\">\n<td class=\"et3\" style=\"height: 17.25pt; width: 125.00pt;\" width=\"166\" height=\"23\">Hersteller<\/td>\n<td class=\"et3\" style=\"width: 234.15pt;\" width=\"312\">HanYu<\/td>\n<\/tr>\n<tr style=\"height: 17.25pt;\">\n<td class=\"et3\" style=\"height: 17.25pt;\" height=\"23\">Modell Nr.<\/td>\n<td class=\"et4\">HY-8256<\/td>\n<\/tr>\n<tr style=\"height: 17.25pt;\">\n<td class=\"et3\" style=\"height: 17.25pt;\" height=\"23\">Typ<\/td>\n<td class=\"et5\" style=\"width: 234.15pt;\" width=\"312\">Arbeitsplatten-Sp\u00fclbecken<\/td>\n<\/tr>\n<tr style=\"height: 18.00pt;\">\n<td class=\"et3\" style=\"height: 18.00pt;\" height=\"24\">Form<\/td>\n<td class=\"et3\">Quadratische Form<\/td>\n<\/tr>\n<tr style=\"height: 34.50pt;\">\n<td class=\"et4\" style=\"height: 34.50pt;\" height=\"46\">Farbe<\/td>\n<td class=\"et5\" style=\"width: 234.15pt;\" width=\"312\">schwarz\/wei\u00df\/blau\/grau\/rosa\/gr\u00fcn\/braun\/khaki<\/td>\n<\/tr>\n<tr style=\"height: 18.00pt;\">\n<td class=\"et3\" style=\"height: 18.00pt;\" height=\"24\">Dimension<\/td>\n<td class=\"et5\" style=\"width: 234.15pt;\" width=\"312\">40*40*15<\/td>\n<\/tr>\n<tr style=\"height: 17.25pt;\">\n<td class=\"et3\" style=\"height: 17.25pt;\" height=\"23\">N.W \/SET<\/td>\n<td class=\"et3\">6KGS\/PCS<\/td>\n<\/tr>\n<tr style=\"height: 17.25pt;\">\n<td class=\"et3\" style=\"height: 17.25pt;\" height=\"23\">MOQ<\/td>\n<td class=\"et3\">20St\u00fcck<\/td>\n<\/tr>\n<tr style=\"height: 17.25pt;\">\n<td class=\"et3\" style=\"height: 17.25pt;\" height=\"23\">Benutzerdefinierte Option<\/td>\n<td class=\"et3\">Farbe\/Muster\/Gr\u00f6\u00dfe\/Logo\/Verpackung<\/td>\n<\/tr>\n<\/tbody>\n<\/table>","protected":false},"featured_media":8699,"comment_status":"closed","ping_status":"closed","template":"","meta":{"_acf_changed":false},"product_brand":[],"product_cat":[50],"product_tag":[],"class_list":{"0":"post-8725","1":"product","2":"type-product","3":"status-publish","4":"has-post-thumbnail","6":"product_cat-wholesale-countertop-sinks","8":"first","9":"instock","10":"shipping-taxable","11":"product-type-simple"},"acf":[],"_links":{"self":[{"href":"https:\/\/www.ceramicbasin.com\/de\/wp-json\/wp\/v2\/product\/8725","targetHints":{"allow":["GET"]}}],"collection":[{"href":"https:\/\/www.ceramicbasin.com\/de\/wp-json\/wp\/v2\/product"}],"about":[{"href":"https:\/\/www.ceramicbasin.com\/de\/wp-json\/wp\/v2\/types\/product"}],"replies":[{"embeddable":true,"href":"https:\/\/www.ceramicbasin.com\/de\/wp-json\/wp\/v2\/comments?post=8725"}],"wp:featuredmedia":[{"embeddable":true,"href":"https:\/\/www.ceramicbasin.com\/de\/wp-json\/wp\/v2\/media\/8699"}],"wp:attachment":[{"href":"https:\/\/www.ceramicbasin.com\/de\/wp-json\/wp\/v2\/media?parent=8725"}],"wp:term":[{"taxonomy":"product_brand","embeddable":true,"href":"https:\/\/www.ceramicbasin.com\/de\/wp-json\/wp\/v2\/product_brand?post=8725"},{"taxonomy":"product_cat","embeddable":true,"href":"https:\/\/www.ceramicbasin.com\/de\/wp-json\/wp\/v2\/product_cat?post=8725"},{"taxonomy":"product_tag","embeddable":true,"href":"https:\/\/www.ceramicbasin.com\/de\/wp-json\/wp\/v2\/product_tag?post=8725"}],"curies":[{"name":"wp","href":"https:\/\/api.w.org\/{rel}","templated":true}]}}