{"id":8745,"date":"2025-12-18T08:19:30","date_gmt":"2025-12-18T08:19:30","guid":{"rendered":"https:\/\/www.ceramicbasin.com\/?post_type=product&#038;p=8745"},"modified":"2025-12-18T09:05:04","modified_gmt":"2025-12-18T09:05:04","slug":"wall-mounted-wash-basin-wholesale","status":"publish","type":"product","link":"https:\/\/www.ceramicbasin.com\/de\/produkt\/wall-mounted-wash-basin-wholesale\/","title":{"rendered":"Wandmontiertes Waschbecken Gro\u00dfhandel, benutzerdefinierte Ecke Waschbecken"},"content":{"rendered":"<div class=\"wp-block-columns is-layout-flex wp-container-core-columns-is-layout-9d6595d7 wp-block-columns-is-layout-flex\">\n<div class=\"wp-block-column is-layout-flow wp-block-column-is-layout-flow\">\n<h2 class=\"wp-block-heading\">Premium Wandwaschbecken Gro\u00dfhandel Merkmale:<\/h2>\n\n\n\n<ul class=\"wp-block-list\">\n<li><strong>Anpassbare Optionen: <\/strong>Dieses wandmontierte Waschbecken ist im Gro\u00dfhandel in verschiedenen Farben, Oberfl\u00e4chenausf\u00fchrungen und individuell gestaltbaren Verpackungen erh\u00e4ltlich, so dass Sie das Produkt an Ihre spezifischen Marken- und Marktanforderungen anpassen k\u00f6nnen.<\/li>\n\n\n\n<li><strong>Modernes Design im Industriestil: <\/strong>Dieses wandmontierte Waschbecken im Gro\u00dfhandel mit klaren Linien und scharfen Formen eignet sich f\u00fcr industrielle, modern-minimalistische und kommerzielle Badezimmerdesigns.<\/li>\n\n\n\n<li><strong>Leicht zu reinigende Glasurbehandlung:<\/strong>\u00a0Die Oberfl\u00e4che dieses wandmontierten Waschbeckens im Gro\u00dfhandel ist mit einer speziellen, leicht zu reinigenden Glasur versehen, die glatt und empfindlich ist, so dass Flecken nicht so leicht anhaften und leicht zu reinigen sind.<\/li>\n\n\n\n<li><strong>Wandmontiertes Design: <\/strong>Diese ma\u00dfgeschneiderten Keramikwaschbecken f\u00fcr Badezimmer sparen Platz, halten kleine Badezimmer ordentlich und sauber und machen die Bodenreinigung zu einer leichten Aufgabe. Sie sind f\u00fcr kleine Wohnungen, Hotelzimmer, \u00f6ffentliche Toiletten und jeden Ort gedacht, an dem Sie einen kleinen Raum haben und Ihre Wandfl\u00e4che nutzen m\u00f6chten.<\/li>\n\n\n\n<li><strong>Mehrere Standardgr\u00f6\u00dfen verf\u00fcgbar:<\/strong> Diese kundenspezifischen keramischen Waschbecken verf\u00fcgen \u00fcber eine stabile Produktionskapazit\u00e4t, die den Gro\u00dfhandel erm\u00f6glicht und die Lieferung gro\u00dfer Mengen mit stabilen Lieferzeiten unterst\u00fctzt, was f\u00fcr eine langfristige Zusammenarbeit mit technischen Projekten, H\u00e4ndlern und Markeninhabern geeignet ist.<\/li>\n<\/ul>\n<\/div>\n\n\n\n<div class=\"wp-block-column is-layout-flow wp-block-column-is-layout-flow\">\n<figure class=\"wp-block-image size-full\"><img fetchpriority=\"high\" decoding=\"async\" width=\"800\" height=\"800\" src=\"https:\/\/www.ceramicbasin.com\/wp-content\/uploads\/2025\/12\/wall-mount-sink\uff0cwall-hung-basin\uff0cbathroom-sinks-vanity6.webp\" alt=\"wandh\u00e4ngendes-waschbecken-gro\u00dfhandel-sonderanfertigung-eckiges-badebecken-6\" class=\"wp-image-8751\" srcset=\"https:\/\/www.ceramicbasin.com\/wp-content\/uploads\/2025\/12\/wall-mount-sink\uff0cwall-hung-basin\uff0cbathroom-sinks-vanity6.webp 800w, https:\/\/www.ceramicbasin.com\/wp-content\/uploads\/2025\/12\/wall-mount-sink\uff0cwall-hung-basin\uff0cbathroom-sinks-vanity6-300x300.webp 300w, https:\/\/www.ceramicbasin.com\/wp-content\/uploads\/2025\/12\/wall-mount-sink\uff0cwall-hung-basin\uff0cbathroom-sinks-vanity6-150x150.webp 150w, https:\/\/www.ceramicbasin.com\/wp-content\/uploads\/2025\/12\/wall-mount-sink\uff0cwall-hung-basin\uff0cbathroom-sinks-vanity6-768x768.webp 768w, https:\/\/www.ceramicbasin.com\/wp-content\/uploads\/2025\/12\/wall-mount-sink\uff0cwall-hung-basin\uff0cbathroom-sinks-vanity6-12x12.webp 12w, https:\/\/www.ceramicbasin.com\/wp-content\/uploads\/2025\/12\/wall-mount-sink\uff0cwall-hung-basin\uff0cbathroom-sinks-vanity6-285x285.webp 285w, https:\/\/www.ceramicbasin.com\/wp-content\/uploads\/2025\/12\/wall-mount-sink\uff0cwall-hung-basin\uff0cbathroom-sinks-vanity6-270x270.webp 270w, https:\/\/www.ceramicbasin.com\/wp-content\/uploads\/2025\/12\/wall-mount-sink\uff0cwall-hung-basin\uff0cbathroom-sinks-vanity6-540x540.webp 540w, https:\/\/www.ceramicbasin.com\/wp-content\/uploads\/2025\/12\/wall-mount-sink\uff0cwall-hung-basin\uff0cbathroom-sinks-vanity6-660x660.webp 660w\" sizes=\"(max-width: 800px) 100vw, 800px\" \/><\/figure>\n<\/div>\n<\/div>\n\n\n\n<p><\/p>","protected":false},"excerpt":{"rendered":"<p>Willkommen zum Kauf dieser industriellen Stil Wand Waschbecken Gro\u00dfhandel verf\u00fcgt \u00fcber eine platzsparende Ecke Design, langlebige hochgebrannte Keramik-Konstruktion und leicht zu reinigen Glasur-Technologie. Ideal f\u00fcr gewerbliche und private Badezimmer, unterst\u00fctzt es die Anpassung in Gr\u00f6\u00dfe, Oberfl\u00e4che und Farboptionen, so dass es eine praktische L\u00f6sung f\u00fcr Gro\u00dfhandel und projektbasierte Anwendungen.<\/p>\n<table border=\"0\" width=\"478\" cellspacing=\"0\" cellpadding=\"0\">\n<tbody>\n<tr>\n<td width=\"166\" height=\"23\">Hersteller<\/td>\n<td width=\"312\">HanYu<\/td>\n<\/tr>\n<tr>\n<td height=\"23\">Modell Nr.<\/td>\n<td>HY-3133L<\/td>\n<\/tr>\n<tr>\n<td height=\"23\">Typ<\/td>\n<td width=\"312\">Wandh\u00e4ngende Waschbecken<\/td>\n<\/tr>\n<tr>\n<td height=\"24\">Form<\/td>\n<td>Rectanglue Form<\/td>\n<\/tr>\n<tr>\n<td height=\"46\">Farbe<\/td>\n<td width=\"312\">schwarz\/wei\u00df\/blau\/grau\/rosa\/gr\u00fcn\/braun\/khaki<\/td>\n<\/tr>\n<tr>\n<td height=\"24\">Dimension<\/td>\n<td width=\"312\">50*21.5*11<\/td>\n<\/tr>\n<tr>\n<td height=\"23\">N.W \/SET<\/td>\n<td>10KGS\/PCS<\/td>\n<\/tr>\n<tr>\n<td height=\"23\">MOQ<\/td>\n<td>20St\u00fcck<\/td>\n<\/tr>\n<tr>\n<td height=\"23\">Benutzerdefinierte Option<\/td>\n<td>Farbe\/Muster\/Gr\u00f6\u00dfe\/Logo\/Verpackung<\/td>\n<\/tr>\n<\/tbody>\n<\/table>","protected":false},"featured_media":8749,"comment_status":"closed","ping_status":"closed","template":"","meta":{"_acf_changed":false},"product_brand":[],"product_cat":[57,56],"product_tag":[],"class_list":{"0":"post-8745","1":"product","2":"type-product","3":"status-publish","4":"has-post-thumbnail","6":"product_cat-wholesale-wall-mounted-sinks","7":"product_cat-wholesale-small-bathroom-sinks","9":"first","10":"instock","11":"shipping-taxable","12":"product-type-simple"},"acf":[],"_links":{"self":[{"href":"https:\/\/www.ceramicbasin.com\/de\/wp-json\/wp\/v2\/product\/8745","targetHints":{"allow":["GET"]}}],"collection":[{"href":"https:\/\/www.ceramicbasin.com\/de\/wp-json\/wp\/v2\/product"}],"about":[{"href":"https:\/\/www.ceramicbasin.com\/de\/wp-json\/wp\/v2\/types\/product"}],"replies":[{"embeddable":true,"href":"https:\/\/www.ceramicbasin.com\/de\/wp-json\/wp\/v2\/comments?post=8745"}],"wp:featuredmedia":[{"embeddable":true,"href":"https:\/\/www.ceramicbasin.com\/de\/wp-json\/wp\/v2\/media\/8749"}],"wp:attachment":[{"href":"https:\/\/www.ceramicbasin.com\/de\/wp-json\/wp\/v2\/media?parent=8745"}],"wp:term":[{"taxonomy":"product_brand","embeddable":true,"href":"https:\/\/www.ceramicbasin.com\/de\/wp-json\/wp\/v2\/product_brand?post=8745"},{"taxonomy":"product_cat","embeddable":true,"href":"https:\/\/www.ceramicbasin.com\/de\/wp-json\/wp\/v2\/product_cat?post=8745"},{"taxonomy":"product_tag","embeddable":true,"href":"https:\/\/www.ceramicbasin.com\/de\/wp-json\/wp\/v2\/product_tag?post=8745"}],"curies":[{"name":"wp","href":"https:\/\/api.w.org\/{rel}","templated":true}]}}