{"id":8782,"date":"2025-12-31T02:46:47","date_gmt":"2025-12-31T02:46:47","guid":{"rendered":"https:\/\/www.ceramicbasin.com\/?post_type=product&#038;p=8782"},"modified":"2025-12-31T02:49:20","modified_gmt":"2025-12-31T02:49:20","slug":"wholesale-ceramic-counter-top-basin","status":"publish","type":"product","link":"https:\/\/www.ceramicbasin.com\/de\/produkt\/wholesale-ceramic-counter-top-basin\/","title":{"rendered":"Gro\u00dfhandel Keramik Z\u00e4hler oben Becken mit blauen Marmor-Muster"},"content":{"rendered":"<div class=\"wp-block-columns is-layout-flex wp-container-core-columns-is-layout-9d6595d7 wp-block-columns-is-layout-flex\">\n<div class=\"wp-block-column is-layout-flow wp-block-column-is-layout-flow\">\n<h2 class=\"wp-block-heading\"><strong>Premium Gro\u00dfhandel keramische Z\u00e4hler oben Becken Eigenschaften:<\/strong><\/h2>\n\n\n\n<ul class=\"wp-block-list\">\n<li><strong>Modedesign:<\/strong> Unsere Gro\u00dfhandels-Keramikbecken haben ein modernes und modisches Design mit glatten Linien, eignen sich f\u00fcr verschiedene Badezimmer-Layouts und verbessern die allgemeine Sch\u00f6nheit und Qualit\u00e4t des Raumes.<\/li>\n\n\n\n<li><strong>Hochwertiges keramisches Material: <\/strong>Diese Badezimmerwaschbecken f\u00fcr den Gro\u00dfhandel sind aus hochwertigem Glas mit hoher Transparenz und zarter Textur hergestellt, das eine hervorragende optische Wirkung und einen modernen Sinn hat und die Haltbarkeit und Sch\u00f6nheit des Produkts gew\u00e4hrleistet.<\/li>\n\n\n\n<li><strong>Farbenfroh: <\/strong>Die Marmorfarbe unserer Gro\u00dfhandel Keramik Z\u00e4hler oben Becken wird durch Wasser-Transfer-Druck auf der Grundlage der normalen Keramik-Becken gemacht. Gut aussehend und elegant. Wir haben mehr als 100 Farbauswahlen. Es k\u00f6nnte auf alle Modelle, die wir haben, gemacht werden.<\/li>\n\n\n\n<li><strong>Gro\u00dfe Produktionskapazit\u00e4t:<\/strong> Unser gro\u00dfes Lager enth\u00e4lt verschiedene Arten von Gro\u00dfhandel Keramik Bad Waschbecken. W\u00e4hlen Sie die Artikel, die in der Produktion sind, haben wir genug wei\u00dfe Becken, um Marmor Farbe Becken zu machen, so dass die Versandzeit viel k\u00fcrzer sein w\u00fcrde.<\/li>\n<\/ul>\n<\/div>\n\n\n\n<div class=\"wp-block-column is-layout-flow wp-block-column-is-layout-flow\">\n<figure class=\"wp-block-image size-full\"><img fetchpriority=\"high\" decoding=\"async\" width=\"1024\" height=\"1024\" src=\"https:\/\/www.ceramicbasin.com\/wp-content\/uploads\/2025\/12\/Modern-Above-Counter-Top-Rectangle-Hand-Wash-Basin-Home-Hotel-Ceramic-Bathroom-Sinks-5.webp\" alt=\"Gro\u00dfhandel Keramik Z\u00e4hler oben Becken mit blauen Marmor-Muster\" class=\"wp-image-8787\" srcset=\"https:\/\/www.ceramicbasin.com\/wp-content\/uploads\/2025\/12\/Modern-Above-Counter-Top-Rectangle-Hand-Wash-Basin-Home-Hotel-Ceramic-Bathroom-Sinks-5.webp 1024w, https:\/\/www.ceramicbasin.com\/wp-content\/uploads\/2025\/12\/Modern-Above-Counter-Top-Rectangle-Hand-Wash-Basin-Home-Hotel-Ceramic-Bathroom-Sinks-5-300x300.webp 300w, https:\/\/www.ceramicbasin.com\/wp-content\/uploads\/2025\/12\/Modern-Above-Counter-Top-Rectangle-Hand-Wash-Basin-Home-Hotel-Ceramic-Bathroom-Sinks-5-150x150.webp 150w, https:\/\/www.ceramicbasin.com\/wp-content\/uploads\/2025\/12\/Modern-Above-Counter-Top-Rectangle-Hand-Wash-Basin-Home-Hotel-Ceramic-Bathroom-Sinks-5-768x768.webp 768w, https:\/\/www.ceramicbasin.com\/wp-content\/uploads\/2025\/12\/Modern-Above-Counter-Top-Rectangle-Hand-Wash-Basin-Home-Hotel-Ceramic-Bathroom-Sinks-5-12x12.webp 12w, https:\/\/www.ceramicbasin.com\/wp-content\/uploads\/2025\/12\/Modern-Above-Counter-Top-Rectangle-Hand-Wash-Basin-Home-Hotel-Ceramic-Bathroom-Sinks-5-285x285.webp 285w, https:\/\/www.ceramicbasin.com\/wp-content\/uploads\/2025\/12\/Modern-Above-Counter-Top-Rectangle-Hand-Wash-Basin-Home-Hotel-Ceramic-Bathroom-Sinks-5-270x270.webp 270w, https:\/\/www.ceramicbasin.com\/wp-content\/uploads\/2025\/12\/Modern-Above-Counter-Top-Rectangle-Hand-Wash-Basin-Home-Hotel-Ceramic-Bathroom-Sinks-5-540x540.webp 540w, https:\/\/www.ceramicbasin.com\/wp-content\/uploads\/2025\/12\/Modern-Above-Counter-Top-Rectangle-Hand-Wash-Basin-Home-Hotel-Ceramic-Bathroom-Sinks-5-660x660.webp 660w\" sizes=\"(max-width: 1024px) 100vw, 1024px\" \/><\/figure>\n<\/div>\n<\/div>","protected":false},"excerpt":{"rendered":"<p>Willkommen im Gro\u00dfhandel mit keramischen Aufsatzwaschbecken. Unsere Waschbecken im Gro\u00dfhandel in Marmoroptik sind einfach zu installieren und bieten eine problemlose L\u00f6sung sowohl f\u00fcr Neubauten als auch f\u00fcr Badrenovierungen.<\/p>\n<table style=\"border-collapse: collapse; width: 311.02pt;\" border=\"0\" width=\"311\" cellspacing=\"0\" cellpadding=\"0\">\n<tbody>\n<tr style=\"height: 17.60pt;\">\n<td class=\"et3\" style=\"height: 17.60pt; width: 108.35pt;\" width=\"108\" height=\"17\">Hersteller<\/td>\n<td class=\"et3\" style=\"width: 202.95pt;\" width=\"202\">HanYu<\/td>\n<\/tr>\n<tr style=\"height: 17.60pt;\">\n<td class=\"et3\" style=\"height: 17.60pt;\" height=\"17\">Modell Nr.<\/td>\n<td class=\"et4\">HY-8064-75D86<\/td>\n<\/tr>\n<tr style=\"height: 36.00pt;\">\n<td class=\"et3\" style=\"height: 36.00pt;\" height=\"36\">Typ<\/td>\n<td class=\"et5\" style=\"width: 202.95pt;\" width=\"202\">Becken in Marmorfarbe, Aufsatzbecken<\/td>\n<\/tr>\n<tr style=\"height: 17.60pt;\">\n<td class=\"et3\" style=\"height: 17.60pt;\" height=\"17\">Form<\/td>\n<td class=\"et3\">Rechteckige Form<\/td>\n<\/tr>\n<tr style=\"height: 18.00pt;\">\n<td class=\"et4\" style=\"height: 18.00pt;\" height=\"18\">Farbe<\/td>\n<td class=\"et5\" style=\"width: 202.95pt;\" width=\"202\">Schwarz<\/td>\n<\/tr>\n<tr style=\"height: 18.00pt;\">\n<td class=\"et3\" style=\"height: 18.00pt;\" height=\"18\">Dimension<\/td>\n<td class=\"et5\" style=\"width: 202.95pt;\" width=\"202\">75*38*13<\/td>\n<\/tr>\n<tr style=\"height: 17.60pt;\">\n<td class=\"et3\" style=\"height: 17.60pt;\" height=\"17\">N.W \/SET<\/td>\n<td class=\"et3\">17KGS\/PCS<\/td>\n<\/tr>\n<tr style=\"height: 17.60pt;\">\n<td class=\"et3\" style=\"height: 17.60pt;\" height=\"17\">MOQ<\/td>\n<td class=\"et3\">20St\u00fcck<\/td>\n<\/tr>\n<tr style=\"height: 17.60pt;\">\n<td class=\"et3\" style=\"height: 17.60pt;\" height=\"17\">Benutzerdefinierte Option<\/td>\n<td class=\"et3\">Farbe\/Muster\/Gr\u00f6\u00dfe\/Logo\/Verpackung<\/td>\n<\/tr>\n<\/tbody>\n<\/table>","protected":false},"featured_media":8783,"comment_status":"closed","ping_status":"closed","template":"","meta":{"_acf_changed":false},"product_brand":[],"product_cat":[50,54],"product_tag":[],"class_list":{"0":"post-8782","1":"product","2":"type-product","3":"status-publish","4":"has-post-thumbnail","6":"product_cat-wholesale-countertop-sinks","7":"product_cat-wholesale-marble-sinks","9":"first","10":"instock","11":"shipping-taxable","12":"product-type-simple"},"acf":[],"_links":{"self":[{"href":"https:\/\/www.ceramicbasin.com\/de\/wp-json\/wp\/v2\/product\/8782","targetHints":{"allow":["GET"]}}],"collection":[{"href":"https:\/\/www.ceramicbasin.com\/de\/wp-json\/wp\/v2\/product"}],"about":[{"href":"https:\/\/www.ceramicbasin.com\/de\/wp-json\/wp\/v2\/types\/product"}],"replies":[{"embeddable":true,"href":"https:\/\/www.ceramicbasin.com\/de\/wp-json\/wp\/v2\/comments?post=8782"}],"wp:featuredmedia":[{"embeddable":true,"href":"https:\/\/www.ceramicbasin.com\/de\/wp-json\/wp\/v2\/media\/8783"}],"wp:attachment":[{"href":"https:\/\/www.ceramicbasin.com\/de\/wp-json\/wp\/v2\/media?parent=8782"}],"wp:term":[{"taxonomy":"product_brand","embeddable":true,"href":"https:\/\/www.ceramicbasin.com\/de\/wp-json\/wp\/v2\/product_brand?post=8782"},{"taxonomy":"product_cat","embeddable":true,"href":"https:\/\/www.ceramicbasin.com\/de\/wp-json\/wp\/v2\/product_cat?post=8782"},{"taxonomy":"product_tag","embeddable":true,"href":"https:\/\/www.ceramicbasin.com\/de\/wp-json\/wp\/v2\/product_tag?post=8782"}],"curies":[{"name":"wp","href":"https:\/\/api.w.org\/{rel}","templated":true}]}}