{"id":8834,"date":"2025-12-31T08:03:50","date_gmt":"2025-12-31T08:03:50","guid":{"rendered":"https:\/\/www.ceramicbasin.com\/?post_type=product&#038;p=8834"},"modified":"2026-01-07T07:25:38","modified_gmt":"2026-01-07T07:25:38","slug":"wholesale-rectangle-basins-2","status":"publish","type":"product","link":"https:\/\/www.ceramicbasin.com\/de\/produkt\/wholesale-rectangle-basins-2\/","title":{"rendered":"Gro\u00dfhandel Rechteckige Becken, benutzerdefinierte keramische Arbeitsplatte Waschbecken"},"content":{"rendered":"<div class=\"wp-block-columns is-layout-flex wp-container-core-columns-is-layout-9d6595d7 wp-block-columns-is-layout-flex\">\n<div class=\"wp-block-column is-layout-flow wp-block-column-is-layout-flow\">\n<h2 class=\"wp-block-heading\">Premium Gro\u00dfhandel Rechteckige Becken Merkmale:<\/h2>\n\n\n\n<ul class=\"wp-block-list\">\n<li><strong>Hochwertige Keramik:<\/strong> Diese rechteckigen Becken f\u00fcr den Gro\u00dfhandel werden in einem Hochtemperaturverfahren gebrannt, um eine viel glattere, dichtere Oberfl\u00e4che zu erhalten, die kratzfest, schmutzabweisend und leicht zu reinigen ist.<\/li>\n\n\n\n<li><strong>Geradliniges, rechteckiges Design:<\/strong> Diese ma\u00dfgefertigten Keramiksp\u00fclen sind stilvolle, wei\u00dfe, rechteckige Sp\u00fclen, die vielseitig f\u00fcr moderne Haushalte und gewerbliche Zwecke einsetzbar sind.<\/li>\n\n\n\n<li><strong>Gro\u00dfer Bestand:<\/strong> Diese rechteckigen Becken f\u00fcr den Gro\u00dfhandel unterst\u00fctzen sowohl den Gro\u00dfhandel als auch die Projektbeschaffung und erf\u00fcllen die Anforderungen von Einzelh\u00e4ndlern, Distributoren und Projektkunden an eine schnelle Lieferung.<\/li>\n\n\n\n<li><strong>Vielseitig: <\/strong>Diese ma\u00dfgefertigten Keramikwaschbecken eignen sich f\u00fcr Badezimmer, Hotels, gewerbliche B\u00e4der und die Renovierung von Wohnungen und bieten sowohl \u00c4sthetik als auch Zweckm\u00e4\u00dfigkeit.<\/li>\n\n\n\n<li><strong>Zertifiziert und exportf\u00e4hig: <\/strong>Unsere rechteckigen Becken f\u00fcr den Gro\u00dfhandel werden nach internationalen Qualit\u00e4tsnormen hergestellt und erm\u00f6glichen die Pr\u00fcfung durch Dritte zum Vorteil von Importeuren, H\u00e4ndlern und Projektk\u00e4ufern.<\/li>\n<\/ul>\n<\/div>\n\n\n\n<div class=\"wp-block-column is-layout-flow wp-block-column-is-layout-flow\">\n<figure class=\"wp-block-image size-full\"><img fetchpriority=\"high\" decoding=\"async\" width=\"645\" height=\"938\" src=\"https:\/\/www.ceramicbasin.com\/wp-content\/uploads\/2025\/12\/Bathroom-Sink-Modern-Rectangular-Countertop-Basin-6.webp\" alt=\"gro\u00dfhandel-rechteckige-becken-kunden-keramik-abdeckplatten-sp\u00fclen-6\" class=\"wp-image-8835\" srcset=\"https:\/\/www.ceramicbasin.com\/wp-content\/uploads\/2025\/12\/Bathroom-Sink-Modern-Rectangular-Countertop-Basin-6.webp 645w, https:\/\/www.ceramicbasin.com\/wp-content\/uploads\/2025\/12\/Bathroom-Sink-Modern-Rectangular-Countertop-Basin-6-206x300.webp 206w, https:\/\/www.ceramicbasin.com\/wp-content\/uploads\/2025\/12\/Bathroom-Sink-Modern-Rectangular-Countertop-Basin-6-8x12.webp 8w, https:\/\/www.ceramicbasin.com\/wp-content\/uploads\/2025\/12\/Bathroom-Sink-Modern-Rectangular-Countertop-Basin-6-285x414.webp 285w, https:\/\/www.ceramicbasin.com\/wp-content\/uploads\/2025\/12\/Bathroom-Sink-Modern-Rectangular-Countertop-Basin-6-454x660.webp 454w, https:\/\/www.ceramicbasin.com\/wp-content\/uploads\/2025\/12\/Bathroom-Sink-Modern-Rectangular-Countertop-Basin-6-103x150.webp 103w\" sizes=\"(max-width: 645px) 100vw, 645px\" \/><\/figure>\n<\/div>\n<\/div>\n\n\n\n<p><\/p>","protected":false},"excerpt":{"rendered":"<p>Willkommen beim Kauf unserer modernen rechteckigen Waschbecken f\u00fcr Hotels, Immobilienprojekte und Badmarken im Gro\u00dfhandel. Hergestellt aus langlebiger High-Density-Keramik mit glatten glasierten Oberfl\u00e4chen, diese benutzerdefinierte Keramik Waschbecken unterst\u00fctzen benutzerdefinierte Optionen in Gr\u00f6\u00dfe, Farbe und Oberfl\u00e4che, die Gew\u00e4hrleistung einer zuverl\u00e4ssigen Lieferung in gro\u00dfen Mengen und gleichbleibende Qualit\u00e4t f\u00fcr den globalen Gro\u00dfhandel M\u00e4rkte.<\/p>\n<table style=\"border-collapse: collapse; width: 311.02pt;\" border=\"0\" width=\"311\" cellspacing=\"0\" cellpadding=\"0\">\n<tbody>\n<tr style=\"height: 17.60pt;\">\n<td class=\"et3\" style=\"height: 17.60pt; width: 108.35pt;\" width=\"108\" height=\"17\">Hersteller<\/td>\n<td class=\"et3\" style=\"width: 202.95pt;\" width=\"202\">HanYu<\/td>\n<\/tr>\n<tr style=\"height: 17.60pt;\">\n<td class=\"et3\" style=\"height: 17.60pt;\" height=\"17\">Modell Nr.<\/td>\n<td class=\"et4\">HY-8136A<\/td>\n<\/tr>\n<tr style=\"height: 17.60pt;\">\n<td class=\"et3\" style=\"height: 17.60pt;\" height=\"17\">Typ<\/td>\n<td class=\"et3\">CounterTop-Becken<\/td>\n<\/tr>\n<tr style=\"height: 17.60pt;\">\n<td class=\"et3\" style=\"height: 17.60pt;\" height=\"17\">Form<\/td>\n<td class=\"et3\">Rechteckige Form<\/td>\n<\/tr>\n<tr style=\"height: 17.60pt;\">\n<td class=\"et4\" style=\"height: 17.60pt;\" height=\"17\">Farbe<\/td>\n<td class=\"et3\">Wei\u00df<\/td>\n<\/tr>\n<tr style=\"height: 18.00pt;\">\n<td class=\"et3\" style=\"height: 18.00pt;\" height=\"18\">Dimension<\/td>\n<td class=\"et5\" style=\"width: 202.95pt;\" width=\"202\">70.5*35.5*13<\/td>\n<\/tr>\n<tr style=\"height: 17.60pt;\">\n<td class=\"et3\" style=\"height: 17.60pt;\" height=\"17\">N.W \/SET<\/td>\n<td class=\"et3\">16 KGS\/PCS<\/td>\n<\/tr>\n<tr style=\"height: 17.60pt;\">\n<td class=\"et3\" style=\"height: 17.60pt;\" height=\"17\">MOQ<\/td>\n<td class=\"et3\">20St\u00fcck<\/td>\n<\/tr>\n<tr style=\"height: 17.60pt;\">\n<td class=\"et3\" style=\"height: 17.60pt;\" height=\"17\">Benutzerdefinierte Option<\/td>\n<td class=\"et3\">Farbe\/Muster\/Gr\u00f6\u00dfe\/Logo\/Verpackung<\/td>\n<\/tr>\n<\/tbody>\n<\/table>","protected":false},"featured_media":8836,"comment_status":"closed","ping_status":"closed","template":"","meta":{"_acf_changed":false},"product_brand":[],"product_cat":[50],"product_tag":[],"class_list":{"0":"post-8834","1":"product","2":"type-product","3":"status-publish","4":"has-post-thumbnail","6":"product_cat-wholesale-countertop-sinks","8":"first","9":"instock","10":"shipping-taxable","11":"product-type-simple"},"acf":[],"_links":{"self":[{"href":"https:\/\/www.ceramicbasin.com\/de\/wp-json\/wp\/v2\/product\/8834","targetHints":{"allow":["GET"]}}],"collection":[{"href":"https:\/\/www.ceramicbasin.com\/de\/wp-json\/wp\/v2\/product"}],"about":[{"href":"https:\/\/www.ceramicbasin.com\/de\/wp-json\/wp\/v2\/types\/product"}],"replies":[{"embeddable":true,"href":"https:\/\/www.ceramicbasin.com\/de\/wp-json\/wp\/v2\/comments?post=8834"}],"wp:featuredmedia":[{"embeddable":true,"href":"https:\/\/www.ceramicbasin.com\/de\/wp-json\/wp\/v2\/media\/8836"}],"wp:attachment":[{"href":"https:\/\/www.ceramicbasin.com\/de\/wp-json\/wp\/v2\/media?parent=8834"}],"wp:term":[{"taxonomy":"product_brand","embeddable":true,"href":"https:\/\/www.ceramicbasin.com\/de\/wp-json\/wp\/v2\/product_brand?post=8834"},{"taxonomy":"product_cat","embeddable":true,"href":"https:\/\/www.ceramicbasin.com\/de\/wp-json\/wp\/v2\/product_cat?post=8834"},{"taxonomy":"product_tag","embeddable":true,"href":"https:\/\/www.ceramicbasin.com\/de\/wp-json\/wp\/v2\/product_tag?post=8834"}],"curies":[{"name":"wp","href":"https:\/\/api.w.org\/{rel}","templated":true}]}}