{"id":8841,"date":"2026-01-01T06:14:27","date_gmt":"2026-01-01T06:14:27","guid":{"rendered":"https:\/\/www.ceramicbasin.com\/?post_type=product&#038;p=8841"},"modified":"2026-01-07T08:42:43","modified_gmt":"2026-01-07T08:42:43","slug":"custom-ceramic-countertop-sink","status":"publish","type":"product","link":"https:\/\/www.ceramicbasin.com\/de\/produkt\/custom-ceramic-countertop-sink\/","title":{"rendered":"Benutzerdefinierte keramische Arbeitsplatte Waschbecken, Gro\u00dfhandel Badezimmer Lavatory"},"content":{"rendered":"<div class=\"wp-block-columns is-layout-flex wp-container-core-columns-is-layout-9d6595d7 wp-block-columns-is-layout-flex\">\n<div class=\"wp-block-column is-layout-flow wp-block-column-is-layout-flow\">\n<h2 class=\"wp-block-heading\">Premium Custom Ceramic Countertop Sink Features:<\/h2>\n\n\n\n<ul class=\"wp-block-list\">\n<li><strong>Zeitgem\u00e4\u00dfes rechteckiges Design:<\/strong>\u00a0Unser ma\u00dfgefertigtes Keramik-Waschbecken hat ein schlankes, benutzerfreundliches rechteckiges Design mit glatten Linien und einem modernen Stil. Es f\u00fcgt sich harmonisch in jeden Einrichtungsstil ein und verleiht dem Badezimmer Eleganz und Modernit\u00e4t.<\/li>\n\n\n\n<li><strong>Gro\u00dfz\u00fcgiges Design:\u00a0<\/strong>Das werkseitig gefertigte Keramik-Aufsatzwaschbecken verf\u00fcgt \u00fcber eine gro\u00dfz\u00fcgige Gef\u00e4\u00dfgr\u00f6\u00dfe, die dem Platzbedarf eines Waschbeckens gerecht wird. Es ist nicht nur praktisch, sondern kann auch das Gesamtniveau und den Komfort des Badezimmers verbessern. Es ist f\u00fcr Privath\u00e4user und Luxushotels geeignet.<\/li>\n\n\n\n<li><strong>Einbau der Arbeitsplatte:<\/strong> \u00a0Unser ma\u00dfgeschneidertes Keramiksp\u00fclbecken ist ein Aufsatzbecken, das eine flexible Installation erm\u00f6glicht, die optische Tiefe erh\u00f6ht und den Austausch bei Renovierungsprojekten vereinfacht.<\/li>\n\n\n\n<li><strong>Gro\u00dfer Bestand:<\/strong>\u00a0Diese Gro\u00dfhandelstoiletten unterst\u00fctzen sowohl den Gro\u00dfhandel als auch die Projektbeschaffung und erf\u00fcllen die schnellen Lieferanforderungen von Einzelh\u00e4ndlern, Distributoren und Projektkunden.<\/li>\n\n\n\n<li><strong>Vielseitig:\u00a0<\/strong>Der werkseitig hergestellte Gro\u00dfhandelstoilettenschrank eignet sich f\u00fcr Badezimmer, Hotels, gewerbliche B\u00e4der und Renovierungen von Wohngeb\u00e4uden und bietet sowohl \u00c4sthetik als auch Funktionalit\u00e4t.<\/li>\n<\/ul>\n<\/div>\n\n\n\n<div class=\"wp-block-column is-layout-flow wp-block-column-is-layout-flow\">\n<figure class=\"wp-block-image size-full\"><img fetchpriority=\"high\" decoding=\"async\" width=\"660\" height=\"938\" src=\"https:\/\/www.ceramicbasin.com\/wp-content\/uploads\/2026\/01\/White-Ceramic-Vessel-Sink-Durable-Washbasin-6.webp\" alt=\"keramik-arbeitsplatte-waschbecken-gro\u00dfhandel-bad-waschraum-6\" class=\"wp-image-8842\" srcset=\"https:\/\/www.ceramicbasin.com\/wp-content\/uploads\/2026\/01\/White-Ceramic-Vessel-Sink-Durable-Washbasin-6.webp 660w, https:\/\/www.ceramicbasin.com\/wp-content\/uploads\/2026\/01\/White-Ceramic-Vessel-Sink-Durable-Washbasin-6-211x300.webp 211w, https:\/\/www.ceramicbasin.com\/wp-content\/uploads\/2026\/01\/White-Ceramic-Vessel-Sink-Durable-Washbasin-6-8x12.webp 8w, https:\/\/www.ceramicbasin.com\/wp-content\/uploads\/2026\/01\/White-Ceramic-Vessel-Sink-Durable-Washbasin-6-285x405.webp 285w, https:\/\/www.ceramicbasin.com\/wp-content\/uploads\/2026\/01\/White-Ceramic-Vessel-Sink-Durable-Washbasin-6-464x660.webp 464w, https:\/\/www.ceramicbasin.com\/wp-content\/uploads\/2026\/01\/White-Ceramic-Vessel-Sink-Durable-Washbasin-6-106x150.webp 106w\" sizes=\"(max-width: 660px) 100vw, 660px\" \/><\/figure>\n<\/div>\n<\/div>","protected":false},"excerpt":{"rendered":"<p>Wir laden Sie herzlich ein, unsere ma\u00dfgeschneiderten Keramik-Waschbecken f\u00fcr den Gro\u00dfhandel zu bestellen, die sich durch konsequente Qualit\u00e4tskontrolle, stabile Lieferzeiten und eine f\u00fcr den Export geeignete Verpackung auszeichnen. Unsere Fabrik-direkt Aufsatzwaschbecken Bad verf\u00fcgt \u00fcber eine einfache und stilvolle rechteckige Design mit glatten Linien und modernen Charakter.<\/p>\n<table style=\"border-collapse: collapse; width: 358.52pt;\" border=\"0\" width=\"478\" cellspacing=\"0\" cellpadding=\"0\">\n<tbody>\n<tr style=\"height: 17.25pt;\">\n<td class=\"et3\" style=\"height: 17.25pt; width: 125.00pt;\" width=\"166\" height=\"23\">Hersteller<\/td>\n<td class=\"et3\" style=\"width: 234.15pt;\" width=\"312\">HanYu<\/td>\n<\/tr>\n<tr style=\"height: 17.25pt;\">\n<td class=\"et3\" style=\"height: 17.25pt;\" height=\"23\">Modell Nr.<\/td>\n<td class=\"et4\">HY-8141<\/td>\n<\/tr>\n<tr style=\"height: 17.25pt;\">\n<td class=\"et3\" style=\"height: 17.25pt;\" height=\"23\">Typ<\/td>\n<td class=\"et5\" style=\"width: 234.15pt;\" width=\"312\">Arbeitsplatten-Sp\u00fclbecken<\/td>\n<\/tr>\n<tr style=\"height: 18.00pt;\">\n<td class=\"et3\" style=\"height: 18.00pt;\" height=\"24\">Form<\/td>\n<td class=\"et3\">Rectanglue Form<\/td>\n<\/tr>\n<tr style=\"height: 34.50pt;\">\n<td class=\"et4\" style=\"height: 34.50pt;\" height=\"46\">Farbe<\/td>\n<td class=\"et5\" style=\"width: 234.15pt;\" width=\"312\">schwarz\/wei\u00df\/blau\/grau\/rosa\/gr\u00fcn\/braun\/khaki<\/td>\n<\/tr>\n<tr style=\"height: 18.00pt;\">\n<td class=\"et3\" style=\"height: 18.00pt;\" height=\"24\">Dimension<\/td>\n<td class=\"et5\" style=\"width: 234.15pt;\" width=\"312\">43*39*13<\/td>\n<\/tr>\n<tr style=\"height: 17.25pt;\">\n<td class=\"et3\" style=\"height: 17.25pt;\" height=\"23\">N.W \/SET<\/td>\n<td class=\"et3\">12 KGS\/PCS<\/td>\n<\/tr>\n<tr style=\"height: 17.25pt;\">\n<td class=\"et3\" style=\"height: 17.25pt;\" height=\"23\">MOQ<\/td>\n<td class=\"et3\">20St\u00fcck<\/td>\n<\/tr>\n<tr style=\"height: 17.25pt;\">\n<td class=\"et3\" style=\"height: 17.25pt;\" height=\"23\">Benutzerdefinierte Option<\/td>\n<td class=\"et3\">Farbe\/Muster\/Gr\u00f6\u00dfe\/Logo\/Verpackung<\/td>\n<\/tr>\n<\/tbody>\n<\/table>","protected":false},"featured_media":8844,"comment_status":"closed","ping_status":"closed","template":"","meta":{"_acf_changed":false},"product_brand":[],"product_cat":[50],"product_tag":[],"class_list":{"0":"post-8841","1":"product","2":"type-product","3":"status-publish","4":"has-post-thumbnail","6":"product_cat-wholesale-countertop-sinks","8":"first","9":"instock","10":"shipping-taxable","11":"product-type-simple"},"acf":[],"_links":{"self":[{"href":"https:\/\/www.ceramicbasin.com\/de\/wp-json\/wp\/v2\/product\/8841","targetHints":{"allow":["GET"]}}],"collection":[{"href":"https:\/\/www.ceramicbasin.com\/de\/wp-json\/wp\/v2\/product"}],"about":[{"href":"https:\/\/www.ceramicbasin.com\/de\/wp-json\/wp\/v2\/types\/product"}],"replies":[{"embeddable":true,"href":"https:\/\/www.ceramicbasin.com\/de\/wp-json\/wp\/v2\/comments?post=8841"}],"wp:featuredmedia":[{"embeddable":true,"href":"https:\/\/www.ceramicbasin.com\/de\/wp-json\/wp\/v2\/media\/8844"}],"wp:attachment":[{"href":"https:\/\/www.ceramicbasin.com\/de\/wp-json\/wp\/v2\/media?parent=8841"}],"wp:term":[{"taxonomy":"product_brand","embeddable":true,"href":"https:\/\/www.ceramicbasin.com\/de\/wp-json\/wp\/v2\/product_brand?post=8841"},{"taxonomy":"product_cat","embeddable":true,"href":"https:\/\/www.ceramicbasin.com\/de\/wp-json\/wp\/v2\/product_cat?post=8841"},{"taxonomy":"product_tag","embeddable":true,"href":"https:\/\/www.ceramicbasin.com\/de\/wp-json\/wp\/v2\/product_tag?post=8841"}],"curies":[{"name":"wp","href":"https:\/\/api.w.org\/{rel}","templated":true}]}}