{"id":8851,"date":"2026-01-01T06:32:52","date_gmt":"2026-01-01T06:32:52","guid":{"rendered":"https:\/\/www.ceramicbasin.com\/?post_type=product&#038;p=8851"},"modified":"2026-01-07T09:19:25","modified_gmt":"2026-01-07T09:19:25","slug":"wholesale-bath-lavatory-sink","status":"publish","type":"product","link":"https:\/\/www.ceramicbasin.com\/de\/produkt\/wholesale-bath-lavatory-sink\/","title":{"rendered":"Gro\u00dfhandel Bad Lavatory Waschbecken, kleine benutzerdefinierte Bad Becken"},"content":{"rendered":"<div class=\"wp-block-columns is-layout-flex wp-container-core-columns-is-layout-9d6595d7 wp-block-columns-is-layout-flex\">\n<div class=\"wp-block-column is-layout-flow wp-block-column-is-layout-flow\">\n<h2 class=\"wp-block-heading\">Premium Gro\u00dfhandel Bad Waschbecken Merkmale:<\/h2>\n\n\n\n<ul class=\"wp-block-list\">\n<li><strong>Hochwertiges Material:<\/strong> Dieser Gro\u00dfhandel Bad Waschbecken ist aus hochwertigen keramischen Materialien, Hochtemperatur gebrannt, resistent, schmutzabweisend und kratzfest gemacht. Die klare Oberfl\u00e4che ist leicht zu reinigen.<\/li>\n\n\n\n<li><strong>Modernes minimalistisches Design: <\/strong>Dieses Gro\u00dfhandels-Waschbecken hat gerade, saubere, quadratische Kanten, die ein klares, scharfes visuelles Statement schaffen, das sich f\u00fcr moderne, nordische, minimalistische und andere Badezimmerstile eignet.<\/li>\n\n\n\n<li><strong>Arbeitsplatte Einzelbecken Design: <\/strong>Dieses Gro\u00dfhandelsp\u00fclbecken f\u00fcr B\u00e4der verf\u00fcgt \u00fcber eine Eingef\u00e4\u00df-Arbeitsplattenstruktur, die einfach zu installieren ist und sich f\u00fcr verschiedene Arbeitsplattenmaterialien eignet, was den Konstruktionsaufwand und die Installationskosten reduziert.<\/li>\n\n\n\n<li><strong>Kleine Gr\u00f6\u00dfe Design: <\/strong>Unsere ma\u00dfgefertigten Waschbecken sind speziell f\u00fcr kleine B\u00e4der, G\u00e4steb\u00e4der, Hotelzimmer und Wohnungsprojekte konzipiert und bieten ein ausgewogenes Verh\u00e4ltnis zwischen Funktionalit\u00e4t und Raumnutzung.<\/li>\n\n\n\n<li><strong>Geeignet f\u00fcr eine Vielzahl von Szenarien:<\/strong> Die ma\u00dfgefertigten Waschbecken werden h\u00e4ufig in Toiletten in Hotels, Gesch\u00e4ftswohnungen, B\u00fcros und hochwertigen Wohngeb\u00e4uden eingesetzt und erf\u00fcllen sowohl den Bedarf von Gro\u00dfabnehmern als auch den von Projekten.<\/li>\n<\/ul>\n<\/div>\n\n\n\n<div class=\"wp-block-column is-layout-flow wp-block-column-is-layout-flow\">\n<figure class=\"wp-block-image size-full\"><img fetchpriority=\"high\" decoding=\"async\" width=\"660\" height=\"936\" src=\"https:\/\/www.ceramicbasin.com\/wp-content\/uploads\/2026\/01\/wholesale-bath-lavatory-sink-small-custom-bathroom-basins-6.webp\" alt=\"gro\u00dfhandel-bad-waschbecken-klein-massgeschneiderte-badezimmer-waschbecken-6\" class=\"wp-image-8871\" srcset=\"https:\/\/www.ceramicbasin.com\/wp-content\/uploads\/2026\/01\/wholesale-bath-lavatory-sink-small-custom-bathroom-basins-6.webp 660w, https:\/\/www.ceramicbasin.com\/wp-content\/uploads\/2026\/01\/wholesale-bath-lavatory-sink-small-custom-bathroom-basins-6-212x300.webp 212w, https:\/\/www.ceramicbasin.com\/wp-content\/uploads\/2026\/01\/wholesale-bath-lavatory-sink-small-custom-bathroom-basins-6-8x12.webp 8w, https:\/\/www.ceramicbasin.com\/wp-content\/uploads\/2026\/01\/wholesale-bath-lavatory-sink-small-custom-bathroom-basins-6-285x404.webp 285w, https:\/\/www.ceramicbasin.com\/wp-content\/uploads\/2026\/01\/wholesale-bath-lavatory-sink-small-custom-bathroom-basins-6-465x660.webp 465w, https:\/\/www.ceramicbasin.com\/wp-content\/uploads\/2026\/01\/wholesale-bath-lavatory-sink-small-custom-bathroom-basins-6-106x150.webp 106w\" sizes=\"(max-width: 660px) 100vw, 660px\" \/><\/figure>\n<\/div>\n<\/div>","protected":false},"excerpt":{"rendered":"<div class=\"highlights-border-container\" data-v-944c06bb=\"\">Willkommen zum Kauf Gro\u00dfhandel Bad Waschbecken aus hochgebrannten Keramik, mit einer glatten Glasur, geeignet f\u00fcr Hotels, Engineering-Projekte, und Markeninhaber. Diese quadratische wei\u00dfe Keramik Waschbecken mit einer glatten und zarten Glasur Oberfl\u00e4che, die ausgezeichnete Flecken und Kratzfestigkeit bietet, so dass es leicht zu reinigen und halten es f\u00fcr eine lange Zeit neu aussehen. Wir bieten sehr wettbewerbsf\u00e4hige Preise, um Ihre Bed\u00fcrfnisse beim Kauf von Waschbecken zu erf\u00fcllen.<\/div>\n<div class=\"text-stats\" data-v-944c06bb=\"\">\n<div class=\"stats\" data-v-944c06bb=\"\"><span class=\"highlights-note\" data-v-944c06bb=\"\">\u00a0<\/span><\/div>\n<\/div>\n<table style=\"border-collapse: collapse; width: 311.02pt;\" border=\"0\" width=\"311\" cellspacing=\"0\" cellpadding=\"0\">\n<tbody>\n<tr style=\"height: 17.60pt;\">\n<td class=\"et3\" style=\"height: 17.60pt; width: 108.35pt;\" width=\"108\" height=\"17\">Hersteller<\/td>\n<td class=\"et3\" style=\"width: 202.95pt;\" width=\"202\">HanYu<\/td>\n<\/tr>\n<tr style=\"height: 17.60pt;\">\n<td class=\"et3\" style=\"height: 17.60pt;\" height=\"17\">Modell Nr.<\/td>\n<td class=\"et4\">HY-8264<\/td>\n<\/tr>\n<tr style=\"height: 17.60pt;\">\n<td class=\"et3\" style=\"height: 17.60pt;\" height=\"17\">Typ<\/td>\n<td class=\"et3\">CounterTop-Becken<\/td>\n<\/tr>\n<tr style=\"height: 17.60pt;\">\n<td class=\"et3\" style=\"height: 17.60pt;\" height=\"17\">Form<\/td>\n<td class=\"et3\">Rechteckige Form<\/td>\n<\/tr>\n<tr style=\"height: 17.60pt;\">\n<td class=\"et4\" style=\"height: 17.60pt;\" height=\"17\">Farbe<\/td>\n<td class=\"et3\">Wei\u00df<\/td>\n<\/tr>\n<tr style=\"height: 18.00pt;\">\n<td class=\"et3\" style=\"height: 18.00pt;\" height=\"18\">Dimension<\/td>\n<td class=\"et5\" style=\"width: 202.95pt;\" width=\"202\">44*27*12<\/td>\n<\/tr>\n<tr style=\"height: 17.60pt;\">\n<td class=\"et3\" style=\"height: 17.60pt;\" height=\"17\">N.W \/SET<\/td>\n<td class=\"et3\">12 KGS\/PCS<\/td>\n<\/tr>\n<tr style=\"height: 17.60pt;\">\n<td class=\"et3\" style=\"height: 17.60pt;\" height=\"17\">MOQ<\/td>\n<td class=\"et3\">20St\u00fcck<\/td>\n<\/tr>\n<tr style=\"height: 17.60pt;\">\n<td class=\"et3\" style=\"height: 17.60pt;\" height=\"17\">Benutzerdefinierte Option<\/td>\n<td class=\"et3\">Farbe\/Muster\/Gr\u00f6\u00dfe\/Logo\/Verpackung<\/td>\n<\/tr>\n<\/tbody>\n<\/table>","protected":false},"featured_media":8870,"comment_status":"closed","ping_status":"closed","template":"","meta":{"_acf_changed":false},"product_brand":[],"product_cat":[50],"product_tag":[],"class_list":{"0":"post-8851","1":"product","2":"type-product","3":"status-publish","4":"has-post-thumbnail","6":"product_cat-wholesale-countertop-sinks","8":"first","9":"instock","10":"shipping-taxable","11":"product-type-simple"},"acf":[],"_links":{"self":[{"href":"https:\/\/www.ceramicbasin.com\/de\/wp-json\/wp\/v2\/product\/8851","targetHints":{"allow":["GET"]}}],"collection":[{"href":"https:\/\/www.ceramicbasin.com\/de\/wp-json\/wp\/v2\/product"}],"about":[{"href":"https:\/\/www.ceramicbasin.com\/de\/wp-json\/wp\/v2\/types\/product"}],"replies":[{"embeddable":true,"href":"https:\/\/www.ceramicbasin.com\/de\/wp-json\/wp\/v2\/comments?post=8851"}],"wp:featuredmedia":[{"embeddable":true,"href":"https:\/\/www.ceramicbasin.com\/de\/wp-json\/wp\/v2\/media\/8870"}],"wp:attachment":[{"href":"https:\/\/www.ceramicbasin.com\/de\/wp-json\/wp\/v2\/media?parent=8851"}],"wp:term":[{"taxonomy":"product_brand","embeddable":true,"href":"https:\/\/www.ceramicbasin.com\/de\/wp-json\/wp\/v2\/product_brand?post=8851"},{"taxonomy":"product_cat","embeddable":true,"href":"https:\/\/www.ceramicbasin.com\/de\/wp-json\/wp\/v2\/product_cat?post=8851"},{"taxonomy":"product_tag","embeddable":true,"href":"https:\/\/www.ceramicbasin.com\/de\/wp-json\/wp\/v2\/product_tag?post=8851"}],"curies":[{"name":"wp","href":"https:\/\/api.w.org\/{rel}","templated":true}]}}