{"id":8858,"date":"2026-01-01T06:36:16","date_gmt":"2026-01-01T06:36:16","guid":{"rendered":"https:\/\/www.ceramicbasin.com\/?post_type=product&#038;p=8858"},"modified":"2026-01-07T10:01:58","modified_gmt":"2026-01-07T10:01:58","slug":"factory-bulk-bathroom-sinks","status":"publish","type":"product","link":"https:\/\/www.ceramicbasin.com\/de\/produkt\/factory-bulk-bathroom-sinks\/","title":{"rendered":"Fabrik Bulk Badezimmer Waschbecken, Hotel Keramik Becken Gro\u00dfhandel"},"content":{"rendered":"<div class=\"wp-block-columns is-layout-flex wp-container-core-columns-is-layout-9d6595d7 wp-block-columns-is-layout-flex\">\n<div class=\"wp-block-column is-layout-flow wp-block-column-is-layout-flow\">\n<h2 class=\"wp-block-heading\">Premium Factory Bulk-Badewannen Merkmale:<\/h2>\n\n\n\n<ul class=\"wp-block-list\">\n<li><strong>Exquisites Design: <\/strong>Diese fabrikm\u00e4\u00dfig hergestellten Waschbecken haben ein stromlinienf\u00f6rmiges Design mit einer runden Kante und einer glatten Linie, was einen hohen \u00e4sthetischen Wert garantiert und dem Badezimmer Raffinesse und Eleganz verleiht.<\/li>\n\n\n\n<li><strong>Hochwertige Keramik:<\/strong> Diese Fabrik Bulk Bad Waschbecken sind aus hochwertigen keramischen Rohstoffen ausgew\u00e4hlt, bei hoher Temperatur gesintert, so dass unsere Gro\u00dfhandel Keramik Waschbecken solide in der Struktur, zart und glatt in der Oberfl\u00e4che, leicht zu reinigen und dauerhaft wie neu.<\/li>\n\n\n\n<li><strong>Obere Installationsart:<\/strong> Dieses Hotel Keramik Waschbecken Gro\u00dfhandel gilt f\u00fcr die Top-Installation Art und Weise, ist leicht zu installieren, und arbeitet stabil und zuverl\u00e4ssig. Es ist leicht zu pflegen und kann Platz f\u00fcr das Bad zu speichern, und die Verbesserung der Benutzererfahrung.<\/li>\n\n\n\n<li><strong>Stabile Lieferung in gro\u00dfen Mengen:<\/strong> Diese Waschbecken aus der Keramikfabrik unterst\u00fctzen den Kauf gro\u00dfer Mengen mit stabilen Lieferzyklen und eignen sich f\u00fcr die langfristige Zusammenarbeit mit Hotelprojekten, Immobilienprojekten und Gro\u00dfh\u00e4ndlern.<\/li>\n\n\n\n<li><strong>Gro\u00dfhandelspreis mit Wettbewerbsf\u00e4higkeit: <\/strong>Als Hersteller von Waschbecken im Gro\u00dfhandel bietet HanYu einen sehr wettbewerbsf\u00e4higen Preis f\u00fcr Keramikwaschbecken im Gro\u00dfhandel, der es erm\u00f6glicht, ein qualitativ hochwertiges Keramikwaschbecken zu genie\u00dfen und gleichzeitig die Kosten unter Kontrolle zu halten.<\/li>\n<\/ul>\n<\/div>\n\n\n\n<div class=\"wp-block-column is-layout-flow wp-block-column-is-layout-flow\">\n<figure class=\"wp-block-image size-full\"><img fetchpriority=\"high\" decoding=\"async\" width=\"657\" height=\"936\" src=\"https:\/\/www.ceramicbasin.com\/wp-content\/uploads\/2026\/01\/Rectangle-Art-Basin-Hotel-Integrated-Sink-6.webp\" alt=\"factory-bulk-bathroom-sinks-hotel-keramic-basins-wholesale-6\" class=\"wp-image-8859\" srcset=\"https:\/\/www.ceramicbasin.com\/wp-content\/uploads\/2026\/01\/Rectangle-Art-Basin-Hotel-Integrated-Sink-6.webp 657w, https:\/\/www.ceramicbasin.com\/wp-content\/uploads\/2026\/01\/Rectangle-Art-Basin-Hotel-Integrated-Sink-6-211x300.webp 211w, https:\/\/www.ceramicbasin.com\/wp-content\/uploads\/2026\/01\/Rectangle-Art-Basin-Hotel-Integrated-Sink-6-8x12.webp 8w, https:\/\/www.ceramicbasin.com\/wp-content\/uploads\/2026\/01\/Rectangle-Art-Basin-Hotel-Integrated-Sink-6-285x406.webp 285w, https:\/\/www.ceramicbasin.com\/wp-content\/uploads\/2026\/01\/Rectangle-Art-Basin-Hotel-Integrated-Sink-6-463x660.webp 463w, https:\/\/www.ceramicbasin.com\/wp-content\/uploads\/2026\/01\/Rectangle-Art-Basin-Hotel-Integrated-Sink-6-105x150.webp 105w\" sizes=\"(max-width: 657px) 100vw, 657px\" \/><\/figure>\n<\/div>\n<\/div>\n\n\n\n<p><\/p>","protected":false},"excerpt":{"rendered":"<p>Willkommen in der Fabrik Bulk Bad Waschbecken f\u00fcr Hotelprojekte zu kaufen. Gro\u00dfhandel Keramik Arbeitsplatte Waschbecken mit dauerhaften Hochtemperatur-Brennen, glatte glasierte Oberfl\u00e4che, mehrere Gr\u00f6\u00dfen und OEM \/ ODM Anpassung. Ideal f\u00fcr Hotel-, Handels- und Engineering Bulk procurement.Bulk Kauf wird besser Kosteneffizienz genie\u00dfen.<\/p>\n<table style=\"border-collapse: collapse; width: 311.02pt;\" border=\"0\" width=\"311\" cellspacing=\"0\" cellpadding=\"0\">\n<tbody>\n<tr style=\"height: 17.60pt;\">\n<td class=\"et3\" style=\"height: 17.60pt; width: 108.35pt;\" width=\"108\" height=\"17\">Hersteller<\/td>\n<td class=\"et3\" style=\"width: 202.95pt;\" width=\"202\">HanYu<\/td>\n<\/tr>\n<tr style=\"height: 17.60pt;\">\n<td class=\"et3\" style=\"height: 17.60pt;\" height=\"17\">Modell Nr.<\/td>\n<td class=\"et4\">HY-8267<\/td>\n<\/tr>\n<tr style=\"height: 17.60pt;\">\n<td class=\"et3\" style=\"height: 17.60pt;\" height=\"17\">Typ<\/td>\n<td class=\"et3\">CounterTop-Becken<\/td>\n<\/tr>\n<tr style=\"height: 17.60pt;\">\n<td class=\"et3\" style=\"height: 17.60pt;\" height=\"17\">Form<\/td>\n<td class=\"et3\">Rechteckige Form<\/td>\n<\/tr>\n<tr style=\"height: 17.60pt;\">\n<td class=\"et4\" style=\"height: 17.60pt;\" height=\"17\">Farbe<\/td>\n<td class=\"et3\">Wei\u00df<\/td>\n<\/tr>\n<tr style=\"height: 18.00pt;\">\n<td class=\"et3\" style=\"height: 18.00pt;\" height=\"18\">Dimension<\/td>\n<td class=\"et5\" style=\"width: 202.95pt;\" width=\"202\">31*31*14<\/td>\n<\/tr>\n<tr style=\"height: 17.60pt;\">\n<td class=\"et3\" style=\"height: 17.60pt;\" height=\"17\">N.W \/SET<\/td>\n<td class=\"et3\">11 KGS\/PCS<\/td>\n<\/tr>\n<tr style=\"height: 17.60pt;\">\n<td class=\"et3\" style=\"height: 17.60pt;\" height=\"17\">MOQ<\/td>\n<td class=\"et3\">20St\u00fcck<\/td>\n<\/tr>\n<tr style=\"height: 17.60pt;\">\n<td class=\"et3\" style=\"height: 17.60pt;\" height=\"17\">Benutzerdefinierte Option<\/td>\n<td class=\"et3\">Farbe\/Muster\/Gr\u00f6\u00dfe\/Logo\/Verpackung<\/td>\n<\/tr>\n<\/tbody>\n<\/table>","protected":false},"featured_media":8860,"comment_status":"closed","ping_status":"closed","template":"","meta":{"_acf_changed":false},"product_brand":[],"product_cat":[50],"product_tag":[],"class_list":{"0":"post-8858","1":"product","2":"type-product","3":"status-publish","4":"has-post-thumbnail","6":"product_cat-wholesale-countertop-sinks","8":"first","9":"instock","10":"shipping-taxable","11":"product-type-simple"},"acf":[],"_links":{"self":[{"href":"https:\/\/www.ceramicbasin.com\/de\/wp-json\/wp\/v2\/product\/8858","targetHints":{"allow":["GET"]}}],"collection":[{"href":"https:\/\/www.ceramicbasin.com\/de\/wp-json\/wp\/v2\/product"}],"about":[{"href":"https:\/\/www.ceramicbasin.com\/de\/wp-json\/wp\/v2\/types\/product"}],"replies":[{"embeddable":true,"href":"https:\/\/www.ceramicbasin.com\/de\/wp-json\/wp\/v2\/comments?post=8858"}],"wp:featuredmedia":[{"embeddable":true,"href":"https:\/\/www.ceramicbasin.com\/de\/wp-json\/wp\/v2\/media\/8860"}],"wp:attachment":[{"href":"https:\/\/www.ceramicbasin.com\/de\/wp-json\/wp\/v2\/media?parent=8858"}],"wp:term":[{"taxonomy":"product_brand","embeddable":true,"href":"https:\/\/www.ceramicbasin.com\/de\/wp-json\/wp\/v2\/product_brand?post=8858"},{"taxonomy":"product_cat","embeddable":true,"href":"https:\/\/www.ceramicbasin.com\/de\/wp-json\/wp\/v2\/product_cat?post=8858"},{"taxonomy":"product_tag","embeddable":true,"href":"https:\/\/www.ceramicbasin.com\/de\/wp-json\/wp\/v2\/product_tag?post=8858"}],"curies":[{"name":"wp","href":"https:\/\/api.w.org\/{rel}","templated":true}]}}