{"id":8894,"date":"2026-01-14T03:24:44","date_gmt":"2026-01-14T03:24:44","guid":{"rendered":"https:\/\/www.ceramicbasin.com\/?post_type=product&#038;p=8894"},"modified":"2026-01-14T03:24:47","modified_gmt":"2026-01-14T03:24:47","slug":"wholesale-large-bathroom-sinks","status":"publish","type":"product","link":"https:\/\/www.ceramicbasin.com\/de\/produkt\/wholesale-large-bathroom-sinks\/","title":{"rendered":"Gro\u00dfhandel gro\u00dfe Badezimmer Waschbecken, Bulk keramische Arbeitsplatte Waschbecken"},"content":{"rendered":"<div class=\"wp-block-columns is-layout-flex wp-container-core-columns-is-layout-9d6595d7 wp-block-columns-is-layout-flex\">\n<div class=\"wp-block-column is-layout-flow wp-block-column-is-layout-flow\">\n<h2 class=\"wp-block-heading\">Premium Gro\u00dfhandel gro\u00dfe Badezimmer Waschbecken Eigenschaften:<\/h2>\n\n\n\n<ul class=\"wp-block-list\">\n<li><strong>Elegantes und einzigartiges Schalendesign:<\/strong>\u00a0Diese gro\u00dfen Waschbecken f\u00fcr den Gro\u00dfhandel durchbrechen mit ihrer zarten Schalenform und der einzigartigen k\u00fcnstlerischen Atmosph\u00e4re das eint\u00f6nige Design des traditionellen Waschbeckens. Seine runden und glatten Linien verleihen dem Badezimmer Eleganz und Stil.<\/li>\n\n\n\n<li><strong>Hochwertige keramische Materialien f\u00fcr lange Haltbarkeit:\u00a0<\/strong>Diese gro\u00dfen Waschbecken f\u00fcr den Gro\u00dfhandel bestehen aus ausgew\u00e4hlter, hochwertiger Keramik, die bei hohen Temperaturen gebrannt wird, um eine ausgezeichnete H\u00e4rte und Haltbarkeit zu gew\u00e4hrleisten.<\/li>\n\n\n\n<li><strong>Glatte glasierte Oberfl\u00e4che:<\/strong> Die glatte und gleichm\u00e4\u00dfige Glasur der gro\u00dfvolumigen Keramiksp\u00fclen verhindert wirksam das Anhaften von Wasserflecken und Schmutz und senkt so die Wartungskosten f\u00fcr gewerbliche R\u00e4ume.<\/li>\n\n\n\n<li><strong>Einfache Installation:<\/strong>\u00a0Da die gro\u00dfen Waschbecken im Gro\u00dfhandel speziell f\u00fcr die Montage \u00fcber der Theke konzipiert sind, lassen sie sich leicht installieren und bieten eine problemlose Option f\u00fcr den Neubau und die Renovierung von B\u00e4dern.<\/li>\n\n\n\n<li><strong>Gro\u00dfhandelspreis:\u00a0<\/strong>Unsere gro\u00dfen Keramiksp\u00fclen werden zum direkten Gro\u00dfhandelspreis der Fabrik verkauft, um mehr Gewinn f\u00fcr die Kunden zu erzielen. Willkommen B2B K\u00e4ufer zum Gro\u00dfeinkauf.<\/li>\n<\/ul>\n<\/div>\n\n\n\n<div class=\"wp-block-column is-layout-flow wp-block-column-is-layout-flow\">\n<figure class=\"wp-block-image size-full\"><img fetchpriority=\"high\" decoding=\"async\" width=\"827\" height=\"1169\" src=\"https:\/\/www.ceramicbasin.com\/wp-content\/uploads\/2026\/01\/Newest-design-washbasin-wholesalebig-size-ceramic-sinks-factory-5.webp\" alt=\"gro\u00dfhandel-gro\u00dfe-badezimmer-waschbecken-massenware-keramik-waschbecken-5\" class=\"wp-image-8892\" srcset=\"https:\/\/www.ceramicbasin.com\/wp-content\/uploads\/2026\/01\/Newest-design-washbasin-wholesalebig-size-ceramic-sinks-factory-5.webp 827w, https:\/\/www.ceramicbasin.com\/wp-content\/uploads\/2026\/01\/Newest-design-washbasin-wholesalebig-size-ceramic-sinks-factory-5-212x300.webp 212w, https:\/\/www.ceramicbasin.com\/wp-content\/uploads\/2026\/01\/Newest-design-washbasin-wholesalebig-size-ceramic-sinks-factory-5-768x1086.webp 768w, https:\/\/www.ceramicbasin.com\/wp-content\/uploads\/2026\/01\/Newest-design-washbasin-wholesalebig-size-ceramic-sinks-factory-5-8x12.webp 8w, https:\/\/www.ceramicbasin.com\/wp-content\/uploads\/2026\/01\/Newest-design-washbasin-wholesalebig-size-ceramic-sinks-factory-5-285x403.webp 285w, https:\/\/www.ceramicbasin.com\/wp-content\/uploads\/2026\/01\/Newest-design-washbasin-wholesalebig-size-ceramic-sinks-factory-5-467x660.webp 467w, https:\/\/www.ceramicbasin.com\/wp-content\/uploads\/2026\/01\/Newest-design-washbasin-wholesalebig-size-ceramic-sinks-factory-5-106x150.webp 106w\" sizes=\"(max-width: 827px) 100vw, 827px\" \/><\/figure>\n<\/div>\n<\/div>","protected":false},"excerpt":{"rendered":"<p>Wir begr\u00fc\u00dfen Sie zum Kauf unserer gro\u00dfen Badezimmerwaschbecken aus hochwertiger Keramik, die f\u00fcr den kommerziellen und projektbezogenen Einsatz in gro\u00dfen Mengen konzipiert sind. Diese gro\u00dfen Keramikwaschbecken bieten eine langlebige Konstruktion, glatte glasierte Oberfl\u00e4chen und anpassbare Gr\u00f6\u00dfen und Oberfl\u00e4chen. Sie sind ideal f\u00fcr Hotelprojekte, Wohnanlagen und Gro\u00dfh\u00e4ndler f\u00fcr Badarmaturen. Sie kombinieren modernes Design mit zuverl\u00e4ssigen Gro\u00dfhandelslieferungen und OEM-Anpassungsoptionen.<\/p>\n<table border=\"0\" width=\"478\" cellspacing=\"0\" cellpadding=\"0\">\n<tbody>\n<tr>\n<td width=\"166\" height=\"23\">Hersteller<\/td>\n<td width=\"312\">HanYu<\/td>\n<\/tr>\n<tr>\n<td height=\"23\">Modell Nr.<\/td>\n<td>HY-8247A<\/td>\n<\/tr>\n<tr>\n<td height=\"23\">Typ<\/td>\n<td width=\"312\">Arbeitsplatten-Sp\u00fclbecken<\/td>\n<\/tr>\n<tr>\n<td height=\"24\">Form<\/td>\n<td>Ovale Form<\/td>\n<\/tr>\n<tr>\n<td height=\"46\">Farbe<\/td>\n<td width=\"312\">schwarz\/wei\u00df\/blau\/grau\/rosa\/gr\u00fcn\/braun\/khaki<\/td>\n<\/tr>\n<tr>\n<td height=\"24\">Dimension<\/td>\n<td width=\"312\">70*38*12<\/td>\n<\/tr>\n<tr>\n<td height=\"23\">N.W \/SET<\/td>\n<td>13KGS\/PCS<\/td>\n<\/tr>\n<tr>\n<td height=\"23\">MOQ<\/td>\n<td>20St\u00fcck<\/td>\n<\/tr>\n<tr>\n<td height=\"23\">Benutzerdefinierte Option<\/td>\n<td>Farbe\/Muster\/Gr\u00f6\u00dfe\/Logo\/Verpackung<\/td>\n<\/tr>\n<\/tbody>\n<\/table>","protected":false},"featured_media":8888,"comment_status":"closed","ping_status":"closed","template":"","meta":{"_acf_changed":false},"product_brand":[],"product_cat":[50],"product_tag":[],"class_list":{"0":"post-8894","1":"product","2":"type-product","3":"status-publish","4":"has-post-thumbnail","6":"product_cat-wholesale-countertop-sinks","8":"first","9":"instock","10":"shipping-taxable","11":"product-type-simple"},"acf":[],"_links":{"self":[{"href":"https:\/\/www.ceramicbasin.com\/de\/wp-json\/wp\/v2\/product\/8894","targetHints":{"allow":["GET"]}}],"collection":[{"href":"https:\/\/www.ceramicbasin.com\/de\/wp-json\/wp\/v2\/product"}],"about":[{"href":"https:\/\/www.ceramicbasin.com\/de\/wp-json\/wp\/v2\/types\/product"}],"replies":[{"embeddable":true,"href":"https:\/\/www.ceramicbasin.com\/de\/wp-json\/wp\/v2\/comments?post=8894"}],"wp:featuredmedia":[{"embeddable":true,"href":"https:\/\/www.ceramicbasin.com\/de\/wp-json\/wp\/v2\/media\/8888"}],"wp:attachment":[{"href":"https:\/\/www.ceramicbasin.com\/de\/wp-json\/wp\/v2\/media?parent=8894"}],"wp:term":[{"taxonomy":"product_brand","embeddable":true,"href":"https:\/\/www.ceramicbasin.com\/de\/wp-json\/wp\/v2\/product_brand?post=8894"},{"taxonomy":"product_cat","embeddable":true,"href":"https:\/\/www.ceramicbasin.com\/de\/wp-json\/wp\/v2\/product_cat?post=8894"},{"taxonomy":"product_tag","embeddable":true,"href":"https:\/\/www.ceramicbasin.com\/de\/wp-json\/wp\/v2\/product_tag?post=8894"}],"curies":[{"name":"wp","href":"https:\/\/api.w.org\/{rel}","templated":true}]}}