{"id":8897,"date":"2026-01-14T06:47:53","date_gmt":"2026-01-14T06:47:53","guid":{"rendered":"https:\/\/www.ceramicbasin.com\/?post_type=product&#038;p=8897"},"modified":"2026-01-14T06:47:58","modified_gmt":"2026-01-14T06:47:58","slug":"custom-countertop-washbasin","status":"publish","type":"product","link":"https:\/\/www.ceramicbasin.com\/de\/produkt\/custom-countertop-washbasin\/","title":{"rendered":"Neue benutzerdefinierte Arbeitsplatte Waschbecken, Gro\u00dfhandel Badezimmer Waschbecken"},"content":{"rendered":"<div class=\"wp-block-columns is-layout-flex wp-container-core-columns-is-layout-9d6595d7 wp-block-columns-is-layout-flex\">\n<div class=\"wp-block-column is-layout-flow wp-block-column-is-layout-flow\">\n<h2 class=\"wp-block-heading\">Premium Custom Countertop Washbasin Merkmale:<\/h2>\n\n\n\n<ul class=\"wp-block-list\">\n<li><strong>Modedesign:\u00a0<\/strong>Unser ma\u00dfgefertigter Aufsatzwaschtisch mit individuellem Design hat einen modischen Look mit glatten Linien, passt zu verschiedenen Badstilen und verleiht dem gesamten Raum Sch\u00f6nheit und Anmut.<\/li>\n\n\n\n<li><strong>Hochwertiges keramisches Material:\u00a0<\/strong>Unsere ma\u00dfgefertigten Aufsatzwaschbecken sind aus erstklassigem Glas mit hoher Transparenz und feiner Textur gefertigt, das eine hervorragende optische Leistung und einen Sinn f\u00fcr Modernit\u00e4t aufweist und die Stabilit\u00e4t und Sch\u00f6nheit des Produkts gew\u00e4hrleistet.<\/li>\n\n\n\n<li><strong>Aufsatzwaschbecken mit Gef\u00e4\u00df:<\/strong> Diese Art der Installation der Waschbecken im Gro\u00dfhandel bietet ein starkes visuelles Gef\u00fchl von Tiefe und eignet sich f\u00fcr die Aufwertung von Badezimmern in Hotels, Wohnprojekten und gewerblichen R\u00e4umen.<\/li>\n\n\n\n<li><strong>Gro\u00dfhandelspreis:<\/strong>\u00a0Unsere benutzerdefinierte Arbeitsplatte Waschbecken ist zu einer Fabrik direkten Gro\u00dfhandelspreis verkauft, um mehr Gewinn Raum f\u00fcr Kunden zu gewinnen. Willkommen B2B K\u00e4ufer zu Gro\u00dfeinkauf.<\/li>\n\n\n\n<li><strong>Gro\u00dfhandel und OEM\/ODM werden unterst\u00fctzt:<\/strong> Wir bieten Gro\u00dfh\u00e4ndlern, Ingenieurb\u00fcros und Markenartiklern im Badbereich ein stabiles Angebot an Waschbecken f\u00fcr den Gro\u00dfhandel und professionelle Anpassungsdienste.<\/li>\n<\/ul>\n<\/div>\n\n\n\n<div class=\"wp-block-column is-layout-flow wp-block-column-is-layout-flow\">\n<figure class=\"wp-block-image size-full\"><img fetchpriority=\"high\" decoding=\"async\" width=\"664\" height=\"938\" src=\"https:\/\/www.ceramicbasin.com\/wp-content\/uploads\/2026\/01\/New-Design-Custom-Basin-sinkscountertop-washbasin-for-cabinet-5.webp\" alt=\"neue-arbeitsplatte-waschbecken-grosshandel-bad-waschbecken-5\" class=\"wp-image-8877\" srcset=\"https:\/\/www.ceramicbasin.com\/wp-content\/uploads\/2026\/01\/New-Design-Custom-Basin-sinkscountertop-washbasin-for-cabinet-5.webp 664w, https:\/\/www.ceramicbasin.com\/wp-content\/uploads\/2026\/01\/New-Design-Custom-Basin-sinkscountertop-washbasin-for-cabinet-5-212x300.webp 212w, https:\/\/www.ceramicbasin.com\/wp-content\/uploads\/2026\/01\/New-Design-Custom-Basin-sinkscountertop-washbasin-for-cabinet-5-8x12.webp 8w, https:\/\/www.ceramicbasin.com\/wp-content\/uploads\/2026\/01\/New-Design-Custom-Basin-sinkscountertop-washbasin-for-cabinet-5-285x403.webp 285w, https:\/\/www.ceramicbasin.com\/wp-content\/uploads\/2026\/01\/New-Design-Custom-Basin-sinkscountertop-washbasin-for-cabinet-5-467x660.webp 467w, https:\/\/www.ceramicbasin.com\/wp-content\/uploads\/2026\/01\/New-Design-Custom-Basin-sinkscountertop-washbasin-for-cabinet-5-106x150.webp 106w\" sizes=\"(max-width: 664px) 100vw, 664px\" \/><\/figure>\n<\/div>\n<\/div>","protected":false},"excerpt":{"rendered":"<p>Willkommen zum Kauf unserer benutzerdefinierten Aufsatzwaschtisch ist aus hochwertiger Keramik mit einer glatten glasierten Oberfl\u00e4che, bietet Haltbarkeit, einfache Wartung und ein raffiniertes Aussehen. Mit einem personalisierten Design hat einen modischen Look mit glatten Linien, ist richtig f\u00fcr verschiedene Badstile konzipiert und bringt Sch\u00f6nheit und Anmut in den ganzen Bereich.<\/p>\n<table style=\"border-collapse: collapse; width: 358.52pt;\" border=\"0\" width=\"478\" cellspacing=\"0\" cellpadding=\"0\">\n<tbody>\n<tr style=\"height: 17.25pt;\">\n<td class=\"et3\" style=\"height: 17.25pt; width: 125.00pt;\" width=\"166\" height=\"23\">Hersteller<\/td>\n<td class=\"et3\" style=\"width: 234.15pt;\" width=\"312\">HanYu<\/td>\n<\/tr>\n<tr style=\"height: 17.25pt;\">\n<td class=\"et3\" style=\"height: 17.25pt;\" height=\"23\">Modell Nr.<\/td>\n<td class=\"et4\">HY-8254<\/td>\n<\/tr>\n<tr style=\"height: 17.25pt;\">\n<td class=\"et3\" style=\"height: 17.25pt;\" height=\"23\">Typ<\/td>\n<td class=\"et5\" style=\"width: 234.15pt;\" width=\"312\">Arbeitsplatten-Sp\u00fclbecken<\/td>\n<\/tr>\n<tr style=\"height: 18.00pt;\">\n<td class=\"et3\" style=\"height: 18.00pt;\" height=\"24\">Form<\/td>\n<td class=\"et3\">Quadratische Form<\/td>\n<\/tr>\n<tr style=\"height: 34.50pt;\">\n<td class=\"et4\" style=\"height: 34.50pt;\" height=\"46\">Farbe<\/td>\n<td class=\"et5\" style=\"width: 234.15pt;\" width=\"312\">schwarz\/wei\u00df\/blau\/grau\/rosa\/gr\u00fcn\/braun\/khaki<\/td>\n<\/tr>\n<tr style=\"height: 18.00pt;\">\n<td class=\"et3\" style=\"height: 18.00pt;\" height=\"24\">Dimension<\/td>\n<td class=\"et5\" style=\"width: 234.15pt;\" width=\"312\">44*44*13.5<\/td>\n<\/tr>\n<tr style=\"height: 17.25pt;\">\n<td class=\"et3\" style=\"height: 17.25pt;\" height=\"23\">N.W \/SET<\/td>\n<td class=\"et3\">7KGS\/PCS<\/td>\n<\/tr>\n<tr style=\"height: 17.25pt;\">\n<td class=\"et3\" style=\"height: 17.25pt;\" height=\"23\">MOQ<\/td>\n<td class=\"et3\">20St\u00fcck<\/td>\n<\/tr>\n<tr style=\"height: 17.25pt;\">\n<td class=\"et3\" style=\"height: 17.25pt;\" height=\"23\">Benutzerdefinierte Option<\/td>\n<td class=\"et3\">Farbe\/Muster\/Gr\u00f6\u00dfe\/Logo\/Verpackung<\/td>\n<\/tr>\n<\/tbody>\n<\/table>","protected":false},"featured_media":8876,"comment_status":"closed","ping_status":"closed","template":"","meta":{"_acf_changed":false},"product_brand":[],"product_cat":[50],"product_tag":[],"class_list":{"0":"post-8897","1":"product","2":"type-product","3":"status-publish","4":"has-post-thumbnail","6":"product_cat-wholesale-countertop-sinks","8":"first","9":"instock","10":"shipping-taxable","11":"product-type-simple"},"acf":[],"_links":{"self":[{"href":"https:\/\/www.ceramicbasin.com\/de\/wp-json\/wp\/v2\/product\/8897","targetHints":{"allow":["GET"]}}],"collection":[{"href":"https:\/\/www.ceramicbasin.com\/de\/wp-json\/wp\/v2\/product"}],"about":[{"href":"https:\/\/www.ceramicbasin.com\/de\/wp-json\/wp\/v2\/types\/product"}],"replies":[{"embeddable":true,"href":"https:\/\/www.ceramicbasin.com\/de\/wp-json\/wp\/v2\/comments?post=8897"}],"wp:featuredmedia":[{"embeddable":true,"href":"https:\/\/www.ceramicbasin.com\/de\/wp-json\/wp\/v2\/media\/8876"}],"wp:attachment":[{"href":"https:\/\/www.ceramicbasin.com\/de\/wp-json\/wp\/v2\/media?parent=8897"}],"wp:term":[{"taxonomy":"product_brand","embeddable":true,"href":"https:\/\/www.ceramicbasin.com\/de\/wp-json\/wp\/v2\/product_brand?post=8897"},{"taxonomy":"product_cat","embeddable":true,"href":"https:\/\/www.ceramicbasin.com\/de\/wp-json\/wp\/v2\/product_cat?post=8897"},{"taxonomy":"product_tag","embeddable":true,"href":"https:\/\/www.ceramicbasin.com\/de\/wp-json\/wp\/v2\/product_tag?post=8897"}],"curies":[{"name":"wp","href":"https:\/\/api.w.org\/{rel}","templated":true}]}}