{"id":8898,"date":"2026-01-14T07:17:20","date_gmt":"2026-01-14T07:17:20","guid":{"rendered":"https:\/\/www.ceramicbasin.com\/?post_type=product&#038;p=8898"},"modified":"2026-01-14T07:17:22","modified_gmt":"2026-01-14T07:17:22","slug":"wholesale-rectangular-countertop-sink","status":"publish","type":"product","link":"https:\/\/www.ceramicbasin.com\/de\/produkt\/wholesale-rectangular-countertop-sink\/","title":{"rendered":"Gro\u00dfhandel Rechteckige Arbeitsplatte Waschbecken, keramische Waschbecken Versorgung"},"content":{"rendered":"<div class=\"wp-block-columns is-layout-flex wp-container-core-columns-is-layout-9d6595d7 wp-block-columns-is-layout-flex\">\n<div class=\"wp-block-column is-layout-flow wp-block-column-is-layout-flow\">\n<h2 class=\"wp-block-heading\">Premium Gro\u00dfhandel Rechteckige Arbeitsplatte Waschbecken Merkmale:<\/h2>\n\n\n\n<ul class=\"wp-block-list\">\n<li><strong>Hochwertiges keramisches Material:<\/strong> Diese rechteckige Sp\u00fcle f\u00fcr den Gro\u00dfhandel ist aus hochwertiger Keramik gefertigt, die bei hohen Temperaturen gebrannt wird und eine hervorragende Haltbarkeit, H\u00e4rte und langfristige Leistung bietet.<\/li>\n\n\n\n<li><strong>Einfache Installation:<\/strong>\u00a0Dieses rechteckige Aufsatzwaschbecken f\u00fcr den Gro\u00dfhandel ist f\u00fcr den Einbau \u00fcber der Theke konzipiert. Diese benutzerdefinierte Keramik Gef\u00e4\u00df Waschbecken sind einfach zu installieren, bietet eine problemlose L\u00f6sung f\u00fcr den Neubau und Umbau von Badezimmern.<\/li>\n\n\n\n<li><strong>Weich und geschmeidig:\u00a0<\/strong>Unser rechteckiges Waschbecken f\u00fcr den Gro\u00dfhandel bietet eine glatte und weiche Oberfl\u00e4che, die leicht zu reinigen ist und der Reibung und Verschmutzung durch den t\u00e4glichen Verschlei\u00df standh\u00e4lt, um jahrzehntelang in optimalem Zustand zu bleiben.<\/li>\n\n\n\n<li><strong>Gro\u00dfhandel &amp; Projektversorgung bereit:<\/strong> Unsere keramischen Waschbecken bieten stabile Produktionskapazit\u00e4ten und strenge Qualit\u00e4tskontrollen und eignen sich f\u00fcr Gro\u00dfh\u00e4ndler, Bauunternehmer, Bautr\u00e4ger und Badmarken.<\/li>\n\n\n\n<li><strong>Personalisierter Anpassungsservice:<\/strong>\u00a0Unsere keramischen Waschbecken k\u00f6nnen mit verschiedenen Spezifikationen, Farben und Stilen kundenspezifisch gestaltet werden und erf\u00fcllen so die individuellen Bed\u00fcrfnisse verschiedener Marken, Projekte und Kunden.<\/li>\n<\/ul>\n<\/div>\n\n\n\n<div class=\"wp-block-column is-layout-flow wp-block-column-is-layout-flow\">\n<figure class=\"wp-block-image size-full\"><img fetchpriority=\"high\" decoding=\"async\" width=\"827\" height=\"1213\" src=\"https:\/\/www.ceramicbasin.com\/wp-content\/uploads\/2026\/01\/Ceramic-wash-basin-manufacturerhigh-quality-rectanglue-shape-countertop-sinks-5.webp\" alt=\"Gro\u00dfhandel-Rechteckige-Arbeitsplatte-Waschbecken-Keramik-Becken-Lieferung-5\" class=\"wp-image-8882\" srcset=\"https:\/\/www.ceramicbasin.com\/wp-content\/uploads\/2026\/01\/Ceramic-wash-basin-manufacturerhigh-quality-rectanglue-shape-countertop-sinks-5.webp 827w, https:\/\/www.ceramicbasin.com\/wp-content\/uploads\/2026\/01\/Ceramic-wash-basin-manufacturerhigh-quality-rectanglue-shape-countertop-sinks-5-205x300.webp 205w, https:\/\/www.ceramicbasin.com\/wp-content\/uploads\/2026\/01\/Ceramic-wash-basin-manufacturerhigh-quality-rectanglue-shape-countertop-sinks-5-768x1126.webp 768w, https:\/\/www.ceramicbasin.com\/wp-content\/uploads\/2026\/01\/Ceramic-wash-basin-manufacturerhigh-quality-rectanglue-shape-countertop-sinks-5-8x12.webp 8w, https:\/\/www.ceramicbasin.com\/wp-content\/uploads\/2026\/01\/Ceramic-wash-basin-manufacturerhigh-quality-rectanglue-shape-countertop-sinks-5-285x418.webp 285w, https:\/\/www.ceramicbasin.com\/wp-content\/uploads\/2026\/01\/Ceramic-wash-basin-manufacturerhigh-quality-rectanglue-shape-countertop-sinks-5-450x660.webp 450w, https:\/\/www.ceramicbasin.com\/wp-content\/uploads\/2026\/01\/Ceramic-wash-basin-manufacturerhigh-quality-rectanglue-shape-countertop-sinks-5-102x150.webp 102w\" sizes=\"(max-width: 827px) 100vw, 827px\" \/><\/figure>\n<\/div>\n<\/div>","protected":false},"excerpt":{"rendered":"<p>Willkommen zum Kauf unseres rechteckigen Aufsatzwaschbeckens aus hochwertiger Keramik im Gro\u00dfhandel. Das moderne rechteckige Design bietet eine glatte und weiche Oberfl\u00e4che und ist leicht zu reinigen. Dieses Keramik-Waschbecken ist f\u00fcr die Installation \u00fcber der Theke konzipiert. Ideal f\u00fcr Gro\u00dfabnehmer, Hotelprojekte, Wohnanlagen und Badmarken, die zuverl\u00e4ssige Gro\u00dfhandelsl\u00f6sungen f\u00fcr Keramikwaschbecken suchen.<\/p>\n<table border=\"0\" width=\"478\" cellspacing=\"0\" cellpadding=\"0\">\n<tbody>\n<tr>\n<td width=\"166\" height=\"23\">Hersteller<\/td>\n<td width=\"312\">HanYu<\/td>\n<\/tr>\n<tr>\n<td height=\"23\">Modell Nr.<\/td>\n<td>HY-8252<\/td>\n<\/tr>\n<tr>\n<td height=\"23\">Typ<\/td>\n<td width=\"312\">Arbeitsplatten-Sp\u00fclbecken<\/td>\n<\/tr>\n<tr>\n<td height=\"24\">Form<\/td>\n<td>Rectanglue Form<\/td>\n<\/tr>\n<tr>\n<td height=\"46\">Farbe<\/td>\n<td width=\"312\">schwarz\/wei\u00df\/blau\/grau\/rosa\/gr\u00fcn\/braun\/khaki<\/td>\n<\/tr>\n<tr>\n<td height=\"24\">Dimension<\/td>\n<td width=\"312\">41*34*10<\/td>\n<\/tr>\n<tr>\n<td height=\"23\">N.W \/SET<\/td>\n<td>9KGS\/PCS<\/td>\n<\/tr>\n<tr>\n<td height=\"23\">MOQ<\/td>\n<td>20St\u00fcck<\/td>\n<\/tr>\n<tr>\n<td height=\"23\">Benutzerdefinierte Option<\/td>\n<td>Farbe\/Muster\/Gr\u00f6\u00dfe\/Logo\/Verpackung<\/td>\n<\/tr>\n<\/tbody>\n<\/table>","protected":false},"featured_media":8881,"comment_status":"closed","ping_status":"closed","template":"","meta":{"_acf_changed":false},"product_brand":[],"product_cat":[50],"product_tag":[],"class_list":{"0":"post-8898","1":"product","2":"type-product","3":"status-publish","4":"has-post-thumbnail","6":"product_cat-wholesale-countertop-sinks","8":"first","9":"instock","10":"shipping-taxable","11":"product-type-simple"},"acf":[],"_links":{"self":[{"href":"https:\/\/www.ceramicbasin.com\/de\/wp-json\/wp\/v2\/product\/8898","targetHints":{"allow":["GET"]}}],"collection":[{"href":"https:\/\/www.ceramicbasin.com\/de\/wp-json\/wp\/v2\/product"}],"about":[{"href":"https:\/\/www.ceramicbasin.com\/de\/wp-json\/wp\/v2\/types\/product"}],"replies":[{"embeddable":true,"href":"https:\/\/www.ceramicbasin.com\/de\/wp-json\/wp\/v2\/comments?post=8898"}],"wp:featuredmedia":[{"embeddable":true,"href":"https:\/\/www.ceramicbasin.com\/de\/wp-json\/wp\/v2\/media\/8881"}],"wp:attachment":[{"href":"https:\/\/www.ceramicbasin.com\/de\/wp-json\/wp\/v2\/media?parent=8898"}],"wp:term":[{"taxonomy":"product_brand","embeddable":true,"href":"https:\/\/www.ceramicbasin.com\/de\/wp-json\/wp\/v2\/product_brand?post=8898"},{"taxonomy":"product_cat","embeddable":true,"href":"https:\/\/www.ceramicbasin.com\/de\/wp-json\/wp\/v2\/product_cat?post=8898"},{"taxonomy":"product_tag","embeddable":true,"href":"https:\/\/www.ceramicbasin.com\/de\/wp-json\/wp\/v2\/product_tag?post=8898"}],"curies":[{"name":"wp","href":"https:\/\/api.w.org\/{rel}","templated":true}]}}