{"id":8901,"date":"2026-01-13T02:37:16","date_gmt":"2026-01-13T02:37:16","guid":{"rendered":"https:\/\/www.ceramicbasin.com\/?post_type=product&#038;p=8901"},"modified":"2026-01-14T07:46:25","modified_gmt":"2026-01-14T07:46:25","slug":"small-wall-hung-basin-wholesale","status":"publish","type":"product","link":"https:\/\/www.ceramicbasin.com\/de\/produkt\/small-wall-hung-basin-wholesale\/","title":{"rendered":"Kleine Wand h\u00e4ngenden Becken Gro\u00dfhandel, keramische Eitelkeit Waschbecken Bulk"},"content":{"rendered":"<div class=\"wp-block-columns is-layout-flex wp-container-core-columns-is-layout-9d6595d7 wp-block-columns-is-layout-flex\">\n<div class=\"wp-block-column is-layout-flow wp-block-column-is-layout-flow\">\n<h2 class=\"wp-block-heading\">Premium Small Wall Hung Basin Wholesale Merkmale:<\/h2>\n\n\n\n<ul class=\"wp-block-list\">\n<li><strong>Kleine rechteckige Form:<\/strong> Dieses kleine wandh\u00e4ngende Waschbecken mit kompakter Struktur spart Platz und eignet sich besonders f\u00fcr kleine B\u00e4der, gewerbliche Toiletten, Hotelzimmer und Wohnprojekte.<\/li>\n\n\n\n<li><strong>Anpassbare Optionen:<\/strong> Dieses kleine wandh\u00e4ngende Waschbecken ist in verschiedenen Farben, Oberfl\u00e4chenausf\u00fchrungen und individuell gestaltbaren Verpackungen erh\u00e4ltlich, so dass Sie das Produkt an Ihre spezifischen Marken- und Marktanforderungen anpassen k\u00f6nnen.<\/li>\n\n\n\n<li><strong>Hei\u00dfer Verkauf:<\/strong> Dieses kleine wandh\u00e4ngende Waschbecken wird vom Markt wegen seiner Langlebigkeit, der einheitlichen Farbe, der einfachen Reinigung und Wartung sowie der hohen Kosten gut angenommen.<\/li>\n\n\n\n<li><strong>Leicht zu reinigende Glasurbehandlung:\u00a0<\/strong>Die Oberfl\u00e4che dieses kleinen wandh\u00e4ngenden Waschbeckens im Gro\u00dfhandel ist mit einer speziellen, leicht zu reinigenden Glasur versehen, die glatt und zart ist, so dass Flecken nicht so leicht anhaften und leicht zu reinigen sind.<\/li>\n\n\n\n<li><strong>Wandmontierte Installation:<\/strong> Diese Keramiksp\u00fcle f\u00fcr den gewerblichen Einsatz spart Platz, sieht sauberer aus und erleichtert die Bodenreinigung. Sie erf\u00fcllt die Anforderungen an Hygiene und Wartungseffizienz in gewerblichen R\u00e4umen.<\/li>\n\n\n\n<li><strong>Preisvorteil im Gro\u00dfhandel:<\/strong> Als Hersteller von Waschbecken nach Ma\u00df bietet HanYu sehr wettbewerbsf\u00e4hige Gro\u00dfhandelspreise an, und bei Gro\u00dfeink\u00e4ufen gibt es weitere Rabatte, so dass hochwertige Badaccessoires Ihre ideale Wahl unter Kostenkontrolle sind.<\/li>\n<\/ul>\n<\/div>\n\n\n\n<div class=\"wp-block-column is-layout-flow wp-block-column-is-layout-flow\">\n<figure class=\"wp-block-image size-full\"><img fetchpriority=\"high\" decoding=\"async\" width=\"800\" height=\"800\" src=\"https:\/\/www.ceramicbasin.com\/wp-content\/uploads\/2026\/01\/wall-mount-sink\uff0csmall-wall-mounted-basin\uff0cceramic-sink.webp\" alt=\"Kleines wandh\u00e4ngendes Waschbecken-Gro\u00dfhandel-Keramik-Sp\u00fclbecken-Masse-7\" class=\"wp-image-8905\" srcset=\"https:\/\/www.ceramicbasin.com\/wp-content\/uploads\/2026\/01\/wall-mount-sink\uff0csmall-wall-mounted-basin\uff0cceramic-sink.webp 800w, https:\/\/www.ceramicbasin.com\/wp-content\/uploads\/2026\/01\/wall-mount-sink\uff0csmall-wall-mounted-basin\uff0cceramic-sink-300x300.webp 300w, https:\/\/www.ceramicbasin.com\/wp-content\/uploads\/2026\/01\/wall-mount-sink\uff0csmall-wall-mounted-basin\uff0cceramic-sink-150x150.webp 150w, https:\/\/www.ceramicbasin.com\/wp-content\/uploads\/2026\/01\/wall-mount-sink\uff0csmall-wall-mounted-basin\uff0cceramic-sink-768x768.webp 768w, https:\/\/www.ceramicbasin.com\/wp-content\/uploads\/2026\/01\/wall-mount-sink\uff0csmall-wall-mounted-basin\uff0cceramic-sink-12x12.webp 12w, https:\/\/www.ceramicbasin.com\/wp-content\/uploads\/2026\/01\/wall-mount-sink\uff0csmall-wall-mounted-basin\uff0cceramic-sink-285x285.webp 285w, https:\/\/www.ceramicbasin.com\/wp-content\/uploads\/2026\/01\/wall-mount-sink\uff0csmall-wall-mounted-basin\uff0cceramic-sink-270x270.webp 270w, https:\/\/www.ceramicbasin.com\/wp-content\/uploads\/2026\/01\/wall-mount-sink\uff0csmall-wall-mounted-basin\uff0cceramic-sink-540x540.webp 540w, https:\/\/www.ceramicbasin.com\/wp-content\/uploads\/2026\/01\/wall-mount-sink\uff0csmall-wall-mounted-basin\uff0cceramic-sink-660x660.webp 660w\" sizes=\"(max-width: 800px) 100vw, 800px\" \/><\/figure>\n<\/div>\n<\/div>\n\n\n\n<p><\/p>","protected":false},"excerpt":{"rendered":"<p>Willkommen zum Kauf unserer kleinen wandh\u00e4ngenden Waschbecken im Gro\u00dfhandel f\u00fcr gewerbliche und private Projekte. Sparen Sie Platz, halten Sie kleine Badezimmer ordentlich und sauber und machen Sie die Bodenreinigung zu einer leichten Aufgabe. Sie sind f\u00fcr kleine Wohnungen, Hotelzimmer, \u00f6ffentliche Toiletten und \u00fcberall dort, wo Sie einen kleinen Raum haben und Ihre Wandfl\u00e4che nutzen wollen, gedacht.<\/p>\n<table border=\"0\" width=\"478\" cellspacing=\"0\" cellpadding=\"0\">\n<tbody>\n<tr>\n<td width=\"166\" height=\"23\">Hersteller<\/td>\n<td width=\"312\">HanYu<\/td>\n<\/tr>\n<tr>\n<td height=\"23\">Modell Nr.<\/td>\n<td>HY-3137L<\/td>\n<\/tr>\n<tr>\n<td height=\"23\">Typ<\/td>\n<td width=\"312\">Wandh\u00e4ngende Waschbecken<\/td>\n<\/tr>\n<tr>\n<td height=\"24\">Form<\/td>\n<td>Rectanglue Form<\/td>\n<\/tr>\n<tr>\n<td height=\"46\">Farbe<\/td>\n<td width=\"312\">schwarz\/wei\u00df\/blau\/grau\/rosa\/gr\u00fcn\/braun\/khaki<\/td>\n<\/tr>\n<tr>\n<td height=\"24\">Dimension<\/td>\n<td width=\"312\">50.5*25.5*14<\/td>\n<\/tr>\n<tr>\n<td height=\"23\">N.W \/SET<\/td>\n<td>12KGS\/PCS<\/td>\n<\/tr>\n<tr>\n<td height=\"23\">MOQ<\/td>\n<td>20St\u00fcck<\/td>\n<\/tr>\n<tr>\n<td height=\"23\">Benutzerdefinierte Option<\/td>\n<td>Farbe\/Muster\/Gr\u00f6\u00dfe\/Logo\/Verpackung<\/td>\n<\/tr>\n<\/tbody>\n<\/table>","protected":false},"featured_media":8906,"comment_status":"closed","ping_status":"closed","template":"","meta":{"_acf_changed":false},"product_brand":[],"product_cat":[57],"product_tag":[],"class_list":{"0":"post-8901","1":"product","2":"type-product","3":"status-publish","4":"has-post-thumbnail","6":"product_cat-wholesale-wall-mounted-sinks","8":"first","9":"instock","10":"shipping-taxable","11":"product-type-simple"},"acf":[],"_links":{"self":[{"href":"https:\/\/www.ceramicbasin.com\/de\/wp-json\/wp\/v2\/product\/8901","targetHints":{"allow":["GET"]}}],"collection":[{"href":"https:\/\/www.ceramicbasin.com\/de\/wp-json\/wp\/v2\/product"}],"about":[{"href":"https:\/\/www.ceramicbasin.com\/de\/wp-json\/wp\/v2\/types\/product"}],"replies":[{"embeddable":true,"href":"https:\/\/www.ceramicbasin.com\/de\/wp-json\/wp\/v2\/comments?post=8901"}],"wp:featuredmedia":[{"embeddable":true,"href":"https:\/\/www.ceramicbasin.com\/de\/wp-json\/wp\/v2\/media\/8906"}],"wp:attachment":[{"href":"https:\/\/www.ceramicbasin.com\/de\/wp-json\/wp\/v2\/media?parent=8901"}],"wp:term":[{"taxonomy":"product_brand","embeddable":true,"href":"https:\/\/www.ceramicbasin.com\/de\/wp-json\/wp\/v2\/product_brand?post=8901"},{"taxonomy":"product_cat","embeddable":true,"href":"https:\/\/www.ceramicbasin.com\/de\/wp-json\/wp\/v2\/product_cat?post=8901"},{"taxonomy":"product_tag","embeddable":true,"href":"https:\/\/www.ceramicbasin.com\/de\/wp-json\/wp\/v2\/product_tag?post=8901"}],"curies":[{"name":"wp","href":"https:\/\/api.w.org\/{rel}","templated":true}]}}