{"id":8911,"date":"2026-01-13T07:39:42","date_gmt":"2026-01-13T07:39:42","guid":{"rendered":"https:\/\/www.ceramicbasin.com\/?post_type=product&#038;p=8911"},"modified":"2026-01-14T08:03:41","modified_gmt":"2026-01-14T08:03:41","slug":"ceramic-wall-hung-sink-wholesale","status":"publish","type":"product","link":"https:\/\/www.ceramicbasin.com\/de\/produkt\/ceramic-wall-hung-sink-wholesale\/","title":{"rendered":"Keramische Wand Waschbecken Gro\u00dfhandel, Badezimmer Waschbecken Custom"},"content":{"rendered":"<div class=\"wp-block-columns is-layout-flex wp-container-core-columns-is-layout-9d6595d7 wp-block-columns-is-layout-flex\">\n<div class=\"wp-block-column is-layout-flow wp-block-column-is-layout-flow\">\n<h2 class=\"wp-block-heading\">Premium Keramik Wand Waschbecken Gro\u00dfhandel Merkmale:<\/h2>\n\n\n\n<ul class=\"wp-block-list\">\n<li><strong>Ausgezeichnete Leistung:<\/strong> Wir verwenden f\u00fcr unsere wandh\u00e4ngenden Keramiksp\u00fclen im Gro\u00dfhandel hochwertige Keramikmaterialien, so dass die Sp\u00fcle eine ausgezeichnete Haltbarkeit und Kratzfestigkeit aufweist und auch nach langem Gebrauch in einem guten Zustand bleibt.<\/li>\n\n\n\n<li><strong>Kosteneinsparung:<\/strong> Unsere Keramik Wand Waschbecken Gro\u00dfhandel verbindet eine einfache Design-\u00c4sthetik mit praktischer Funktionalit\u00e4t, eine ideale Wahl f\u00fcr stilvolle B\u00e4der. Gro\u00dfhandel Bad Waschbecken zu g\u00fcnstigen Preisen und schnelle Lieferung, um die gro\u00dfen Auftr\u00e4ge zu erf\u00fcllen, w\u00e4hrend die Produktqualit\u00e4t zu gew\u00e4hrleisten.<\/li>\n\n\n\n<li><strong>Leicht zu reinigende Glasurbehandlung:<\/strong>\u00a0Die Oberfl\u00e4che dieser Keramik Wand Waschbecken Gro\u00dfhandel nimmt spezielle easy-to-clean Glasur Technologie, die glatt und zart ist, Flecken sind nicht leicht zu haften und leicht zu reinigen.<\/li>\n\n\n\n<li><strong>Wandmontiertes Design: <\/strong>Diese ma\u00dfgefertigten Keramikwaschbecken sparen Platz, halten kleine Badezimmer ordentlich und sauber und machen die Bodenreinigung zu einer leichten Aufgabe. Sie sind f\u00fcr kleine Wohnungen, Hotelzimmer, \u00f6ffentliche Toiletten und jeden Ort gedacht, an dem Sie einen kleinen Raum haben und Ihre Wandfl\u00e4che nutzen m\u00f6chten.<\/li>\n\n\n\n<li><strong>Kommerzielle strukturelle St\u00e4rke:<\/strong> Diese kundenspezifischen keramischen Waschbecken f\u00fcr Badezimmer sind robust und sehr belastbar und eignen sich f\u00fcr hochfrequentierte \u00f6ffentliche oder gewerbliche Toilettenbereiche.<\/li>\n<\/ul>\n<\/div>\n\n\n\n<div class=\"wp-block-column is-layout-flow wp-block-column-is-layout-flow\">\n<figure class=\"wp-block-image size-full\"><img fetchpriority=\"high\" decoding=\"async\" width=\"800\" height=\"800\" src=\"https:\/\/www.ceramicbasin.com\/wp-content\/uploads\/2026\/01\/vessel-sinks-bathroom\uff0crectangle-sink\uff0cbasin-wall-mount5.webp\" alt=\"Keramik-Wandwaschbecken-Gro\u00dfhandel-Bad-Waschbecken-Custom-5\" class=\"wp-image-8917\" srcset=\"https:\/\/www.ceramicbasin.com\/wp-content\/uploads\/2026\/01\/vessel-sinks-bathroom\uff0crectangle-sink\uff0cbasin-wall-mount5.webp 800w, https:\/\/www.ceramicbasin.com\/wp-content\/uploads\/2026\/01\/vessel-sinks-bathroom\uff0crectangle-sink\uff0cbasin-wall-mount5-300x300.webp 300w, https:\/\/www.ceramicbasin.com\/wp-content\/uploads\/2026\/01\/vessel-sinks-bathroom\uff0crectangle-sink\uff0cbasin-wall-mount5-150x150.webp 150w, https:\/\/www.ceramicbasin.com\/wp-content\/uploads\/2026\/01\/vessel-sinks-bathroom\uff0crectangle-sink\uff0cbasin-wall-mount5-768x768.webp 768w, https:\/\/www.ceramicbasin.com\/wp-content\/uploads\/2026\/01\/vessel-sinks-bathroom\uff0crectangle-sink\uff0cbasin-wall-mount5-12x12.webp 12w, https:\/\/www.ceramicbasin.com\/wp-content\/uploads\/2026\/01\/vessel-sinks-bathroom\uff0crectangle-sink\uff0cbasin-wall-mount5-285x285.webp 285w, https:\/\/www.ceramicbasin.com\/wp-content\/uploads\/2026\/01\/vessel-sinks-bathroom\uff0crectangle-sink\uff0cbasin-wall-mount5-270x270.webp 270w, https:\/\/www.ceramicbasin.com\/wp-content\/uploads\/2026\/01\/vessel-sinks-bathroom\uff0crectangle-sink\uff0cbasin-wall-mount5-540x540.webp 540w, https:\/\/www.ceramicbasin.com\/wp-content\/uploads\/2026\/01\/vessel-sinks-bathroom\uff0crectangle-sink\uff0cbasin-wall-mount5-660x660.webp 660w\" sizes=\"(max-width: 800px) 100vw, 800px\" \/><\/figure>\n<\/div>\n<\/div>\n\n\n\n<p><\/p>","protected":false},"excerpt":{"rendered":"<p>Willkommen zum Kauf unserer Keramik Wand Waschbecken Gro\u00dfhandel verf\u00fcgt \u00fcber ein kompaktes platzsparendes Design, langlebig Hochtemperatur gebrannt Keramik und eine leicht zu reinigende glasierte Oberfl\u00e4che. Ideal f\u00fcr Gro\u00dfbestellungen, ist es weit verbreitet in Hotels, Wohnungen, B\u00fcros und \u00f6ffentlichen Toiletten verwendet, bietet zuverl\u00e4ssige Qualit\u00e4t und effiziente Installation f\u00fcr Gro\u00dfprojekte.<\/p>\n<table border=\"0\" width=\"478\" cellspacing=\"0\" cellpadding=\"0\">\n<tbody>\n<tr>\n<td width=\"166\" height=\"23\">Hersteller<\/td>\n<td width=\"312\">HanYu<\/td>\n<\/tr>\n<tr>\n<td height=\"23\">Modell Nr.<\/td>\n<td>HY-3137R<\/td>\n<\/tr>\n<tr>\n<td height=\"23\">Typ<\/td>\n<td width=\"312\">Wandh\u00e4ngende Waschbecken<\/td>\n<\/tr>\n<tr>\n<td height=\"24\">Form<\/td>\n<td>Rectanglue Form<\/td>\n<\/tr>\n<tr>\n<td height=\"46\">Farbe<\/td>\n<td width=\"312\">schwarz\/wei\u00df\/blau\/grau\/rosa\/gr\u00fcn\/braun\/khaki<\/td>\n<\/tr>\n<tr>\n<td height=\"24\">Dimension<\/td>\n<td width=\"312\">50.5*25.5*14<\/td>\n<\/tr>\n<tr>\n<td height=\"23\">N.W \/SET<\/td>\n<td>12KGS\/PCS<\/td>\n<\/tr>\n<tr>\n<td height=\"23\">MOQ<\/td>\n<td>20St\u00fcck<\/td>\n<\/tr>\n<tr>\n<td height=\"23\">Benutzerdefinierte Option<\/td>\n<td>Farbe\/Muster\/Gr\u00f6\u00dfe\/Logo\/Verpackung<\/td>\n<\/tr>\n<\/tbody>\n<\/table>","protected":false},"featured_media":8915,"comment_status":"closed","ping_status":"closed","template":"","meta":{"_acf_changed":false},"product_brand":[],"product_cat":[57],"product_tag":[],"class_list":{"0":"post-8911","1":"product","2":"type-product","3":"status-publish","4":"has-post-thumbnail","6":"product_cat-wholesale-wall-mounted-sinks","8":"first","9":"instock","10":"shipping-taxable","11":"product-type-simple"},"acf":[],"_links":{"self":[{"href":"https:\/\/www.ceramicbasin.com\/de\/wp-json\/wp\/v2\/product\/8911","targetHints":{"allow":["GET"]}}],"collection":[{"href":"https:\/\/www.ceramicbasin.com\/de\/wp-json\/wp\/v2\/product"}],"about":[{"href":"https:\/\/www.ceramicbasin.com\/de\/wp-json\/wp\/v2\/types\/product"}],"replies":[{"embeddable":true,"href":"https:\/\/www.ceramicbasin.com\/de\/wp-json\/wp\/v2\/comments?post=8911"}],"wp:featuredmedia":[{"embeddable":true,"href":"https:\/\/www.ceramicbasin.com\/de\/wp-json\/wp\/v2\/media\/8915"}],"wp:attachment":[{"href":"https:\/\/www.ceramicbasin.com\/de\/wp-json\/wp\/v2\/media?parent=8911"}],"wp:term":[{"taxonomy":"product_brand","embeddable":true,"href":"https:\/\/www.ceramicbasin.com\/de\/wp-json\/wp\/v2\/product_brand?post=8911"},{"taxonomy":"product_cat","embeddable":true,"href":"https:\/\/www.ceramicbasin.com\/de\/wp-json\/wp\/v2\/product_cat?post=8911"},{"taxonomy":"product_tag","embeddable":true,"href":"https:\/\/www.ceramicbasin.com\/de\/wp-json\/wp\/v2\/product_tag?post=8911"}],"curies":[{"name":"wp","href":"https:\/\/api.w.org\/{rel}","templated":true}]}}