{"id":8918,"date":"2026-01-13T07:58:23","date_gmt":"2026-01-13T07:58:23","guid":{"rendered":"https:\/\/www.ceramicbasin.com\/?post_type=product&#038;p=8918"},"modified":"2026-01-14T08:22:24","modified_gmt":"2026-01-14T08:22:24","slug":"wholesale-square-wall-hung-basin","status":"publish","type":"product","link":"https:\/\/www.ceramicbasin.com\/de\/produkt\/wholesale-square-wall-hung-basin\/","title":{"rendered":"Gro\u00dfhandel Quadratische Wandh\u00e4ngende Waschbecken mit Abtropffl\u00e4che f\u00fcr Badezimmer"},"content":{"rendered":"<div class=\"wp-block-columns is-layout-flex wp-container-core-columns-is-layout-9d6595d7 wp-block-columns-is-layout-flex\">\n<div class=\"wp-block-column is-layout-flow wp-block-column-is-layout-flow\">\n<h2 class=\"wp-block-heading\">Premium Gro\u00dfhandel quadratische Wand h\u00e4ngenden Becken Merkmale:<\/h2>\n\n\n\n<ul class=\"wp-block-list\">\n<li>Integrierte Abtropffl\u00e4che: Dieses quadratische, wandh\u00e4ngende Waschbecken f\u00fcr den Gro\u00dfhandel verf\u00fcgt \u00fcber eine Abtropffl\u00e4che. Diese Abtropffl\u00e4che erleichtert das Abstellen von Toilettenartikeln oder das Waschen von kleinen Gegenst\u00e4nden, was den praktischen Nutzen erh\u00f6ht und es besonders f\u00fcr Balkone und multifunktionale Bereiche geeignet macht.<\/li>\n\n\n\n<li>Quadratisches wandh\u00e4ngendes Design: Moderne und minimalistische quadratische Form, unser Gro\u00dfhandel Keramik Waschbecken in Wandmontage spart Platz, geeignet f\u00fcr kleine B\u00e4der, Balkone, Waschr\u00e4ume und kommerzielle Projekte.<\/li>\n\n\n\n<li><strong>Raumoptimiertes Design:<\/strong> Dieses quadratische, wandh\u00e4ngende Waschbecken aus dem Gro\u00dfhandel ist besonders f\u00fcr kleine Badezimmer geeignet und verbessert die Raumnutzung. Geeignet f\u00fcr Wohnungen, Hotels und kleine Gewerbefl\u00e4chen.<\/li>\n\n\n\n<li><strong>Starke Installationskompatibilit\u00e4t:<\/strong> Dieses quadratische, wandh\u00e4ngende Waschbecken f\u00fcr den Gro\u00dfhandel verf\u00fcgt \u00fcber standardm\u00e4\u00dfige \u00dcberlauf- und Abflussl\u00f6cher, die universelle Pop-up-Abfl\u00fcsse unterst\u00fctzen. Die Wandmontage ist stabil und mit den meisten Wandoberfl\u00e4chen und Wasserversorgungssystemen kompatibel.<\/li>\n\n\n\n<li><strong>Personalisierung und Gro\u00dfhandelsdienstleistungen:<\/strong> Unsere Gro\u00dfhandels-Keramiksp\u00fclen unterst\u00fctzen OEM\/ODM-Anpassungen (z. B. Logo, Gr\u00f6\u00dfenanpassung) und bieten gestaffelte Gro\u00dfhandelspreise, um den Bedarf an Gro\u00dfeink\u00e4ufen f\u00fcr technische Projekte zu decken.<\/li>\n<\/ul>\n<\/div>\n\n\n\n<div class=\"wp-block-column is-layout-flow wp-block-column-is-layout-flow\">\n<figure class=\"wp-block-image size-full\"><img fetchpriority=\"high\" decoding=\"async\" width=\"800\" height=\"800\" src=\"https:\/\/www.ceramicbasin.com\/wp-content\/uploads\/2026\/01\/square-wall-mounted-basin\uff0cwall-hung-sink\uff0cvessel-ceramic-sink5.webp\" alt=\"gro\u00dfhandel-quadratisches-wandh\u00e4ngendes-waschbecken-mit-ablauf-f\u00fcr-badezimmer-5\" class=\"wp-image-8924\" srcset=\"https:\/\/www.ceramicbasin.com\/wp-content\/uploads\/2026\/01\/square-wall-mounted-basin\uff0cwall-hung-sink\uff0cvessel-ceramic-sink5.webp 800w, https:\/\/www.ceramicbasin.com\/wp-content\/uploads\/2026\/01\/square-wall-mounted-basin\uff0cwall-hung-sink\uff0cvessel-ceramic-sink5-300x300.webp 300w, https:\/\/www.ceramicbasin.com\/wp-content\/uploads\/2026\/01\/square-wall-mounted-basin\uff0cwall-hung-sink\uff0cvessel-ceramic-sink5-150x150.webp 150w, https:\/\/www.ceramicbasin.com\/wp-content\/uploads\/2026\/01\/square-wall-mounted-basin\uff0cwall-hung-sink\uff0cvessel-ceramic-sink5-768x768.webp 768w, https:\/\/www.ceramicbasin.com\/wp-content\/uploads\/2026\/01\/square-wall-mounted-basin\uff0cwall-hung-sink\uff0cvessel-ceramic-sink5-12x12.webp 12w, https:\/\/www.ceramicbasin.com\/wp-content\/uploads\/2026\/01\/square-wall-mounted-basin\uff0cwall-hung-sink\uff0cvessel-ceramic-sink5-285x285.webp 285w, https:\/\/www.ceramicbasin.com\/wp-content\/uploads\/2026\/01\/square-wall-mounted-basin\uff0cwall-hung-sink\uff0cvessel-ceramic-sink5-270x270.webp 270w, https:\/\/www.ceramicbasin.com\/wp-content\/uploads\/2026\/01\/square-wall-mounted-basin\uff0cwall-hung-sink\uff0cvessel-ceramic-sink5-540x540.webp 540w, https:\/\/www.ceramicbasin.com\/wp-content\/uploads\/2026\/01\/square-wall-mounted-basin\uff0cwall-hung-sink\uff0cvessel-ceramic-sink5-660x660.webp 660w\" sizes=\"(max-width: 800px) 100vw, 800px\" \/><\/figure>\n<\/div>\n<\/div>\n\n\n\n<p><\/p>","protected":false},"excerpt":{"rendered":"<p>Willkommen in diesem Gro\u00dfhandel quadratische Wand h\u00e4ngenden Waschbecken verf\u00fcgt \u00fcber eine platzsparende Wandstruktur, integrierte Abtropffl\u00e4che und langlebige hochgebrannte Keramik mit glatten glasierten Oberfl\u00e4che zu kaufen. Ideal f\u00fcr Bulk-Gro\u00dfhandel, Projekt Lieferung und OEM-Anpassung, ist es weit verbreitet in Wohn-, Hotel- und kommerziellen Bad Projekte verwendet.<\/p>\n<table border=\"0\" width=\"478\" cellspacing=\"0\" cellpadding=\"0\">\n<tbody>\n<tr>\n<td width=\"166\" height=\"23\">Hersteller<\/td>\n<td width=\"312\">HanYu<\/td>\n<\/tr>\n<tr>\n<td height=\"23\">Modell Nr.<\/td>\n<td>HY-3139L<\/td>\n<\/tr>\n<tr>\n<td height=\"23\">Typ<\/td>\n<td width=\"312\">Wandh\u00e4ngende Waschbecken<\/td>\n<\/tr>\n<tr>\n<td height=\"24\">Form<\/td>\n<td>Rectanglue Form<\/td>\n<\/tr>\n<tr>\n<td height=\"46\">Farbe<\/td>\n<td width=\"312\">schwarz\/wei\u00df\/blau\/grau\/rosa\/gr\u00fcn\/braun\/khaki<\/td>\n<\/tr>\n<tr>\n<td height=\"24\">Dimension<\/td>\n<td width=\"312\">75*48*20<\/td>\n<\/tr>\n<tr>\n<td height=\"23\">N.W \/SET<\/td>\n<td>18KGS\/PCS<\/td>\n<\/tr>\n<tr>\n<td height=\"23\">MOQ<\/td>\n<td>20St\u00fcck<\/td>\n<\/tr>\n<tr>\n<td height=\"23\">Benutzerdefinierte Option<\/td>\n<td>Farbe\/Muster\/Gr\u00f6\u00dfe\/Logo\/Verpackung<\/td>\n<\/tr>\n<\/tbody>\n<\/table>","protected":false},"featured_media":8919,"comment_status":"closed","ping_status":"closed","template":"","meta":{"_acf_changed":false},"product_brand":[],"product_cat":[57],"product_tag":[],"class_list":{"0":"post-8918","1":"product","2":"type-product","3":"status-publish","4":"has-post-thumbnail","6":"product_cat-wholesale-wall-mounted-sinks","8":"first","9":"instock","10":"shipping-taxable","11":"product-type-simple"},"acf":[],"_links":{"self":[{"href":"https:\/\/www.ceramicbasin.com\/de\/wp-json\/wp\/v2\/product\/8918","targetHints":{"allow":["GET"]}}],"collection":[{"href":"https:\/\/www.ceramicbasin.com\/de\/wp-json\/wp\/v2\/product"}],"about":[{"href":"https:\/\/www.ceramicbasin.com\/de\/wp-json\/wp\/v2\/types\/product"}],"replies":[{"embeddable":true,"href":"https:\/\/www.ceramicbasin.com\/de\/wp-json\/wp\/v2\/comments?post=8918"}],"wp:featuredmedia":[{"embeddable":true,"href":"https:\/\/www.ceramicbasin.com\/de\/wp-json\/wp\/v2\/media\/8919"}],"wp:attachment":[{"href":"https:\/\/www.ceramicbasin.com\/de\/wp-json\/wp\/v2\/media?parent=8918"}],"wp:term":[{"taxonomy":"product_brand","embeddable":true,"href":"https:\/\/www.ceramicbasin.com\/de\/wp-json\/wp\/v2\/product_brand?post=8918"},{"taxonomy":"product_cat","embeddable":true,"href":"https:\/\/www.ceramicbasin.com\/de\/wp-json\/wp\/v2\/product_cat?post=8918"},{"taxonomy":"product_tag","embeddable":true,"href":"https:\/\/www.ceramicbasin.com\/de\/wp-json\/wp\/v2\/product_tag?post=8918"}],"curies":[{"name":"wp","href":"https:\/\/api.w.org\/{rel}","templated":true}]}}