{"id":8925,"date":"2026-01-13T08:04:23","date_gmt":"2026-01-13T08:04:23","guid":{"rendered":"https:\/\/www.ceramicbasin.com\/?post_type=product&#038;p=8925"},"modified":"2026-01-14T08:39:57","modified_gmt":"2026-01-14T08:39:57","slug":"wholesale-wash-basin-wall-mounted","status":"publish","type":"product","link":"https:\/\/www.ceramicbasin.com\/de\/produkt\/wholesale-wash-basin-wall-mounted\/","title":{"rendered":"Gro\u00dfhandel Waschbecken Wandmontage, Keramiksp\u00fcle mit Abtropffl\u00e4che"},"content":{"rendered":"<div class=\"wp-block-columns is-layout-flex wp-container-core-columns-is-layout-9d6595d7 wp-block-columns-is-layout-flex\">\n<div class=\"wp-block-column is-layout-flow wp-block-column-is-layout-flow\">\n<h2 class=\"wp-block-heading\">Premium Gro\u00dfhandel Waschbecken Wand montiert Eigenschaften:<\/h2>\n\n\n\n<ul class=\"wp-block-list\">\n<li><strong>Raumoptimiertes Design: <\/strong>Dieses Gro\u00dfhandels-Waschbecken zur Wandmontage ist besonders f\u00fcr kleine Badezimmer geeignet und verbessert die Raumnutzung. Geeignet f\u00fcr Wohnungen, Hotels und kleine Gewerbefl\u00e4chen.<\/li>\n\n\n\n<li><strong>Eingebaute Abtropfschale:<\/strong> Die integrierte Abtropffl\u00e4che des Gro\u00dfhandelswaschbeckens f\u00fcr die Wandmontage erm\u00f6glicht die bequeme Unterbringung von Toilettenartikeln oder sauberen Gegenst\u00e4nden und verbessert die Praktikabilit\u00e4t und Effizienz des t\u00e4glichen Gebrauchs.<\/li>\n\n\n\n<li><strong>Hochwertiges keramisches Material:<\/strong>\u00a0HanYu's Gro\u00dfhandels-Waschbecken f\u00fcr die Wandmontage werden aus hochwertigen keramischen Rohstoffen hergestellt, die bei hohen Temperaturen gebrannt werden, mit einer festen Textur und glatten Oberfl\u00e4che, die das Anhaften von Schmutz effektiv verhindert.<\/li>\n\n\n\n<li><strong>Starke Installationskompatibilit\u00e4t:<\/strong> Dieses ma\u00dfgeschneiderte Keramikwaschbecken verf\u00fcgt \u00fcber einen Standard\u00fcberlauf und Abflussl\u00f6cher, die universelle Pop-up-Abfl\u00fcsse unterst\u00fctzen. Die Wandmontage ist stabil und mit den meisten Wandoberfl\u00e4chen und Wasserversorgungssystemen kompatibel.<\/li>\n\n\n\n<li><strong>Wandmontierte Installation:<\/strong> Die Struktur dieser kundenspezifischen Keramiksp\u00fcle ist vern\u00fcnftig entworfen, die Installation ist fest, sie reduziert die beanspruchte Bodenfl\u00e4che, und es ist bequem, die Bodenfl\u00e4che zu reinigen, was den Bed\u00fcrfnissen der modernen Geb\u00e4udegestaltung entspricht.<\/li>\n\n\n\n<li><strong>Geeignet f\u00fcr projektbezogene und exportf\u00e4hige M\u00e4rkte:<\/strong> Es entspricht den internationalen Normen f\u00fcr Badezimmer und eignet sich f\u00fcr Gro\u00dfeink\u00e4ufe, OEM\/ODM-Kooperationen und den Verkauf in \u00dcbersee.<\/li>\n<\/ul>\n<\/div>\n\n\n\n<div class=\"wp-block-column is-layout-flow wp-block-column-is-layout-flow\">\n<figure class=\"wp-block-image size-full\"><img fetchpriority=\"high\" decoding=\"async\" width=\"800\" height=\"800\" src=\"https:\/\/www.ceramicbasin.com\/wp-content\/uploads\/2026\/01\/white-ceramic-sink\uff0cwashroom-sink\uff0cwall-hung-basin-sink5.webp\" alt=\"Gro\u00dfhandel-Waschbecken-Wandeinbau-Keramiksp\u00fcle-mit-Ablaufgarnitur-5\" class=\"wp-image-8931\" srcset=\"https:\/\/www.ceramicbasin.com\/wp-content\/uploads\/2026\/01\/white-ceramic-sink\uff0cwashroom-sink\uff0cwall-hung-basin-sink5.webp 800w, https:\/\/www.ceramicbasin.com\/wp-content\/uploads\/2026\/01\/white-ceramic-sink\uff0cwashroom-sink\uff0cwall-hung-basin-sink5-300x300.webp 300w, https:\/\/www.ceramicbasin.com\/wp-content\/uploads\/2026\/01\/white-ceramic-sink\uff0cwashroom-sink\uff0cwall-hung-basin-sink5-150x150.webp 150w, https:\/\/www.ceramicbasin.com\/wp-content\/uploads\/2026\/01\/white-ceramic-sink\uff0cwashroom-sink\uff0cwall-hung-basin-sink5-768x768.webp 768w, https:\/\/www.ceramicbasin.com\/wp-content\/uploads\/2026\/01\/white-ceramic-sink\uff0cwashroom-sink\uff0cwall-hung-basin-sink5-12x12.webp 12w, https:\/\/www.ceramicbasin.com\/wp-content\/uploads\/2026\/01\/white-ceramic-sink\uff0cwashroom-sink\uff0cwall-hung-basin-sink5-285x285.webp 285w, https:\/\/www.ceramicbasin.com\/wp-content\/uploads\/2026\/01\/white-ceramic-sink\uff0cwashroom-sink\uff0cwall-hung-basin-sink5-270x270.webp 270w, https:\/\/www.ceramicbasin.com\/wp-content\/uploads\/2026\/01\/white-ceramic-sink\uff0cwashroom-sink\uff0cwall-hung-basin-sink5-540x540.webp 540w, https:\/\/www.ceramicbasin.com\/wp-content\/uploads\/2026\/01\/white-ceramic-sink\uff0cwashroom-sink\uff0cwall-hung-basin-sink5-660x660.webp 660w\" sizes=\"(max-width: 800px) 100vw, 800px\" \/><\/figure>\n<\/div>\n<\/div>\n\n\n\n<p><\/p>","protected":false},"excerpt":{"rendered":"<p>Willkommen zum Kauf HanYu Gro\u00dfhandel Waschbecken Wand montiert ist aus hochwertigen keramischen Materialien, die bei hohen Temperaturen gebrannt werden, mit einer festen Textur und glatte Oberfl\u00e4che, effektiv zu verhindern, dass Schmutz anhaften. Es ist ideal f\u00fcr den Gro\u00dfhandel, die Lieferung von Projekten und die Anpassung an Kundenw\u00fcnsche und wird h\u00e4ufig in Wohn-, Hotel- und kommerziellen Badezimmerprojekten verwendet.<\/p>\n<table border=\"0\" width=\"478\" cellspacing=\"0\" cellpadding=\"0\">\n<tbody>\n<tr>\n<td width=\"166\" height=\"23\">Hersteller<\/td>\n<td width=\"312\">HanYu<\/td>\n<\/tr>\n<tr>\n<td height=\"23\">Modell Nr.<\/td>\n<td>HY-3139R<\/td>\n<\/tr>\n<tr>\n<td height=\"23\">Typ<\/td>\n<td width=\"312\">Wandh\u00e4ngende Waschbecken<\/td>\n<\/tr>\n<tr>\n<td height=\"24\">Form<\/td>\n<td>Rectanglue Form<\/td>\n<\/tr>\n<tr>\n<td height=\"46\">Farbe<\/td>\n<td width=\"312\">schwarz\/wei\u00df\/blau\/grau\/rosa\/gr\u00fcn\/braun\/khaki<\/td>\n<\/tr>\n<tr>\n<td height=\"24\">Dimension<\/td>\n<td width=\"312\">75*48*20<\/td>\n<\/tr>\n<tr>\n<td height=\"23\">N.W \/SET<\/td>\n<td>18KGS\/PCS<\/td>\n<\/tr>\n<tr>\n<td height=\"23\">MOQ<\/td>\n<td>20St\u00fcck<\/td>\n<\/tr>\n<tr>\n<td height=\"23\">Benutzerdefinierte Option<\/td>\n<td>Farbe\/Muster\/Gr\u00f6\u00dfe\/Logo\/Verpackung<\/td>\n<\/tr>\n<\/tbody>\n<\/table>","protected":false},"featured_media":8929,"comment_status":"closed","ping_status":"closed","template":"","meta":{"_acf_changed":false},"product_brand":[],"product_cat":[57],"product_tag":[],"class_list":{"0":"post-8925","1":"product","2":"type-product","3":"status-publish","4":"has-post-thumbnail","6":"product_cat-wholesale-wall-mounted-sinks","8":"first","9":"instock","10":"shipping-taxable","11":"product-type-simple"},"acf":[],"_links":{"self":[{"href":"https:\/\/www.ceramicbasin.com\/de\/wp-json\/wp\/v2\/product\/8925","targetHints":{"allow":["GET"]}}],"collection":[{"href":"https:\/\/www.ceramicbasin.com\/de\/wp-json\/wp\/v2\/product"}],"about":[{"href":"https:\/\/www.ceramicbasin.com\/de\/wp-json\/wp\/v2\/types\/product"}],"replies":[{"embeddable":true,"href":"https:\/\/www.ceramicbasin.com\/de\/wp-json\/wp\/v2\/comments?post=8925"}],"wp:featuredmedia":[{"embeddable":true,"href":"https:\/\/www.ceramicbasin.com\/de\/wp-json\/wp\/v2\/media\/8929"}],"wp:attachment":[{"href":"https:\/\/www.ceramicbasin.com\/de\/wp-json\/wp\/v2\/media?parent=8925"}],"wp:term":[{"taxonomy":"product_brand","embeddable":true,"href":"https:\/\/www.ceramicbasin.com\/de\/wp-json\/wp\/v2\/product_brand?post=8925"},{"taxonomy":"product_cat","embeddable":true,"href":"https:\/\/www.ceramicbasin.com\/de\/wp-json\/wp\/v2\/product_cat?post=8925"},{"taxonomy":"product_tag","embeddable":true,"href":"https:\/\/www.ceramicbasin.com\/de\/wp-json\/wp\/v2\/product_tag?post=8925"}],"curies":[{"name":"wp","href":"https:\/\/api.w.org\/{rel}","templated":true}]}}