{"id":8946,"date":"2026-01-26T02:50:20","date_gmt":"2026-01-26T02:50:20","guid":{"rendered":"https:\/\/www.ceramicbasin.com\/?post_type=product&#038;p=8946"},"modified":"2026-01-26T02:50:23","modified_gmt":"2026-01-26T02:50:23","slug":"modern-bathroom-sink-wholesale","status":"publish","type":"product","link":"https:\/\/www.ceramicbasin.com\/de\/produkt\/modern-bathroom-sink-wholesale\/","title":{"rendered":"Modernes Bad Waschbecken Gro\u00dfhandel, gl\u00e4nzend wei\u00df mit schwarzem Rand"},"content":{"rendered":"<div class=\"wp-block-columns is-layout-flex wp-container-core-columns-is-layout-9d6595d7 wp-block-columns-is-layout-flex\">\n<div class=\"wp-block-column is-layout-flow wp-block-column-is-layout-flow\">\n<h2 class=\"wp-block-heading\">Premium Modern Bad Waschbecken Gro\u00dfhandel Features:<\/h2>\n\n\n\n<ul class=\"wp-block-list\">\n<li><strong>Identisches schwarz-wei\u00dfes Farbblock-Design: <\/strong>Dieses moderne Waschbecken im Gro\u00dfhandel besteht aus hochgl\u00e4nzender wei\u00dfer Keramik mit einer 1,5 mm dicken, mattschwarzen Umrandung. Die klaren, markanten Linien machen es zu einem visuellen Blickfang, ohne dass komplexe Dekorationen erforderlich sind, und werten den Gesamtstil des Badezimmers auf.<\/li>\n\n\n\n<li><strong>Ergonomische Abmessungen:<\/strong> Dieses Keramikwaschbecken f\u00fcr den Gro\u00dfhandel bietet mit einer L\u00e4nge von 500 mm, einer Breite von 385 mm, die in die meisten Standard-Badezimmertische passt, und einer Tiefe von 130 mm, die einen effektiven Spritzschutz bietet, reichlich Platz zum Waschen und sorgt f\u00fcr ein Gleichgewicht zwischen Komfort und Raumnutzung.<\/li>\n\n\n\n<li><strong>Anpassungsf\u00e4higkeit an mehrere Schaupl\u00e4tze: <\/strong>Unser modernes Waschbecken im Gro\u00dfhandel kann flexibel mit runden, intelligenten Spiegeln, minimalistischen, schwarzen Armaturen und grauen Steinarbeitsplatten kombiniert werden, wodurch sich leicht moderne, minimalistische, luxuri\u00f6se Badezimmerszenen f\u00fcr Hotels, Ausstellungsr\u00e4ume und High-End-Residenzen schaffen lassen.<\/li>\n\n\n\n<li><strong>Strapazierf\u00e4higes und leicht zu reinigendes Material: <\/strong>Unsere keramischen Waschbecken f\u00fcr den Gro\u00dfhandel bestehen aus Hochtemperatur-Keramikglasur, die in einem St\u00fcck gebrannt wird, und haben eine dichte, gl\u00e4nzende Oberfl\u00e4che, die sehr widerstandsf\u00e4hig gegen Flecken ist. Der schwarze Rand ist mit einem verschlei\u00dffesten Unterglasur-Farbprozess hergestellt, der bei langfristigem Gebrauch nicht leicht verblasst oder abgenutzt wird. Die t\u00e4gliche Reinigung ist so einfach wie das Abwischen.<\/li>\n<\/ul>\n<\/div>\n\n\n\n<div class=\"wp-block-column is-layout-flow wp-block-column-is-layout-flow\">\n<figure class=\"wp-block-image size-full\"><img fetchpriority=\"high\" decoding=\"async\" width=\"1024\" height=\"1024\" src=\"https:\/\/www.ceramicbasin.com\/wp-content\/uploads\/2026\/01\/Modern-Style-Bathroom-Sink-Glossy-White-Black-Edge-Art-White-Table-Top-Rectangular-Wash-Basin-5.webp\" alt=\"Modernes Badezimmer Waschbecken, Gl\u00e4nzend Wei\u00df Schwarzer Rand Kunst Wei\u00df Tischplatte Rechteckiges Waschbecken\" class=\"wp-image-8951\" srcset=\"https:\/\/www.ceramicbasin.com\/wp-content\/uploads\/2026\/01\/Modern-Style-Bathroom-Sink-Glossy-White-Black-Edge-Art-White-Table-Top-Rectangular-Wash-Basin-5.webp 1024w, https:\/\/www.ceramicbasin.com\/wp-content\/uploads\/2026\/01\/Modern-Style-Bathroom-Sink-Glossy-White-Black-Edge-Art-White-Table-Top-Rectangular-Wash-Basin-5-300x300.webp 300w, https:\/\/www.ceramicbasin.com\/wp-content\/uploads\/2026\/01\/Modern-Style-Bathroom-Sink-Glossy-White-Black-Edge-Art-White-Table-Top-Rectangular-Wash-Basin-5-150x150.webp 150w, https:\/\/www.ceramicbasin.com\/wp-content\/uploads\/2026\/01\/Modern-Style-Bathroom-Sink-Glossy-White-Black-Edge-Art-White-Table-Top-Rectangular-Wash-Basin-5-768x768.webp 768w, https:\/\/www.ceramicbasin.com\/wp-content\/uploads\/2026\/01\/Modern-Style-Bathroom-Sink-Glossy-White-Black-Edge-Art-White-Table-Top-Rectangular-Wash-Basin-5-12x12.webp 12w, https:\/\/www.ceramicbasin.com\/wp-content\/uploads\/2026\/01\/Modern-Style-Bathroom-Sink-Glossy-White-Black-Edge-Art-White-Table-Top-Rectangular-Wash-Basin-5-285x285.webp 285w, https:\/\/www.ceramicbasin.com\/wp-content\/uploads\/2026\/01\/Modern-Style-Bathroom-Sink-Glossy-White-Black-Edge-Art-White-Table-Top-Rectangular-Wash-Basin-5-270x270.webp 270w, https:\/\/www.ceramicbasin.com\/wp-content\/uploads\/2026\/01\/Modern-Style-Bathroom-Sink-Glossy-White-Black-Edge-Art-White-Table-Top-Rectangular-Wash-Basin-5-540x540.webp 540w, https:\/\/www.ceramicbasin.com\/wp-content\/uploads\/2026\/01\/Modern-Style-Bathroom-Sink-Glossy-White-Black-Edge-Art-White-Table-Top-Rectangular-Wash-Basin-5-660x660.webp 660w\" sizes=\"(max-width: 1024px) 100vw, 1024px\" \/><\/figure>\n<\/div>\n<\/div>","protected":false},"excerpt":{"rendered":"<p>Willkommen bei Keramik Waschbecken zu kaufen. Dieses moderne Badezimmer Waschbecken Gro\u00dfhandel verf\u00fcgt \u00fcber eine klassische schwarze und wei\u00dfe Farbschema, wodurch eine starke visuelle Gef\u00fchl der Tiefe und perfekt erg\u00e4nzen moderne und minimalistische Luxus-Badezimmer Stile.<\/p>\n<table style=\"border-collapse: collapse; width: 311.02pt;\" border=\"0\" width=\"311\" cellspacing=\"0\" cellpadding=\"0\">\n<tbody>\n<tr style=\"height: 17.60pt;\">\n<td class=\"et3\" style=\"height: 17.60pt; width: 108.35pt;\" width=\"108\" height=\"17\">Hersteller<\/td>\n<td class=\"et3\" style=\"width: 202.95pt;\" width=\"202\">HanYu<\/td>\n<\/tr>\n<tr style=\"height: 17.60pt;\">\n<td class=\"et3\" style=\"height: 17.60pt;\" height=\"17\">Modell Nr.<\/td>\n<td class=\"et4\">HY-8024BC<\/td>\n<\/tr>\n<tr style=\"height: 17.60pt;\">\n<td class=\"et3\" style=\"height: 17.60pt;\" height=\"17\">Typ<\/td>\n<td class=\"et3\">CounterTop-Becken<\/td>\n<\/tr>\n<tr style=\"height: 17.60pt;\">\n<td class=\"et3\" style=\"height: 17.60pt;\" height=\"17\">Form<\/td>\n<td class=\"et3\">Rechteckige Form<\/td>\n<\/tr>\n<tr style=\"height: 17.60pt;\">\n<td class=\"et4\" style=\"height: 17.60pt;\" height=\"17\">Farbe<\/td>\n<td class=\"et3\">wei\u00df mit mattschwarzer Linie<\/td>\n<\/tr>\n<tr style=\"height: 18.00pt;\">\n<td class=\"et3\" style=\"height: 18.00pt;\" height=\"18\">Dimension<\/td>\n<td class=\"et5\" style=\"width: 202.95pt;\" width=\"202\">50*38.5*13<\/td>\n<\/tr>\n<tr style=\"height: 17.60pt;\">\n<td class=\"et3\" style=\"height: 17.60pt;\" height=\"17\">N.W \/SET<\/td>\n<td class=\"et3\">10.5KGS\/PCS<\/td>\n<\/tr>\n<tr style=\"height: 17.60pt;\">\n<td class=\"et3\" style=\"height: 17.60pt;\" height=\"17\">MOQ<\/td>\n<td class=\"et3\">20St\u00fcck<\/td>\n<\/tr>\n<tr style=\"height: 17.60pt;\">\n<td class=\"et3\" style=\"height: 17.60pt;\" height=\"17\">Benutzerdefinierte Option<\/td>\n<td class=\"et3\">Farbe\/Muster\/Gr\u00f6\u00dfe\/Logo\/Verpackung-<\/td>\n<\/tr>\n<\/tbody>\n<\/table>","protected":false},"featured_media":8947,"comment_status":"closed","ping_status":"closed","template":"","meta":{"_acf_changed":false},"product_brand":[],"product_cat":[50,55],"product_tag":[],"class_list":{"0":"post-8946","1":"product","2":"type-product","3":"status-publish","4":"has-post-thumbnail","6":"product_cat-wholesale-countertop-sinks","7":"product_cat-wholesale-matte-sinks","9":"first","10":"instock","11":"shipping-taxable","12":"product-type-simple"},"acf":[],"_links":{"self":[{"href":"https:\/\/www.ceramicbasin.com\/de\/wp-json\/wp\/v2\/product\/8946","targetHints":{"allow":["GET"]}}],"collection":[{"href":"https:\/\/www.ceramicbasin.com\/de\/wp-json\/wp\/v2\/product"}],"about":[{"href":"https:\/\/www.ceramicbasin.com\/de\/wp-json\/wp\/v2\/types\/product"}],"replies":[{"embeddable":true,"href":"https:\/\/www.ceramicbasin.com\/de\/wp-json\/wp\/v2\/comments?post=8946"}],"wp:featuredmedia":[{"embeddable":true,"href":"https:\/\/www.ceramicbasin.com\/de\/wp-json\/wp\/v2\/media\/8947"}],"wp:attachment":[{"href":"https:\/\/www.ceramicbasin.com\/de\/wp-json\/wp\/v2\/media?parent=8946"}],"wp:term":[{"taxonomy":"product_brand","embeddable":true,"href":"https:\/\/www.ceramicbasin.com\/de\/wp-json\/wp\/v2\/product_brand?post=8946"},{"taxonomy":"product_cat","embeddable":true,"href":"https:\/\/www.ceramicbasin.com\/de\/wp-json\/wp\/v2\/product_cat?post=8946"},{"taxonomy":"product_tag","embeddable":true,"href":"https:\/\/www.ceramicbasin.com\/de\/wp-json\/wp\/v2\/product_tag?post=8946"}],"curies":[{"name":"wp","href":"https:\/\/api.w.org\/{rel}","templated":true}]}}