{"id":8953,"date":"2026-01-26T02:28:57","date_gmt":"2026-01-26T02:28:57","guid":{"rendered":"https:\/\/www.ceramicbasin.com\/?post_type=product&#038;p=8953"},"modified":"2026-01-26T02:29:00","modified_gmt":"2026-01-26T02:29:00","slug":"wholesale-rectangle-basin","status":"publish","type":"product","link":"https:\/\/www.ceramicbasin.com\/de\/produkt\/wholesale-rectangle-basin\/","title":{"rendered":"Gro\u00dfhandel Rechteckbecken, mattschwarze Eitelkeitssp\u00fclen"},"content":{"rendered":"<div class=\"wp-block-columns is-layout-flex wp-container-core-columns-is-layout-9d6595d7 wp-block-columns-is-layout-flex\">\n<div class=\"wp-block-column is-layout-flow wp-block-column-is-layout-flow\">\n<div class=\"wp-block-columns is-layout-flex wp-container-core-columns-is-layout-9d6595d7 wp-block-columns-is-layout-flex\">\n<div class=\"wp-block-column is-layout-flow wp-block-column-is-layout-flow\">\n<h2 class=\"wp-block-heading\">Premium-Gro\u00dfhandel Rechteckiges Becken Merkmale:<\/h2>\n\n\n\n<ul class=\"wp-block-list\">\n<li><strong>Klassisches quadratisches Design: <\/strong>Dieses rechteckige Waschbecken f\u00fcr den Gro\u00dfhandel hat eine quadratische Standardgr\u00f6\u00dfe von 385 mm mit abgerundeten Ecken, die der Sicherheit dienen und St\u00f6\u00dfe verhindern. Die quadratische Form passt gut zu modernen Designs wie minimalistischen Designs und Industriedesigns und wird die \u00c4sthetik eines Raumes erg\u00e4nzen.<\/li>\n\n\n\n<li><strong>Dauerhaftes mattes Finish: <\/strong>Unsere Gro\u00dfhandel Keramik Waschbecken sind aus Hochtemperatur-Keramik hergestellt, so dass sie ein starkes Produkt, das eine lange Zeit dauern wird. Die mattschwarze Glasur zeigt keine Flecken oder Schmutz und ist auch leicht zu reinigen. Sie werden keine Wasserflecken oder Fingerabdr\u00fccke sehen, und die regelm\u00e4\u00dfige Wartung ist ein Kinderspiel, so dass sie auch nach jahrelangem Gebrauch ein hochwertiges Produkt bleiben werden.<\/li>\n\n\n\n<li><strong>Benutzerfreundliche Details:<\/strong> Die wissenschaftlich konzipierte Tiefe von 135 mm dieses rechteckigen Waschbeckens f\u00fcr den Gro\u00dfhandel sorgt daf\u00fcr, dass das Wasser beim Waschen nur minimal verspritzt, und das zentrale runde Abflussloch gew\u00e4hrleistet einen reibungslosen Abfluss. Es ist mit den meisten Standardabst\u00e4nden f\u00fcr Wasserh\u00e4hne kompatibel, was die Installation flexibel und einfach macht.<\/li>\n\n\n\n<li><strong>Vielseitige Anwendungen:<\/strong> Unsere keramischen Waschbecken f\u00fcr den Gro\u00dfhandel finden breite Anwendung in Projekten, die von Hauptbadezimmern und G\u00e4steb\u00e4dern in Privath\u00e4usern bis hin zu Boutique-Hotels und kommerziellen Ausstellungsr\u00e4umen reichen. Wir bieten Qualit\u00e4t in Gro\u00dfhandelsqualit\u00e4t und eine stabile Versorgung und unterst\u00fctzen kundenspezifische L\u00f6sungen.<\/li>\n<\/ul>\n<\/div>\n\n\n\n<div class=\"wp-block-column is-layout-flow wp-block-column-is-layout-flow\">\n<figure class=\"wp-block-image size-full\"><img fetchpriority=\"high\" decoding=\"async\" width=\"1024\" height=\"1024\" src=\"https:\/\/www.ceramicbasin.com\/wp-content\/uploads\/2026\/01\/Above-Counter-Wash-Hand-Basin-Black-Vanity-Wholesale-Square-Ceramic-Matte-Basins-5.webp\" alt=\"Oberhalb der Theke Handwaschbecken, schwarz Eitelkeit Gro\u00dfhandel quadratische keramische Matte Basins\" class=\"wp-image-8958\" srcset=\"https:\/\/www.ceramicbasin.com\/wp-content\/uploads\/2026\/01\/Above-Counter-Wash-Hand-Basin-Black-Vanity-Wholesale-Square-Ceramic-Matte-Basins-5.webp 1024w, https:\/\/www.ceramicbasin.com\/wp-content\/uploads\/2026\/01\/Above-Counter-Wash-Hand-Basin-Black-Vanity-Wholesale-Square-Ceramic-Matte-Basins-5-300x300.webp 300w, https:\/\/www.ceramicbasin.com\/wp-content\/uploads\/2026\/01\/Above-Counter-Wash-Hand-Basin-Black-Vanity-Wholesale-Square-Ceramic-Matte-Basins-5-150x150.webp 150w, https:\/\/www.ceramicbasin.com\/wp-content\/uploads\/2026\/01\/Above-Counter-Wash-Hand-Basin-Black-Vanity-Wholesale-Square-Ceramic-Matte-Basins-5-768x768.webp 768w, https:\/\/www.ceramicbasin.com\/wp-content\/uploads\/2026\/01\/Above-Counter-Wash-Hand-Basin-Black-Vanity-Wholesale-Square-Ceramic-Matte-Basins-5-12x12.webp 12w, https:\/\/www.ceramicbasin.com\/wp-content\/uploads\/2026\/01\/Above-Counter-Wash-Hand-Basin-Black-Vanity-Wholesale-Square-Ceramic-Matte-Basins-5-285x285.webp 285w, https:\/\/www.ceramicbasin.com\/wp-content\/uploads\/2026\/01\/Above-Counter-Wash-Hand-Basin-Black-Vanity-Wholesale-Square-Ceramic-Matte-Basins-5-270x270.webp 270w, https:\/\/www.ceramicbasin.com\/wp-content\/uploads\/2026\/01\/Above-Counter-Wash-Hand-Basin-Black-Vanity-Wholesale-Square-Ceramic-Matte-Basins-5-540x540.webp 540w, https:\/\/www.ceramicbasin.com\/wp-content\/uploads\/2026\/01\/Above-Counter-Wash-Hand-Basin-Black-Vanity-Wholesale-Square-Ceramic-Matte-Basins-5-660x660.webp 660w\" sizes=\"(max-width: 1024px) 100vw, 1024px\" \/><\/figure>\n<\/div>\n<\/div>\n<\/div>\n<\/div>","protected":false},"excerpt":{"rendered":"<p>Willkommen bei Keramik Waschbecken kaufen. Dieses rechteckige Waschbecken im Gro\u00dfhandel verf\u00fcgt \u00fcber ein modernes, minimalistisches Design mit einer glatten, mattschwarzen Glasur, die perfekt zu verschiedenen Arbeitsplatten wie grauem Marmor passt.<\/p>\n<table style=\"border-collapse: collapse; width: 311.02pt;\" border=\"0\" width=\"311\" cellspacing=\"0\" cellpadding=\"0\">\n<tbody>\n<tr style=\"height: 17.60pt;\">\n<td class=\"et3\" style=\"height: 17.60pt; width: 108.35pt;\" width=\"108\" height=\"17\">Hersteller<\/td>\n<td class=\"et3\" style=\"width: 202.95pt;\" width=\"202\">HanYu<\/td>\n<\/tr>\n<tr style=\"height: 17.60pt;\">\n<td class=\"et3\" style=\"height: 17.60pt;\" height=\"17\">Modell Nr.<\/td>\n<td class=\"et4\">HY-8025MB<\/td>\n<\/tr>\n<tr style=\"height: 17.60pt;\">\n<td class=\"et3\" style=\"height: 17.60pt;\" height=\"17\">Typ<\/td>\n<td class=\"et3\">CounterTop-Becken<\/td>\n<\/tr>\n<tr style=\"height: 17.60pt;\">\n<td class=\"et3\" style=\"height: 17.60pt;\" height=\"17\">Form<\/td>\n<td class=\"et3\">Quadratische Form<\/td>\n<\/tr>\n<tr style=\"height: 17.60pt;\">\n<td class=\"et4\" style=\"height: 17.60pt;\" height=\"17\">Farbe<\/td>\n<td class=\"et3\">Mattschwarz<\/td>\n<\/tr>\n<tr style=\"height: 18.00pt;\">\n<td class=\"et3\" style=\"height: 18.00pt;\" height=\"18\">Dimension<\/td>\n<td class=\"et5\" style=\"width: 202.95pt;\" width=\"202\">38.5*38.5*13.5<\/td>\n<\/tr>\n<tr style=\"height: 17.60pt;\">\n<td class=\"et3\" style=\"height: 17.60pt;\" height=\"17\">N.W \/SET<\/td>\n<td class=\"et3\">7KGS\/PCS<\/td>\n<\/tr>\n<tr style=\"height: 17.60pt;\">\n<td class=\"et3\" style=\"height: 17.60pt;\" height=\"17\">MOQ<\/td>\n<td class=\"et3\">20St\u00fcck<\/td>\n<\/tr>\n<tr style=\"height: 17.60pt;\">\n<td class=\"et3\" style=\"height: 17.60pt;\" height=\"17\">Benutzerdefinierte Option<\/td>\n<td class=\"et3\">Farbe\/Muster\/Gr\u00f6\u00dfe\/Logo\/Verpackung-<\/td>\n<\/tr>\n<\/tbody>\n<\/table>","protected":false},"featured_media":8955,"comment_status":"closed","ping_status":"closed","template":"","meta":{"_acf_changed":false},"product_brand":[],"product_cat":[50,55],"product_tag":[],"class_list":{"0":"post-8953","1":"product","2":"type-product","3":"status-publish","4":"has-post-thumbnail","6":"product_cat-wholesale-countertop-sinks","7":"product_cat-wholesale-matte-sinks","9":"first","10":"instock","11":"shipping-taxable","12":"product-type-simple"},"acf":[],"_links":{"self":[{"href":"https:\/\/www.ceramicbasin.com\/de\/wp-json\/wp\/v2\/product\/8953","targetHints":{"allow":["GET"]}}],"collection":[{"href":"https:\/\/www.ceramicbasin.com\/de\/wp-json\/wp\/v2\/product"}],"about":[{"href":"https:\/\/www.ceramicbasin.com\/de\/wp-json\/wp\/v2\/types\/product"}],"replies":[{"embeddable":true,"href":"https:\/\/www.ceramicbasin.com\/de\/wp-json\/wp\/v2\/comments?post=8953"}],"wp:featuredmedia":[{"embeddable":true,"href":"https:\/\/www.ceramicbasin.com\/de\/wp-json\/wp\/v2\/media\/8955"}],"wp:attachment":[{"href":"https:\/\/www.ceramicbasin.com\/de\/wp-json\/wp\/v2\/media?parent=8953"}],"wp:term":[{"taxonomy":"product_brand","embeddable":true,"href":"https:\/\/www.ceramicbasin.com\/de\/wp-json\/wp\/v2\/product_brand?post=8953"},{"taxonomy":"product_cat","embeddable":true,"href":"https:\/\/www.ceramicbasin.com\/de\/wp-json\/wp\/v2\/product_cat?post=8953"},{"taxonomy":"product_tag","embeddable":true,"href":"https:\/\/www.ceramicbasin.com\/de\/wp-json\/wp\/v2\/product_tag?post=8953"}],"curies":[{"name":"wp","href":"https:\/\/api.w.org\/{rel}","templated":true}]}}