{"id":8959,"date":"2026-01-26T02:12:18","date_gmt":"2026-01-26T02:12:18","guid":{"rendered":"https:\/\/www.ceramicbasin.com\/?post_type=product&#038;p=8959"},"modified":"2026-01-26T02:12:20","modified_gmt":"2026-01-26T02:12:20","slug":"ceramic-vessel-sinks-wholesale-2","status":"publish","type":"product","link":"https:\/\/www.ceramicbasin.com\/de\/produkt\/ceramic-vessel-sinks-wholesale-2\/","title":{"rendered":"Keramische Gef\u00e4\u00df Waschbecken Gro\u00dfhandel, moderne rosa Badezimmer Becken"},"content":{"rendered":"<div class=\"wp-block-columns is-layout-flex wp-container-core-columns-is-layout-9d6595d7 wp-block-columns-is-layout-flex\">\n<div class=\"wp-block-column is-layout-flow wp-block-column-is-layout-flow\">\n<h2 class=\"wp-block-heading\">Premium Keramik Gef\u00e4\u00df Waschbecken Gro\u00dfhandel Merkmale:<\/h2>\n\n\n\n<ul class=\"wp-block-list\">\n<li><strong>Sanfte \u00c4sthetik Farbschema:<\/strong> Unsere keramischen Gef\u00e4\u00df Waschbecken Gro\u00dfhandel verwenden eine exklusiv formuliert matt rosa Glasur, eine weiche, anspruchsvolle und nicht grell Farbe, die leicht erg\u00e4nzt verschiedene Materialien wie Metall und Marmor, die Schaffung einer warmen und beruhigenden Atmosph\u00e4re Bad.<\/li>\n\n\n\n<li><strong>Ausgew\u00e4hltes keramisches Material: <\/strong>Unsere Keramikbecken f\u00fcr den Gro\u00dfhandel werden aus bei hoher Temperatur gebrannter Keramik hergestellt, was zu einer dichten, glatten und leicht zu reinigenden Glasur f\u00fchrt. Die matte Oberfl\u00e4che verhindert Kalkablagerungen und bewahrt auch nach l\u00e4ngerem Gebrauch einen warmen Glanz.<\/li>\n\n\n\n<li><strong>Anpassungsf\u00e4higkeit an mehrere Schaupl\u00e4tze:<\/strong> Diese keramischen Gef\u00e4\u00df Waschbecken Gro\u00dfhandel, mit ihren moderaten 365mm Gr\u00f6\u00dfe, sind perfekt f\u00fcr das Hinzuf\u00fcgen eines Hauch von Eleganz zu einem Master-Bad Eitelkeit, sowie G\u00e4steb\u00e4der und Umkleider\u00e4ume, die Erf\u00fcllung der pers\u00f6nlichen Bed\u00fcrfnisse von Boutique-Hotels, Frauen-Themen-R\u00e4ume, und andere kommerzielle Projekte.<\/li>\n\n\n\n<li><strong>Flexible Beschaffung auf Gro\u00dfhandelsebene: <\/strong>Unsere Gro\u00dfhandels-Keramikbecken bieten komplette Gro\u00dfhandelspakete an, von einzelnen Becken bis hin zu Sets, die einen pinkfarbenen Wasserhahn und Abfluss enthalten, wodurch die Gesamtbeschaffungskosten gesenkt und ein einheitlicher Stil gew\u00e4hrleistet wird.<\/li>\n<\/ul>\n<\/div>\n\n\n\n<div class=\"wp-block-column is-layout-flow wp-block-column-is-layout-flow\">\n<figure class=\"wp-block-image size-full\"><img fetchpriority=\"high\" decoding=\"async\" width=\"1024\" height=\"1024\" src=\"https:\/\/www.ceramicbasin.com\/wp-content\/uploads\/2026\/01\/Hot-Sales-Bathroom-Above-Counter-Sink-Modern-Design-Sanitary-Ware-Round-Sinks-Ceramic-Wash-Hand-Basin-5.webp\" alt=\"Hot Sales Badezimmer \u00fcber Z\u00e4hler Waschbecken, Modernes Design Sanit\u00e4rkeramik Runde Waschbecken, Keramik Wash Hand Basin\" class=\"wp-image-8964\" srcset=\"https:\/\/www.ceramicbasin.com\/wp-content\/uploads\/2026\/01\/Hot-Sales-Bathroom-Above-Counter-Sink-Modern-Design-Sanitary-Ware-Round-Sinks-Ceramic-Wash-Hand-Basin-5.webp 1024w, https:\/\/www.ceramicbasin.com\/wp-content\/uploads\/2026\/01\/Hot-Sales-Bathroom-Above-Counter-Sink-Modern-Design-Sanitary-Ware-Round-Sinks-Ceramic-Wash-Hand-Basin-5-300x300.webp 300w, https:\/\/www.ceramicbasin.com\/wp-content\/uploads\/2026\/01\/Hot-Sales-Bathroom-Above-Counter-Sink-Modern-Design-Sanitary-Ware-Round-Sinks-Ceramic-Wash-Hand-Basin-5-150x150.webp 150w, https:\/\/www.ceramicbasin.com\/wp-content\/uploads\/2026\/01\/Hot-Sales-Bathroom-Above-Counter-Sink-Modern-Design-Sanitary-Ware-Round-Sinks-Ceramic-Wash-Hand-Basin-5-768x768.webp 768w, https:\/\/www.ceramicbasin.com\/wp-content\/uploads\/2026\/01\/Hot-Sales-Bathroom-Above-Counter-Sink-Modern-Design-Sanitary-Ware-Round-Sinks-Ceramic-Wash-Hand-Basin-5-12x12.webp 12w, https:\/\/www.ceramicbasin.com\/wp-content\/uploads\/2026\/01\/Hot-Sales-Bathroom-Above-Counter-Sink-Modern-Design-Sanitary-Ware-Round-Sinks-Ceramic-Wash-Hand-Basin-5-285x285.webp 285w, https:\/\/www.ceramicbasin.com\/wp-content\/uploads\/2026\/01\/Hot-Sales-Bathroom-Above-Counter-Sink-Modern-Design-Sanitary-Ware-Round-Sinks-Ceramic-Wash-Hand-Basin-5-270x270.webp 270w, https:\/\/www.ceramicbasin.com\/wp-content\/uploads\/2026\/01\/Hot-Sales-Bathroom-Above-Counter-Sink-Modern-Design-Sanitary-Ware-Round-Sinks-Ceramic-Wash-Hand-Basin-5-540x540.webp 540w, https:\/\/www.ceramicbasin.com\/wp-content\/uploads\/2026\/01\/Hot-Sales-Bathroom-Above-Counter-Sink-Modern-Design-Sanitary-Ware-Round-Sinks-Ceramic-Wash-Hand-Basin-5-660x660.webp 660w\" sizes=\"(max-width: 1024px) 100vw, 1024px\" \/><\/figure>\n<\/div>\n<\/div>","protected":false},"excerpt":{"rendered":"<p>Willkommen zum Kauf von Keramik-Becken. Unsere matte rosa Keramik Gef\u00e4\u00df Waschbecken Gro\u00dfhandel verf\u00fcgen \u00fcber ein modernes minimalistisches Design. Die weiche matte rosa Glasur gepaart mit einer glatten Sch\u00fcssel Form infundiert das Bad mit einem sanften und stilvollen Gef\u00fchl.<\/p>\n<table style=\"border-collapse: collapse; width: 311.02pt;\" border=\"0\" width=\"311\" cellspacing=\"0\" cellpadding=\"0\">\n<tbody>\n<tr style=\"height: 17.60pt;\">\n<td class=\"et3\" style=\"height: 17.60pt; width: 108.35pt;\" width=\"108\" height=\"17\">Hersteller<\/td>\n<td class=\"et3\" style=\"width: 202.95pt;\" width=\"202\">HanYu<\/td>\n<\/tr>\n<tr style=\"height: 17.60pt;\">\n<td class=\"et3\" style=\"height: 17.60pt;\" height=\"17\">Modell Nr.<\/td>\n<td class=\"et4\">HY-8070YF1<\/td>\n<\/tr>\n<tr style=\"height: 17.60pt;\">\n<td class=\"et3\" style=\"height: 17.60pt;\" height=\"17\">Typ<\/td>\n<td class=\"et3\">CounterTop-Becken<\/td>\n<\/tr>\n<tr style=\"height: 17.60pt;\">\n<td class=\"et3\" style=\"height: 17.60pt;\" height=\"17\">Form<\/td>\n<td class=\"et3\">Runde Form<\/td>\n<\/tr>\n<tr style=\"height: 17.60pt;\">\n<td class=\"et4\" style=\"height: 17.60pt;\" height=\"17\">Farbe<\/td>\n<td class=\"et3\">Rosa<\/td>\n<\/tr>\n<tr style=\"height: 18.00pt;\">\n<td class=\"et3\" style=\"height: 18.00pt;\" height=\"18\">Dimension<\/td>\n<td class=\"et5\" style=\"width: 202.95pt;\" width=\"202\">36.5*36.5*12.5<\/td>\n<\/tr>\n<tr style=\"height: 17.60pt;\">\n<td class=\"et3\" style=\"height: 17.60pt;\" height=\"17\">N.W \/SET<\/td>\n<td class=\"et3\">7KGS\/PCS<\/td>\n<\/tr>\n<tr style=\"height: 17.60pt;\">\n<td class=\"et3\" style=\"height: 17.60pt;\" height=\"17\">MOQ<\/td>\n<td class=\"et3\">20St\u00fcck<\/td>\n<\/tr>\n<tr style=\"height: 17.60pt;\">\n<td class=\"et3\" style=\"height: 17.60pt;\" height=\"17\">Benutzerdefinierte Option<\/td>\n<td class=\"et3\">Farbe\/Muster\/Gr\u00f6\u00dfe\/Logo\/Verpackung-<\/td>\n<\/tr>\n<\/tbody>\n<\/table>","protected":false},"featured_media":8963,"comment_status":"closed","ping_status":"closed","template":"","meta":{"_acf_changed":false},"product_brand":[],"product_cat":[50,55],"product_tag":[],"class_list":{"0":"post-8959","1":"product","2":"type-product","3":"status-publish","4":"has-post-thumbnail","6":"product_cat-wholesale-countertop-sinks","7":"product_cat-wholesale-matte-sinks","9":"first","10":"instock","11":"shipping-taxable","12":"product-type-simple"},"acf":[],"_links":{"self":[{"href":"https:\/\/www.ceramicbasin.com\/de\/wp-json\/wp\/v2\/product\/8959","targetHints":{"allow":["GET"]}}],"collection":[{"href":"https:\/\/www.ceramicbasin.com\/de\/wp-json\/wp\/v2\/product"}],"about":[{"href":"https:\/\/www.ceramicbasin.com\/de\/wp-json\/wp\/v2\/types\/product"}],"replies":[{"embeddable":true,"href":"https:\/\/www.ceramicbasin.com\/de\/wp-json\/wp\/v2\/comments?post=8959"}],"wp:featuredmedia":[{"embeddable":true,"href":"https:\/\/www.ceramicbasin.com\/de\/wp-json\/wp\/v2\/media\/8963"}],"wp:attachment":[{"href":"https:\/\/www.ceramicbasin.com\/de\/wp-json\/wp\/v2\/media?parent=8959"}],"wp:term":[{"taxonomy":"product_brand","embeddable":true,"href":"https:\/\/www.ceramicbasin.com\/de\/wp-json\/wp\/v2\/product_brand?post=8959"},{"taxonomy":"product_cat","embeddable":true,"href":"https:\/\/www.ceramicbasin.com\/de\/wp-json\/wp\/v2\/product_cat?post=8959"},{"taxonomy":"product_tag","embeddable":true,"href":"https:\/\/www.ceramicbasin.com\/de\/wp-json\/wp\/v2\/product_tag?post=8959"}],"curies":[{"name":"wp","href":"https:\/\/api.w.org\/{rel}","templated":true}]}}