{"id":8965,"date":"2026-01-26T02:02:22","date_gmt":"2026-01-26T02:02:22","guid":{"rendered":"https:\/\/www.ceramicbasin.com\/?post_type=product&#038;p=8965"},"modified":"2026-01-26T02:02:24","modified_gmt":"2026-01-26T02:02:24","slug":"wholesale-matte-black-bathroom-basin","status":"publish","type":"product","link":"https:\/\/www.ceramicbasin.com\/de\/produkt\/wholesale-matte-black-bathroom-basin\/","title":{"rendered":"Gro\u00dfhandel mattschwarzes Badezimmerbecken, OEM runde Form Waschbecken"},"content":{"rendered":"<div class=\"wp-block-columns is-layout-flex wp-container-core-columns-is-layout-9d6595d7 wp-block-columns-is-layout-flex\">\n<div class=\"wp-block-column is-layout-flow wp-block-column-is-layout-flow\">\n<h2 class=\"wp-block-heading\">Premium-Gro\u00dfhandel mattschwarzes Badezimmerbecken Eigenschaften:<\/h2>\n\n\n\n<ul class=\"wp-block-list\">\n<li><strong>Texturierte, matte Oberfl\u00e4che:<\/strong> Dieses mattschwarze Gro\u00dfhandels-Badewasserbecken hat eine fingerabdruckresistente Oberfl\u00e4che, die Wasserflecken widersteht. Das vertikale Wellendesign verbessert sowohl den visuellen Reiz als auch das taktile Erlebnis.<\/li>\n\n\n\n<li><strong>Essbares Design:<\/strong> Dieses Gro\u00dfhandelskeramik-Waschbecken hat eine angemessene Tiefe von 180 mm und ein zentrales Abflussloch f\u00fcr einen schnellen Abfluss ohne Spritzer. Seine kompakte 410mm Gr\u00f6\u00dfe passt verschiedene Badezimmer R\u00e4ume.<\/li>\n\n\n\n<li><strong>Set Matching Vorteile:<\/strong> Unser mattschwarzes Badezimmerbecken kann mit einem schwarzen, geschwungenen Wasserhahn und einem Seifenspender kombiniert werden, um ein einheitliches Badezimmer-Set zu bilden und die Gesamtbeschaffungskosten zu senken.<\/li>\n\n\n\n<li><strong>Handels\u00fcbliche Qualit\u00e4t:<\/strong> Dieses Gro\u00dfhandels-Keramik-Waschbecken verf\u00fcgt \u00fcber eine verdickte Beckenstruktur und kratzfeste Materialien, die den Anforderungen einer h\u00e4ufigen Nutzung in gewerblichen R\u00e4umen wie Hotels und Wohnungen gerecht werden. Die Wartung ist einfach.<\/li>\n<\/ul>\n<\/div>\n\n\n\n<div class=\"wp-block-column is-layout-flow wp-block-column-is-layout-flow\">\n<figure class=\"wp-block-image size-full\"><img fetchpriority=\"high\" decoding=\"async\" width=\"1024\" height=\"1024\" src=\"https:\/\/www.ceramicbasin.com\/wp-content\/uploads\/2026\/01\/Sanitary-Ware-Matt-Black-Round-Shape-Basin-Ceramic-Wash-Hand-Lavatory-Counter-Top-basin-5.webp\" alt=\"Sanit\u00e4rkeramik Mattschwarz Rundes Becken, Keramik Handwaschbecken Aufsatzbecken\" class=\"wp-image-8970\" srcset=\"https:\/\/www.ceramicbasin.com\/wp-content\/uploads\/2026\/01\/Sanitary-Ware-Matt-Black-Round-Shape-Basin-Ceramic-Wash-Hand-Lavatory-Counter-Top-basin-5.webp 1024w, https:\/\/www.ceramicbasin.com\/wp-content\/uploads\/2026\/01\/Sanitary-Ware-Matt-Black-Round-Shape-Basin-Ceramic-Wash-Hand-Lavatory-Counter-Top-basin-5-300x300.webp 300w, https:\/\/www.ceramicbasin.com\/wp-content\/uploads\/2026\/01\/Sanitary-Ware-Matt-Black-Round-Shape-Basin-Ceramic-Wash-Hand-Lavatory-Counter-Top-basin-5-150x150.webp 150w, https:\/\/www.ceramicbasin.com\/wp-content\/uploads\/2026\/01\/Sanitary-Ware-Matt-Black-Round-Shape-Basin-Ceramic-Wash-Hand-Lavatory-Counter-Top-basin-5-768x768.webp 768w, https:\/\/www.ceramicbasin.com\/wp-content\/uploads\/2026\/01\/Sanitary-Ware-Matt-Black-Round-Shape-Basin-Ceramic-Wash-Hand-Lavatory-Counter-Top-basin-5-12x12.webp 12w, https:\/\/www.ceramicbasin.com\/wp-content\/uploads\/2026\/01\/Sanitary-Ware-Matt-Black-Round-Shape-Basin-Ceramic-Wash-Hand-Lavatory-Counter-Top-basin-5-285x285.webp 285w, https:\/\/www.ceramicbasin.com\/wp-content\/uploads\/2026\/01\/Sanitary-Ware-Matt-Black-Round-Shape-Basin-Ceramic-Wash-Hand-Lavatory-Counter-Top-basin-5-270x270.webp 270w, https:\/\/www.ceramicbasin.com\/wp-content\/uploads\/2026\/01\/Sanitary-Ware-Matt-Black-Round-Shape-Basin-Ceramic-Wash-Hand-Lavatory-Counter-Top-basin-5-540x540.webp 540w, https:\/\/www.ceramicbasin.com\/wp-content\/uploads\/2026\/01\/Sanitary-Ware-Matt-Black-Round-Shape-Basin-Ceramic-Wash-Hand-Lavatory-Counter-Top-basin-5-660x660.webp 660w\" sizes=\"(max-width: 1024px) 100vw, 1024px\" \/><\/figure>\n<\/div>\n<\/div>","protected":false},"excerpt":{"rendered":"<p>Willkommen zum Kauf von keramischen Bad Waschbecken. Unser Gro\u00dfhandel mattschwarzes Bad Waschbecken verf\u00fcgt \u00fcber ein minimalistisches modernes Design, mit einem runden Becken und einzigartige vertikale Welle Textur, die Schaffung eines anspruchsvollen Bad Raum.<\/p>\n<table style=\"border-collapse: collapse; width: 311.02pt;\" border=\"0\" width=\"311\" cellspacing=\"0\" cellpadding=\"0\">\n<tbody>\n<tr style=\"height: 17.60pt;\">\n<td class=\"et3\" style=\"height: 17.60pt; width: 108.35pt;\" width=\"108\" height=\"17\">Hersteller<\/td>\n<td class=\"et3\" style=\"width: 202.95pt;\" width=\"202\">HanYu<\/td>\n<\/tr>\n<tr style=\"height: 17.60pt;\">\n<td class=\"et3\" style=\"height: 17.60pt;\" height=\"17\">Modell Nr.<\/td>\n<td class=\"et4\">HY-8077MB<\/td>\n<\/tr>\n<tr style=\"height: 17.60pt;\">\n<td class=\"et3\" style=\"height: 17.60pt;\" height=\"17\">Typ<\/td>\n<td class=\"et3\">CounterTop-Becken<\/td>\n<\/tr>\n<tr style=\"height: 17.60pt;\">\n<td class=\"et3\" style=\"height: 17.60pt;\" height=\"17\">Form<\/td>\n<td class=\"et3\">Runde Form<\/td>\n<\/tr>\n<tr style=\"height: 17.60pt;\">\n<td class=\"et4\" style=\"height: 17.60pt;\" height=\"17\">Farbe<\/td>\n<td class=\"et3\">Mattschwarz<\/td>\n<\/tr>\n<tr style=\"height: 18.00pt;\">\n<td class=\"et3\" style=\"height: 18.00pt;\" height=\"18\">Dimension<\/td>\n<td class=\"et5\" style=\"width: 202.95pt;\" width=\"202\">41*41*18<\/td>\n<\/tr>\n<tr style=\"height: 17.60pt;\">\n<td class=\"et3\" style=\"height: 17.60pt;\" height=\"17\">N.W \/SET<\/td>\n<td class=\"et3\">10KGS\/PCS<\/td>\n<\/tr>\n<tr style=\"height: 17.60pt;\">\n<td class=\"et3\" style=\"height: 17.60pt;\" height=\"17\">MOQ<\/td>\n<td class=\"et3\">20St\u00fcck<\/td>\n<\/tr>\n<tr style=\"height: 17.60pt;\">\n<td class=\"et3\" style=\"height: 17.60pt;\" height=\"17\">Benutzerdefinierte Option<\/td>\n<td class=\"et3\">Farbe\/Muster\/Gr\u00f6\u00dfe\/Logo\/Verpackung-<\/td>\n<\/tr>\n<\/tbody>\n<\/table>","protected":false},"featured_media":8969,"comment_status":"closed","ping_status":"closed","template":"","meta":{"_acf_changed":false},"product_brand":[],"product_cat":[50,55],"product_tag":[],"class_list":{"0":"post-8965","1":"product","2":"type-product","3":"status-publish","4":"has-post-thumbnail","6":"product_cat-wholesale-countertop-sinks","7":"product_cat-wholesale-matte-sinks","9":"first","10":"instock","11":"shipping-taxable","12":"product-type-simple"},"acf":[],"_links":{"self":[{"href":"https:\/\/www.ceramicbasin.com\/de\/wp-json\/wp\/v2\/product\/8965","targetHints":{"allow":["GET"]}}],"collection":[{"href":"https:\/\/www.ceramicbasin.com\/de\/wp-json\/wp\/v2\/product"}],"about":[{"href":"https:\/\/www.ceramicbasin.com\/de\/wp-json\/wp\/v2\/types\/product"}],"replies":[{"embeddable":true,"href":"https:\/\/www.ceramicbasin.com\/de\/wp-json\/wp\/v2\/comments?post=8965"}],"wp:featuredmedia":[{"embeddable":true,"href":"https:\/\/www.ceramicbasin.com\/de\/wp-json\/wp\/v2\/media\/8969"}],"wp:attachment":[{"href":"https:\/\/www.ceramicbasin.com\/de\/wp-json\/wp\/v2\/media?parent=8965"}],"wp:term":[{"taxonomy":"product_brand","embeddable":true,"href":"https:\/\/www.ceramicbasin.com\/de\/wp-json\/wp\/v2\/product_brand?post=8965"},{"taxonomy":"product_cat","embeddable":true,"href":"https:\/\/www.ceramicbasin.com\/de\/wp-json\/wp\/v2\/product_cat?post=8965"},{"taxonomy":"product_tag","embeddable":true,"href":"https:\/\/www.ceramicbasin.com\/de\/wp-json\/wp\/v2\/product_tag?post=8965"}],"curies":[{"name":"wp","href":"https:\/\/api.w.org\/{rel}","templated":true}]}}