{"id":8978,"date":"2026-01-30T05:45:47","date_gmt":"2026-01-30T05:45:47","guid":{"rendered":"https:\/\/www.ceramicbasin.com\/?post_type=product&#038;p=8978"},"modified":"2026-02-10T09:40:54","modified_gmt":"2026-02-10T09:40:54","slug":"wholesale-bath-sink-countertop","status":"publish","type":"product","link":"https:\/\/www.ceramicbasin.com\/de\/produkt\/wholesale-bath-sink-countertop\/","title":{"rendered":"Gro\u00dfhandel Bad Waschbecken Arbeitsplatte, saubere Glasur Keramik-Becken"},"content":{"rendered":"<div class=\"wp-block-columns is-layout-flex wp-container-core-columns-is-layout-9d6595d7 wp-block-columns-is-layout-flex\">\n<div class=\"wp-block-column is-layout-flow wp-block-column-is-layout-flow\">\n<h2 class=\"wp-block-heading\">Premium Gro\u00dfhandel Bad Waschbecken Arbeitsplatte Merkmale:<\/h2>\n\n\n\n<ul class=\"wp-block-list\">\n<li><strong>Hochwertige Keramik:<\/strong> Diese Gro\u00dfhandels-Waschbecken-Arbeitsplatten werden in einem Hochtemperaturverfahren gebrannt, um eine viel glattere, dichtere Oberfl\u00e4che zu erhalten, die kratzfest, schmutzabweisend und leicht zu reinigen ist.<\/li>\n\n\n\n<li><strong>Easy-Clean-Glasur-Oberfl\u00e4che:<\/strong> Diese Gro\u00dfhandels-Arbeitsplatten f\u00fcr Waschbecken haben eine glatte, leicht zu reinigende Nano-Glasur, die Flecken, Wasserflecken und Seifenresten widersteht. Die porenfreie Oberfl\u00e4che vereinfacht die t\u00e4gliche Pflege und reduziert die Reinigungskosten f\u00fcr Hotels und Immobilienprojekte.<\/li>\n\n\n\n<li><strong>Gro\u00dfer Bestand: <\/strong>Diese wei\u00dfen Badezimmerwaschbecken f\u00fcr den Gro\u00dfhandel unterst\u00fctzen sowohl den Gro\u00dfhandel als auch die Projektbeschaffung und erf\u00fcllen die Anforderungen von Einzelh\u00e4ndlern, Distributoren und Projektkunden an eine schnelle Lieferung.<\/li>\n\n\n\n<li><strong>Vielseitig:<\/strong> Diese ma\u00dfgefertigten Waschbecken eignen sich f\u00fcr Badezimmer-Eitelkeiten, Hotels, gewerbliche B\u00e4der und Wohnungsrenovierungen und bieten sowohl \u00c4sthetik als auch Zweckm\u00e4\u00dfigkeit.<\/li>\n<\/ul>\n<\/div>\n\n\n\n<div class=\"wp-block-column is-layout-flow wp-block-column-is-layout-flow\">\n<figure class=\"wp-block-image size-full\"><img fetchpriority=\"high\" decoding=\"async\" width=\"633\" height=\"785\" src=\"https:\/\/www.ceramicbasin.com\/wp-content\/uploads\/2026\/01\/Countertop-Ceramic-Counter-Bathroom-Sink-6.jpg\" alt=\"gro\u00dfhandel-bad-waschbecken-arbeitsplatte-rein-glasur-keramik-waschbecken-6\" class=\"wp-image-8994\" srcset=\"https:\/\/www.ceramicbasin.com\/wp-content\/uploads\/2026\/01\/Countertop-Ceramic-Counter-Bathroom-Sink-6.jpg 633w, https:\/\/www.ceramicbasin.com\/wp-content\/uploads\/2026\/01\/Countertop-Ceramic-Counter-Bathroom-Sink-6-242x300.jpg 242w, https:\/\/www.ceramicbasin.com\/wp-content\/uploads\/2026\/01\/Countertop-Ceramic-Counter-Bathroom-Sink-6-10x12.jpg 10w, https:\/\/www.ceramicbasin.com\/wp-content\/uploads\/2026\/01\/Countertop-Ceramic-Counter-Bathroom-Sink-6-285x353.jpg 285w, https:\/\/www.ceramicbasin.com\/wp-content\/uploads\/2026\/01\/Countertop-Ceramic-Counter-Bathroom-Sink-6-532x660.jpg 532w, https:\/\/www.ceramicbasin.com\/wp-content\/uploads\/2026\/01\/Countertop-Ceramic-Counter-Bathroom-Sink-6-121x150.jpg 121w\" sizes=\"(max-width: 633px) 100vw, 633px\" \/><\/figure>\n<\/div>\n<\/div>\n\n\n\n<p><\/p>","protected":false},"excerpt":{"rendered":"<p>Willkommen in unserem Gro\u00dfhandel Bad Waschbecken Arbeitsplatten verf\u00fcgen \u00fcber eine leicht zu reinigen glasierte Oberfl\u00e4che, die Flecken, Kratzer und t\u00e4glichen Verschlei\u00df widersteht kaufen. Die oben genannten Waschbecken eignen sich f\u00fcr Hotels, Wohnungen, kommerzielle Projekte und Sanit\u00e4rkeramik-H\u00e4ndler. Wenden Sie sich an uns, wenn Sie Ihr Gesch\u00e4ft auf die n\u00e4chste Ebene der Badbecken mit wettbewerbsf\u00e4higen Preisen von hochwertigen Fabriken nehmen m\u00f6chten.<\/p>\n<table border=\"0\" width=\"311\" cellspacing=\"0\" cellpadding=\"0\">\n<tbody>\n<tr>\n<td width=\"108\" height=\"17\">Hersteller<\/td>\n<td width=\"202\">HanYu<\/td>\n<\/tr>\n<tr>\n<td height=\"17\">Modell Nr.<\/td>\n<td>HY-5006<\/td>\n<\/tr>\n<tr>\n<td height=\"17\">Typ<\/td>\n<td>CounterTop-Becken<\/td>\n<\/tr>\n<tr>\n<td height=\"17\">Form<\/td>\n<td>Ovale Form<\/td>\n<\/tr>\n<tr>\n<td height=\"17\">Farbe<\/td>\n<td>Wei\u00df<\/td>\n<\/tr>\n<tr>\n<td height=\"18\">Dimension<\/td>\n<td width=\"202\">59*42*14<\/td>\n<\/tr>\n<tr>\n<td height=\"17\">N.W \/SET<\/td>\n<td>12 KGS\/PCS<\/td>\n<\/tr>\n<tr>\n<td height=\"17\">MOQ<\/td>\n<td>20St\u00fcck<\/td>\n<\/tr>\n<tr>\n<td height=\"17\">Benutzerdefinierte Option<\/td>\n<td>Farbe\/Muster\/Gr\u00f6\u00dfe\/Logo\/Verpackung<\/td>\n<\/tr>\n<\/tbody>\n<\/table>","protected":false},"featured_media":8995,"comment_status":"closed","ping_status":"closed","template":"","meta":{"_acf_changed":false},"product_brand":[],"product_cat":[50],"product_tag":[],"class_list":{"0":"post-8978","1":"product","2":"type-product","3":"status-publish","4":"has-post-thumbnail","6":"product_cat-wholesale-countertop-sinks","8":"first","9":"instock","10":"shipping-taxable","11":"product-type-simple"},"acf":[],"_links":{"self":[{"href":"https:\/\/www.ceramicbasin.com\/de\/wp-json\/wp\/v2\/product\/8978","targetHints":{"allow":["GET"]}}],"collection":[{"href":"https:\/\/www.ceramicbasin.com\/de\/wp-json\/wp\/v2\/product"}],"about":[{"href":"https:\/\/www.ceramicbasin.com\/de\/wp-json\/wp\/v2\/types\/product"}],"replies":[{"embeddable":true,"href":"https:\/\/www.ceramicbasin.com\/de\/wp-json\/wp\/v2\/comments?post=8978"}],"wp:featuredmedia":[{"embeddable":true,"href":"https:\/\/www.ceramicbasin.com\/de\/wp-json\/wp\/v2\/media\/8995"}],"wp:attachment":[{"href":"https:\/\/www.ceramicbasin.com\/de\/wp-json\/wp\/v2\/media?parent=8978"}],"wp:term":[{"taxonomy":"product_brand","embeddable":true,"href":"https:\/\/www.ceramicbasin.com\/de\/wp-json\/wp\/v2\/product_brand?post=8978"},{"taxonomy":"product_cat","embeddable":true,"href":"https:\/\/www.ceramicbasin.com\/de\/wp-json\/wp\/v2\/product_cat?post=8978"},{"taxonomy":"product_tag","embeddable":true,"href":"https:\/\/www.ceramicbasin.com\/de\/wp-json\/wp\/v2\/product_tag?post=8978"}],"curies":[{"name":"wp","href":"https:\/\/api.w.org\/{rel}","templated":true}]}}