{"id":9001,"date":"2026-01-30T06:16:48","date_gmt":"2026-01-30T06:16:48","guid":{"rendered":"https:\/\/www.ceramicbasin.com\/?post_type=product&#038;p=9001"},"modified":"2026-02-10T10:12:03","modified_gmt":"2026-02-10T10:12:03","slug":"wholesale-ceramic-table-top-basin","status":"publish","type":"product","link":"https:\/\/www.ceramicbasin.com\/de\/produkt\/wholesale-ceramic-table-top-basin\/","title":{"rendered":"Gro\u00dfhandel keramische Tabelle oben Becken, benutzerdefinierte quadratische Bad Waschbecken"},"content":{"rendered":"<div class=\"wp-block-columns is-layout-flex wp-container-core-columns-is-layout-9d6595d7 wp-block-columns-is-layout-flex\">\n<div class=\"wp-block-column is-layout-flow wp-block-column-is-layout-flow\">\n<h2 class=\"wp-block-heading\">Premium-Gro\u00dfhandel keramische Tabelle oben Becken Eigenschaften:<\/h2>\n\n\n\n<ul class=\"wp-block-list\">\n<li><strong>Modernes quadratisches Arbeitsplattendesign:<\/strong> Das Keramikbecken f\u00fcr den Gro\u00dfhandel zeichnet sich durch klare geometrische Linien und eine moderne \u00c4sthetik aus. Es sitzt elegant \u00fcber dem Waschtisch, was die visuelle Schichtung verst\u00e4rkt und es zu einer beliebten Wahl f\u00fcr Hotels, Apartments, Villen und Luxuswohnanlagen macht.<\/li>\n\n\n\n<li><strong>Glatte Glasur und einfache Pflege:<\/strong> Das Gro\u00dfhandels-Keramik-Tischbecken hat eine leicht zu reinigende Glasur, die Oberfl\u00e4che ist glatt und bewuchshemmend. Sie widersteht Kratzern, Kalkablagerungen und Verf\u00e4rbungen und beh\u00e4lt auch bei h\u00e4ufigem Gebrauch ein gl\u00e4nzendes Aussehen.<\/li>\n\n\n\n<li><strong>Gro\u00dfes Angebot und stabile Produktion:<\/strong> Unsere benutzerdefinierte quadratische Bad Waschbecken ist Fabrik Versorgung Gro\u00dfhandel Produkt mit stabilen Produktionskapazit\u00e4t, strenge QC Inspektion, und sichere Export-Verpackung, um gro\u00dfvolumige Auftr\u00e4ge zu unterst\u00fctzen.<\/li>\n\n\n\n<li><strong>Vielseitig:<\/strong>\u00a0Diese werkseitig hergestellten Aufsatzwaschbecken eignen sich f\u00fcr Badezimmer, Hotels, gewerbliche B\u00e4der und die Renovierung von Wohnungen und bieten sowohl \u00c4sthetik als auch Zweckm\u00e4\u00dfigkeit.<\/li>\n<\/ul>\n<\/div>\n\n\n\n<div class=\"wp-block-column is-layout-flow wp-block-column-is-layout-flow\">\n<figure class=\"wp-block-image size-full\"><img fetchpriority=\"high\" decoding=\"async\" width=\"649\" height=\"897\" src=\"https:\/\/www.ceramicbasin.com\/wp-content\/uploads\/2026\/01\/Vanity-Tops-Table-Tops-Ceramic-Basin-6.webp\" alt=\"Gro\u00dfhandel-Keramik-Tischplatte-Becken-quadratische-Waschbecken-6\" class=\"wp-image-9003\" srcset=\"https:\/\/www.ceramicbasin.com\/wp-content\/uploads\/2026\/01\/Vanity-Tops-Table-Tops-Ceramic-Basin-6.webp 649w, https:\/\/www.ceramicbasin.com\/wp-content\/uploads\/2026\/01\/Vanity-Tops-Table-Tops-Ceramic-Basin-6-217x300.webp 217w, https:\/\/www.ceramicbasin.com\/wp-content\/uploads\/2026\/01\/Vanity-Tops-Table-Tops-Ceramic-Basin-6-9x12.webp 9w, https:\/\/www.ceramicbasin.com\/wp-content\/uploads\/2026\/01\/Vanity-Tops-Table-Tops-Ceramic-Basin-6-285x394.webp 285w, https:\/\/www.ceramicbasin.com\/wp-content\/uploads\/2026\/01\/Vanity-Tops-Table-Tops-Ceramic-Basin-6-478x660.webp 478w, https:\/\/www.ceramicbasin.com\/wp-content\/uploads\/2026\/01\/Vanity-Tops-Table-Tops-Ceramic-Basin-6-109x150.webp 109w\" sizes=\"(max-width: 649px) 100vw, 649px\" \/><\/figure>\n<\/div>\n<\/div>","protected":false},"excerpt":{"rendered":"<p>Willkommen in unserem Gro\u00dfhandel keramischen Tischplatte Waschbecken verf\u00fcgen \u00fcber ein modernes quadratisches Design, langlebige hochgebrannte Keramik-Konstruktion und eine glatte, leicht zu reinigen Glasur zu beenden. Unser werkseitig direktes Aufsatzwaschbecken f\u00fcr das Badezimmer verf\u00fcgt \u00fcber ein einfaches und stilvolles rechteckiges Design mit glatten Linien und modernem Charakter. Ideal f\u00fcr Hotels, Wohnprojekte und den Sanit\u00e4rhandel.<\/p>\n<table style=\"border-collapse: collapse; width: 358.52pt;\" border=\"0\" width=\"478\" cellspacing=\"0\" cellpadding=\"0\">\n<tbody>\n<tr style=\"height: 17.25pt;\">\n<td class=\"et3\" style=\"height: 17.25pt; width: 125.00pt;\" width=\"166\" height=\"23\">Hersteller<\/td>\n<td class=\"et3\" style=\"width: 234.15pt;\" width=\"312\">HanYu<\/td>\n<\/tr>\n<tr style=\"height: 17.25pt;\">\n<td class=\"et3\" style=\"height: 17.25pt;\" height=\"23\">Modell Nr.<\/td>\n<td class=\"et4\">HY-8035<\/td>\n<\/tr>\n<tr style=\"height: 17.25pt;\">\n<td class=\"et3\" style=\"height: 17.25pt;\" height=\"23\">Typ<\/td>\n<td class=\"et5\" style=\"width: 234.15pt;\" width=\"312\">Arbeitsplatten-Sp\u00fclbecken<\/td>\n<\/tr>\n<tr style=\"height: 18.00pt;\">\n<td class=\"et3\" style=\"height: 18.00pt;\" height=\"24\">Form<\/td>\n<td class=\"et3\">Rectanglue Form<\/td>\n<\/tr>\n<tr style=\"height: 34.50pt;\">\n<td class=\"et4\" style=\"height: 34.50pt;\" height=\"46\">Farbe<\/td>\n<td class=\"et5\" style=\"width: 234.15pt;\" width=\"312\">schwarz\/wei\u00df\/blau\/grau\/rosa\/gr\u00fcn\/braun\/khaki<\/td>\n<\/tr>\n<tr style=\"height: 18.00pt;\">\n<td class=\"et3\" style=\"height: 18.00pt;\" height=\"24\">Dimension<\/td>\n<td class=\"et5\" style=\"width: 234.15pt;\" width=\"312\">40.3*40.3*12<\/td>\n<\/tr>\n<tr style=\"height: 17.25pt;\">\n<td class=\"et3\" style=\"height: 17.25pt;\" height=\"23\">N.W \/SET<\/td>\n<td class=\"et3\">10KGS\/PCS<\/td>\n<\/tr>\n<tr style=\"height: 17.25pt;\">\n<td class=\"et3\" style=\"height: 17.25pt;\" height=\"23\">MOQ<\/td>\n<td class=\"et3\">20St\u00fcck<\/td>\n<\/tr>\n<tr style=\"height: 17.25pt;\">\n<td class=\"et3\" style=\"height: 17.25pt;\" height=\"23\">Benutzerdefinierte Option<\/td>\n<td class=\"et3\">Farbe\/Muster\/Gr\u00f6\u00dfe\/Logo\/Verpackung<\/td>\n<\/tr>\n<\/tbody>\n<\/table>","protected":false},"featured_media":9004,"comment_status":"closed","ping_status":"closed","template":"","meta":{"_acf_changed":false},"product_brand":[],"product_cat":[50],"product_tag":[],"class_list":{"0":"post-9001","1":"product","2":"type-product","3":"status-publish","4":"has-post-thumbnail","6":"product_cat-wholesale-countertop-sinks","8":"first","9":"instock","10":"shipping-taxable","11":"product-type-simple"},"acf":[],"_links":{"self":[{"href":"https:\/\/www.ceramicbasin.com\/de\/wp-json\/wp\/v2\/product\/9001","targetHints":{"allow":["GET"]}}],"collection":[{"href":"https:\/\/www.ceramicbasin.com\/de\/wp-json\/wp\/v2\/product"}],"about":[{"href":"https:\/\/www.ceramicbasin.com\/de\/wp-json\/wp\/v2\/types\/product"}],"replies":[{"embeddable":true,"href":"https:\/\/www.ceramicbasin.com\/de\/wp-json\/wp\/v2\/comments?post=9001"}],"wp:featuredmedia":[{"embeddable":true,"href":"https:\/\/www.ceramicbasin.com\/de\/wp-json\/wp\/v2\/media\/9004"}],"wp:attachment":[{"href":"https:\/\/www.ceramicbasin.com\/de\/wp-json\/wp\/v2\/media?parent=9001"}],"wp:term":[{"taxonomy":"product_brand","embeddable":true,"href":"https:\/\/www.ceramicbasin.com\/de\/wp-json\/wp\/v2\/product_brand?post=9001"},{"taxonomy":"product_cat","embeddable":true,"href":"https:\/\/www.ceramicbasin.com\/de\/wp-json\/wp\/v2\/product_cat?post=9001"},{"taxonomy":"product_tag","embeddable":true,"href":"https:\/\/www.ceramicbasin.com\/de\/wp-json\/wp\/v2\/product_tag?post=9001"}],"curies":[{"name":"wp","href":"https:\/\/api.w.org\/{rel}","templated":true}]}}