{"id":9009,"date":"2026-01-30T06:22:20","date_gmt":"2026-01-30T06:22:20","guid":{"rendered":"https:\/\/www.ceramicbasin.com\/?post_type=product&#038;p=9009"},"modified":"2026-02-10T10:33:39","modified_gmt":"2026-02-10T10:33:39","slug":"wholesale-hotel-bathroom-sink","status":"publish","type":"product","link":"https:\/\/www.ceramicbasin.com\/de\/produkt\/wholesale-hotel-bathroom-sink\/","title":{"rendered":"Gro\u00dfhandel Hotel Badezimmer Waschbecken, ODM keramische Arbeitsplatte Waschbecken"},"content":{"rendered":"<div class=\"wp-block-columns is-layout-flex wp-container-core-columns-is-layout-9d6595d7 wp-block-columns-is-layout-flex\">\n<div class=\"wp-block-column is-layout-flow wp-block-column-is-layout-flow\">\n<h2 class=\"wp-block-heading\">Premium Gro\u00dfhandel Hotel Badezimmer Waschbecken Eigenschaften:<\/h2>\n\n\n\n<ul class=\"wp-block-list\">\n<li><strong>Geometrische sechseckige \u00c4sthetik:<\/strong> Das Gro\u00dfhandels-Hotelwaschbecken mit seiner hochmodernen achteckigen geometrischen Silhouette und den diamantgeschnittenen Innenwandlinien ist ideal f\u00fcr die Badezimmerausstattung in Hotels der mittleren bis gehobenen Kategorie, Boutique-G\u00e4steh\u00e4usern und modernen B\u00fcror\u00e4umen.<\/li>\n\n\n\n<li><strong>Platzsparende Abmessungen:<\/strong> Die moderate Tiefe des Hotelwaschbeckens verhindert effektiv Wasserspritzer, w\u00e4hrend sein kompaktes Design verschiedene Arbeitsplattengr\u00f6\u00dfen zul\u00e4sst.<\/li>\n\n\n\n<li><strong>Premium-Keramik mit hoher Dichte:<\/strong> Das Hotelwaschbecken f\u00fcr den Gro\u00dfhandel ist aus sorgf\u00e4ltig ausgew\u00e4hlter, hochwertiger Keramik mit einer dichten Struktur gefertigt. Es verf\u00fcgt \u00fcber eine ausgezeichnete Schlagfestigkeit, S\u00e4ure- und Laugenbest\u00e4ndigkeit sowie eine hervorragende Hitze- und K\u00e4ltebest\u00e4ndigkeit, die eine au\u00dfergew\u00f6hnlich lange Lebensdauer in hochfrequentierten gewerblichen Umgebungen gew\u00e4hrleistet.<\/li>\n\n\n\n<li><strong>Selbstreinigende polierte Glasur: <\/strong>Die Oberfl\u00e4che der keramischen Arbeitsplatte besteht aus einer hochgl\u00e4nzenden, reinwei\u00dfen Nano-Glasur, die glatt und eben ist und nur sehr wenig Wasser aufnimmt. Flecken und Bakterien k\u00f6nnen sich nicht festsetzen, und die Oberfl\u00e4che kann durch einfaches Abwischen hell und neu gehalten werden, was die t\u00e4glichen Wartungskosten in Hotels und \u00f6ffentlichen Einrichtungen erheblich reduziert.<\/li>\n\n\n\n<li><strong>Rabatt bei Gro\u00dfeinkauf:\u00a0<\/strong>Wir bieten Gro\u00dfhandelsrabatte f\u00fcr ma\u00dfgeschneiderte kleine Waschbecken, die den Bed\u00fcrfnissen kommerzieller Projekte oder gro\u00df angelegter Wohndekorationen entsprechen.<\/li>\n<\/ul>\n<\/div>\n\n\n\n<div class=\"wp-block-column is-layout-flow wp-block-column-is-layout-flow\">\n<figure class=\"wp-block-image size-full\"><img fetchpriority=\"high\" decoding=\"async\" width=\"683\" height=\"875\" src=\"https:\/\/www.ceramicbasin.com\/wp-content\/uploads\/2026\/01\/High-Quality-Bathroom-Sink-6.webp\" alt=\"gro\u00dfhandel-hotel-badezimmer-becken-odm-keramik-becken-6\" class=\"wp-image-9010\" srcset=\"https:\/\/www.ceramicbasin.com\/wp-content\/uploads\/2026\/01\/High-Quality-Bathroom-Sink-6.webp 683w, https:\/\/www.ceramicbasin.com\/wp-content\/uploads\/2026\/01\/High-Quality-Bathroom-Sink-6-234x300.webp 234w, https:\/\/www.ceramicbasin.com\/wp-content\/uploads\/2026\/01\/High-Quality-Bathroom-Sink-6-9x12.webp 9w, https:\/\/www.ceramicbasin.com\/wp-content\/uploads\/2026\/01\/High-Quality-Bathroom-Sink-6-285x365.webp 285w, https:\/\/www.ceramicbasin.com\/wp-content\/uploads\/2026\/01\/High-Quality-Bathroom-Sink-6-515x660.webp 515w, https:\/\/www.ceramicbasin.com\/wp-content\/uploads\/2026\/01\/High-Quality-Bathroom-Sink-6-117x150.webp 117w\" sizes=\"(max-width: 683px) 100vw, 683px\" \/><\/figure>\n<\/div>\n<\/div>","protected":false},"excerpt":{"rendered":"<p>Willkommen in unserem Gro\u00dfhandel Hotel Bad Waschbecken kaufen, um Ihre kommerziellen Bad Projekte zu aktualisieren. Diese Gro\u00dfhandel wei\u00df poliert Keramik Arbeitsplatte Becken verf\u00fcgt \u00fcber eine einzigartige sechseckige geometrische Design, perfekt f\u00fcr Luxushotels, moderne B\u00fcros und High-End-Wohnungen Renovierungen. Wir bieten flexible Anpassung und zuverl\u00e4ssige Bulk-Lieferung, und schnelle Lieferung Dienstleistungen, um die Bed\u00fcrfnisse der globalen H\u00e4ndler und Projekte zu erf\u00fcllen.<\/p>\n<table style=\"border-collapse: collapse; width: 311.02pt;\" border=\"0\" width=\"311\" cellspacing=\"0\" cellpadding=\"0\">\n<tbody>\n<tr style=\"height: 17.60pt;\">\n<td class=\"et3\" style=\"height: 17.60pt; width: 108.35pt;\" width=\"108\" height=\"17\">Hersteller<\/td>\n<td class=\"et3\" style=\"width: 202.95pt;\" width=\"202\">HanYu<\/td>\n<\/tr>\n<tr style=\"height: 17.60pt;\">\n<td class=\"et3\" style=\"height: 17.60pt;\" height=\"17\">Modell Nr.<\/td>\n<td class=\"et4\">HY-8055<\/td>\n<\/tr>\n<tr style=\"height: 17.60pt;\">\n<td class=\"et3\" style=\"height: 17.60pt;\" height=\"17\">Typ<\/td>\n<td class=\"et3\">CounterTop-Becken<\/td>\n<\/tr>\n<tr style=\"height: 17.60pt;\">\n<td class=\"et3\" style=\"height: 17.60pt;\" height=\"17\">Form<\/td>\n<td class=\"et3\">Unregelm\u00e4\u00dfige Form<\/td>\n<\/tr>\n<tr style=\"height: 17.60pt;\">\n<td class=\"et4\" style=\"height: 17.60pt;\" height=\"17\">Farbe<\/td>\n<td class=\"et3\">Wei\u00df<\/td>\n<\/tr>\n<tr style=\"height: 18.00pt;\">\n<td class=\"et3\" style=\"height: 18.00pt;\" height=\"18\">Dimension<\/td>\n<td class=\"et5\" style=\"width: 202.95pt;\" width=\"202\">49*40*13.5<\/td>\n<\/tr>\n<tr style=\"height: 17.60pt;\">\n<td class=\"et3\" style=\"height: 17.60pt;\" height=\"17\">N.W \/SET<\/td>\n<td class=\"et3\">10 KGS\/PCS<\/td>\n<\/tr>\n<tr style=\"height: 17.60pt;\">\n<td class=\"et3\" style=\"height: 17.60pt;\" height=\"17\">MOQ<\/td>\n<td class=\"et3\">20St\u00fcck<\/td>\n<\/tr>\n<tr style=\"height: 17.60pt;\">\n<td class=\"et3\" style=\"height: 17.60pt;\" height=\"17\">Benutzerdefinierte Option<\/td>\n<td class=\"et3\">Farbe\/Muster\/Gr\u00f6\u00dfe\/Logo\/Verpackung<\/td>\n<\/tr>\n<\/tbody>\n<\/table>","protected":false},"featured_media":9011,"comment_status":"closed","ping_status":"closed","template":"","meta":{"_acf_changed":false},"product_brand":[],"product_cat":[50],"product_tag":[],"class_list":{"0":"post-9009","1":"product","2":"type-product","3":"status-publish","4":"has-post-thumbnail","6":"product_cat-wholesale-countertop-sinks","8":"first","9":"instock","10":"shipping-taxable","11":"product-type-simple"},"acf":[],"_links":{"self":[{"href":"https:\/\/www.ceramicbasin.com\/de\/wp-json\/wp\/v2\/product\/9009","targetHints":{"allow":["GET"]}}],"collection":[{"href":"https:\/\/www.ceramicbasin.com\/de\/wp-json\/wp\/v2\/product"}],"about":[{"href":"https:\/\/www.ceramicbasin.com\/de\/wp-json\/wp\/v2\/types\/product"}],"replies":[{"embeddable":true,"href":"https:\/\/www.ceramicbasin.com\/de\/wp-json\/wp\/v2\/comments?post=9009"}],"wp:featuredmedia":[{"embeddable":true,"href":"https:\/\/www.ceramicbasin.com\/de\/wp-json\/wp\/v2\/media\/9011"}],"wp:attachment":[{"href":"https:\/\/www.ceramicbasin.com\/de\/wp-json\/wp\/v2\/media?parent=9009"}],"wp:term":[{"taxonomy":"product_brand","embeddable":true,"href":"https:\/\/www.ceramicbasin.com\/de\/wp-json\/wp\/v2\/product_brand?post=9009"},{"taxonomy":"product_cat","embeddable":true,"href":"https:\/\/www.ceramicbasin.com\/de\/wp-json\/wp\/v2\/product_cat?post=9009"},{"taxonomy":"product_tag","embeddable":true,"href":"https:\/\/www.ceramicbasin.com\/de\/wp-json\/wp\/v2\/product_tag?post=9009"}],"curies":[{"name":"wp","href":"https:\/\/api.w.org\/{rel}","templated":true}]}}