{"id":9017,"date":"2026-01-30T07:22:13","date_gmt":"2026-01-30T07:22:13","guid":{"rendered":"https:\/\/www.ceramicbasin.com\/?post_type=product&#038;p=9017"},"modified":"2026-02-10T10:48:46","modified_gmt":"2026-02-10T10:48:46","slug":"wholesale-bathroom-lavatory-sinks","status":"publish","type":"product","link":"https:\/\/www.ceramicbasin.com\/de\/produkt\/wholesale-bathroom-lavatory-sinks\/","title":{"rendered":"Gro\u00dfhandel Badezimmer Waschbecken, Oval Waschbecken Versorgung"},"content":{"rendered":"<div class=\"wp-block-columns is-layout-flex wp-container-core-columns-is-layout-9d6595d7 wp-block-columns-is-layout-flex\">\n<div class=\"wp-block-column is-layout-flow wp-block-column-is-layout-flow\">\n<h2 class=\"wp-block-heading\">Premium Gro\u00dfhandel Badezimmer Waschbecken Merkmale:<\/h2>\n\n\n\n<ul class=\"wp-block-list\">\n<li><strong>Klassisches ovales Beckendesign:<\/strong> Die Waschbecken im Gro\u00dfhandel haben eine ergonomische ovale Form, die einen ger\u00e4umigen Waschbereich bietet und gleichzeitig Wasserspritzer reduziert. Ihr zeitloses Design erg\u00e4nzt moderne, zeitgen\u00f6ssische und traditionelle Badezimmereinrichtungen.<\/li>\n\n\n\n<li><strong>Gro\u00dfz\u00fcgiges Design:<\/strong>\u00a0Das fabrikneue Aufsatzwaschbecken mit einem gro\u00dfz\u00fcgigen Gef\u00e4\u00dfwaschbecken entspricht dem Platzbedarf eines Waschbeckens. Es ist nicht nur praktisch, sondern kann auch das Gesamtniveau und den Komfort des Badezimmers verbessern. Es ist f\u00fcr Privath\u00e4user und Luxushotels geeignet.<\/li>\n\n\n\n<li><strong>Universelle Installation Kompatibilit\u00e4t:<\/strong> Die Gro\u00dfhandelsp\u00fclbecken f\u00fcr Badezimmer sind so konzipiert, dass sie auf die meisten Standard-Waschtischplatten und Abflusssysteme weltweit passen, was die Installation f\u00fcr Bauunternehmer und Projektk\u00e4ufer vereinfacht.<\/li>\n\n\n\n<li><strong>Glatte, wei\u00df glasierte Oberfl\u00e4che:<\/strong> Das ovale Waschbecken f\u00fcr den Gro\u00dfhandel ist mit einer mehrschichtigen, gl\u00e4nzenden wei\u00dfen Glasur versehen und verf\u00fcgt \u00fcber eine porenfreie, schmutzabweisende Oberfl\u00e4che, die leicht zu reinigen ist und auch bei starker t\u00e4glicher Beanspruchung ihr gl\u00e4nzendes Aussehen bewahrt.<\/li>\n\n\n\n<li><strong>Gro\u00dfer Bestand:<\/strong>\u00a0Der Gro\u00dfhandel unterst\u00fctzt sowohl den Gro\u00dfhandel als auch die Projektbeschaffung und erf\u00fcllt die Anforderungen von Einzelh\u00e4ndlern, Distributoren und Projektkunden an eine schnelle Lieferung.<\/li>\n<\/ul>\n<\/div>\n\n\n\n<div class=\"wp-block-column is-layout-flow wp-block-column-is-layout-flow\">\n<figure class=\"wp-block-image size-full\"><img fetchpriority=\"high\" decoding=\"async\" width=\"683\" height=\"861\" src=\"https:\/\/www.ceramicbasin.com\/wp-content\/uploads\/2026\/01\/Elegant-Shape-Oval-Hand-Wash-Basin-6.webp\" alt=\"gro\u00dfhandel-badezimmer-klo-waschbecken-oval-waschbecken-versorgung-6\" class=\"wp-image-9018\" srcset=\"https:\/\/www.ceramicbasin.com\/wp-content\/uploads\/2026\/01\/Elegant-Shape-Oval-Hand-Wash-Basin-6.webp 683w, https:\/\/www.ceramicbasin.com\/wp-content\/uploads\/2026\/01\/Elegant-Shape-Oval-Hand-Wash-Basin-6-238x300.webp 238w, https:\/\/www.ceramicbasin.com\/wp-content\/uploads\/2026\/01\/Elegant-Shape-Oval-Hand-Wash-Basin-6-10x12.webp 10w, https:\/\/www.ceramicbasin.com\/wp-content\/uploads\/2026\/01\/Elegant-Shape-Oval-Hand-Wash-Basin-6-285x359.webp 285w, https:\/\/www.ceramicbasin.com\/wp-content\/uploads\/2026\/01\/Elegant-Shape-Oval-Hand-Wash-Basin-6-524x660.webp 524w, https:\/\/www.ceramicbasin.com\/wp-content\/uploads\/2026\/01\/Elegant-Shape-Oval-Hand-Wash-Basin-6-119x150.webp 119w\" sizes=\"(max-width: 683px) 100vw, 683px\" \/><\/figure>\n<\/div>\n<\/div>","protected":false},"excerpt":{"rendered":"<p>Willkommen bei unserem Angebot an Gro\u00dfhandel Badezimmer Waschbecken in normaler Gr\u00f6\u00dfe, wei\u00df glasiert ovale Designs, Haltbarkeit und lang anhaltende Leistung zu bestellen. Mit einer glatten, schmutzabweisenden Oberfl\u00e4che und universeller Installationskompatibilit\u00e4t sind unsere ovalen Waschbecken ideal f\u00fcr kommerzielle Badezimmerprojekte. Mit Direktpreisen ab Werk, Gro\u00dflieferf\u00e4higkeit und vollst\u00e4ndigen OEM\/ODM-Anpassungsdiensten helfen wir globalen Importeuren und Sanit\u00e4rwarenh\u00e4ndlern, zuverl\u00e4ssige Keramikwaschbeckenl\u00f6sungen zu sichern.<\/p>\n<table style=\"border-collapse: collapse; width: 358.52pt;\" border=\"0\" width=\"478\" cellspacing=\"0\" cellpadding=\"0\">\n<tbody>\n<tr style=\"height: 17.25pt;\">\n<td class=\"et3\" style=\"height: 17.25pt; width: 125.00pt;\" width=\"166\" height=\"23\">Hersteller<\/td>\n<td class=\"et3\" style=\"width: 234.15pt;\" width=\"312\">HanYu<\/td>\n<\/tr>\n<tr style=\"height: 17.25pt;\">\n<td class=\"et3\" style=\"height: 17.25pt;\" height=\"23\">Modell Nr.<\/td>\n<td class=\"et4\">HY-8061<\/td>\n<\/tr>\n<tr style=\"height: 17.25pt;\">\n<td class=\"et3\" style=\"height: 17.25pt;\" height=\"23\">Typ<\/td>\n<td class=\"et5\" style=\"width: 234.15pt;\" width=\"312\">Arbeitsplatten-Sp\u00fclbecken<\/td>\n<\/tr>\n<tr style=\"height: 18.00pt;\">\n<td class=\"et3\" style=\"height: 18.00pt;\" height=\"24\">Form<\/td>\n<td class=\"et3\">Ovale Form<\/td>\n<\/tr>\n<tr style=\"height: 34.50pt;\">\n<td class=\"et4\" style=\"height: 34.50pt;\" height=\"46\">Farbe<\/td>\n<td class=\"et5\" style=\"width: 234.15pt;\" width=\"312\">schwarz\/wei\u00df\/blau\/grau\/rosa\/gr\u00fcn\/braun\/khaki<\/td>\n<\/tr>\n<tr style=\"height: 18.00pt;\">\n<td class=\"et3\" style=\"height: 18.00pt;\" height=\"24\">Dimension<\/td>\n<td class=\"et5\" style=\"width: 234.15pt;\" width=\"312\">59.5*41.5*11<\/td>\n<\/tr>\n<tr style=\"height: 17.25pt;\">\n<td class=\"et3\" style=\"height: 17.25pt;\" height=\"23\">N.W \/SET<\/td>\n<td class=\"et3\">13KGS\/PCS<\/td>\n<\/tr>\n<tr style=\"height: 17.25pt;\">\n<td class=\"et3\" style=\"height: 17.25pt;\" height=\"23\">MOQ<\/td>\n<td class=\"et3\">20St\u00fcck<\/td>\n<\/tr>\n<tr style=\"height: 17.25pt;\">\n<td class=\"et3\" style=\"height: 17.25pt;\" height=\"23\">Benutzerdefinierte Option<\/td>\n<td class=\"et3\">Farbe\/Muster\/Gr\u00f6\u00dfe\/Logo\/Verpackung<\/td>\n<\/tr>\n<\/tbody>\n<\/table>","protected":false},"featured_media":9019,"comment_status":"closed","ping_status":"closed","template":"","meta":{"_acf_changed":false},"product_brand":[],"product_cat":[50],"product_tag":[],"class_list":{"0":"post-9017","1":"product","2":"type-product","3":"status-publish","4":"has-post-thumbnail","6":"product_cat-wholesale-countertop-sinks","8":"first","9":"instock","10":"shipping-taxable","11":"product-type-simple"},"acf":[],"_links":{"self":[{"href":"https:\/\/www.ceramicbasin.com\/de\/wp-json\/wp\/v2\/product\/9017","targetHints":{"allow":["GET"]}}],"collection":[{"href":"https:\/\/www.ceramicbasin.com\/de\/wp-json\/wp\/v2\/product"}],"about":[{"href":"https:\/\/www.ceramicbasin.com\/de\/wp-json\/wp\/v2\/types\/product"}],"replies":[{"embeddable":true,"href":"https:\/\/www.ceramicbasin.com\/de\/wp-json\/wp\/v2\/comments?post=9017"}],"wp:featuredmedia":[{"embeddable":true,"href":"https:\/\/www.ceramicbasin.com\/de\/wp-json\/wp\/v2\/media\/9019"}],"wp:attachment":[{"href":"https:\/\/www.ceramicbasin.com\/de\/wp-json\/wp\/v2\/media?parent=9017"}],"wp:term":[{"taxonomy":"product_brand","embeddable":true,"href":"https:\/\/www.ceramicbasin.com\/de\/wp-json\/wp\/v2\/product_brand?post=9017"},{"taxonomy":"product_cat","embeddable":true,"href":"https:\/\/www.ceramicbasin.com\/de\/wp-json\/wp\/v2\/product_cat?post=9017"},{"taxonomy":"product_tag","embeddable":true,"href":"https:\/\/www.ceramicbasin.com\/de\/wp-json\/wp\/v2\/product_tag?post=9017"}],"curies":[{"name":"wp","href":"https:\/\/api.w.org\/{rel}","templated":true}]}}