{"id":9079,"date":"2026-02-10T11:20:19","date_gmt":"2026-02-10T11:20:19","guid":{"rendered":"https:\/\/www.ceramicbasin.com\/?post_type=product&#038;p=9079"},"modified":"2026-02-10T11:20:23","modified_gmt":"2026-02-10T11:20:23","slug":"wholesale-square-semi-recessed-basin","status":"publish","type":"product","link":"https:\/\/www.ceramicbasin.com\/de\/produkt\/wholesale-square-semi-recessed-basin\/","title":{"rendered":"Gro\u00dfhandel quadratische halb vertiefte Becken, benutzerdefinierte Countertop Waschbecken"},"content":{"rendered":"<div class=\"wp-block-columns is-layout-flex wp-container-core-columns-is-layout-9d6595d7 wp-block-columns-is-layout-flex\">\n<div class=\"wp-block-column is-layout-flow wp-block-column-is-layout-flow\">\n<h2 class=\"wp-block-heading\">Premium-Gro\u00dfhandel Square Semi Recessed Basin Features:<\/h2>\n\n\n\n<ul class=\"wp-block-list\">\n<li><strong>Hochwertiges keramisches Material:<\/strong>\u00a0Diese quadratischen, halb versenkten Becken werden aus hochwertiger Glaskeramik hergestellt, die bei hohen Temperaturen gebrannt wird, um eine bessere Haltbarkeit, Rissfestigkeit und lange Lebensdauer zu gew\u00e4hrleisten.<\/li>\n\n\n\n<li><strong>Hochgl\u00e4nzende Glasur, lang anhaltende Helligkeit: <\/strong>Unsere Gro\u00dfhandel quadratische halb vertieft Becken verwenden fortschrittliche Hochtemperatur-Glasur-Technologie, die Oberfl\u00e4che ist glatt und nicht por\u00f6s, Anti-Flecken, und leicht zu reinigen; auch nach Jahren der Nutzung, es bleibt hell wie neu.<\/li>\n\n\n\n<li><strong>Quadratisches Halbintarsien-Design:<\/strong> Unsere modernen, praktischen und platzsparenden Aufsatzwaschbecken aus Keramik bieten viel Platz zum Waschen und eignen sich f\u00fcr kleine B\u00e4der, moderne Wohnb\u00e4der und B\u00e4der im Gastgewerbe.<\/li>\n\n\n\n<li><strong>Direktverkauf ab Werk:<\/strong>\u00a0HanYu's kundenspezifische Waschbecken werden direkt von der Fabrik verkauft, wodurch der Preisunterschied von Zwischenh\u00e4ndlern eliminiert wird, und der Gro\u00dfeinkauf von Badezimmerwaschbecken stellt sicher, dass Sie hochwertige Badezimmerwaschbecken in gro\u00dfen Mengen zu den niedrigsten Kosten kaufen.<\/li>\n<\/ul>\n<\/div>\n\n\n\n<div class=\"wp-block-column is-layout-flow wp-block-column-is-layout-flow\">\n<figure class=\"wp-block-image size-full\"><img fetchpriority=\"high\" decoding=\"async\" width=\"1024\" height=\"1024\" src=\"https:\/\/www.ceramicbasin.com\/wp-content\/uploads\/2026\/02\/Wholesale-Square-Shape-Semi-Recessed-Basin-Counter-Mount-Ceramic-Basin-Sink-2.webp\" alt=\"gro\u00dfhandel-quadratisches-einbau-waschbecken-nach-bestimmung-aufsatz-sp\u00fcle-2\" class=\"wp-image-9081\" srcset=\"https:\/\/www.ceramicbasin.com\/wp-content\/uploads\/2026\/02\/Wholesale-Square-Shape-Semi-Recessed-Basin-Counter-Mount-Ceramic-Basin-Sink-2.webp 1024w, https:\/\/www.ceramicbasin.com\/wp-content\/uploads\/2026\/02\/Wholesale-Square-Shape-Semi-Recessed-Basin-Counter-Mount-Ceramic-Basin-Sink-2-300x300.webp 300w, https:\/\/www.ceramicbasin.com\/wp-content\/uploads\/2026\/02\/Wholesale-Square-Shape-Semi-Recessed-Basin-Counter-Mount-Ceramic-Basin-Sink-2-150x150.webp 150w, https:\/\/www.ceramicbasin.com\/wp-content\/uploads\/2026\/02\/Wholesale-Square-Shape-Semi-Recessed-Basin-Counter-Mount-Ceramic-Basin-Sink-2-768x768.webp 768w, https:\/\/www.ceramicbasin.com\/wp-content\/uploads\/2026\/02\/Wholesale-Square-Shape-Semi-Recessed-Basin-Counter-Mount-Ceramic-Basin-Sink-2-12x12.webp 12w, https:\/\/www.ceramicbasin.com\/wp-content\/uploads\/2026\/02\/Wholesale-Square-Shape-Semi-Recessed-Basin-Counter-Mount-Ceramic-Basin-Sink-2-285x285.webp 285w, https:\/\/www.ceramicbasin.com\/wp-content\/uploads\/2026\/02\/Wholesale-Square-Shape-Semi-Recessed-Basin-Counter-Mount-Ceramic-Basin-Sink-2-270x270.webp 270w, https:\/\/www.ceramicbasin.com\/wp-content\/uploads\/2026\/02\/Wholesale-Square-Shape-Semi-Recessed-Basin-Counter-Mount-Ceramic-Basin-Sink-2-540x540.webp 540w, https:\/\/www.ceramicbasin.com\/wp-content\/uploads\/2026\/02\/Wholesale-Square-Shape-Semi-Recessed-Basin-Counter-Mount-Ceramic-Basin-Sink-2-660x660.webp 660w\" sizes=\"(max-width: 1024px) 100vw, 1024px\" \/><\/figure>\n<\/div>\n<\/div>","protected":false},"excerpt":{"rendered":"<p>Willkommen zum Kauf von HanYus quadratischen, halb eingelassenen Waschbecken mit hochgl\u00e4nzender Glasur, die schmutzabweisend und leicht zu reinigen ist und f\u00fcr langfristige Helligkeit und Hygiene sorgt. Unsere benutzerdefinierten Arbeitsplatte Waschbecken sind ideal f\u00fcr Hotelprojekte, Wohnanlagen, und Sanit\u00e4rkeramik H\u00e4ndler. Der Direktvertrieb ab Werk gew\u00e4hrleistet wettbewerbsf\u00e4hige Preise und eine stabile Massenproduktion.<\/p>\n<table border=\"0\" width=\"478\" cellspacing=\"0\" cellpadding=\"0\">\n<tbody>\n<tr>\n<td width=\"166\" height=\"23\">Hersteller<\/td>\n<td width=\"312\">HanYu<\/td>\n<\/tr>\n<tr>\n<td height=\"23\">Modell Nr.<\/td>\n<td>HY-3048<\/td>\n<\/tr>\n<tr>\n<td height=\"23\">Typ<\/td>\n<td width=\"312\">Halbversenkte Sp\u00fclen<\/td>\n<\/tr>\n<tr>\n<td height=\"24\">Form<\/td>\n<td>Quadratische Form<\/td>\n<\/tr>\n<tr>\n<td height=\"46\">Farbe<\/td>\n<td width=\"312\">schwarz\/wei\u00df\/blau\/grau\/rosa\/gr\u00fcn\/braun\/khaki<\/td>\n<\/tr>\n<tr>\n<td height=\"24\">Dimension<\/td>\n<td width=\"312\">33*29*12<\/td>\n<\/tr>\n<tr>\n<td height=\"23\">N.W \/SET<\/td>\n<td>6KGS\/PCS<\/td>\n<\/tr>\n<tr>\n<td height=\"23\">MOQ<\/td>\n<td>20St\u00fcck<\/td>\n<\/tr>\n<tr>\n<td height=\"23\">Benutzerdefinierte Option<\/td>\n<td>Farbe\/Muster\/Gr\u00f6\u00dfe\/Logo\/Verpackung<\/td>\n<\/tr>\n<\/tbody>\n<\/table>","protected":false},"featured_media":9085,"comment_status":"closed","ping_status":"closed","template":"","meta":{"_acf_changed":false},"product_brand":[],"product_cat":[58],"product_tag":[],"class_list":{"0":"post-9079","1":"product","2":"type-product","3":"status-publish","4":"has-post-thumbnail","6":"product_cat-wholesale-semi-recessed-sinks","8":"first","9":"instock","10":"shipping-taxable","11":"product-type-simple"},"acf":[],"_links":{"self":[{"href":"https:\/\/www.ceramicbasin.com\/de\/wp-json\/wp\/v2\/product\/9079","targetHints":{"allow":["GET"]}}],"collection":[{"href":"https:\/\/www.ceramicbasin.com\/de\/wp-json\/wp\/v2\/product"}],"about":[{"href":"https:\/\/www.ceramicbasin.com\/de\/wp-json\/wp\/v2\/types\/product"}],"replies":[{"embeddable":true,"href":"https:\/\/www.ceramicbasin.com\/de\/wp-json\/wp\/v2\/comments?post=9079"}],"wp:featuredmedia":[{"embeddable":true,"href":"https:\/\/www.ceramicbasin.com\/de\/wp-json\/wp\/v2\/media\/9085"}],"wp:attachment":[{"href":"https:\/\/www.ceramicbasin.com\/de\/wp-json\/wp\/v2\/media?parent=9079"}],"wp:term":[{"taxonomy":"product_brand","embeddable":true,"href":"https:\/\/www.ceramicbasin.com\/de\/wp-json\/wp\/v2\/product_brand?post=9079"},{"taxonomy":"product_cat","embeddable":true,"href":"https:\/\/www.ceramicbasin.com\/de\/wp-json\/wp\/v2\/product_cat?post=9079"},{"taxonomy":"product_tag","embeddable":true,"href":"https:\/\/www.ceramicbasin.com\/de\/wp-json\/wp\/v2\/product_tag?post=9079"}],"curies":[{"name":"wp","href":"https:\/\/api.w.org\/{rel}","templated":true}]}}