{"id":9086,"date":"2026-02-09T09:27:07","date_gmt":"2026-02-09T09:27:07","guid":{"rendered":"https:\/\/www.ceramicbasin.com\/?post_type=product&#038;p=9086"},"modified":"2026-02-09T09:27:10","modified_gmt":"2026-02-09T09:27:10","slug":"semi-recessed-vessel-sinks-wholesale","status":"publish","type":"product","link":"https:\/\/www.ceramicbasin.com\/de\/produkt\/semi-recessed-vessel-sinks-wholesale\/","title":{"rendered":"Semi vertieft Gef\u00e4\u00df Waschbecken Gro\u00dfhandel, OEM moderne Kunst-Becken"},"content":{"rendered":"<div class=\"wp-block-columns is-layout-flex wp-container-core-columns-is-layout-9d6595d7 wp-block-columns-is-layout-flex\">\n<div class=\"wp-block-column is-layout-flow wp-block-column-is-layout-flow\">\n<h2 class=\"wp-block-heading\">Premium Semi Recessed Vessel Sinks Gro\u00dfhandel Features:<\/h2>\n\n\n\n<ul class=\"wp-block-list\">\n<li><strong>K\u00fcnstlerisches Design, einfach und vielseitig: <\/strong>Unsere halb versenkten Gef\u00e4\u00dfwaschbecken im Gro\u00dfhandel haben ein ovales, k\u00fcnstlerisches Design mit glatten und eleganten Linien. Die einfache und moderne Design-Stil erg\u00e4nzt verschiedene Badezimmer Dekore, leicht die allgemeine \u00c4sthetik des Raumes zu verbessern.<\/li>\n\n\n\n<li><strong>Hochwertige Keramik, langlebig und leicht zu reinigen: <\/strong>Diese ovale Halbeinbausp\u00fcle f\u00fcr den Gro\u00dfhandel besteht aus glasierter Keramik mit hoher Dichte und einer glatten und dichten Oberfl\u00e4che, die sie strapazierf\u00e4hig und sehr fleckenbest\u00e4ndig macht. Die t\u00e4gliche Reinigung und Pflege ist extrem einfach.<\/li>\n\n\n\n<li><strong>Halbversenkter Einbau, der Raum und \u00c4sthetik verbindet: <\/strong>Unsere halb versenkten Gef\u00e4\u00dfsp\u00fclbecken bewahren die k\u00fcnstlerische Sch\u00f6nheit eines Aufsatzbeckens, w\u00e4hrend sie die potenzielle Platzverschwendung eines Aufsatzbeckens vermeiden und au\u00dferdem die Reinigung auf der Arbeitsplatte erleichtern.<\/li>\n\n\n\n<li><strong>Hervorragende Textur:<\/strong> Dieses ovale Halbeinbau-Sp\u00fclbecken f\u00fcr den Gro\u00dfhandel hat eine hochwertige Textur und ist langlebig. Es passt perfekt zu verschiedenen modernen Armaturen und sorgt so f\u00fcr eine einheitliche Optik und ein hervorragendes Benutzererlebnis.<\/li>\n<\/ul>\n<\/div>\n\n\n\n<div class=\"wp-block-column is-layout-flow wp-block-column-is-layout-flow\">\n<figure class=\"wp-block-image size-full\"><img fetchpriority=\"high\" decoding=\"async\" width=\"1024\" height=\"1024\" src=\"https:\/\/www.ceramicbasin.com\/wp-content\/uploads\/2026\/02\/Hot-Selling-New-Design-Artistic-Style-Oval-Ceramic-Sink-Semi-Counter-Hotel-Family-Washing-Bathroom-Basin-2.webp\" alt=\"Hot Selling New Design Artistic Style Oval Ceramic Sink , Semi Counter Hotel Family Washing Bathroom Basin\" class=\"wp-image-9088\" srcset=\"https:\/\/www.ceramicbasin.com\/wp-content\/uploads\/2026\/02\/Hot-Selling-New-Design-Artistic-Style-Oval-Ceramic-Sink-Semi-Counter-Hotel-Family-Washing-Bathroom-Basin-2.webp 1024w, https:\/\/www.ceramicbasin.com\/wp-content\/uploads\/2026\/02\/Hot-Selling-New-Design-Artistic-Style-Oval-Ceramic-Sink-Semi-Counter-Hotel-Family-Washing-Bathroom-Basin-2-300x300.webp 300w, https:\/\/www.ceramicbasin.com\/wp-content\/uploads\/2026\/02\/Hot-Selling-New-Design-Artistic-Style-Oval-Ceramic-Sink-Semi-Counter-Hotel-Family-Washing-Bathroom-Basin-2-150x150.webp 150w, https:\/\/www.ceramicbasin.com\/wp-content\/uploads\/2026\/02\/Hot-Selling-New-Design-Artistic-Style-Oval-Ceramic-Sink-Semi-Counter-Hotel-Family-Washing-Bathroom-Basin-2-768x768.webp 768w, https:\/\/www.ceramicbasin.com\/wp-content\/uploads\/2026\/02\/Hot-Selling-New-Design-Artistic-Style-Oval-Ceramic-Sink-Semi-Counter-Hotel-Family-Washing-Bathroom-Basin-2-12x12.webp 12w, https:\/\/www.ceramicbasin.com\/wp-content\/uploads\/2026\/02\/Hot-Selling-New-Design-Artistic-Style-Oval-Ceramic-Sink-Semi-Counter-Hotel-Family-Washing-Bathroom-Basin-2-285x285.webp 285w, https:\/\/www.ceramicbasin.com\/wp-content\/uploads\/2026\/02\/Hot-Selling-New-Design-Artistic-Style-Oval-Ceramic-Sink-Semi-Counter-Hotel-Family-Washing-Bathroom-Basin-2-270x270.webp 270w, https:\/\/www.ceramicbasin.com\/wp-content\/uploads\/2026\/02\/Hot-Selling-New-Design-Artistic-Style-Oval-Ceramic-Sink-Semi-Counter-Hotel-Family-Washing-Bathroom-Basin-2-540x540.webp 540w, https:\/\/www.ceramicbasin.com\/wp-content\/uploads\/2026\/02\/Hot-Selling-New-Design-Artistic-Style-Oval-Ceramic-Sink-Semi-Counter-Hotel-Family-Washing-Bathroom-Basin-2-660x660.webp 660w\" sizes=\"(max-width: 1024px) 100vw, 1024px\" \/><\/figure>\n<\/div>\n<\/div>","protected":false},"excerpt":{"rendered":"<p>Willkommen zum Kauf Gro\u00dfhandel Waschbecken. Unsere halb versenkten Gef\u00e4\u00df Waschbecken Gro\u00dfhandel verf\u00fcgen \u00fcber ein einfaches ovales Design, speziell f\u00fcr moderne B\u00e4der entwickelt, die Kombination von k\u00fcnstlerischen Reiz mit praktischer Funktionalit\u00e4t.<\/p>\n<table style=\"border-collapse: collapse; width: 358.52pt;\" border=\"0\" width=\"478\" cellspacing=\"0\" cellpadding=\"0\">\n<tbody>\n<tr style=\"height: 17.25pt;\">\n<td class=\"et3\" style=\"height: 17.25pt; width: 125.00pt;\" width=\"166\" height=\"23\">Hersteller<\/td>\n<td class=\"et3\" style=\"width: 234.15pt;\" width=\"312\">HanYu<\/td>\n<\/tr>\n<tr style=\"height: 17.25pt;\">\n<td class=\"et3\" style=\"height: 17.25pt;\" height=\"23\">Modell Nr.<\/td>\n<td class=\"et4\">HY-5020<\/td>\n<\/tr>\n<tr style=\"height: 17.25pt;\">\n<td class=\"et3\" style=\"height: 17.25pt;\" height=\"23\">Typ<\/td>\n<td class=\"et5\" style=\"width: 234.15pt;\" width=\"312\">Halbeinbauwaschbecken<\/td>\n<\/tr>\n<tr style=\"height: 18.00pt;\">\n<td class=\"et3\" style=\"height: 18.00pt;\" height=\"24\">Form<\/td>\n<td class=\"et3\">Ovale Form<\/td>\n<\/tr>\n<tr style=\"height: 34.50pt;\">\n<td class=\"et4\" style=\"height: 34.50pt;\" height=\"46\">Farbe<\/td>\n<td class=\"et5\" style=\"width: 234.15pt;\" width=\"312\">schwarz\/wei\u00df\/blau\/grau\/rosa\/gr\u00fcn\/braun\/khaki<\/td>\n<\/tr>\n<tr style=\"height: 18.00pt;\">\n<td class=\"et3\" style=\"height: 18.00pt;\" height=\"24\">Dimension<\/td>\n<td class=\"et5\" style=\"width: 234.15pt;\" width=\"312\">60*40*18<\/td>\n<\/tr>\n<tr style=\"height: 17.25pt;\">\n<td class=\"et3\" style=\"height: 17.25pt;\" height=\"23\">N.W \/SET<\/td>\n<td class=\"et3\">13KGS\/PCS<\/td>\n<\/tr>\n<tr style=\"height: 17.25pt;\">\n<td class=\"et3\" style=\"height: 17.25pt;\" height=\"23\">MOQ<\/td>\n<td class=\"et3\">20St\u00fcck<\/td>\n<\/tr>\n<tr style=\"height: 17.25pt;\">\n<td class=\"et3\" style=\"height: 17.25pt;\" height=\"23\">Benutzerdefinierte Option<\/td>\n<td class=\"et3\">Farbe\/Muster\/Gr\u00f6\u00dfe\/Logo\/Verpackung<\/td>\n<\/tr>\n<\/tbody>\n<\/table>","protected":false},"featured_media":9092,"comment_status":"closed","ping_status":"closed","template":"","meta":{"_acf_changed":false},"product_brand":[],"product_cat":[58],"product_tag":[],"class_list":{"0":"post-9086","1":"product","2":"type-product","3":"status-publish","4":"has-post-thumbnail","6":"product_cat-wholesale-semi-recessed-sinks","8":"first","9":"instock","10":"shipping-taxable","11":"product-type-simple"},"acf":[],"_links":{"self":[{"href":"https:\/\/www.ceramicbasin.com\/de\/wp-json\/wp\/v2\/product\/9086","targetHints":{"allow":["GET"]}}],"collection":[{"href":"https:\/\/www.ceramicbasin.com\/de\/wp-json\/wp\/v2\/product"}],"about":[{"href":"https:\/\/www.ceramicbasin.com\/de\/wp-json\/wp\/v2\/types\/product"}],"replies":[{"embeddable":true,"href":"https:\/\/www.ceramicbasin.com\/de\/wp-json\/wp\/v2\/comments?post=9086"}],"wp:featuredmedia":[{"embeddable":true,"href":"https:\/\/www.ceramicbasin.com\/de\/wp-json\/wp\/v2\/media\/9092"}],"wp:attachment":[{"href":"https:\/\/www.ceramicbasin.com\/de\/wp-json\/wp\/v2\/media?parent=9086"}],"wp:term":[{"taxonomy":"product_brand","embeddable":true,"href":"https:\/\/www.ceramicbasin.com\/de\/wp-json\/wp\/v2\/product_brand?post=9086"},{"taxonomy":"product_cat","embeddable":true,"href":"https:\/\/www.ceramicbasin.com\/de\/wp-json\/wp\/v2\/product_cat?post=9086"},{"taxonomy":"product_tag","embeddable":true,"href":"https:\/\/www.ceramicbasin.com\/de\/wp-json\/wp\/v2\/product_tag?post=9086"}],"curies":[{"name":"wp","href":"https:\/\/api.w.org\/{rel}","templated":true}]}}