{"id":9102,"date":"2026-02-09T02:20:49","date_gmt":"2026-02-09T02:20:49","guid":{"rendered":"https:\/\/www.ceramicbasin.com\/?post_type=product&#038;p=9102"},"modified":"2026-02-09T09:04:48","modified_gmt":"2026-02-09T09:04:48","slug":"wholesale-wall-hung-basins","status":"publish","type":"product","link":"https:\/\/www.ceramicbasin.com\/de\/produkt\/wholesale-wall-hung-basins\/","title":{"rendered":"Elegantes Gro\u00dfhandels-Wandwaschbecken, langlebig und platzsparend"},"content":{"rendered":"<div class=\"wp-block-columns is-layout-flex wp-container-core-columns-is-layout-9d6595d7 wp-block-columns-is-layout-flex\">\n<div class=\"wp-block-column is-layout-flow wp-block-column-is-layout-flow\">\n<h2 class=\"wp-block-heading\">Premium-Gro\u00dfhandel Wandh\u00e4ngende Waschbecken Merkmale:<\/h2>\n\n\n\n<ul class=\"wp-block-list\">\n<li><strong>Hochwertige Keramik f\u00fcr lange Haltbarkeit: <\/strong>Unsere im Gro\u00dfhandel erh\u00e4ltlichen wandh\u00e4ngenden Waschbecken sind aus hochwertiger keramischer Glasur mit einer dichten Textur, die resistent gegen Flecken und Korrosion ist. Sie sind langlebig und resistent gegen Risse und Abnutzung auch bei langfristiger Nutzung.<\/li>\n\n\n\n<li><strong>Die Wandmontage spart Platz: <\/strong>Die Wandmontage dieses modernen Waschbeckens im Gro\u00dfhandel nimmt keine Bodenfl\u00e4che in Anspruch, was die Reinigung erleichtert und in kleineren Badezimmern effektiv Platz spart und optimiert, so dass ein gro\u00dfz\u00fcgigeres Raumgef\u00fchl entsteht.<\/li>\n\n\n\n<li><strong>Modernes Design f\u00fcr breite Kompatibilit\u00e4t: <\/strong>Unsere wandh\u00e4ngenden Waschbecken im Gro\u00dfhandel zeichnen sich durch ein schlichtes und elegantes Design mit klassischen schwarzen und wei\u00dfen Farboptionen aus, die sich leicht in verschiedene Einrichtungsstile wie modern und nordisch integrieren lassen und die \u00c4sthetik des Raumes verbessern.<\/li>\n\n\n\n<li><strong>Einfache Installation und effiziente Entw\u00e4sserung: <\/strong>Unser modernes, wandh\u00e4ngendes Gro\u00dfhandelsbecken wurde mit Blick auf eine einfache Installation entworfen und wird mit einer klaren Installationsanleitung geliefert. Die wissenschaftlich entwickelte Form des Beckens und das Abflussloch sorgen f\u00fcr einen schnellen und reibungslosen Abfluss und reduzieren die Wasseransammlung.<\/li>\n<\/ul>\n<\/div>\n\n\n\n<div class=\"wp-block-column is-layout-flow wp-block-column-is-layout-flow\">\n<figure class=\"wp-block-image size-full\"><img fetchpriority=\"high\" decoding=\"async\" width=\"800\" height=\"800\" src=\"https:\/\/www.ceramicbasin.com\/wp-content\/uploads\/2026\/02\/wall-mount-bathroom-sink\uff0cwall-hung-basin-sink\uff0csinks-bathroom5.webp\" alt=\"\" class=\"wp-image-9108\" srcset=\"https:\/\/www.ceramicbasin.com\/wp-content\/uploads\/2026\/02\/wall-mount-bathroom-sink\uff0cwall-hung-basin-sink\uff0csinks-bathroom5.webp 800w, https:\/\/www.ceramicbasin.com\/wp-content\/uploads\/2026\/02\/wall-mount-bathroom-sink\uff0cwall-hung-basin-sink\uff0csinks-bathroom5-300x300.webp 300w, https:\/\/www.ceramicbasin.com\/wp-content\/uploads\/2026\/02\/wall-mount-bathroom-sink\uff0cwall-hung-basin-sink\uff0csinks-bathroom5-150x150.webp 150w, https:\/\/www.ceramicbasin.com\/wp-content\/uploads\/2026\/02\/wall-mount-bathroom-sink\uff0cwall-hung-basin-sink\uff0csinks-bathroom5-768x768.webp 768w, https:\/\/www.ceramicbasin.com\/wp-content\/uploads\/2026\/02\/wall-mount-bathroom-sink\uff0cwall-hung-basin-sink\uff0csinks-bathroom5-12x12.webp 12w, https:\/\/www.ceramicbasin.com\/wp-content\/uploads\/2026\/02\/wall-mount-bathroom-sink\uff0cwall-hung-basin-sink\uff0csinks-bathroom5-285x285.webp 285w, https:\/\/www.ceramicbasin.com\/wp-content\/uploads\/2026\/02\/wall-mount-bathroom-sink\uff0cwall-hung-basin-sink\uff0csinks-bathroom5-270x270.webp 270w, https:\/\/www.ceramicbasin.com\/wp-content\/uploads\/2026\/02\/wall-mount-bathroom-sink\uff0cwall-hung-basin-sink\uff0csinks-bathroom5-540x540.webp 540w, https:\/\/www.ceramicbasin.com\/wp-content\/uploads\/2026\/02\/wall-mount-bathroom-sink\uff0cwall-hung-basin-sink\uff0csinks-bathroom5-660x660.webp 660w\" sizes=\"(max-width: 800px) 100vw, 800px\" \/><\/figure>\n<\/div>\n<\/div>\n\n\n\n<p><\/p>","protected":false},"excerpt":{"rendered":"<p>Willkommen im Gro\u00dfhandel f\u00fcr wandh\u00e4ngende Waschbecken. Dieses moderne wandh\u00e4ngende Waschbecken kombiniert benutzerfreundliches Design mit einem reibungslosen Abflusssystem, das f\u00fcr verschiedene Badezimmer geeignet ist und eine robuste, langlebige und platzsparende L\u00f6sung darstellt.<\/p>\n<table style=\"border-collapse: collapse; width: 358.52pt;\" border=\"0\" width=\"478\" cellspacing=\"0\" cellpadding=\"0\">\n<tbody>\n<tr style=\"height: 17.25pt;\">\n<td class=\"et3\" style=\"height: 17.25pt; width: 125.00pt;\" width=\"166\" height=\"23\">Hersteller<\/td>\n<td class=\"et3\" style=\"width: 234.15pt;\" width=\"312\">HanYu<\/td>\n<\/tr>\n<tr style=\"height: 17.25pt;\">\n<td class=\"et3\" style=\"height: 17.25pt;\" height=\"23\">Modell Nr.<\/td>\n<td class=\"et4\">HY-3140<\/td>\n<\/tr>\n<tr style=\"height: 17.25pt;\">\n<td class=\"et3\" style=\"height: 17.25pt;\" height=\"23\">Typ<\/td>\n<td class=\"et5\" style=\"width: 234.15pt;\" width=\"312\">Wandh\u00e4ngende Waschbecken<\/td>\n<\/tr>\n<tr style=\"height: 18.00pt;\">\n<td class=\"et3\" style=\"height: 18.00pt;\" height=\"24\">Form<\/td>\n<td class=\"et3\">Rectanglue Form<\/td>\n<\/tr>\n<tr style=\"height: 34.50pt;\">\n<td class=\"et4\" style=\"height: 34.50pt;\" height=\"46\">Farbe<\/td>\n<td class=\"et5\" style=\"width: 234.15pt;\" width=\"312\">schwarz\/wei\u00df\/blau\/grau\/rosa\/gr\u00fcn\/braun\/khaki<\/td>\n<\/tr>\n<tr style=\"height: 18.00pt;\">\n<td class=\"et3\" style=\"height: 18.00pt;\" height=\"24\">Dimension<\/td>\n<td class=\"et5\" style=\"width: 234.15pt;\" width=\"312\">62*48*20<\/td>\n<\/tr>\n<tr style=\"height: 17.25pt;\">\n<td class=\"et3\" style=\"height: 17.25pt;\" height=\"23\">N.W \/SET<\/td>\n<td class=\"et3\">15 KGS\/PCS<\/td>\n<\/tr>\n<tr style=\"height: 17.25pt;\">\n<td class=\"et3\" style=\"height: 17.25pt;\" height=\"23\">MOQ<\/td>\n<td class=\"et3\">20St\u00fcck<\/td>\n<\/tr>\n<tr style=\"height: 17.25pt;\">\n<td class=\"et3\" style=\"height: 17.25pt;\" height=\"23\">Benutzerdefinierte Option<\/td>\n<td class=\"et3\">Farbe\/Muster\/Gr\u00f6\u00dfe\/Logo\/Verpackung<\/td>\n<\/tr>\n<\/tbody>\n<\/table>","protected":false},"featured_media":9103,"comment_status":"closed","ping_status":"closed","template":"","meta":{"_acf_changed":false},"product_brand":[],"product_cat":[57],"product_tag":[],"class_list":{"0":"post-9102","1":"product","2":"type-product","3":"status-publish","4":"has-post-thumbnail","6":"product_cat-wholesale-wall-mounted-sinks","8":"first","9":"instock","10":"shipping-taxable","11":"product-type-simple"},"acf":[],"_links":{"self":[{"href":"https:\/\/www.ceramicbasin.com\/de\/wp-json\/wp\/v2\/product\/9102","targetHints":{"allow":["GET"]}}],"collection":[{"href":"https:\/\/www.ceramicbasin.com\/de\/wp-json\/wp\/v2\/product"}],"about":[{"href":"https:\/\/www.ceramicbasin.com\/de\/wp-json\/wp\/v2\/types\/product"}],"replies":[{"embeddable":true,"href":"https:\/\/www.ceramicbasin.com\/de\/wp-json\/wp\/v2\/comments?post=9102"}],"wp:featuredmedia":[{"embeddable":true,"href":"https:\/\/www.ceramicbasin.com\/de\/wp-json\/wp\/v2\/media\/9103"}],"wp:attachment":[{"href":"https:\/\/www.ceramicbasin.com\/de\/wp-json\/wp\/v2\/media?parent=9102"}],"wp:term":[{"taxonomy":"product_brand","embeddable":true,"href":"https:\/\/www.ceramicbasin.com\/de\/wp-json\/wp\/v2\/product_brand?post=9102"},{"taxonomy":"product_cat","embeddable":true,"href":"https:\/\/www.ceramicbasin.com\/de\/wp-json\/wp\/v2\/product_cat?post=9102"},{"taxonomy":"product_tag","embeddable":true,"href":"https:\/\/www.ceramicbasin.com\/de\/wp-json\/wp\/v2\/product_tag?post=9102"}],"curies":[{"name":"wp","href":"https:\/\/api.w.org\/{rel}","templated":true}]}}