{"id":9109,"date":"2026-02-09T05:13:51","date_gmt":"2026-02-09T05:13:51","guid":{"rendered":"https:\/\/www.ceramicbasin.com\/?post_type=product&#038;p=9109"},"modified":"2026-02-10T11:29:38","modified_gmt":"2026-02-10T11:29:38","slug":"custom-wall-mounted-bathroom-sink","status":"publish","type":"product","link":"https:\/\/www.ceramicbasin.com\/de\/produkt\/custom-wall-mounted-bathroom-sink\/","title":{"rendered":"Kundenspezifisches wandmontiertes Waschbecken f\u00fcr das Badezimmer, kleines rechteckiges Waschbecken Bulk"},"content":{"rendered":"<div class=\"wp-block-columns is-layout-flex wp-container-core-columns-is-layout-9d6595d7 wp-block-columns-is-layout-flex\">\n<div class=\"wp-block-column is-layout-flow wp-block-column-is-layout-flow\">\n<h2 class=\"wp-block-heading\">Premium Custom Wall Mounted Bathroom Sink Features:<\/h2>\n\n\n\n<ul class=\"wp-block-list\">\n<li><strong>Ausgezeichnete Leistung:<\/strong> Wir verwenden f\u00fcr unsere ma\u00dfgeschneiderten, an der Wand befestigten Waschbecken hochwertige Keramikmaterialien, so dass das Waschbecken eine ausgezeichnete Haltbarkeit und Kratzfestigkeit aufweist und auch nach langem Gebrauch in einem guten Zustand bleibt.<\/li>\n\n\n\n<li><strong>Anpassbare Optionen:<\/strong> Unsere ma\u00dfgeschneiderten wandmontierten Waschbecken sind in verschiedenen Farben, Oberfl\u00e4chenausf\u00fchrungen und anpassbaren Verpackungen erh\u00e4ltlich, so dass Sie das Produkt an Ihre spezifischen Marken- und Marktanforderungen anpassen k\u00f6nnen.<\/li>\n\n\n\n<li><strong>Leicht zu reinigende Glasurbehandlung:\u00a0<\/strong>Die Oberfl\u00e4che dieses Gro\u00dfhandels Keramik wandh\u00e4ngende Waschbecken nimmt spezielle easy-to-clean Glasur-Technologie, die glatt und zart ist, Flecken nicht haften und leicht zu reinigen.<\/li>\n\n\n\n<li><strong>Wandmontiertes Design:<\/strong> Diese ma\u00dfgefertigten Keramikwaschbecken sparen Platz, halten kleine Badezimmer ordentlich und sauber und machen die Bodenreinigung zu einer leichten Aufgabe.<\/li>\n\n\n\n<li><strong>Sparen Sie Platz:<\/strong> Unser ma\u00dfgefertigtes, an der Wand montiertes Waschbecken ist f\u00fcr kleine Wohnungen, Hotelzimmer, \u00f6ffentliche Toiletten und alle Orte gedacht, an denen Sie einen kleinen Raum haben und Ihre Wandfl\u00e4che nutzen m\u00f6chten.<\/li>\n\n\n\n<li><strong>Kommerzielle strukturelle St\u00e4rke:<\/strong> Diese ma\u00dfgefertigten Keramikwaschbecken haben eine robuste Struktur mit hervorragender Tragf\u00e4higkeit und eignen sich f\u00fcr hochfrequentierte \u00f6ffentliche oder gewerbliche Toilettenbereiche.<\/li>\n<\/ul>\n<\/div>\n\n\n\n<div class=\"wp-block-column is-layout-flow wp-block-column-is-layout-flow\">\n<figure class=\"wp-block-image size-full\"><img fetchpriority=\"high\" decoding=\"async\" width=\"800\" height=\"800\" src=\"https:\/\/www.ceramicbasin.com\/wp-content\/uploads\/2026\/02\/vanity-sinks-for-bathroom\uff0cporcelain-bathroom-sink\uff0cwall-hung-sink5.webp\" alt=\"custom-wall-mounted-bathroom-sink-small-ceramic-basin-bulk-5\" class=\"wp-image-9115\" srcset=\"https:\/\/www.ceramicbasin.com\/wp-content\/uploads\/2026\/02\/vanity-sinks-for-bathroom\uff0cporcelain-bathroom-sink\uff0cwall-hung-sink5.webp 800w, https:\/\/www.ceramicbasin.com\/wp-content\/uploads\/2026\/02\/vanity-sinks-for-bathroom\uff0cporcelain-bathroom-sink\uff0cwall-hung-sink5-300x300.webp 300w, https:\/\/www.ceramicbasin.com\/wp-content\/uploads\/2026\/02\/vanity-sinks-for-bathroom\uff0cporcelain-bathroom-sink\uff0cwall-hung-sink5-150x150.webp 150w, https:\/\/www.ceramicbasin.com\/wp-content\/uploads\/2026\/02\/vanity-sinks-for-bathroom\uff0cporcelain-bathroom-sink\uff0cwall-hung-sink5-768x768.webp 768w, https:\/\/www.ceramicbasin.com\/wp-content\/uploads\/2026\/02\/vanity-sinks-for-bathroom\uff0cporcelain-bathroom-sink\uff0cwall-hung-sink5-12x12.webp 12w, https:\/\/www.ceramicbasin.com\/wp-content\/uploads\/2026\/02\/vanity-sinks-for-bathroom\uff0cporcelain-bathroom-sink\uff0cwall-hung-sink5-285x285.webp 285w, https:\/\/www.ceramicbasin.com\/wp-content\/uploads\/2026\/02\/vanity-sinks-for-bathroom\uff0cporcelain-bathroom-sink\uff0cwall-hung-sink5-270x270.webp 270w, https:\/\/www.ceramicbasin.com\/wp-content\/uploads\/2026\/02\/vanity-sinks-for-bathroom\uff0cporcelain-bathroom-sink\uff0cwall-hung-sink5-540x540.webp 540w, https:\/\/www.ceramicbasin.com\/wp-content\/uploads\/2026\/02\/vanity-sinks-for-bathroom\uff0cporcelain-bathroom-sink\uff0cwall-hung-sink5-660x660.webp 660w\" sizes=\"(max-width: 800px) 100vw, 800px\" \/><\/figure>\n<\/div>\n<\/div>\n\n\n\n<p><\/p>","protected":false},"excerpt":{"rendered":"<p>Wir laden Sie ein, unsere hochwertigen, wandmontierten Waschbecken in einem kleinen, rechteckigen Design zu kaufen, die sich perfekt f\u00fcr platzsparende Waschbecken in Hotels, B\u00fcros und Wohnb\u00e4dern eignen. Hergestellt aus langlebiger Keramik, leicht zu reinigen und anpassbar in Gr\u00f6\u00dfe, Farbe und Ablaufposition. Ideal f\u00fcr Gro\u00dfeink\u00e4ufe und gewerbliche Projekte, da sie praktische, stilvolle und hygienische L\u00f6sungen f\u00fcr moderne Badezimmerinstallationen bieten.<\/p>\n<table border=\"0\" width=\"478\" cellspacing=\"0\" cellpadding=\"0\">\n<tbody>\n<tr>\n<td width=\"166\" height=\"23\">Hersteller<\/td>\n<td width=\"312\">HanYu<\/td>\n<\/tr>\n<tr>\n<td height=\"23\">Modell Nr.<\/td>\n<td>HY-3141L<\/td>\n<\/tr>\n<tr>\n<td height=\"23\">Typ<\/td>\n<td width=\"312\">Wandh\u00e4ngende Waschbecken<\/td>\n<\/tr>\n<tr>\n<td height=\"24\">Form<\/td>\n<td>Rectanglue Form<\/td>\n<\/tr>\n<tr>\n<td height=\"46\">Farbe<\/td>\n<td width=\"312\">schwarz\/wei\u00df\/blau\/grau\/rosa\/gr\u00fcn\/braun\/khaki<\/td>\n<\/tr>\n<tr>\n<td height=\"24\">Dimension<\/td>\n<td width=\"312\">43*27*25<\/td>\n<\/tr>\n<tr>\n<td height=\"23\">N.W \/SET<\/td>\n<td>15KGS\/PCS<\/td>\n<\/tr>\n<tr>\n<td height=\"23\">MOQ<\/td>\n<td>20St\u00fcck<\/td>\n<\/tr>\n<tr>\n<td height=\"23\">Benutzerdefinierte Option<\/td>\n<td>Farbe\/Muster\/Gr\u00f6\u00dfe\/Logo\/Verpackung<\/td>\n<\/tr>\n<\/tbody>\n<\/table>","protected":false},"featured_media":9113,"comment_status":"closed","ping_status":"closed","template":"","meta":{"_acf_changed":false},"product_brand":[],"product_cat":[57,56],"product_tag":[],"class_list":{"0":"post-9109","1":"product","2":"type-product","3":"status-publish","4":"has-post-thumbnail","6":"product_cat-wholesale-wall-mounted-sinks","7":"product_cat-wholesale-small-bathroom-sinks","9":"first","10":"instock","11":"shipping-taxable","12":"product-type-simple"},"acf":[],"_links":{"self":[{"href":"https:\/\/www.ceramicbasin.com\/de\/wp-json\/wp\/v2\/product\/9109","targetHints":{"allow":["GET"]}}],"collection":[{"href":"https:\/\/www.ceramicbasin.com\/de\/wp-json\/wp\/v2\/product"}],"about":[{"href":"https:\/\/www.ceramicbasin.com\/de\/wp-json\/wp\/v2\/types\/product"}],"replies":[{"embeddable":true,"href":"https:\/\/www.ceramicbasin.com\/de\/wp-json\/wp\/v2\/comments?post=9109"}],"wp:featuredmedia":[{"embeddable":true,"href":"https:\/\/www.ceramicbasin.com\/de\/wp-json\/wp\/v2\/media\/9113"}],"wp:attachment":[{"href":"https:\/\/www.ceramicbasin.com\/de\/wp-json\/wp\/v2\/media?parent=9109"}],"wp:term":[{"taxonomy":"product_brand","embeddable":true,"href":"https:\/\/www.ceramicbasin.com\/de\/wp-json\/wp\/v2\/product_brand?post=9109"},{"taxonomy":"product_cat","embeddable":true,"href":"https:\/\/www.ceramicbasin.com\/de\/wp-json\/wp\/v2\/product_cat?post=9109"},{"taxonomy":"product_tag","embeddable":true,"href":"https:\/\/www.ceramicbasin.com\/de\/wp-json\/wp\/v2\/product_tag?post=9109"}],"curies":[{"name":"wp","href":"https:\/\/api.w.org\/{rel}","templated":true}]}}