{"id":9123,"date":"2026-02-09T05:24:01","date_gmt":"2026-02-09T05:24:01","guid":{"rendered":"https:\/\/www.ceramicbasin.com\/?post_type=product&#038;p=9123"},"modified":"2026-02-09T08:37:47","modified_gmt":"2026-02-09T08:37:47","slug":"wholesale-small-wall-hung-sinks","status":"publish","type":"product","link":"https:\/\/www.ceramicbasin.com\/de\/produkt\/wholesale-small-wall-hung-sinks\/","title":{"rendered":"Fabrik direkt Gro\u00dfhandel kleine Wand h\u00e4ngenden Waschbecken f\u00fcr Wohnung"},"content":{"rendered":"<div class=\"wp-block-columns is-layout-flex wp-container-core-columns-is-layout-9d6595d7 wp-block-columns-is-layout-flex\">\n<div class=\"wp-block-column is-layout-flow wp-block-column-is-layout-flow\">\n<h2 class=\"wp-block-heading\">Premium-Gro\u00dfhandel Kleine Wandh\u00e4ngende Waschbecken Merkmale:<\/h2>\n\n\n\n<ul class=\"wp-block-list\">\n<li><strong>Hei\u00dfer Verkauf: <\/strong>Diese kleinen, an der Wand h\u00e4ngenden Waschbecken werden vom Markt wegen ihrer Langlebigkeit, der einheitlichen Farbe, der einfachen Reinigung und Wartung sowie der hohen Kosten gut angenommen.<\/li>\n\n\n\n<li><strong>Weich und zart: <\/strong>Unsere kleinen Badezimmerwaschbecken f\u00fcr den Gro\u00dfhandel haben eine glatte und empfindliche Oberfl\u00e4che, die leicht zu reinigen ist und den Abnutzungen und Flecken des t\u00e4glichen Gebrauchs standh\u00e4lt, so dass sie lange Zeit wie neu aussehen.<\/li>\n\n\n\n<li><strong>Gro\u00dfe Produktionskapazit\u00e4t: <\/strong>Unser gro\u00dfes Lager enth\u00e4lt verschiedene Arten von Gro\u00dfhandel kleine Wand hingen Waschbecken. W\u00e4hlen Sie die Artikel, die auf Produktion sind, haben wir genug wei\u00dfe Becken, Marmor Farbe Becken zu machen, w\u00fcrde die Versandzeit viel k\u00fcrzer sein.<\/li>\n\n\n\n<li><strong>Wandmontiertes Design:<\/strong> Diese ma\u00dfgefertigten kleinen Waschbecken sparen Platz, sorgen f\u00fcr Ordnung und Sauberkeit in kleinen Badezimmern und machen die Bodenreinigung zu einer leichten Aufgabe. Sie sind f\u00fcr kleine Wohnungen, Hotelzimmer, \u00f6ffentliche Toiletten und jeden Ort gedacht, an dem Sie einen kleinen Raum haben und Ihre Wandfl\u00e4che nutzen m\u00f6chten.<\/li>\n\n\n\n<li><strong>Kommerzielle strukturelle St\u00e4rke: <\/strong>Diese kleinen wandh\u00e4ngenden Waschbecken f\u00fcr den Gro\u00dfhandel haben eine robuste Struktur mit hervorragender Tragf\u00e4higkeit und eignen sich f\u00fcr hochfrequentierte \u00f6ffentliche oder gewerbliche Toilettenbereiche.<\/li>\n<\/ul>\n<\/div>\n\n\n\n<div class=\"wp-block-column is-layout-flow wp-block-column-is-layout-flow\">\n<figure class=\"wp-block-image size-full\"><img fetchpriority=\"high\" decoding=\"async\" width=\"800\" height=\"800\" src=\"https:\/\/www.ceramicbasin.com\/wp-content\/uploads\/2026\/02\/porcelain-bathroom-sink\uff0cceramic-bathroom-sink\uff0cwall-hung-bathroom-sink5.webp\" alt=\"\" class=\"wp-image-9129\" srcset=\"https:\/\/www.ceramicbasin.com\/wp-content\/uploads\/2026\/02\/porcelain-bathroom-sink\uff0cceramic-bathroom-sink\uff0cwall-hung-bathroom-sink5.webp 800w, https:\/\/www.ceramicbasin.com\/wp-content\/uploads\/2026\/02\/porcelain-bathroom-sink\uff0cceramic-bathroom-sink\uff0cwall-hung-bathroom-sink5-300x300.webp 300w, https:\/\/www.ceramicbasin.com\/wp-content\/uploads\/2026\/02\/porcelain-bathroom-sink\uff0cceramic-bathroom-sink\uff0cwall-hung-bathroom-sink5-150x150.webp 150w, https:\/\/www.ceramicbasin.com\/wp-content\/uploads\/2026\/02\/porcelain-bathroom-sink\uff0cceramic-bathroom-sink\uff0cwall-hung-bathroom-sink5-768x768.webp 768w, https:\/\/www.ceramicbasin.com\/wp-content\/uploads\/2026\/02\/porcelain-bathroom-sink\uff0cceramic-bathroom-sink\uff0cwall-hung-bathroom-sink5-12x12.webp 12w, https:\/\/www.ceramicbasin.com\/wp-content\/uploads\/2026\/02\/porcelain-bathroom-sink\uff0cceramic-bathroom-sink\uff0cwall-hung-bathroom-sink5-285x285.webp 285w, https:\/\/www.ceramicbasin.com\/wp-content\/uploads\/2026\/02\/porcelain-bathroom-sink\uff0cceramic-bathroom-sink\uff0cwall-hung-bathroom-sink5-270x270.webp 270w, https:\/\/www.ceramicbasin.com\/wp-content\/uploads\/2026\/02\/porcelain-bathroom-sink\uff0cceramic-bathroom-sink\uff0cwall-hung-bathroom-sink5-540x540.webp 540w, https:\/\/www.ceramicbasin.com\/wp-content\/uploads\/2026\/02\/porcelain-bathroom-sink\uff0cceramic-bathroom-sink\uff0cwall-hung-bathroom-sink5-660x660.webp 660w\" sizes=\"(max-width: 800px) 100vw, 800px\" \/><\/figure>\n<\/div>\n<\/div>\n\n\n\n<p><\/p>","protected":false},"excerpt":{"rendered":"<p>Willkommen zum Kauf von kleinen Waschbecken f\u00fcr Badezimmer. Unsere kleinen wandh\u00e4ngenden Waschbecken im Gro\u00dfhandel haben eine glatte und empfindliche Oberfl\u00e4che, die leicht zu reinigen ist und dem Verschlei\u00df und den Flecken des t\u00e4glichen Gebrauchs widersteht, so dass sie lange Zeit wie neu sind.<\/p>\n<table border=\"0\" width=\"478\" cellspacing=\"0\" cellpadding=\"0\">\n<tbody>\n<tr>\n<td width=\"166\" height=\"23\">Hersteller<\/td>\n<td width=\"312\">HanYu<\/td>\n<\/tr>\n<tr>\n<td height=\"23\">Modell Nr.<\/td>\n<td>HY-3142R<\/td>\n<\/tr>\n<tr>\n<td height=\"23\">Typ<\/td>\n<td width=\"312\">Wandh\u00e4ngende Waschbecken<\/td>\n<\/tr>\n<tr>\n<td height=\"24\">Form<\/td>\n<td>Rectanglue Form<\/td>\n<\/tr>\n<tr>\n<td height=\"46\">Farbe<\/td>\n<td width=\"312\">schwarz\/wei\u00df\/blau\/grau\/rosa\/gr\u00fcn\/braun\/khaki<\/td>\n<\/tr>\n<tr>\n<td height=\"24\">Dimension<\/td>\n<td width=\"312\">43*27*14.5<\/td>\n<\/tr>\n<tr>\n<td height=\"23\">N.W \/SET<\/td>\n<td>15KGS\/PCS<\/td>\n<\/tr>\n<tr>\n<td height=\"23\">MOQ<\/td>\n<td>20St\u00fcck<\/td>\n<\/tr>\n<tr>\n<td height=\"23\">Benutzerdefinierte Option<\/td>\n<td>Farbe\/Muster\/Gr\u00f6\u00dfe\/Logo\/Verpackung<\/td>\n<\/tr>\n<\/tbody>\n<\/table>","protected":false},"featured_media":9127,"comment_status":"closed","ping_status":"closed","template":"","meta":{"_acf_changed":false},"product_brand":[],"product_cat":[57,56],"product_tag":[],"class_list":{"0":"post-9123","1":"product","2":"type-product","3":"status-publish","4":"has-post-thumbnail","6":"product_cat-wholesale-wall-mounted-sinks","7":"product_cat-wholesale-small-bathroom-sinks","9":"first","10":"instock","11":"shipping-taxable","12":"product-type-simple"},"acf":[],"_links":{"self":[{"href":"https:\/\/www.ceramicbasin.com\/de\/wp-json\/wp\/v2\/product\/9123","targetHints":{"allow":["GET"]}}],"collection":[{"href":"https:\/\/www.ceramicbasin.com\/de\/wp-json\/wp\/v2\/product"}],"about":[{"href":"https:\/\/www.ceramicbasin.com\/de\/wp-json\/wp\/v2\/types\/product"}],"replies":[{"embeddable":true,"href":"https:\/\/www.ceramicbasin.com\/de\/wp-json\/wp\/v2\/comments?post=9123"}],"wp:featuredmedia":[{"embeddable":true,"href":"https:\/\/www.ceramicbasin.com\/de\/wp-json\/wp\/v2\/media\/9127"}],"wp:attachment":[{"href":"https:\/\/www.ceramicbasin.com\/de\/wp-json\/wp\/v2\/media?parent=9123"}],"wp:term":[{"taxonomy":"product_brand","embeddable":true,"href":"https:\/\/www.ceramicbasin.com\/de\/wp-json\/wp\/v2\/product_brand?post=9123"},{"taxonomy":"product_cat","embeddable":true,"href":"https:\/\/www.ceramicbasin.com\/de\/wp-json\/wp\/v2\/product_cat?post=9123"},{"taxonomy":"product_tag","embeddable":true,"href":"https:\/\/www.ceramicbasin.com\/de\/wp-json\/wp\/v2\/product_tag?post=9123"}],"curies":[{"name":"wp","href":"https:\/\/api.w.org\/{rel}","templated":true}]}}