{"id":9152,"date":"2026-03-03T03:17:56","date_gmt":"2026-03-03T03:17:56","guid":{"rendered":"https:\/\/www.ceramicbasin.com\/?post_type=product&#038;p=9152"},"modified":"2026-03-06T02:06:09","modified_gmt":"2026-03-06T02:06:09","slug":"wholesale-modern-bathroom-sink","status":"publish","type":"product","link":"https:\/\/www.ceramicbasin.com\/de\/produkt\/wholesale-modern-bathroom-sink\/","title":{"rendered":"Gro\u00dfhandel Moderne Badezimmer Waschbecken, benutzerdefinierte quadratische keramische Waschbecken"},"content":{"rendered":"<div class=\"wp-block-columns is-layout-flex wp-container-core-columns-is-layout-9d6595d7 wp-block-columns-is-layout-flex\">\n<div class=\"wp-block-column is-layout-flow wp-block-column-is-layout-flow\">\n<h2 class=\"wp-block-heading\">Premium-Gro\u00dfhandel modernes Waschbecken f\u00fcr Badezimmer Eigenschaften:<\/h2>\n\n\n\n<ul class=\"wp-block-list\">\n<li><strong>Modernes, asymmetrisches, quadratisches Design:<\/strong> Dieses moderne Waschbecken im Gro\u00dfhandel hat ein rechteckiges Design mit einer weichen ovalen Innenschale, die minimalistische Form mit funktionellem Komfort verbindet. Es dient als trendiger Blickpunkt f\u00fcr moderne Badeinrichtungen.<\/li>\n\n\n\n<li><strong>Premium-Keramik-Konstruktion:<\/strong> Dieses moderne Waschbecken f\u00fcr den Gro\u00dfhandel ist aus hochwertiger Keramik gefertigt, die bei hoher Temperatur gebrannt wird, und das Becken ist sehr langlebig. Die glasierte Oberfl\u00e4che ist glatt und hilft, Flecken zu verhindern, was die Reinigung erleichtert.<\/li>\n\n\n\n<li><strong>Einbau der Arbeitsplatte:<\/strong> Unser modernes Badezimmerwaschbecken im Gro\u00dfhandel ist ein Aufsatzwaschbecken, das eine flexible Installation erm\u00f6glicht, die visuelle Tiefe erh\u00f6ht und den Austausch bei Renovierungsprojekten vereinfacht.<\/li>\n\n\n\n<li><strong>Gro\u00dfhandelsbestand:<\/strong> Diese kundenspezifischen quadratischen Keramikwaschbecken sind sowohl f\u00fcr den Gro\u00dfhandel als auch f\u00fcr den Projekteinkauf geeignet. Sie eignen sich f\u00fcr Einzelh\u00e4ndler, Vertriebsgesellschaften und Projektkunden, die eine schnelle Lieferung ben\u00f6tigen.<\/li>\n\n\n\n<li><strong>Vielseitig:<\/strong> Der werkseitig hergestellte Gro\u00dfhandelstoilettenschrank eignet sich f\u00fcr Badezimmer, Hotels, gewerbliche B\u00e4der und Renovierungen von Wohngeb\u00e4uden und bietet sowohl \u00c4sthetik als auch Funktionalit\u00e4t.<\/li>\n<\/ul>\n<\/div>\n\n\n\n<div class=\"wp-block-column is-layout-flow wp-block-column-is-layout-flow\">\n<figure class=\"wp-block-image size-full\"><img fetchpriority=\"high\" decoding=\"async\" width=\"680\" height=\"912\" src=\"https:\/\/www.ceramicbasin.com\/wp-content\/uploads\/2026\/03\/Table-Top-Hand-Wash-Basin-6.webp\" alt=\"gro\u00dfhandel-modernes-badezimmer-waschbecken-quadratisches-keramik-waschbecken-6\" class=\"wp-image-9153\" srcset=\"https:\/\/www.ceramicbasin.com\/wp-content\/uploads\/2026\/03\/Table-Top-Hand-Wash-Basin-6.webp 680w, https:\/\/www.ceramicbasin.com\/wp-content\/uploads\/2026\/03\/Table-Top-Hand-Wash-Basin-6-224x300.webp 224w, https:\/\/www.ceramicbasin.com\/wp-content\/uploads\/2026\/03\/Table-Top-Hand-Wash-Basin-6-9x12.webp 9w, https:\/\/www.ceramicbasin.com\/wp-content\/uploads\/2026\/03\/Table-Top-Hand-Wash-Basin-6-285x382.webp 285w, https:\/\/www.ceramicbasin.com\/wp-content\/uploads\/2026\/03\/Table-Top-Hand-Wash-Basin-6-492x660.webp 492w, https:\/\/www.ceramicbasin.com\/wp-content\/uploads\/2026\/03\/Table-Top-Hand-Wash-Basin-6-112x150.webp 112w\" sizes=\"(max-width: 680px) 100vw, 680px\" \/><\/figure>\n<\/div>\n<\/div>","protected":false},"excerpt":{"rendered":"<p>Willkommen zum Kauf unserer Gro\u00dfhandel modernen Bad Waschbecken f\u00fcr Arbeitsplatte Installation mit stabilen Qualit\u00e4tskontrolle, stetige Vorlaufzeit, und gute Verpackung f\u00fcr den Exportmarkt. Diese benutzerdefinierte quadratische Keramik Waschbecken bietet OEM \/ ODM-Anpassung. Perfektes Produkt f\u00fcr Gro\u00dfhandel Bad Waschbecken Verk\u00e4ufer, Sanit\u00e4rkeramik H\u00e4ndler und Hotel oder zu Hause Projekte.<\/p>\n<table border=\"0\" width=\"478\" cellspacing=\"0\" cellpadding=\"0\">\n<tbody>\n<tr>\n<td width=\"166\" height=\"23\">Hersteller<\/td>\n<td width=\"312\">HanYu<\/td>\n<\/tr>\n<tr>\n<td height=\"23\">Modell Nr.<\/td>\n<td>HY-8261A<\/td>\n<\/tr>\n<tr>\n<td height=\"23\">Typ<\/td>\n<td width=\"312\">Arbeitsplatten-Sp\u00fclbecken<\/td>\n<\/tr>\n<tr>\n<td height=\"24\">Form<\/td>\n<td>Unregelm\u00e4\u00dfige Form<\/td>\n<\/tr>\n<tr>\n<td height=\"46\">Farbe<\/td>\n<td width=\"312\">schwarz\/wei\u00df\/blau\/grau\/rosa\/gr\u00fcn\/braun\/khaki<\/td>\n<\/tr>\n<tr>\n<td height=\"24\">Dimension<\/td>\n<td width=\"312\">64*36*12.5<\/td>\n<\/tr>\n<tr>\n<td height=\"23\">N.W \/SET<\/td>\n<td>13 KGS\/PCS<\/td>\n<\/tr>\n<tr>\n<td height=\"23\">MOQ<\/td>\n<td>20St\u00fcck<\/td>\n<\/tr>\n<tr>\n<td height=\"23\">Benutzerdefinierte Option<\/td>\n<td>Farbe\/Muster\/Gr\u00f6\u00dfe\/Logo\/Verpackung<\/td>\n<\/tr>\n<\/tbody>\n<\/table>\n<p>&nbsp;<\/p>","protected":false},"featured_media":9154,"comment_status":"closed","ping_status":"closed","template":"","meta":{"_acf_changed":false},"product_brand":[],"product_cat":[50],"product_tag":[],"class_list":{"0":"post-9152","1":"product","2":"type-product","3":"status-publish","4":"has-post-thumbnail","6":"product_cat-wholesale-countertop-sinks","8":"first","9":"instock","10":"shipping-taxable","11":"product-type-simple"},"acf":[],"_links":{"self":[{"href":"https:\/\/www.ceramicbasin.com\/de\/wp-json\/wp\/v2\/product\/9152","targetHints":{"allow":["GET"]}}],"collection":[{"href":"https:\/\/www.ceramicbasin.com\/de\/wp-json\/wp\/v2\/product"}],"about":[{"href":"https:\/\/www.ceramicbasin.com\/de\/wp-json\/wp\/v2\/types\/product"}],"replies":[{"embeddable":true,"href":"https:\/\/www.ceramicbasin.com\/de\/wp-json\/wp\/v2\/comments?post=9152"}],"wp:featuredmedia":[{"embeddable":true,"href":"https:\/\/www.ceramicbasin.com\/de\/wp-json\/wp\/v2\/media\/9154"}],"wp:attachment":[{"href":"https:\/\/www.ceramicbasin.com\/de\/wp-json\/wp\/v2\/media?parent=9152"}],"wp:term":[{"taxonomy":"product_brand","embeddable":true,"href":"https:\/\/www.ceramicbasin.com\/de\/wp-json\/wp\/v2\/product_brand?post=9152"},{"taxonomy":"product_cat","embeddable":true,"href":"https:\/\/www.ceramicbasin.com\/de\/wp-json\/wp\/v2\/product_cat?post=9152"},{"taxonomy":"product_tag","embeddable":true,"href":"https:\/\/www.ceramicbasin.com\/de\/wp-json\/wp\/v2\/product_tag?post=9152"}],"curies":[{"name":"wp","href":"https:\/\/api.w.org\/{rel}","templated":true}]}}