{"id":9159,"date":"2026-03-03T03:31:37","date_gmt":"2026-03-03T03:31:37","guid":{"rendered":"https:\/\/www.ceramicbasin.com\/?post_type=product&#038;p=9159"},"modified":"2026-03-06T03:58:31","modified_gmt":"2026-03-06T03:58:31","slug":"wholesale-porcelain-bathroom-sink","status":"publish","type":"product","link":"https:\/\/www.ceramicbasin.com\/de\/produkt\/wholesale-porcelain-bathroom-sink\/","title":{"rendered":"Gro\u00dfhandel Porzellan Bad Waschbecken, Hotel Countertop Becken Versorgung"},"content":{"rendered":"<div class=\"wp-block-columns is-layout-flex wp-container-core-columns-is-layout-9d6595d7 wp-block-columns-is-layout-flex\">\n<div class=\"wp-block-column is-layout-flow wp-block-column-is-layout-flow\">\n<h2 class=\"wp-block-heading\">Premium Gro\u00dfhandel Porzellan Bad Waschbecken Eigenschaften:<\/h2>\n\n\n\n<ul class=\"wp-block-list\">\n<li><strong>Klassisches ovales Arbeitsplatten-Design:<\/strong> Das Gro\u00dfhandelsporzellan-Waschbecken hat eine elegante ovale Form, die ein zeitloses und vielseitiges Erscheinungsbild bietet, das leicht zu modernen, minimalistischen oder klassischen Badezimmereinrichtungen passt, was es zu einer beliebten Wahl f\u00fcr Gastst\u00e4tten- und Immobilienprojekte macht.<\/li>\n\n\n\n<li><strong>Glatte, wei\u00df glasierte Oberfl\u00e4che:<\/strong> Das Porzellanwaschbecken f\u00fcr den Gro\u00dfhandel ist mit einer hochwertigen wei\u00dfen Glasur versehen. Das Becken verf\u00fcgt \u00fcber eine glatte, nicht por\u00f6se Oberfl\u00e4che, die Flecken, Kratzer und Verf\u00e4rbungen widersteht und gleichzeitig leicht zu reinigen und zu pflegen ist.<\/li>\n\n\n\n<li><strong>Ideal f\u00fcr Hotel- und Gewerbeprojekte: <\/strong>Das Gro\u00dfhandelsporzellan-Waschbecken ist f\u00fcr die Installation auf der Arbeitsplatte konzipiert. Dieses Waschbecken ist weit verbreitet in Hotels, Resorts, Villen und Wohnanlagen aufgrund seiner eleganten Optik und praktischen Funktionalit\u00e4t.<\/li>\n\n\n\n<li><strong>Lieferung in gro\u00dfen Mengen und individuelle Anpassung:<\/strong> Das Becken f\u00fcr Hotelarbeitsplatten kann im Gro\u00dfhandel mit flexiblem OEM\/ODM-Service geliefert werden, einschlie\u00dflich Logodruck, Gr\u00f6\u00dfen\u00e4nderung, Verpackungsanpassung und spezielle Glasurveredelung f\u00fcr verschiedene Markenanforderungen.<\/li>\n\n\n\n<li><strong>Langlebig und leicht zu reinigen: <\/strong>Der dichte Keramikk\u00f6rper und die glasierte Oberfl\u00e4che verhindern die Vermehrung von Bakterien, wodurch Ihr Badezimmer sauber bleibt und Ihre Wartungskosten gesenkt werden.<\/li>\n<\/ul>\n<\/div>\n\n\n\n<div class=\"wp-block-column is-layout-flow wp-block-column-is-layout-flow\">\n<figure class=\"wp-block-image size-full\"><img fetchpriority=\"high\" decoding=\"async\" width=\"726\" height=\"938\" src=\"https:\/\/www.ceramicbasin.com\/wp-content\/uploads\/2026\/03\/Countertop-Bathroom-Sink-for-Modern-Hotel-6.jpg\" alt=\"gro\u00dfhandel-porzellan-badezimmer-waschbecken-hotel-aufsatzbecken-6\" class=\"wp-image-9160\" srcset=\"https:\/\/www.ceramicbasin.com\/wp-content\/uploads\/2026\/03\/Countertop-Bathroom-Sink-for-Modern-Hotel-6.jpg 726w, https:\/\/www.ceramicbasin.com\/wp-content\/uploads\/2026\/03\/Countertop-Bathroom-Sink-for-Modern-Hotel-6-232x300.jpg 232w, https:\/\/www.ceramicbasin.com\/wp-content\/uploads\/2026\/03\/Countertop-Bathroom-Sink-for-Modern-Hotel-6-9x12.jpg 9w, https:\/\/www.ceramicbasin.com\/wp-content\/uploads\/2026\/03\/Countertop-Bathroom-Sink-for-Modern-Hotel-6-285x368.jpg 285w, https:\/\/www.ceramicbasin.com\/wp-content\/uploads\/2026\/03\/Countertop-Bathroom-Sink-for-Modern-Hotel-6-511x660.jpg 511w, https:\/\/www.ceramicbasin.com\/wp-content\/uploads\/2026\/03\/Countertop-Bathroom-Sink-for-Modern-Hotel-6-116x150.jpg 116w\" sizes=\"(max-width: 726px) 100vw, 726px\" \/><\/figure>\n<\/div>\n<\/div>\n\n\n\n<p><\/p>","protected":false},"excerpt":{"rendered":"<p>Willkommen in diesem Gro\u00dfhandel Porzellan Waschbecken, eine klassische ovale Arbeitsplatte Becken Design mit Over-Fire wei\u00df glasiert zu kaufen. Am besten f\u00fcr Hotel Bad meed Projekte, Gewerbefl\u00e4chen und Gro\u00dfhandel, bietet dieses ovale Hotel Arbeitsplatte Waschbecken vielseitig OEM \/ ODM Anpassungsservice und Bulk-Lieferung, Ihr Vertrauen als globale Bad Armatur Lieferanten und Auftragnehmer zu bringen.<\/p>\n<table border=\"0\" width=\"478\" cellspacing=\"0\" cellpadding=\"0\">\n<tbody>\n<tr>\n<td width=\"166\" height=\"23\">Hersteller<\/td>\n<td width=\"312\">HanYu<\/td>\n<\/tr>\n<tr>\n<td height=\"23\">Modell Nr.<\/td>\n<td>HY-8263<\/td>\n<\/tr>\n<tr>\n<td height=\"23\">Typ<\/td>\n<td width=\"312\">Arbeitsplatten-Sp\u00fclbecken<\/td>\n<\/tr>\n<tr>\n<td height=\"24\">Form<\/td>\n<td>Ovale Form<\/td>\n<\/tr>\n<tr>\n<td height=\"46\">Farbe<\/td>\n<td width=\"312\">schwarz\/wei\u00df\/blau\/grau\/rosa\/gr\u00fcn\/braun\/khaki<\/td>\n<\/tr>\n<tr>\n<td height=\"24\">Dimension<\/td>\n<td width=\"312\">50.5*37*13.5<\/td>\n<\/tr>\n<tr>\n<td height=\"23\">N.W \/SET<\/td>\n<td>12 KGS\/PCS<\/td>\n<\/tr>\n<tr>\n<td height=\"23\">MOQ<\/td>\n<td>20St\u00fcck<\/td>\n<\/tr>\n<tr>\n<td height=\"23\">Benutzerdefinierte Option<\/td>\n<td>Farbe\/Muster\/Gr\u00f6\u00dfe\/Logo\/Verpackung<\/td>\n<\/tr>\n<\/tbody>\n<\/table>","protected":false},"featured_media":9161,"comment_status":"closed","ping_status":"closed","template":"","meta":{"_acf_changed":false},"product_brand":[],"product_cat":[50],"product_tag":[],"class_list":{"0":"post-9159","1":"product","2":"type-product","3":"status-publish","4":"has-post-thumbnail","6":"product_cat-wholesale-countertop-sinks","8":"first","9":"instock","10":"shipping-taxable","11":"product-type-simple"},"acf":[],"_links":{"self":[{"href":"https:\/\/www.ceramicbasin.com\/de\/wp-json\/wp\/v2\/product\/9159","targetHints":{"allow":["GET"]}}],"collection":[{"href":"https:\/\/www.ceramicbasin.com\/de\/wp-json\/wp\/v2\/product"}],"about":[{"href":"https:\/\/www.ceramicbasin.com\/de\/wp-json\/wp\/v2\/types\/product"}],"replies":[{"embeddable":true,"href":"https:\/\/www.ceramicbasin.com\/de\/wp-json\/wp\/v2\/comments?post=9159"}],"wp:featuredmedia":[{"embeddable":true,"href":"https:\/\/www.ceramicbasin.com\/de\/wp-json\/wp\/v2\/media\/9161"}],"wp:attachment":[{"href":"https:\/\/www.ceramicbasin.com\/de\/wp-json\/wp\/v2\/media?parent=9159"}],"wp:term":[{"taxonomy":"product_brand","embeddable":true,"href":"https:\/\/www.ceramicbasin.com\/de\/wp-json\/wp\/v2\/product_brand?post=9159"},{"taxonomy":"product_cat","embeddable":true,"href":"https:\/\/www.ceramicbasin.com\/de\/wp-json\/wp\/v2\/product_cat?post=9159"},{"taxonomy":"product_tag","embeddable":true,"href":"https:\/\/www.ceramicbasin.com\/de\/wp-json\/wp\/v2\/product_tag?post=9159"}],"curies":[{"name":"wp","href":"https:\/\/api.w.org\/{rel}","templated":true}]}}