{"id":9168,"date":"2026-03-04T02:24:19","date_gmt":"2026-03-04T02:24:19","guid":{"rendered":"https:\/\/www.ceramicbasin.com\/?post_type=product&#038;p=9168"},"modified":"2026-03-06T03:58:43","modified_gmt":"2026-03-06T03:58:43","slug":"bulk-ceramic-vessel-sink","status":"publish","type":"product","link":"https:\/\/www.ceramicbasin.com\/de\/produkt\/bulk-ceramic-vessel-sink\/","title":{"rendered":"Pebble-Shaped Bulk Keramik Gef\u00e4\u00df Waschbecken f\u00fcr Hotel &amp; Home Bathroom"},"content":{"rendered":"<div class=\"wp-block-columns is-layout-flex wp-container-core-columns-is-layout-9d6595d7 wp-block-columns-is-layout-flex\">\n<div class=\"wp-block-column is-layout-flow wp-block-column-is-layout-flow\">\n<h2 class=\"wp-block-heading\">Premium Bulk Ceramic Vessel Sink Eigenschaften:<\/h2>\n\n\n\n<ul class=\"wp-block-list\">\n<li><strong>Einzigartiges Design in Kieselsteinform:<\/strong> Das Bulk-Keramik-Waschbecken ist von der Form eines nat\u00fcrlichen Kiesels inspiriert; dieses Waschbecken aus Keramik hat sanfte Kurven und eine elegante, organische Form. Der zeitgen\u00f6ssische Stil l\u00e4sst Ihr Badezimmer attraktiver aussehen und eignet sich f\u00fcr Luxushotels, Wohnungen und Hausdekorationen.<\/li>\n\n\n\n<li><strong>Hochgl\u00e4nzende wei\u00dfe Premium-Glasur:<\/strong> Die Keramiksp\u00fcle ist mit einer wei\u00dfen, gl\u00e4nzenden Oberfl\u00e4che versehen, die glatt, gl\u00e4nzend und resistent gegen Kratzer und Flecken ist. Die Glasur verhindert Fleckenbildung, so dass die Sp\u00fcle auch nach l\u00e4ngerem Gebrauch noch sauber und poliert aussieht.<\/li>\n\n\n\n<li><strong>Installation \u00fcber der Theke:<\/strong> Das gro\u00dfe Keramikwaschbecken kann problemlos als Aufsatzwaschbecken installiert werden. Sie k\u00f6nnen es mit jeder Art von Arbeitsplatte kombinieren, egal ob es sich um Marmor, Quarz oder eine feste Oberfl\u00e4che handelt. Diese Art der Installation vereinfacht den Einbau und macht Ihr Bad attraktiver.<\/li>\n\n\n\n<li><strong>Ideal f\u00fcr Gro\u00dfbestellungen und Projektlieferungen:<\/strong> Perfekt f\u00fcr Hotelprojekte, Immobilienentwicklungen, Gro\u00dfh\u00e4ndler und Distributoren. Die Fabrik bietet eine stabile Produktionskapazit\u00e4t und gleichbleibende Qualit\u00e4t, um den Bedarf an gro\u00dfen Mengen zu decken.<\/li>\n\n\n\n<li><strong>Zertifiziert und exportf\u00e4hig: <\/strong>Unsere Gro\u00dfhandels-Keramik-Badewannen werden nach hohen Qualit\u00e4tsstandards hergestellt und k\u00f6nnen von einer dritten Partei inspiziert werden, um das Exportgesch\u00e4ft von Importeuren, H\u00e4ndlern, Projektk\u00e4ufern usw. zu erleichtern.<\/li>\n<\/ul>\n<\/div>\n\n\n\n<div class=\"wp-block-column is-layout-flow wp-block-column-is-layout-flow\">\n<figure class=\"wp-block-image size-full\"><img fetchpriority=\"high\" decoding=\"async\" width=\"621\" height=\"938\" src=\"https:\/\/www.ceramicbasin.com\/wp-content\/uploads\/2026\/03\/Vanity-Tops-Table-Tops-Ceramic-Basin-6.jpg\" alt=\"kieselstein-f\u00f6rmiges-keramisches-geschirrsp\u00fclbecken-f\u00fcr-hotel-heim-bad-6\" class=\"wp-image-9169\" srcset=\"https:\/\/www.ceramicbasin.com\/wp-content\/uploads\/2026\/03\/Vanity-Tops-Table-Tops-Ceramic-Basin-6.jpg 621w, https:\/\/www.ceramicbasin.com\/wp-content\/uploads\/2026\/03\/Vanity-Tops-Table-Tops-Ceramic-Basin-6-199x300.jpg 199w, https:\/\/www.ceramicbasin.com\/wp-content\/uploads\/2026\/03\/Vanity-Tops-Table-Tops-Ceramic-Basin-6-8x12.jpg 8w, https:\/\/www.ceramicbasin.com\/wp-content\/uploads\/2026\/03\/Vanity-Tops-Table-Tops-Ceramic-Basin-6-285x430.jpg 285w, https:\/\/www.ceramicbasin.com\/wp-content\/uploads\/2026\/03\/Vanity-Tops-Table-Tops-Ceramic-Basin-6-437x660.jpg 437w, https:\/\/www.ceramicbasin.com\/wp-content\/uploads\/2026\/03\/Vanity-Tops-Table-Tops-Ceramic-Basin-6-99x150.jpg 99w\" sizes=\"(max-width: 621px) 100vw, 621px\" \/><\/figure>\n<\/div>\n<\/div>\n\n\n\n<p><\/p>","protected":false},"excerpt":{"rendered":"<p>Willkommen bei unserem kieselsteinf\u00f6rmigen Keramik-Waschbecken mit hochgl\u00e4nzender wei\u00dfer Oberfl\u00e4che, perfekt f\u00fcr die Dekoration von Hotelb\u00e4dern. Hergestellt aus hochgebrannter Keramik, ist das Becken langlebig, schmutzabweisend und lang anhaltend, gl\u00e4nzend. Gro\u00dfhandel von HANYU Fabrik, mit OEM\/ODM-Service, ist dieses Keramik-Badezimmer-Becken \u00fcber dem Z\u00e4hler die beste L\u00f6sung f\u00fcr kommerzielle und private Badarbeiten.\u00a0<\/p>\n<table border=\"0\" width=\"311\" cellspacing=\"0\" cellpadding=\"0\">\n<tbody>\n<tr>\n<td width=\"108\" height=\"17\">Hersteller<\/td>\n<td width=\"202\">HanYu<\/td>\n<\/tr>\n<tr>\n<td height=\"17\">Modell Nr.<\/td>\n<td>HY-8265<\/td>\n<\/tr>\n<tr>\n<td height=\"17\">Typ<\/td>\n<td>CounterTop-Becken<\/td>\n<\/tr>\n<tr>\n<td height=\"17\">Form\u00a0 \u00a0<\/td>\n<td>Unregelm\u00e4\u00dfige Form<\/td>\n<\/tr>\n<tr>\n<td height=\"17\">Farbe<\/td>\n<td>Wei\u00df<\/td>\n<\/tr>\n<tr>\n<td height=\"18\">Dimension<\/td>\n<td width=\"202\">41*38*13<\/td>\n<\/tr>\n<tr>\n<td height=\"17\">N.W \/SET<\/td>\n<td>10 KGS\/PCS<\/td>\n<\/tr>\n<tr>\n<td height=\"17\">MOQ<\/td>\n<td>20St\u00fcck<\/td>\n<\/tr>\n<tr>\n<td height=\"17\">Benutzerdefinierte Option<\/td>\n<td>Farbe\/Muster\/Gr\u00f6\u00dfe\/Logo\/Verpackung<\/td>\n<\/tr>\n<\/tbody>\n<\/table>","protected":false},"featured_media":9170,"comment_status":"closed","ping_status":"closed","template":"","meta":{"_acf_changed":false},"product_brand":[],"product_cat":[50,56],"product_tag":[],"class_list":{"0":"post-9168","1":"product","2":"type-product","3":"status-publish","4":"has-post-thumbnail","6":"product_cat-wholesale-countertop-sinks","7":"product_cat-wholesale-small-bathroom-sinks","9":"first","10":"instock","11":"shipping-taxable","12":"product-type-simple"},"acf":[],"_links":{"self":[{"href":"https:\/\/www.ceramicbasin.com\/de\/wp-json\/wp\/v2\/product\/9168","targetHints":{"allow":["GET"]}}],"collection":[{"href":"https:\/\/www.ceramicbasin.com\/de\/wp-json\/wp\/v2\/product"}],"about":[{"href":"https:\/\/www.ceramicbasin.com\/de\/wp-json\/wp\/v2\/types\/product"}],"replies":[{"embeddable":true,"href":"https:\/\/www.ceramicbasin.com\/de\/wp-json\/wp\/v2\/comments?post=9168"}],"wp:featuredmedia":[{"embeddable":true,"href":"https:\/\/www.ceramicbasin.com\/de\/wp-json\/wp\/v2\/media\/9170"}],"wp:attachment":[{"href":"https:\/\/www.ceramicbasin.com\/de\/wp-json\/wp\/v2\/media?parent=9168"}],"wp:term":[{"taxonomy":"product_brand","embeddable":true,"href":"https:\/\/www.ceramicbasin.com\/de\/wp-json\/wp\/v2\/product_brand?post=9168"},{"taxonomy":"product_cat","embeddable":true,"href":"https:\/\/www.ceramicbasin.com\/de\/wp-json\/wp\/v2\/product_cat?post=9168"},{"taxonomy":"product_tag","embeddable":true,"href":"https:\/\/www.ceramicbasin.com\/de\/wp-json\/wp\/v2\/product_tag?post=9168"}],"curies":[{"name":"wp","href":"https:\/\/api.w.org\/{rel}","templated":true}]}}