{"id":9178,"date":"2026-03-04T05:23:29","date_gmt":"2026-03-04T05:23:29","guid":{"rendered":"https:\/\/www.ceramicbasin.com\/?post_type=product&#038;p=9178"},"modified":"2026-03-06T07:32:44","modified_gmt":"2026-03-06T07:32:44","slug":"custom-ceramic-wash-basin","status":"publish","type":"product","link":"https:\/\/www.ceramicbasin.com\/de\/produkt\/custom-ceramic-wash-basin\/","title":{"rendered":"Benutzerdefinierte keramische Waschbecken, unregelm\u00e4\u00dfige Badezimmer Waschbecken Gro\u00dfhandel"},"content":{"rendered":"<div class=\"wp-block-columns is-layout-flex wp-container-core-columns-is-layout-9d6595d7 wp-block-columns-is-layout-flex\">\n<div class=\"wp-block-column is-layout-flow wp-block-column-is-layout-flow\">\n<h2 class=\"wp-block-heading\">Premium-Wassertropfen Form benutzerdefinierte keramische Waschbecken Merkmale:<\/h2>\n\n\n\n<ul class=\"wp-block-list\">\n<li><strong>Einzigartiges, von Wassertropfen inspiriertes Design:<\/strong> Das ma\u00dfgefertigte Keramikwaschbecken mit der eleganten Form eines Wassertropfens sorgt f\u00fcr ein unverwechselbares und k\u00fcnstlerisches Erscheinungsbild, das es zu einem Blickfang in modernen Badezimmern macht. Die unregelm\u00e4\u00dfige Kontur erh\u00f6ht den visuellen Reiz und hilft Innenarchitekten und Einzelh\u00e4ndlern, differenziertere Badprodukte anzubieten.<\/li>\n\n\n\n<li><strong>Glatte glasierte Oberfl\u00e4che:<\/strong> Das kundenspezifische Keramikwaschbecken verf\u00fcgt \u00fcber eine glatte, porenfreie, glasierte Oberfl\u00e4che, die Flecken, Kratzer und bakterielle Ablagerungen verhindert. Dadurch ist das Waschbecken leicht zu reinigen und zu pflegen, was ideal f\u00fcr Hotels, Wohnungen und Projekte im Gastgewerbe ist.<\/li>\n\n\n\n<li><strong>Arbeitsplatteninstallation Design:<\/strong> Das ma\u00dfgeschneiderte Keramikwaschbecken, das als Gef\u00e4\u00dfwaschbecken f\u00fcr die Installation auf der Arbeitsplatte konzipiert ist, bietet flexible Installationsm\u00f6glichkeiten und l\u00e4sst sich gut mit einer Vielzahl von Waschtischen, Armaturen und Einrichtungsstilen kombinieren.<\/li>\n\n\n\n<li><strong>Ideal f\u00fcr den weltweiten Gro\u00dfhandelsvertrieb:<\/strong> Dank stabiler Produktionskapazit\u00e4ten und strenger Qualit\u00e4tskontrollen eignet sich dieses Keramikwaschbecken f\u00fcr die Belieferung von Gro\u00dfh\u00e4ndlern, Badmarken und Bauunternehmern weltweit.<\/li>\n<\/ul>\n<\/div>\n\n\n\n<div class=\"wp-block-column is-layout-flow wp-block-column-is-layout-flow\">\n<figure class=\"wp-block-image size-full\"><img fetchpriority=\"high\" decoding=\"async\" width=\"680\" height=\"938\" src=\"https:\/\/www.ceramicbasin.com\/wp-content\/uploads\/2026\/03\/Wash-Basin-Irregular-Bathroom-Sink-6.jpg\" alt=\"keramik-waschbecken-unregelm\u00e4\u00dfig-badezimmer-waschbecken-gro\u00dfhandel-6\" class=\"wp-image-9179\" srcset=\"https:\/\/www.ceramicbasin.com\/wp-content\/uploads\/2026\/03\/Wash-Basin-Irregular-Bathroom-Sink-6.jpg 680w, https:\/\/www.ceramicbasin.com\/wp-content\/uploads\/2026\/03\/Wash-Basin-Irregular-Bathroom-Sink-6-217x300.jpg 217w, https:\/\/www.ceramicbasin.com\/wp-content\/uploads\/2026\/03\/Wash-Basin-Irregular-Bathroom-Sink-6-9x12.jpg 9w, https:\/\/www.ceramicbasin.com\/wp-content\/uploads\/2026\/03\/Wash-Basin-Irregular-Bathroom-Sink-6-285x393.jpg 285w, https:\/\/www.ceramicbasin.com\/wp-content\/uploads\/2026\/03\/Wash-Basin-Irregular-Bathroom-Sink-6-478x660.jpg 478w, https:\/\/www.ceramicbasin.com\/wp-content\/uploads\/2026\/03\/Wash-Basin-Irregular-Bathroom-Sink-6-109x150.jpg 109w\" sizes=\"(max-width: 680px) 100vw, 680px\" \/><\/figure>\n<\/div>\n<\/div>","protected":false},"excerpt":{"rendered":"<p>Willkommen zum Kauf unseres Keramikwaschbeckens in Wassertropfenform, das sich perfekt f\u00fcr moderne Innenr\u00e4ume und gewerbliche Projekte eignet. Dieses Waschbecken ist aus Premium-Qualit\u00e4t Keramik gefertigt und hat eine glatte glasierte Oberfl\u00e4che, die es langlebig und wartungsarm macht. Beste Wahl f\u00fcr Gro\u00dfh\u00e4ndler, Badmarken und Bauprojekte, die unregelm\u00e4\u00dfige Gef\u00e4\u00df Waschbecken unterst\u00fctzt OEM \/ ODM Anpassung und Gro\u00dfhandel.<\/p>\n<table style=\"border-collapse: collapse; width: 358.52pt;\" border=\"0\" width=\"478\" cellspacing=\"0\" cellpadding=\"0\">\n<tbody>\n<tr style=\"height: 17.25pt;\">\n<td class=\"et3\" style=\"height: 17.25pt; width: 125.00pt;\" width=\"166\" height=\"23\">Hersteller<\/td>\n<td class=\"et3\" style=\"width: 234.15pt;\" width=\"312\">HanYu<\/td>\n<\/tr>\n<tr style=\"height: 17.25pt;\">\n<td class=\"et3\" style=\"height: 17.25pt;\" height=\"23\">Modell Nr.<\/td>\n<td class=\"et4\">HY-8266<\/td>\n<\/tr>\n<tr style=\"height: 17.25pt;\">\n<td class=\"et3\" style=\"height: 17.25pt;\" height=\"23\">Typ<\/td>\n<td class=\"et5\" style=\"width: 234.15pt;\" width=\"312\">Arbeitsplatten-Sp\u00fclbecken<\/td>\n<\/tr>\n<tr style=\"height: 18.00pt;\">\n<td class=\"et3\" style=\"height: 18.00pt;\" height=\"24\">Form\u00a0\u00a0<\/td>\n<td class=\"et3\">\u00a0Dreiecksform<\/td>\n<\/tr>\n<tr style=\"height: 34.50pt;\">\n<td class=\"et4\" style=\"height: 34.50pt;\" height=\"46\">Farbe<\/td>\n<td class=\"et5\" style=\"width: 234.15pt;\" width=\"312\">schwarz\/wei\u00df\/blau\/grau\/rosa\/gr\u00fcn\/braun\/khaki<\/td>\n<\/tr>\n<tr style=\"height: 18.00pt;\">\n<td class=\"et3\" style=\"height: 18.00pt;\" height=\"24\">Dimension<\/td>\n<td class=\"et5\" style=\"width: 234.15pt;\" width=\"312\">51*39*13<\/td>\n<\/tr>\n<tr style=\"height: 17.25pt;\">\n<td class=\"et3\" style=\"height: 17.25pt;\" height=\"23\">N.W \/SET<\/td>\n<td class=\"et3\">11 KGS\/PCS<\/td>\n<\/tr>\n<tr style=\"height: 17.25pt;\">\n<td class=\"et3\" style=\"height: 17.25pt;\" height=\"23\">MOQ<\/td>\n<td class=\"et3\">20St\u00fcck<\/td>\n<\/tr>\n<tr style=\"height: 17.25pt;\">\n<td class=\"et3\" style=\"height: 17.25pt;\" height=\"23\">Benutzerdefinierte Option<\/td>\n<td class=\"et3\">Farbe\/Muster\/Gr\u00f6\u00dfe\/Logo\/Verpackung<\/td>\n<\/tr>\n<\/tbody>\n<\/table>","protected":false},"featured_media":9181,"comment_status":"closed","ping_status":"closed","template":"","meta":{"_acf_changed":false},"product_brand":[],"product_cat":[50],"product_tag":[],"class_list":{"0":"post-9178","1":"product","2":"type-product","3":"status-publish","4":"has-post-thumbnail","6":"product_cat-wholesale-countertop-sinks","8":"first","9":"instock","10":"shipping-taxable","11":"product-type-simple"},"acf":[],"_links":{"self":[{"href":"https:\/\/www.ceramicbasin.com\/de\/wp-json\/wp\/v2\/product\/9178","targetHints":{"allow":["GET"]}}],"collection":[{"href":"https:\/\/www.ceramicbasin.com\/de\/wp-json\/wp\/v2\/product"}],"about":[{"href":"https:\/\/www.ceramicbasin.com\/de\/wp-json\/wp\/v2\/types\/product"}],"replies":[{"embeddable":true,"href":"https:\/\/www.ceramicbasin.com\/de\/wp-json\/wp\/v2\/comments?post=9178"}],"wp:featuredmedia":[{"embeddable":true,"href":"https:\/\/www.ceramicbasin.com\/de\/wp-json\/wp\/v2\/media\/9181"}],"wp:attachment":[{"href":"https:\/\/www.ceramicbasin.com\/de\/wp-json\/wp\/v2\/media?parent=9178"}],"wp:term":[{"taxonomy":"product_brand","embeddable":true,"href":"https:\/\/www.ceramicbasin.com\/de\/wp-json\/wp\/v2\/product_brand?post=9178"},{"taxonomy":"product_cat","embeddable":true,"href":"https:\/\/www.ceramicbasin.com\/de\/wp-json\/wp\/v2\/product_cat?post=9178"},{"taxonomy":"product_tag","embeddable":true,"href":"https:\/\/www.ceramicbasin.com\/de\/wp-json\/wp\/v2\/product_tag?post=9178"}],"curies":[{"name":"wp","href":"https:\/\/api.w.org\/{rel}","templated":true}]}}