{"id":9233,"date":"2026-03-12T09:41:04","date_gmt":"2026-03-12T09:41:04","guid":{"rendered":"https:\/\/www.ceramicbasin.com\/?post_type=product&#038;p=9233"},"modified":"2026-03-21T08:31:15","modified_gmt":"2026-03-21T08:31:15","slug":"custom-glass-bathroom-sinks","status":"publish","type":"product","link":"https:\/\/www.ceramicbasin.com\/de\/produkt\/custom-glass-bathroom-sinks\/","title":{"rendered":"Benutzerdefinierte Glas Badezimmer Waschbecken, rund Gro\u00dfhandel Glas Waschbecken"},"content":{"rendered":"<div class=\"wp-block-columns is-layout-flex wp-container-core-columns-is-layout-9d6595d7 wp-block-columns-is-layout-flex\">\n<div class=\"wp-block-column is-layout-flow wp-block-column-is-layout-flow\">\n<h2 class=\"wp-block-heading\">Premium Custom Glass Badezimmer Waschbecken Eigenschaften:<\/h2>\n\n\n\n<ul class=\"wp-block-list\">\n<li><strong>Elegantes, luxuri\u00f6ses, rundes Design:<\/strong> Die glatte, runde Form und die kristallklare Oberfl\u00e4che des Glaswaschbeckens verleihen dem Bad ein luxuri\u00f6ses und modernes Aussehen. Dieses stilvolle Design passt problemlos in moderne B\u00e4der, Hotels, Villen und hochwertige Wohnprojekte und verleiht dem Raum einen erstklassigen visuellen Effekt.<\/li>\n\n\n\n<li><strong>Dauerhaftes Glasmaterial: <\/strong>Das Gro\u00dfhandelsglas-Waschbecken verwendet hochwertiges Glas, das sich durch Langlebigkeit, geringes Gewicht, hohe Transparenz und hohen Glanz auszeichnet. Es bietet Ihnen ein modernes, hochwertiges Aussehen und eine lange Lebensdauer.<\/li>\n\n\n\n<li><strong>Vielfalt der Farben:<\/strong> Diese ma\u00dfgeschneiderten Glaswaschbecken sind in einer Vielzahl von Farben erh\u00e4ltlich, von klassisch transparent bis hin zu farbenfroh und modisch, um verschiedenen Badezimmerstilen und pers\u00f6nlichen Vorlieben gerecht zu werden.<\/li>\n\n\n\n<li><strong>Kompatibel mit der Installation von Gef\u00e4\u00dfen auf der Arbeitsplatte:<\/strong> Diese ma\u00dfgefertigten Glaswaschbecken f\u00fcr das Badezimmer sind als Gef\u00e4\u00dfwaschbecken konzipiert; sie passen wunderbar auf die Arbeitsplatte im Badezimmer. Dieser Installationsstil vereinfacht die Installation und verbessert gleichzeitig die Gesamt\u00e4sthetik des Badezimmers.<\/li>\n\n\n\n<li><strong>Leicht zu reinigen:<\/strong> Die glatte Glasoberfl\u00e4che ist flecken- und schimmelbest\u00e4ndig, leicht zu reinigen und zu pflegen und gew\u00e4hrleistet Hygiene und Sauberkeit im t\u00e4glichen Gebrauch. Willkommen zu kaufen und benutzerdefinierte Glas Waschbecken.<\/li>\n\n\n\n<li><strong>Anpassungsoptionen f\u00fcr Markenk\u00e4ufer:<\/strong> Unser Gro\u00dfhandel Glasgef\u00e4\u00df Waschbecken ist f\u00fcr OEM &amp; ODM Anpassung zur Verf\u00fcgung, k\u00f6nnen Sie Glas Farbe, Dicke, Muster, Gr\u00f6\u00dfe und Logo anpassen. Diese Flexibilit\u00e4t erm\u00f6glicht es dem Wiederverk\u00e4ufer, Einzelh\u00e4ndler oder Markeninhaber, exklusive Linien, die ihre Marktposition passen zu bauen.<\/li>\n<\/ul>\n<\/div>\n\n\n\n<div class=\"wp-block-column is-layout-flow wp-block-column-is-layout-flow\">\n<figure class=\"wp-block-image size-full\"><img fetchpriority=\"high\" decoding=\"async\" width=\"521\" height=\"384\" src=\"https:\/\/www.ceramicbasin.com\/wp-content\/uploads\/2026\/03\/Luxury-round-design-wholesale-glass-sink-bowl-for-cabinet-1.webp\" alt=\"Bad-Waschbecken aus Glas - rundes Glas-Waschbecken im Gro\u00dfhandel-1\" class=\"wp-image-9222\" srcset=\"https:\/\/www.ceramicbasin.com\/wp-content\/uploads\/2026\/03\/Luxury-round-design-wholesale-glass-sink-bowl-for-cabinet-1.webp 521w, https:\/\/www.ceramicbasin.com\/wp-content\/uploads\/2026\/03\/Luxury-round-design-wholesale-glass-sink-bowl-for-cabinet-1-300x221.webp 300w, https:\/\/www.ceramicbasin.com\/wp-content\/uploads\/2026\/03\/Luxury-round-design-wholesale-glass-sink-bowl-for-cabinet-1-16x12.webp 16w, https:\/\/www.ceramicbasin.com\/wp-content\/uploads\/2026\/03\/Luxury-round-design-wholesale-glass-sink-bowl-for-cabinet-1-285x210.webp 285w, https:\/\/www.ceramicbasin.com\/wp-content\/uploads\/2026\/03\/Luxury-round-design-wholesale-glass-sink-bowl-for-cabinet-1-150x111.webp 150w\" sizes=\"(max-width: 521px) 100vw, 521px\" \/><\/figure>\n<\/div>\n<\/div>","protected":false},"excerpt":{"rendered":"<p>Wir laden Sie ein, unsere kundenspezifischen Glaswaschbecken zu kaufen, die ein stilvolles und modernes Design haben, das sich f\u00fcr verschiedene Badezimmerlayouts eignet und die allgemeine Sch\u00f6nheit und Qualit\u00e4t des Raumes verbessert. Entwickelt f\u00fcr Gro\u00dfh\u00e4ndler, Distributoren und Badmarken, unterst\u00fctzt es die vollst\u00e4ndige Anpassung in Farbe, Gr\u00f6\u00dfe und Muster, um Unternehmen zu helfen, differenzierte Produktlinien zu schaffen.<\/p>\n<table style=\"border-collapse: collapse; width: 358.52pt;\" border=\"0\" width=\"478\" cellspacing=\"0\" cellpadding=\"0\">\n<tbody>\n<tr style=\"height: 17.25pt;\">\n<td class=\"et3\" style=\"height: 17.25pt; width: 125.00pt;\" width=\"166\" height=\"23\">Hersteller<\/td>\n<td class=\"et3\" style=\"width: 234.15pt;\" width=\"312\">HanYu<\/td>\n<\/tr>\n<tr style=\"height: 17.25pt;\">\n<td class=\"et3\" style=\"height: 17.25pt;\" height=\"23\">Modell Nr.<\/td>\n<td class=\"et4\">HY-GL322<\/td>\n<\/tr>\n<tr style=\"height: 17.25pt;\">\n<td class=\"et3\" style=\"height: 17.25pt;\" height=\"23\">Typ<\/td>\n<td class=\"et5\" style=\"width: 234.15pt;\" width=\"312\">Glas-Waschtisch<\/td>\n<\/tr>\n<tr style=\"height: 18.00pt;\">\n<td class=\"et3\" style=\"height: 18.00pt;\" height=\"24\">Form<\/td>\n<td class=\"et3\">Runde Form<\/td>\n<\/tr>\n<tr style=\"height: 34.50pt;\">\n<td class=\"et4\" style=\"height: 34.50pt;\" height=\"46\">Farbe<\/td>\n<td class=\"et5\" style=\"width: 234.15pt;\" width=\"312\">schwarz\/wei\u00df\/blau\/grau\/rosa\/gr\u00fcn\/braun\/khaki<\/td>\n<\/tr>\n<tr style=\"height: 18.00pt;\">\n<td class=\"et3\" style=\"height: 18.00pt;\" height=\"24\">Dimension<\/td>\n<td class=\"et5\" style=\"width: 234.15pt;\" width=\"312\">40*40*14<\/td>\n<\/tr>\n<tr style=\"height: 17.25pt;\">\n<td class=\"et3\" style=\"height: 17.25pt;\" height=\"23\">N.W \/SET<\/td>\n<td class=\"et3\">8KGS\/PCS<\/td>\n<\/tr>\n<tr style=\"height: 17.25pt;\">\n<td class=\"et3\" style=\"height: 17.25pt;\" height=\"23\">MOQ<\/td>\n<td class=\"et3\">20St\u00fcck<\/td>\n<\/tr>\n<tr style=\"height: 17.25pt;\">\n<td class=\"et3\" style=\"height: 17.25pt;\" height=\"23\">Benutzerdefinierte Option<\/td>\n<td class=\"et3\">Farbe\/Muster\/Gr\u00f6\u00dfe\/Logo\/Verpackung<\/td>\n<\/tr>\n<\/tbody>\n<\/table>","protected":false},"featured_media":9369,"comment_status":"closed","ping_status":"closed","template":"","meta":{"_acf_changed":false},"product_brand":[],"product_cat":[52],"product_tag":[],"class_list":{"0":"post-9233","1":"product","2":"type-product","3":"status-publish","4":"has-post-thumbnail","6":"product_cat-wholesale-glass-vessel-sinks","8":"first","9":"instock","10":"shipping-taxable","11":"product-type-simple"},"acf":[],"_links":{"self":[{"href":"https:\/\/www.ceramicbasin.com\/de\/wp-json\/wp\/v2\/product\/9233","targetHints":{"allow":["GET"]}}],"collection":[{"href":"https:\/\/www.ceramicbasin.com\/de\/wp-json\/wp\/v2\/product"}],"about":[{"href":"https:\/\/www.ceramicbasin.com\/de\/wp-json\/wp\/v2\/types\/product"}],"replies":[{"embeddable":true,"href":"https:\/\/www.ceramicbasin.com\/de\/wp-json\/wp\/v2\/comments?post=9233"}],"wp:featuredmedia":[{"embeddable":true,"href":"https:\/\/www.ceramicbasin.com\/de\/wp-json\/wp\/v2\/media\/9369"}],"wp:attachment":[{"href":"https:\/\/www.ceramicbasin.com\/de\/wp-json\/wp\/v2\/media?parent=9233"}],"wp:term":[{"taxonomy":"product_brand","embeddable":true,"href":"https:\/\/www.ceramicbasin.com\/de\/wp-json\/wp\/v2\/product_brand?post=9233"},{"taxonomy":"product_cat","embeddable":true,"href":"https:\/\/www.ceramicbasin.com\/de\/wp-json\/wp\/v2\/product_cat?post=9233"},{"taxonomy":"product_tag","embeddable":true,"href":"https:\/\/www.ceramicbasin.com\/de\/wp-json\/wp\/v2\/product_tag?post=9233"}],"curies":[{"name":"wp","href":"https:\/\/api.w.org\/{rel}","templated":true}]}}