{"id":9234,"date":"2026-03-12T09:55:50","date_gmt":"2026-03-12T09:55:50","guid":{"rendered":"https:\/\/www.ceramicbasin.com\/?post_type=product&#038;p=9234"},"modified":"2026-03-21T08:26:58","modified_gmt":"2026-03-21T08:26:58","slug":"glass-bathroom-sinks-wholesale","status":"publish","type":"product","link":"https:\/\/www.ceramicbasin.com\/de\/produkt\/glass-bathroom-sinks-wholesale\/","title":{"rendered":"Neuestes Glas Badezimmer Waschbecken Gro\u00dfhandel, benutzerdefinierte Glasbecken"},"content":{"rendered":"<div class=\"wp-block-columns is-layout-flex wp-container-core-columns-is-layout-9d6595d7 wp-block-columns-is-layout-flex\">\n<div class=\"wp-block-column is-layout-flow wp-block-column-is-layout-flow\">\n<h2 class=\"wp-block-heading\">Premium Glas Badezimmer Waschbecken Gro\u00dfhandel Features:<\/h2>\n\n\n\n<ul class=\"wp-block-list\">\n<li><strong>Modedesign: <\/strong>Unsere Glas Waschbecken Gro\u00dfhandel haben ein modernes und modisches Design mit glatten Linien, geeignet f\u00fcr verschiedene Bad-Layouts, und verbessern die allgemeine Sch\u00f6nheit und Qualit\u00e4t des Raumes.<\/li>\n\n\n\n<li><strong>Hochwertiges Glas Material: <\/strong>Diese Glaswaschbecken im Gro\u00dfhandel werden aus hochwertigem Glas mit hoher Transparenz und feiner Textur hergestellt, was erstaunliche visuelle Effekte und eine moderne Atmosph\u00e4re mit sich bringt und auch gut f\u00fcr die Haltbarkeit und Sch\u00f6nheit des Produkts ist.<\/li>\n\n\n\n<li><strong>Ma\u00dfgeschneiderter Service:<\/strong> Wir k\u00f6nnen kundenspezifische Gef\u00e4\u00dfsp\u00fclen unterst\u00fctzen, um die speziellen Anforderungen der Kunden zu erf\u00fcllen. Ob Gr\u00f6\u00dfe, Form oder Farbe, die Kunden k\u00f6nnen es durch Anpassung auf ihre Weise haben.<\/li>\n\n\n\n<li><strong>Ideal f\u00fcr den Gro\u00dfhandel und die Projektversorgung:<\/strong> Dank stabiler Produktionskapazit\u00e4ten und strenger Qualit\u00e4tskontrollen eignen sich diese ma\u00dfgefertigten Gef\u00e4\u00dfsp\u00fclen f\u00fcr Gro\u00dfbestellungen, Projektlieferungen und den weltweiten Gro\u00dfhandelsvertrieb und erf\u00fcllen die Anforderungen von Importeuren, Badmarken und Bauunternehmern.<\/li>\n<\/ul>\n<\/div>\n\n\n\n<div class=\"wp-block-column is-layout-flow wp-block-column-is-layout-flow\">\n<figure class=\"wp-block-image size-full\"><img fetchpriority=\"high\" decoding=\"async\" width=\"545\" height=\"342\" src=\"https:\/\/www.ceramicbasin.com\/wp-content\/uploads\/2026\/03\/Newest-fashion-design-counter-top-glass-sinks-basin-with-multiple-colors-1.webp\" alt=\"neuestes-glas-badezimmer-waschbecken-gro\u00dfhandel-individuelles-glas-waschbecken-1\" class=\"wp-image-9217\" srcset=\"https:\/\/www.ceramicbasin.com\/wp-content\/uploads\/2026\/03\/Newest-fashion-design-counter-top-glass-sinks-basin-with-multiple-colors-1.webp 545w, https:\/\/www.ceramicbasin.com\/wp-content\/uploads\/2026\/03\/Newest-fashion-design-counter-top-glass-sinks-basin-with-multiple-colors-1-300x188.webp 300w, https:\/\/www.ceramicbasin.com\/wp-content\/uploads\/2026\/03\/Newest-fashion-design-counter-top-glass-sinks-basin-with-multiple-colors-1-18x12.webp 18w, https:\/\/www.ceramicbasin.com\/wp-content\/uploads\/2026\/03\/Newest-fashion-design-counter-top-glass-sinks-basin-with-multiple-colors-1-285x179.webp 285w, https:\/\/www.ceramicbasin.com\/wp-content\/uploads\/2026\/03\/Newest-fashion-design-counter-top-glass-sinks-basin-with-multiple-colors-1-150x94.webp 150w\" sizes=\"(max-width: 545px) 100vw, 545px\" \/><\/figure>\n<\/div>\n<\/div>","protected":false},"excerpt":{"rendered":"<p>Willkommen zum Kauf unserer Glas Waschbecken Gro\u00dfhandel, die aus hochwertigem Glas mit hoher Transparenz und zarte Textur, die ausgezeichnete visuelle Effekte und einen modernen Sinn hat gemacht werden. Diese benutzerdefinierte Glasgef\u00e4\u00df Waschbecken ist perfekt f\u00fcr Hotels, Wohnprojekte und High-End-Einzelhandel M\u00e4rkte, helfen B2B-K\u00e4ufer verbessern Produktwert, Kunden anzuziehen, und wachsen ihre Bad Waschbecken Gesch\u00e4ft.<\/p>\n<table border=\"0\" width=\"478\" cellspacing=\"0\" cellpadding=\"0\">\n<tbody>\n<tr>\n<td width=\"166\" height=\"23\">Hersteller<\/td>\n<td width=\"312\">HanYu<\/td>\n<\/tr>\n<tr>\n<td height=\"23\">Modell Nr.<\/td>\n<td>HY-GL27<\/td>\n<\/tr>\n<tr>\n<td height=\"23\">Typ<\/td>\n<td width=\"312\">Glas-Waschtisch<\/td>\n<\/tr>\n<tr>\n<td height=\"24\">Form<\/td>\n<td>Runde Form<\/td>\n<\/tr>\n<tr>\n<td height=\"46\">Farbe<\/td>\n<td width=\"312\">schwarz\/wei\u00df\/blau\/grau\/rosa\/gr\u00fcn\/braun\/khaki<\/td>\n<\/tr>\n<tr>\n<td height=\"24\">Dimension<\/td>\n<td width=\"312\">46*46*12.5<\/td>\n<\/tr>\n<tr>\n<td height=\"23\">N.W \/SET<\/td>\n<td>8KGS\/PCS<\/td>\n<\/tr>\n<tr>\n<td height=\"23\">MOQ<\/td>\n<td>20St\u00fcck<\/td>\n<\/tr>\n<tr>\n<td height=\"23\">Benutzerdefinierte Option<\/td>\n<td>Farbe\/Muster\/Gr\u00f6\u00dfe\/Logo\/Verpackung<\/td>\n<\/tr>\n<\/tbody>\n<\/table>","protected":false},"featured_media":9376,"comment_status":"closed","ping_status":"closed","template":"","meta":{"_acf_changed":false},"product_brand":[],"product_cat":[52],"product_tag":[],"class_list":{"0":"post-9234","1":"product","2":"type-product","3":"status-publish","4":"has-post-thumbnail","6":"product_cat-wholesale-glass-vessel-sinks","8":"first","9":"instock","10":"shipping-taxable","11":"product-type-simple"},"acf":[],"_links":{"self":[{"href":"https:\/\/www.ceramicbasin.com\/de\/wp-json\/wp\/v2\/product\/9234","targetHints":{"allow":["GET"]}}],"collection":[{"href":"https:\/\/www.ceramicbasin.com\/de\/wp-json\/wp\/v2\/product"}],"about":[{"href":"https:\/\/www.ceramicbasin.com\/de\/wp-json\/wp\/v2\/types\/product"}],"replies":[{"embeddable":true,"href":"https:\/\/www.ceramicbasin.com\/de\/wp-json\/wp\/v2\/comments?post=9234"}],"wp:featuredmedia":[{"embeddable":true,"href":"https:\/\/www.ceramicbasin.com\/de\/wp-json\/wp\/v2\/media\/9376"}],"wp:attachment":[{"href":"https:\/\/www.ceramicbasin.com\/de\/wp-json\/wp\/v2\/media?parent=9234"}],"wp:term":[{"taxonomy":"product_brand","embeddable":true,"href":"https:\/\/www.ceramicbasin.com\/de\/wp-json\/wp\/v2\/product_brand?post=9234"},{"taxonomy":"product_cat","embeddable":true,"href":"https:\/\/www.ceramicbasin.com\/de\/wp-json\/wp\/v2\/product_cat?post=9234"},{"taxonomy":"product_tag","embeddable":true,"href":"https:\/\/www.ceramicbasin.com\/de\/wp-json\/wp\/v2\/product_tag?post=9234"}],"curies":[{"name":"wp","href":"https:\/\/api.w.org\/{rel}","templated":true}]}}