{"id":9235,"date":"2026-03-12T10:08:09","date_gmt":"2026-03-12T10:08:09","guid":{"rendered":"https:\/\/www.ceramicbasin.com\/?post_type=product&#038;p=9235"},"modified":"2026-03-21T08:34:31","modified_gmt":"2026-03-21T08:34:31","slug":"glass-bowl-sink-wholesale","status":"publish","type":"product","link":"https:\/\/www.ceramicbasin.com\/de\/produkt\/glass-bowl-sink-wholesale\/","title":{"rendered":"Glas Sch\u00fcssel Waschbecken Gro\u00dfhandel, benutzerdefinierte Farbe Glas Vessel Becken"},"content":{"rendered":"<div class=\"wp-block-columns is-layout-flex wp-container-core-columns-is-layout-9d6595d7 wp-block-columns-is-layout-flex\">\n<div class=\"wp-block-column is-layout-flow wp-block-column-is-layout-flow\">\n<h2 class=\"wp-block-heading\">Premium Glass Bowl Sp\u00fcle Gro\u00dfhandel Merkmale:<\/h2>\n\n\n\n<ul class=\"wp-block-list\">\n<li><strong>Exquisites Design:<\/strong> Dieses Glaswaschbecken im Gro\u00dfhandel ist in einem modernen Stil entworfen, mit sch\u00f6nen Linien und geeignet f\u00fcr alle Arten von Bad Layouts, die F\u00f6rderung der Sch\u00f6nheit des Raumes als Ganzes.<\/li>\n\n\n\n<li><strong>Leicht zu reinigen:<\/strong> Mit seiner glatten Glasoberfl\u00e4che ist dieses Glaswaschbecken im Gro\u00dfhandel resistent gegen Flecken und Schimmel, leicht zu reinigen und zu pflegen und gew\u00e4hrleistet Hygiene und Sauberkeit im t\u00e4glichen Gebrauch.<\/li>\n\n\n\n<li><strong>Hochwertiges Glasmaterial:<\/strong> Die Glassch\u00fcssel Sp\u00fcle Gro\u00dfhandel ist aus hochwertigem Glas mit hoher Transparenz und zarte Textur, die ausgezeichnete visuelle Effekte und modernen Sinn hat, die Gew\u00e4hrleistung der Haltbarkeit und Sch\u00f6nheit des Produkts gemacht.<\/li>\n\n\n\n<li><strong>Mehrere Farboptionen: <\/strong>Unsere ma\u00dfgeschneiderten Farbbecken in gro\u00dfen Mengen bieten eine breite Palette von Farboptionen, von klassisch transparent bis hin zu modischen Farben, um verschiedenen Einrichtungsstilen und pers\u00f6nlichen Vorlieben gerecht zu werden und dem Badezimmer einzigartige Farben und Pers\u00f6nlichkeit zu verleihen.<\/li>\n\n\n\n<li><strong>Unterst\u00fctzung f\u00fcr Gro\u00dfhandelsanpassungen:<\/strong> Unsere kundenspezifischen Farbbeh\u00e4lter in loser Sch\u00fcttung sind ideal f\u00fcr Gro\u00dfh\u00e4ndler, Distributoren und Projekteink\u00e4ufer. Zu den Anpassungsoptionen geh\u00f6ren Gr\u00f6\u00dfe, Farbe, Logodruck, Verpackung und Massenproduktion, um unterschiedliche Marktanforderungen zu erf\u00fcllen.<\/li>\n<\/ul>\n<\/div>\n\n\n\n<div class=\"wp-block-column is-layout-flow wp-block-column-is-layout-flow\">\n<figure class=\"wp-block-image size-full\"><img fetchpriority=\"high\" decoding=\"async\" width=\"532\" height=\"448\" src=\"https:\/\/www.ceramicbasin.com\/wp-content\/uploads\/2026\/03\/Wholesale-glass-sinks-bowlcustom-color-bowl-vessel-1.webp\" alt=\"glas-waschbecken-gro\u00dfhandel-custom-color-waschbecken-1\" class=\"wp-image-9209\" srcset=\"https:\/\/www.ceramicbasin.com\/wp-content\/uploads\/2026\/03\/Wholesale-glass-sinks-bowlcustom-color-bowl-vessel-1.webp 532w, https:\/\/www.ceramicbasin.com\/wp-content\/uploads\/2026\/03\/Wholesale-glass-sinks-bowlcustom-color-bowl-vessel-1-300x253.webp 300w, https:\/\/www.ceramicbasin.com\/wp-content\/uploads\/2026\/03\/Wholesale-glass-sinks-bowlcustom-color-bowl-vessel-1-14x12.webp 14w, https:\/\/www.ceramicbasin.com\/wp-content\/uploads\/2026\/03\/Wholesale-glass-sinks-bowlcustom-color-bowl-vessel-1-285x240.webp 285w, https:\/\/www.ceramicbasin.com\/wp-content\/uploads\/2026\/03\/Wholesale-glass-sinks-bowlcustom-color-bowl-vessel-1-150x126.webp 150w\" sizes=\"(max-width: 532px) 100vw, 532px\" \/><\/figure>\n<\/div>\n<\/div>","protected":false},"excerpt":{"rendered":"<p>Willkommen zum Kauf unserer Glaswaschbecken Gro\u00dfhandel, die eine breite Palette von Farb-Optionen bietet, von klassisch transparent zu modischen Farben, um verschiedene Dekoration Stile und pers\u00f6nliche Vorlieben zu erf\u00fcllen, das Hinzuf\u00fcgen von einzigartigen Farben und Pers\u00f6nlichkeit in das Bad.<\/p>\n<table style=\"border-collapse: collapse; width: 358.52pt;\" border=\"0\" width=\"478\" cellspacing=\"0\" cellpadding=\"0\">\n<tbody>\n<tr style=\"height: 17.25pt;\">\n<td class=\"et3\" style=\"height: 17.25pt; width: 125.00pt;\" width=\"166\" height=\"23\">Hersteller<\/td>\n<td class=\"et3\" style=\"width: 234.15pt;\" width=\"312\">HanYu<\/td>\n<\/tr>\n<tr style=\"height: 17.25pt;\">\n<td class=\"et3\" style=\"height: 17.25pt;\" height=\"23\">Modell Nr.<\/td>\n<td class=\"et4\">HY-GL47<\/td>\n<\/tr>\n<tr style=\"height: 17.25pt;\">\n<td class=\"et3\" style=\"height: 17.25pt;\" height=\"23\">Typ<\/td>\n<td class=\"et5\" style=\"width: 234.15pt;\" width=\"312\">Glas-Waschtisch<\/td>\n<\/tr>\n<tr style=\"height: 18.00pt;\">\n<td class=\"et3\" style=\"height: 18.00pt;\" height=\"24\">Form<\/td>\n<td class=\"et3\">Rectanglue Form<\/td>\n<\/tr>\n<tr style=\"height: 34.50pt;\">\n<td class=\"et4\" style=\"height: 34.50pt;\" height=\"46\">Farbe<\/td>\n<td class=\"et5\" style=\"width: 234.15pt;\" width=\"312\">schwarz\/wei\u00df\/blau\/grau\/rosa\/gr\u00fcn\/braun\/khaki<\/td>\n<\/tr>\n<tr style=\"height: 18.00pt;\">\n<td class=\"et3\" style=\"height: 18.00pt;\" height=\"24\">Dimension<\/td>\n<td class=\"et5\" style=\"width: 234.15pt;\" width=\"312\">44*33*13<\/td>\n<\/tr>\n<tr style=\"height: 17.25pt;\">\n<td class=\"et3\" style=\"height: 17.25pt;\" height=\"23\">N.W \/SET<\/td>\n<td class=\"et3\">8KGS\/PCS<\/td>\n<\/tr>\n<tr style=\"height: 17.25pt;\">\n<td class=\"et3\" style=\"height: 17.25pt;\" height=\"23\">MOQ<\/td>\n<td class=\"et3\">20St\u00fcck<\/td>\n<\/tr>\n<tr style=\"height: 17.25pt;\">\n<td class=\"et3\" style=\"height: 17.25pt;\" height=\"23\">Benutzerdefinierte Option<\/td>\n<td class=\"et3\">Farbe\/Muster\/Gr\u00f6\u00dfe\/Logo\/Verpackung<\/td>\n<\/tr>\n<\/tbody>\n<\/table>","protected":false},"featured_media":9390,"comment_status":"closed","ping_status":"closed","template":"","meta":{"_acf_changed":false},"product_brand":[],"product_cat":[52],"product_tag":[],"class_list":{"0":"post-9235","1":"product","2":"type-product","3":"status-publish","4":"has-post-thumbnail","6":"product_cat-wholesale-glass-vessel-sinks","8":"first","9":"instock","10":"shipping-taxable","11":"product-type-simple"},"acf":[],"_links":{"self":[{"href":"https:\/\/www.ceramicbasin.com\/de\/wp-json\/wp\/v2\/product\/9235","targetHints":{"allow":["GET"]}}],"collection":[{"href":"https:\/\/www.ceramicbasin.com\/de\/wp-json\/wp\/v2\/product"}],"about":[{"href":"https:\/\/www.ceramicbasin.com\/de\/wp-json\/wp\/v2\/types\/product"}],"replies":[{"embeddable":true,"href":"https:\/\/www.ceramicbasin.com\/de\/wp-json\/wp\/v2\/comments?post=9235"}],"wp:featuredmedia":[{"embeddable":true,"href":"https:\/\/www.ceramicbasin.com\/de\/wp-json\/wp\/v2\/media\/9390"}],"wp:attachment":[{"href":"https:\/\/www.ceramicbasin.com\/de\/wp-json\/wp\/v2\/media?parent=9235"}],"wp:term":[{"taxonomy":"product_brand","embeddable":true,"href":"https:\/\/www.ceramicbasin.com\/de\/wp-json\/wp\/v2\/product_brand?post=9235"},{"taxonomy":"product_cat","embeddable":true,"href":"https:\/\/www.ceramicbasin.com\/de\/wp-json\/wp\/v2\/product_cat?post=9235"},{"taxonomy":"product_tag","embeddable":true,"href":"https:\/\/www.ceramicbasin.com\/de\/wp-json\/wp\/v2\/product_tag?post=9235"}],"curies":[{"name":"wp","href":"https:\/\/api.w.org\/{rel}","templated":true}]}}