{"id":9236,"date":"2026-03-12T10:19:51","date_gmt":"2026-03-12T10:19:51","guid":{"rendered":"https:\/\/www.ceramicbasin.com\/?post_type=product&#038;p=9236"},"modified":"2026-03-21T08:41:22","modified_gmt":"2026-03-21T08:41:22","slug":"wholesale-glass-sink-bowl","status":"publish","type":"product","link":"https:\/\/www.ceramicbasin.com\/de\/produkt\/wholesale-glass-sink-bowl\/","title":{"rendered":"Gro\u00dfhandel Glas Waschbecken Sch\u00fcssel, bunte Arbeitsplatte Waschbecken"},"content":{"rendered":"<div class=\"wp-block-columns is-layout-flex wp-container-core-columns-is-layout-9d6595d7 wp-block-columns-is-layout-flex\">\n<div class=\"wp-block-column is-layout-flow wp-block-column-is-layout-flow\">\n<h2 class=\"wp-block-heading\">Premium Gro\u00dfhandel Glas Waschbecken Sch\u00fcssel Merkmale:<\/h2>\n\n\n\n<ul class=\"wp-block-list\">\n<li><strong>Exquisites Material: <\/strong>Diese Gro\u00dfhandel Glas Waschbecken ist aus hochwertigem Glas Material, das hohe Transparenz, hellen Glanz hat, und gibt einen einzigartigen visuellen Effekt und modernes Gef\u00fchl.<\/li>\n\n\n\n<li><strong>Mehrere Farboptionen:<\/strong> Unsere Glaswaschbecken im Gro\u00dfhandel bieten eine Vielzahl von Farben, die zu den meisten Inneneinrichtungen und Stilen sowie zu den pers\u00f6nlichen Geschmacksvorlieben passen und einem Badezimmer Lebendigkeit und Identit\u00e4t verleihen k\u00f6nnen.<\/li>\n\n\n\n<li><strong>Exquisites Design:<\/strong> Dieser Gro\u00dfhandel Glasgef\u00e4\u00df Waschbecken ist in einem modernen Stil gestaltet, mit sch\u00f6nen Linien und geeignet f\u00fcr alle Arten von Bad Layouts, die F\u00f6rderung der Sch\u00f6nheit Grad der Raum als Ganzes.<\/li>\n\n\n\n<li><strong>Leicht zu reinigen:<\/strong> Mit seiner glatten Glasoberfl\u00e4che ist dieses Gro\u00dfhandels-Glaswaschbecken resistent gegen Flecken und Schimmel, leicht zu reinigen und zu pflegen und gew\u00e4hrleistet Hygiene und Sauberkeit im t\u00e4glichen Gebrauch.<\/li>\n<\/ul>\n<\/div>\n\n\n\n<div class=\"wp-block-column is-layout-flow wp-block-column-is-layout-flow\">\n<figure class=\"wp-block-image size-full\"><img fetchpriority=\"high\" decoding=\"async\" width=\"710\" height=\"365\" src=\"https:\/\/www.ceramicbasin.com\/wp-content\/uploads\/2026\/03\/Modern-design-top-counter-glass-washbasin-sink-bowl-with-various-colors-9.webp\" alt=\"Gro\u00dfhandel-Glas-Sp\u00fclbecken-Schale-mit-Farben-Arbeitsplatte-Waschtisch-9\" class=\"wp-image-9205\" srcset=\"https:\/\/www.ceramicbasin.com\/wp-content\/uploads\/2026\/03\/Modern-design-top-counter-glass-washbasin-sink-bowl-with-various-colors-9.webp 710w, https:\/\/www.ceramicbasin.com\/wp-content\/uploads\/2026\/03\/Modern-design-top-counter-glass-washbasin-sink-bowl-with-various-colors-9-300x154.webp 300w, https:\/\/www.ceramicbasin.com\/wp-content\/uploads\/2026\/03\/Modern-design-top-counter-glass-washbasin-sink-bowl-with-various-colors-9-18x9.webp 18w, https:\/\/www.ceramicbasin.com\/wp-content\/uploads\/2026\/03\/Modern-design-top-counter-glass-washbasin-sink-bowl-with-various-colors-9-285x147.webp 285w, https:\/\/www.ceramicbasin.com\/wp-content\/uploads\/2026\/03\/Modern-design-top-counter-glass-washbasin-sink-bowl-with-various-colors-9-660x339.webp 660w, https:\/\/www.ceramicbasin.com\/wp-content\/uploads\/2026\/03\/Modern-design-top-counter-glass-washbasin-sink-bowl-with-various-colors-9-150x77.webp 150w\" sizes=\"(max-width: 710px) 100vw, 710px\" \/><\/figure>\n<\/div>\n<\/div>","protected":false},"excerpt":{"rendered":"<p>Willkommen bei unserem Gro\u00dfhandel Glas Waschbecken Sch\u00fcssel, die langlebig geh\u00e4rtetem Glas Konstruktion und ein elegantes Gef\u00e4\u00df Becken Design, bietet sowohl Haltbarkeit und moderne \u00c4sthetik zu kaufen. Mit anpassbaren Farben, Oberfl\u00e4chen und Gr\u00f6\u00dfen, ist diese benutzerdefinierte Farbe Gef\u00e4\u00df Becken ideal f\u00fcr Gro\u00dfh\u00e4ndler, Bad Marken, und Projekt Auftragnehmer, die f\u00fcr stilvolle und dennoch praktische Waschbecken L\u00f6sungen suchen.<\/p>\n<table style=\"border-collapse: collapse; width: 358.52pt;\" border=\"0\" width=\"478\" cellspacing=\"0\" cellpadding=\"0\">\n<tbody>\n<tr style=\"height: 17.25pt;\">\n<td class=\"et3\" style=\"height: 17.25pt; width: 125.00pt;\" width=\"166\" height=\"23\">Hersteller<\/td>\n<td class=\"et3\" style=\"width: 234.15pt;\" width=\"312\">HanYu<\/td>\n<\/tr>\n<tr style=\"height: 17.25pt;\">\n<td class=\"et3\" style=\"height: 17.25pt;\" height=\"23\">Modell Nr.<\/td>\n<td class=\"et4\">HY-GL66<\/td>\n<\/tr>\n<tr style=\"height: 17.25pt;\">\n<td class=\"et3\" style=\"height: 17.25pt;\" height=\"23\">Typ<\/td>\n<td class=\"et5\" style=\"width: 234.15pt;\" width=\"312\">Glas-Waschtisch<\/td>\n<\/tr>\n<tr style=\"height: 18.00pt;\">\n<td class=\"et3\" style=\"height: 18.00pt;\" height=\"24\">Form<\/td>\n<td class=\"et3\">Ovale Form<\/td>\n<\/tr>\n<tr style=\"height: 34.50pt;\">\n<td class=\"et4\" style=\"height: 34.50pt;\" height=\"46\">Farbe<\/td>\n<td class=\"et5\" style=\"width: 234.15pt;\" width=\"312\">schwarz\/wei\u00df\/blau\/grau\/rosa\/gr\u00fcn\/braun\/khaki<\/td>\n<\/tr>\n<tr style=\"height: 18.00pt;\">\n<td class=\"et3\" style=\"height: 18.00pt;\" height=\"24\">Dimension<\/td>\n<td class=\"et5\" style=\"width: 234.15pt;\" width=\"312\">50*36*16<\/td>\n<\/tr>\n<tr style=\"height: 17.25pt;\">\n<td class=\"et3\" style=\"height: 17.25pt;\" height=\"23\">N.W \/SET<\/td>\n<td class=\"et3\">10KGS\/PCS<\/td>\n<\/tr>\n<tr style=\"height: 17.25pt;\">\n<td class=\"et3\" style=\"height: 17.25pt;\" height=\"23\">MOQ<\/td>\n<td class=\"et3\">20St\u00fcck<\/td>\n<\/tr>\n<tr style=\"height: 17.25pt;\">\n<td class=\"et3\" style=\"height: 17.25pt;\" height=\"23\">Benutzerdefinierte Option<\/td>\n<td class=\"et3\">Farbe\/Muster\/Gr\u00f6\u00dfe\/Logo\/Verpackung<\/td>\n<\/tr>\n<\/tbody>\n<\/table>","protected":false},"featured_media":9404,"comment_status":"closed","ping_status":"closed","template":"","meta":{"_acf_changed":false},"product_brand":[],"product_cat":[52],"product_tag":[],"class_list":{"0":"post-9236","1":"product","2":"type-product","3":"status-publish","4":"has-post-thumbnail","6":"product_cat-wholesale-glass-vessel-sinks","8":"first","9":"instock","10":"shipping-taxable","11":"product-type-simple"},"acf":[],"_links":{"self":[{"href":"https:\/\/www.ceramicbasin.com\/de\/wp-json\/wp\/v2\/product\/9236","targetHints":{"allow":["GET"]}}],"collection":[{"href":"https:\/\/www.ceramicbasin.com\/de\/wp-json\/wp\/v2\/product"}],"about":[{"href":"https:\/\/www.ceramicbasin.com\/de\/wp-json\/wp\/v2\/types\/product"}],"replies":[{"embeddable":true,"href":"https:\/\/www.ceramicbasin.com\/de\/wp-json\/wp\/v2\/comments?post=9236"}],"wp:featuredmedia":[{"embeddable":true,"href":"https:\/\/www.ceramicbasin.com\/de\/wp-json\/wp\/v2\/media\/9404"}],"wp:attachment":[{"href":"https:\/\/www.ceramicbasin.com\/de\/wp-json\/wp\/v2\/media?parent=9236"}],"wp:term":[{"taxonomy":"product_brand","embeddable":true,"href":"https:\/\/www.ceramicbasin.com\/de\/wp-json\/wp\/v2\/product_brand?post=9236"},{"taxonomy":"product_cat","embeddable":true,"href":"https:\/\/www.ceramicbasin.com\/de\/wp-json\/wp\/v2\/product_cat?post=9236"},{"taxonomy":"product_tag","embeddable":true,"href":"https:\/\/www.ceramicbasin.com\/de\/wp-json\/wp\/v2\/product_tag?post=9236"}],"curies":[{"name":"wp","href":"https:\/\/api.w.org\/{rel}","templated":true}]}}