{"id":9249,"date":"2026-03-10T08:39:13","date_gmt":"2026-03-10T08:39:13","guid":{"rendered":"https:\/\/www.ceramicbasin.com\/?post_type=product&#038;p=9249"},"modified":"2026-03-12T17:06:40","modified_gmt":"2026-03-12T17:06:40","slug":"bathroom-vessel-sinks-wholesale","status":"publish","type":"product","link":"https:\/\/www.ceramicbasin.com\/de\/produkt\/bathroom-vessel-sinks-wholesale\/","title":{"rendered":"Badezimmer Gef\u00e4\u00df Waschbecken Gro\u00dfhandel, handgefertigte blau glasiert Basin"},"content":{"rendered":"<div class=\"wp-block-columns is-layout-flex wp-container-core-columns-is-layout-9d6595d7 wp-block-columns-is-layout-flex\">\n<div class=\"wp-block-column is-layout-flow wp-block-column-is-layout-flow\">\n<h2 class=\"wp-block-heading\">Premium Bad Gef\u00e4\u00df Waschbecken Gro\u00dfhandel Features:<\/h2>\n\n\n\n<ul class=\"wp-block-list\">\n<li><strong>Handgemachte chinesische Malerei Design:<\/strong> Die Badgef\u00e4\u00dfwaschbecken im Gro\u00dfhandel werden sorgf\u00e4ltig mit traditionellen chinesischen Handmaltechniken hergestellt. Die kunstvollen blauen Verzierungen machen das Waschbecken zu einem einzigartigen Kulturst\u00fcck, das sich hervorragend f\u00fcr Boutique-Hotels, Luxusb\u00e4der oder Designer-Interieur-Projekte eignet.<\/li>\n\n\n\n<li><strong>Hochwertige keramische Konstruktion:<\/strong> Das Bad Gef\u00e4\u00df Waschbecken Gro\u00dfhandel sind aus hochwertigem keramischen Material hergestellt und bei hoher Temperatur gebrannt, das Becken hat eine gute Haltbarkeit, Best\u00e4ndigkeit gegen Rissbildung und langfristige Nutzung. Der kompakte Keramikk\u00f6rper garantiert eine geringe Wasseraufnahme und eine solide Struktur.<\/li>\n\n\n\n<li><strong>Blau glasierte Oberfl\u00e4che:<\/strong> Die glatte blaue Glasur des ma\u00dfgeschneiderten Keramikwaschbeckens erh\u00f6ht die optische Attraktivit\u00e4t und bietet gleichzeitig eine schmutzabweisende und leicht zu reinigende Oberfl\u00e4che. Die Glasur sch\u00fctzt das Kunstwerk und bewahrt seine Farbbrillanz auch nach l\u00e4ngerem Gebrauch.<\/li>\n\n\n\n<li><strong>\u00dcber-Tisch-Gef\u00e4\u00df Design:<\/strong> Das ma\u00dfgeschneiderte Keramik-Waschbecken ist f\u00fcr die Installation \u00fcber dem Waschtisch konzipiert und bietet einen modernen und anspruchsvollen Blickpunkt f\u00fcr den Badbereich. Es passt zu den meisten Standard-Waschtischplatten und -Armaturen.<\/li>\n<\/ul>\n<\/div>\n\n\n\n<div class=\"wp-block-column is-layout-flow wp-block-column-is-layout-flow\">\n<figure class=\"wp-block-image size-full\"><img fetchpriority=\"high\" decoding=\"async\" width=\"800\" height=\"800\" src=\"https:\/\/www.ceramicbasin.com\/wp-content\/uploads\/2026\/03\/sink-custom\uff0cbathroom-sinks-vanity\uff0ccountertop-sinks4.webp\" alt=\"Bad-Waschbecken-Gro\u00dfhandel-Handgefertigtes-Blaues-Glasiertes-Becken-4\" class=\"wp-image-9254\" srcset=\"https:\/\/www.ceramicbasin.com\/wp-content\/uploads\/2026\/03\/sink-custom\uff0cbathroom-sinks-vanity\uff0ccountertop-sinks4.webp 800w, https:\/\/www.ceramicbasin.com\/wp-content\/uploads\/2026\/03\/sink-custom\uff0cbathroom-sinks-vanity\uff0ccountertop-sinks4-300x300.webp 300w, https:\/\/www.ceramicbasin.com\/wp-content\/uploads\/2026\/03\/sink-custom\uff0cbathroom-sinks-vanity\uff0ccountertop-sinks4-150x150.webp 150w, https:\/\/www.ceramicbasin.com\/wp-content\/uploads\/2026\/03\/sink-custom\uff0cbathroom-sinks-vanity\uff0ccountertop-sinks4-768x768.webp 768w, https:\/\/www.ceramicbasin.com\/wp-content\/uploads\/2026\/03\/sink-custom\uff0cbathroom-sinks-vanity\uff0ccountertop-sinks4-12x12.webp 12w, https:\/\/www.ceramicbasin.com\/wp-content\/uploads\/2026\/03\/sink-custom\uff0cbathroom-sinks-vanity\uff0ccountertop-sinks4-285x285.webp 285w, https:\/\/www.ceramicbasin.com\/wp-content\/uploads\/2026\/03\/sink-custom\uff0cbathroom-sinks-vanity\uff0ccountertop-sinks4-270x270.webp 270w, https:\/\/www.ceramicbasin.com\/wp-content\/uploads\/2026\/03\/sink-custom\uff0cbathroom-sinks-vanity\uff0ccountertop-sinks4-540x540.webp 540w, https:\/\/www.ceramicbasin.com\/wp-content\/uploads\/2026\/03\/sink-custom\uff0cbathroom-sinks-vanity\uff0ccountertop-sinks4-660x660.webp 660w\" sizes=\"(max-width: 800px) 100vw, 800px\" \/><\/figure>\n<\/div>\n<\/div>","protected":false},"excerpt":{"rendered":"<p>Willkommen zum Kauf unserer Bad Gef\u00e4\u00df Waschbecken Gro\u00dfhandel, die eine handgefertigte chinesische Malerei Design mit einer blauen glasierten Oberfl\u00e4che verf\u00fcgt. Geeignet f\u00fcr Gro\u00dfh\u00e4ndler, Sanit\u00e4rkeramik H\u00e4ndler, Innenarchitekten und Gastfreundschaft Projekt Lieferanten f\u00fcr k\u00fcnstlerische Keramik Waschbecken mit einer starken visuellen Identit\u00e4t suchen.<\/p>\n<table border=\"0\" width=\"311\" cellspacing=\"0\" cellpadding=\"0\">\n<tbody>\n<tr>\n<td width=\"108\" height=\"17\">Hersteller<\/td>\n<td width=\"202\">HanYu<\/td>\n<\/tr>\n<tr>\n<td height=\"17\">Modell Nr.<\/td>\n<td>HY-9001<\/td>\n<\/tr>\n<tr>\n<td height=\"17\">Typ<\/td>\n<td>Mattes Waschbecken, Aufsatzbecken<\/td>\n<\/tr>\n<tr>\n<td height=\"17\">Form<\/td>\n<td>Runde Form<\/td>\n<\/tr>\n<tr>\n<td height=\"36\">Farbe<\/td>\n<td width=\"202\">Schwarz\/Wei\u00df\/Blau\/Grau\/Rosa\/Gr\u00fcn\/Braun\/Khaki......<\/td>\n<\/tr>\n<tr>\n<td height=\"18\">Dimension<\/td>\n<td width=\"202\">36*36*13<\/td>\n<\/tr>\n<tr>\n<td height=\"17\">N.W \/SET<\/td>\n<td>10KGS\/PCS<\/td>\n<\/tr>\n<tr>\n<td height=\"17\">MOQ<\/td>\n<td>20St\u00fcck<\/td>\n<\/tr>\n<tr>\n<td height=\"17\">Benutzerdefinierte Option<\/td>\n<td>Farbe\/Muster\/Gr\u00f6\u00dfe\/Logo\/Verpackung<\/td>\n<\/tr>\n<\/tbody>\n<\/table>","protected":false},"featured_media":9250,"comment_status":"closed","ping_status":"closed","template":"","meta":{"_acf_changed":false},"product_brand":[],"product_cat":[50,55],"product_tag":[],"class_list":{"0":"post-9249","1":"product","2":"type-product","3":"status-publish","4":"has-post-thumbnail","6":"product_cat-wholesale-countertop-sinks","7":"product_cat-wholesale-matte-sinks","9":"first","10":"instock","11":"shipping-taxable","12":"product-type-simple"},"acf":[],"_links":{"self":[{"href":"https:\/\/www.ceramicbasin.com\/de\/wp-json\/wp\/v2\/product\/9249","targetHints":{"allow":["GET"]}}],"collection":[{"href":"https:\/\/www.ceramicbasin.com\/de\/wp-json\/wp\/v2\/product"}],"about":[{"href":"https:\/\/www.ceramicbasin.com\/de\/wp-json\/wp\/v2\/types\/product"}],"replies":[{"embeddable":true,"href":"https:\/\/www.ceramicbasin.com\/de\/wp-json\/wp\/v2\/comments?post=9249"}],"wp:featuredmedia":[{"embeddable":true,"href":"https:\/\/www.ceramicbasin.com\/de\/wp-json\/wp\/v2\/media\/9250"}],"wp:attachment":[{"href":"https:\/\/www.ceramicbasin.com\/de\/wp-json\/wp\/v2\/media?parent=9249"}],"wp:term":[{"taxonomy":"product_brand","embeddable":true,"href":"https:\/\/www.ceramicbasin.com\/de\/wp-json\/wp\/v2\/product_brand?post=9249"},{"taxonomy":"product_cat","embeddable":true,"href":"https:\/\/www.ceramicbasin.com\/de\/wp-json\/wp\/v2\/product_cat?post=9249"},{"taxonomy":"product_tag","embeddable":true,"href":"https:\/\/www.ceramicbasin.com\/de\/wp-json\/wp\/v2\/product_tag?post=9249"}],"curies":[{"name":"wp","href":"https:\/\/api.w.org\/{rel}","templated":true}]}}