{"id":9256,"date":"2026-03-10T08:57:08","date_gmt":"2026-03-10T08:57:08","guid":{"rendered":"https:\/\/www.ceramicbasin.com\/?post_type=product&#038;p=9256"},"modified":"2026-03-13T02:16:10","modified_gmt":"2026-03-13T02:16:10","slug":"blue-bathroom-sinks-wholesale","status":"publish","type":"product","link":"https:\/\/www.ceramicbasin.com\/de\/produkt\/blue-bathroom-sinks-wholesale\/","title":{"rendered":"Luxuri\u00f6ses blaues Bad Waschbecken Gro\u00dfhandel mit Schwarz Gold Linie"},"content":{"rendered":"<div class=\"wp-block-columns is-layout-flex wp-container-core-columns-is-layout-9d6595d7 wp-block-columns-is-layout-flex\">\n<div class=\"wp-block-column is-layout-flow wp-block-column-is-layout-flow\">\n<h2 class=\"wp-block-heading\">Premium Blue Bathroom Sinks Wholesale Eigenschaften:<\/h2>\n\n\n\n<ul class=\"wp-block-list\">\n<li><strong>Matte Textur:<\/strong> Die matte Oberfl\u00e4chenbehandlung dieser blauen Waschbecken im Gro\u00dfhandel verleiht dem Becken eine zur\u00fcckhaltende, moderne Ausstrahlung und einen zarten Touch. Es ist leicht zu reinigen und eignet sich f\u00fcr moderne Familien, die einen minimalistischen Stil verfolgen.<\/li>\n\n\n\n<li><strong>Ideal f\u00fcr die globalen M\u00e4rkte im Bereich Badezimmer:<\/strong> Diese blauen Waschbecken im Gro\u00dfhandel eignen sich f\u00fcr Gro\u00dfh\u00e4ndler, H\u00e4ndler von Sanit\u00e4rprodukten, Innenarchitekten und Anbieter von Gastgewerbeprojekten, die nach k\u00fcnstlerischen Keramikwaschbecken mit einer starken visuellen Identit\u00e4t suchen.<\/li>\n\n\n\n<li><strong>Modedesign:<\/strong> Unsere ma\u00dfgefertigten Porzellanwaschbecken haben ein modernes und modisches Design mit glatten Linien, eignen sich f\u00fcr verschiedene Badezimmergrundrisse und werten den Raum insgesamt auf.<\/li>\n\n\n\n<li><strong>\u00dcber-Tisch-Gef\u00e4\u00df Design:<\/strong> Die ma\u00dfgeschneiderte Struktur des Waschbeckens ist f\u00fcr den Einbau auf der Arbeitsplatte konzipiert und setzt einen modernen und eleganten Akzent im Badezimmer. Es ist mit den meisten Standard-Waschtischplatten und -Armaturen kompatibel.<\/li>\n<\/ul>\n<\/div>\n\n\n\n<div class=\"wp-block-column is-layout-flow wp-block-column-is-layout-flow\">\n<figure class=\"wp-block-image size-full\"><img fetchpriority=\"high\" decoding=\"async\" width=\"800\" height=\"800\" src=\"https:\/\/www.ceramicbasin.com\/wp-content\/uploads\/2026\/03\/bathroom-countertop-sink\uff0csink-suppliers\uff0cbathroom-porcelain-sink5.webp\" alt=\"luxus-blaue-badezimmer-waschbecken-gro\u00dfhandel-mit-schwarz-gold-line-5\" class=\"wp-image-9262\" srcset=\"https:\/\/www.ceramicbasin.com\/wp-content\/uploads\/2026\/03\/bathroom-countertop-sink\uff0csink-suppliers\uff0cbathroom-porcelain-sink5.webp 800w, https:\/\/www.ceramicbasin.com\/wp-content\/uploads\/2026\/03\/bathroom-countertop-sink\uff0csink-suppliers\uff0cbathroom-porcelain-sink5-300x300.webp 300w, https:\/\/www.ceramicbasin.com\/wp-content\/uploads\/2026\/03\/bathroom-countertop-sink\uff0csink-suppliers\uff0cbathroom-porcelain-sink5-150x150.webp 150w, https:\/\/www.ceramicbasin.com\/wp-content\/uploads\/2026\/03\/bathroom-countertop-sink\uff0csink-suppliers\uff0cbathroom-porcelain-sink5-768x768.webp 768w, https:\/\/www.ceramicbasin.com\/wp-content\/uploads\/2026\/03\/bathroom-countertop-sink\uff0csink-suppliers\uff0cbathroom-porcelain-sink5-12x12.webp 12w, https:\/\/www.ceramicbasin.com\/wp-content\/uploads\/2026\/03\/bathroom-countertop-sink\uff0csink-suppliers\uff0cbathroom-porcelain-sink5-285x285.webp 285w, https:\/\/www.ceramicbasin.com\/wp-content\/uploads\/2026\/03\/bathroom-countertop-sink\uff0csink-suppliers\uff0cbathroom-porcelain-sink5-270x270.webp 270w, https:\/\/www.ceramicbasin.com\/wp-content\/uploads\/2026\/03\/bathroom-countertop-sink\uff0csink-suppliers\uff0cbathroom-porcelain-sink5-540x540.webp 540w, https:\/\/www.ceramicbasin.com\/wp-content\/uploads\/2026\/03\/bathroom-countertop-sink\uff0csink-suppliers\uff0cbathroom-porcelain-sink5-660x660.webp 660w\" sizes=\"(max-width: 800px) 100vw, 800px\" \/><\/figure>\n<\/div>\n<\/div>","protected":false},"excerpt":{"rendered":"<p>Willkommen zum Kauf unserer blauen Waschbecken Gro\u00dfhandel, die ein modernes und modisches Design mit glatten Linien haben, sind f\u00fcr verschiedene Bad Layouts geeignet, und verbessern die allgemeine Sch\u00f6nheit und Qualit\u00e4t des Raumes, so dass es ideal f\u00fcr Boutique-Hotels, Luxus-Bad-Projekte, und Einzelhandel Bad Sammlungen.<\/p>\n<table style=\"border-collapse: collapse; width: 311.02pt;\" border=\"0\" width=\"311\" cellspacing=\"0\" cellpadding=\"0\">\n<tbody>\n<tr style=\"height: 17.60pt;\">\n<td class=\"et3\" style=\"height: 17.60pt; width: 108.35pt;\" width=\"108\" height=\"17\">Hersteller<\/td>\n<td class=\"et3\" style=\"width: 202.95pt;\" width=\"202\">HanYu<\/td>\n<\/tr>\n<tr style=\"height: 17.60pt;\">\n<td class=\"et3\" style=\"height: 17.60pt;\" height=\"17\">Modell Nr.<\/td>\n<td class=\"et4\">HY-9002<\/td>\n<\/tr>\n<tr style=\"height: 17.60pt;\">\n<td class=\"et3\" style=\"height: 17.60pt;\" height=\"17\">Typ<\/td>\n<td class=\"et3\">Mattes Waschbecken, Aufsatzbecken<\/td>\n<\/tr>\n<tr style=\"height: 17.60pt;\">\n<td class=\"et3\" style=\"height: 17.60pt;\" height=\"17\">Form<\/td>\n<td class=\"et3\">Runde Form<\/td>\n<\/tr>\n<tr style=\"height: 36.00pt;\">\n<td class=\"et4\" style=\"height: 36.00pt;\" height=\"36\">Farbe<\/td>\n<td class=\"et5\" style=\"width: 202.95pt;\" width=\"202\">Schwarz\/Wei\u00df\/Blau\/Grau\/Rosa\/Gr\u00fcn\/Braun\/Khaki......<\/td>\n<\/tr>\n<tr style=\"height: 18.00pt;\">\n<td class=\"et3\" style=\"height: 18.00pt;\" height=\"18\">Dimension<\/td>\n<td class=\"et5\" style=\"width: 202.95pt;\" width=\"202\">40*40*12<\/td>\n<\/tr>\n<tr style=\"height: 17.60pt;\">\n<td class=\"et3\" style=\"height: 17.60pt;\" height=\"17\">N.W \/SET<\/td>\n<td class=\"et3\">10KGS\/PCS<\/td>\n<\/tr>\n<tr style=\"height: 17.60pt;\">\n<td class=\"et3\" style=\"height: 17.60pt;\" height=\"17\">MOQ<\/td>\n<td class=\"et3\">12St\u00fcck<\/td>\n<\/tr>\n<tr style=\"height: 17.60pt;\">\n<td class=\"et3\" style=\"height: 17.60pt;\" height=\"17\">Benutzerdefinierte Option<\/td>\n<td class=\"et3\">Farbe\/Muster\/Gr\u00f6\u00dfe\/Logo\/Verpackung<\/td>\n<\/tr>\n<\/tbody>\n<\/table>","protected":false},"featured_media":9260,"comment_status":"closed","ping_status":"closed","template":"","meta":{"_acf_changed":false},"product_brand":[],"product_cat":[50,55],"product_tag":[],"class_list":{"0":"post-9256","1":"product","2":"type-product","3":"status-publish","4":"has-post-thumbnail","6":"product_cat-wholesale-countertop-sinks","7":"product_cat-wholesale-matte-sinks","9":"first","10":"instock","11":"shipping-taxable","12":"product-type-simple"},"acf":[],"_links":{"self":[{"href":"https:\/\/www.ceramicbasin.com\/de\/wp-json\/wp\/v2\/product\/9256","targetHints":{"allow":["GET"]}}],"collection":[{"href":"https:\/\/www.ceramicbasin.com\/de\/wp-json\/wp\/v2\/product"}],"about":[{"href":"https:\/\/www.ceramicbasin.com\/de\/wp-json\/wp\/v2\/types\/product"}],"replies":[{"embeddable":true,"href":"https:\/\/www.ceramicbasin.com\/de\/wp-json\/wp\/v2\/comments?post=9256"}],"wp:featuredmedia":[{"embeddable":true,"href":"https:\/\/www.ceramicbasin.com\/de\/wp-json\/wp\/v2\/media\/9260"}],"wp:attachment":[{"href":"https:\/\/www.ceramicbasin.com\/de\/wp-json\/wp\/v2\/media?parent=9256"}],"wp:term":[{"taxonomy":"product_brand","embeddable":true,"href":"https:\/\/www.ceramicbasin.com\/de\/wp-json\/wp\/v2\/product_brand?post=9256"},{"taxonomy":"product_cat","embeddable":true,"href":"https:\/\/www.ceramicbasin.com\/de\/wp-json\/wp\/v2\/product_cat?post=9256"},{"taxonomy":"product_tag","embeddable":true,"href":"https:\/\/www.ceramicbasin.com\/de\/wp-json\/wp\/v2\/product_tag?post=9256"}],"curies":[{"name":"wp","href":"https:\/\/api.w.org\/{rel}","templated":true}]}}