{"id":9264,"date":"2026-03-11T01:55:15","date_gmt":"2026-03-11T01:55:15","guid":{"rendered":"https:\/\/www.ceramicbasin.com\/?post_type=product&#038;p=9264"},"modified":"2026-03-13T03:10:59","modified_gmt":"2026-03-13T03:10:59","slug":"vessel-bathroom-sinks-wholesale","status":"publish","type":"product","link":"https:\/\/www.ceramicbasin.com\/de\/produkt\/vessel-bathroom-sinks-wholesale\/","title":{"rendered":"Hotel Vessel Badezimmer Waschbecken Gro\u00dfhandel, Runde Becken Versorgung"},"content":{"rendered":"<div class=\"wp-block-columns is-layout-flex wp-container-core-columns-is-layout-9d6595d7 wp-block-columns-is-layout-flex\">\n<div class=\"wp-block-column is-layout-flow wp-block-column-is-layout-flow\">\n<h2 class=\"wp-block-heading\">Premium Hotel Vessel Badezimmer Waschbecken Gro\u00dfhandel Features:<\/h2>\n\n\n\n<ul class=\"wp-block-list\">\n<li><strong>Hochwertiges keramisches Material mit dauerhafter Glasur:<\/strong> Das Hotel Gef\u00e4\u00df Bad Waschbecken Gro\u00dfhandel sind aus hochwertigen gebrannten Keramik hergestellt; das Becken verf\u00fcgt \u00fcber eine glatte, nicht por\u00f6se Glasur, die Flecken, Kratzer und Verblassen widersteht. Die Oberfl\u00e4che beh\u00e4lt ihren Glanz auch nach l\u00e4ngerem Gebrauch bei.<\/li>\n\n\n\n<li><strong>Matte Textur:<\/strong> Die matte Oberfl\u00e4chenbehandlung dieses ma\u00dfgefertigten Waschbeckens verleiht dem Becken eine zur\u00fcckhaltende moderne Ausstrahlung und einen zarten Touch. Es ist leicht zu reinigen und eignet sich f\u00fcr moderne Familien, die einen minimalistischen Stil verfolgen.<\/li>\n\n\n\n<li><strong>Einbau von Arbeitsplattengef\u00e4\u00dfen:<\/strong> Das Gef\u00e4\u00dfdesign erm\u00f6glicht es, das Becken \u00fcber der Arbeitsplatte zu platzieren, wodurch ein stilvoller Blickpunkt entsteht und die Installation im Vergleich zu herk\u00f6mmlichen Unterbausp\u00fclen vereinfacht wird.<\/li>\n\n\n\n<li><strong>Gro\u00dfhandelsangebot &amp; Anpassungsoptionen:<\/strong> Das Hotel Gef\u00e4\u00df Bad Waschbecken Gro\u00dfhandel sind f\u00fcr Gro\u00dfauftr\u00e4ge zur Verf\u00fcgung, mit Unterst\u00fctzung f\u00fcr OEM \/ ODM Customization Service, einschlie\u00dflich Logo-Druck, Farbanpassungen, Verpackungs-Design, und Gr\u00f6\u00dfen\u00e4nderungen, etc.<\/li>\n<\/ul>\n<\/div>\n\n\n\n<div class=\"wp-block-column is-layout-flow wp-block-column-is-layout-flow\">\n<figure class=\"wp-block-image size-full\"><img fetchpriority=\"high\" decoding=\"async\" width=\"800\" height=\"800\" src=\"https:\/\/www.ceramicbasin.com\/wp-content\/uploads\/2026\/03\/porcelain-vanity-sink\uff0cvanity-sinks-for-bathroom\uff0ccountertop-sinks5.webp\" alt=\"Hotel-Schiffs-Badewaschbecken-Gro\u00dfhandel-Rundwaschbecken-5\" class=\"wp-image-9270\" srcset=\"https:\/\/www.ceramicbasin.com\/wp-content\/uploads\/2026\/03\/porcelain-vanity-sink\uff0cvanity-sinks-for-bathroom\uff0ccountertop-sinks5.webp 800w, https:\/\/www.ceramicbasin.com\/wp-content\/uploads\/2026\/03\/porcelain-vanity-sink\uff0cvanity-sinks-for-bathroom\uff0ccountertop-sinks5-300x300.webp 300w, https:\/\/www.ceramicbasin.com\/wp-content\/uploads\/2026\/03\/porcelain-vanity-sink\uff0cvanity-sinks-for-bathroom\uff0ccountertop-sinks5-150x150.webp 150w, https:\/\/www.ceramicbasin.com\/wp-content\/uploads\/2026\/03\/porcelain-vanity-sink\uff0cvanity-sinks-for-bathroom\uff0ccountertop-sinks5-768x768.webp 768w, https:\/\/www.ceramicbasin.com\/wp-content\/uploads\/2026\/03\/porcelain-vanity-sink\uff0cvanity-sinks-for-bathroom\uff0ccountertop-sinks5-12x12.webp 12w, https:\/\/www.ceramicbasin.com\/wp-content\/uploads\/2026\/03\/porcelain-vanity-sink\uff0cvanity-sinks-for-bathroom\uff0ccountertop-sinks5-285x285.webp 285w, https:\/\/www.ceramicbasin.com\/wp-content\/uploads\/2026\/03\/porcelain-vanity-sink\uff0cvanity-sinks-for-bathroom\uff0ccountertop-sinks5-270x270.webp 270w, https:\/\/www.ceramicbasin.com\/wp-content\/uploads\/2026\/03\/porcelain-vanity-sink\uff0cvanity-sinks-for-bathroom\uff0ccountertop-sinks5-540x540.webp 540w, https:\/\/www.ceramicbasin.com\/wp-content\/uploads\/2026\/03\/porcelain-vanity-sink\uff0cvanity-sinks-for-bathroom\uff0ccountertop-sinks5-660x660.webp 660w\" sizes=\"(max-width: 800px) 100vw, 800px\" \/><\/figure>\n<\/div>\n<\/div>","protected":false},"excerpt":{"rendered":"<p>Willkommen zum Kauf unserer blauen runden Hotelgef\u00e4\u00df-Badewaschbecken im amerikanischen Stil, die f\u00fcr Hotelprojekte, Gro\u00dfh\u00e4ndler und Badh\u00e4ndler konzipiert sind, die hochwertige Keramikbecken suchen. Hergestellt aus hochwertiger glasierter Keramik, ist es langlebig und leicht zu reinigen mit einem stilvollen Gef\u00e4\u00df Design, das zeitgen\u00f6ssische Bad Interieurs erg\u00e4nzt.<\/p>\n<table style=\"border-collapse: collapse; width: 311.02pt;\" border=\"0\" width=\"311\" cellspacing=\"0\" cellpadding=\"0\">\n<tbody>\n<tr style=\"height: 17.60pt;\">\n<td class=\"et3\" style=\"height: 17.60pt; width: 108.35pt;\" width=\"108\" height=\"17\">Hersteller<\/td>\n<td class=\"et3\" style=\"width: 202.95pt;\" width=\"202\">HanYu<\/td>\n<\/tr>\n<tr style=\"height: 17.60pt;\">\n<td class=\"et3\" style=\"height: 17.60pt;\" height=\"17\">Modell Nr.<\/td>\n<td class=\"et4\">HY-9003<\/td>\n<\/tr>\n<tr style=\"height: 17.60pt;\">\n<td class=\"et3\" style=\"height: 17.60pt;\" height=\"17\">Typ<\/td>\n<td class=\"et3\">Mattes Waschbecken, Aufsatzbecken<\/td>\n<\/tr>\n<tr style=\"height: 17.60pt;\">\n<td class=\"et3\" style=\"height: 17.60pt;\" height=\"17\">Form<\/td>\n<td class=\"et3\">Runde Form<\/td>\n<\/tr>\n<tr style=\"height: 36.00pt;\">\n<td class=\"et4\" style=\"height: 36.00pt;\" height=\"36\">Farbe<\/td>\n<td class=\"et5\" style=\"width: 202.95pt;\" width=\"202\">Schwarz\/Wei\u00df\/Blau\/Grau\/Rosa\/Gr\u00fcn\/Braun\/Khaki......<\/td>\n<\/tr>\n<tr style=\"height: 18.00pt;\">\n<td class=\"et3\" style=\"height: 18.00pt;\" height=\"18\">Dimension<\/td>\n<td class=\"et5\" style=\"width: 202.95pt;\" width=\"202\">40*40*15<\/td>\n<\/tr>\n<tr style=\"height: 17.60pt;\">\n<td class=\"et3\" style=\"height: 17.60pt;\" height=\"17\">N.W \/SET<\/td>\n<td class=\"et3\">12KGS\/PCS<\/td>\n<\/tr>\n<tr style=\"height: 17.60pt;\">\n<td class=\"et3\" style=\"height: 17.60pt;\" height=\"17\">MOQ<\/td>\n<td class=\"et3\">10St\u00fcck<\/td>\n<\/tr>\n<tr style=\"height: 17.60pt;\">\n<td class=\"et3\" style=\"height: 17.60pt;\" height=\"17\">Benutzerdefinierte Option<\/td>\n<td class=\"et3\">Farbe\/Muster\/Gr\u00f6\u00dfe\/Logo\/Verpackung<\/td>\n<\/tr>\n<\/tbody>\n<\/table>","protected":false},"featured_media":9268,"comment_status":"closed","ping_status":"closed","template":"","meta":{"_acf_changed":false},"product_brand":[],"product_cat":[50,55],"product_tag":[],"class_list":{"0":"post-9264","1":"product","2":"type-product","3":"status-publish","4":"has-post-thumbnail","6":"product_cat-wholesale-countertop-sinks","7":"product_cat-wholesale-matte-sinks","9":"first","10":"instock","11":"shipping-taxable","12":"product-type-simple"},"acf":[],"_links":{"self":[{"href":"https:\/\/www.ceramicbasin.com\/de\/wp-json\/wp\/v2\/product\/9264","targetHints":{"allow":["GET"]}}],"collection":[{"href":"https:\/\/www.ceramicbasin.com\/de\/wp-json\/wp\/v2\/product"}],"about":[{"href":"https:\/\/www.ceramicbasin.com\/de\/wp-json\/wp\/v2\/types\/product"}],"replies":[{"embeddable":true,"href":"https:\/\/www.ceramicbasin.com\/de\/wp-json\/wp\/v2\/comments?post=9264"}],"wp:featuredmedia":[{"embeddable":true,"href":"https:\/\/www.ceramicbasin.com\/de\/wp-json\/wp\/v2\/media\/9268"}],"wp:attachment":[{"href":"https:\/\/www.ceramicbasin.com\/de\/wp-json\/wp\/v2\/media?parent=9264"}],"wp:term":[{"taxonomy":"product_brand","embeddable":true,"href":"https:\/\/www.ceramicbasin.com\/de\/wp-json\/wp\/v2\/product_brand?post=9264"},{"taxonomy":"product_cat","embeddable":true,"href":"https:\/\/www.ceramicbasin.com\/de\/wp-json\/wp\/v2\/product_cat?post=9264"},{"taxonomy":"product_tag","embeddable":true,"href":"https:\/\/www.ceramicbasin.com\/de\/wp-json\/wp\/v2\/product_tag?post=9264"}],"curies":[{"name":"wp","href":"https:\/\/api.w.org\/{rel}","templated":true}]}}