{"id":9271,"date":"2026-03-11T02:39:19","date_gmt":"2026-03-11T02:39:19","guid":{"rendered":"https:\/\/www.ceramicbasin.com\/?post_type=product&#038;p=9271"},"modified":"2026-03-13T09:40:47","modified_gmt":"2026-03-13T09:40:47","slug":"wholesale-porcelain-wash-basin","status":"publish","type":"product","link":"https:\/\/www.ceramicbasin.com\/de\/produkt\/wholesale-porcelain-wash-basin\/","title":{"rendered":"Gro\u00dfhandel Porzellan Waschbecken, Hotel Badezimmer Waschbecken Versorgung"},"content":{"rendered":"<div class=\"wp-block-columns is-layout-flex wp-container-core-columns-is-layout-9d6595d7 wp-block-columns-is-layout-flex\">\n<div class=\"wp-block-column is-layout-flow wp-block-column-is-layout-flow\">\n<h2 class=\"wp-block-heading\">Premium Blue Glazed Single Gro\u00dfhandel Porzellan Waschbecken Features:<\/h2>\n\n\n\n<ul class=\"wp-block-list\">\n<li><strong>K\u00fcnstlerische Gestaltung: <\/strong>Das Gro\u00dfhandelsporzellanwaschbecken vereint Luxus und k\u00fcnstlerische Sch\u00f6nheit. Der rechteckige Stil ist modisch und raffiniert, und es besitzt eine einzigartige Form und sorgf\u00e4ltige Details, und es gibt ein Gef\u00fchl der zeitgen\u00f6ssischen k\u00fcnstlerischen Verzierung des Bades Raum.<\/li>\n\n\n\n<li><strong>Kosteneinsparung: <\/strong>Unser Gro\u00dfhandel Porzellan Waschbecken verbindet eine einfache Design-\u00c4sthetik mit praktischer Funktionalit\u00e4t, eine ideale Wahl f\u00fcr stilvolle B\u00e4der. Gro\u00dfhandel Bad Waschbecken zu g\u00fcnstigen Preisen und schnelle Lieferung auf die Bed\u00fcrfnisse der gro\u00dfen Auftr\u00e4ge zu erf\u00fcllen, w\u00e4hrend die Produktqualit\u00e4t zu gew\u00e4hrleisten.<\/li>\n\n\n\n<li><strong>Frisches Minzblau, das eine gem\u00fctliche Atmosph\u00e4re schafft: <\/strong>Diese ma\u00dfgefertigte Waschtischplatte ist mit einer mintblauen, matten Glasur versehen, die einen frischen und nat\u00fcrlichen visuellen Effekt hat. Sie verleiht kommerziellen Badezimmern einen Hauch von Eleganz, schafft eine entspannende und komfortable Atmosph\u00e4re und eignet sich f\u00fcr moderne, nordische und minimalistische Inneneinrichtungen.<\/li>\n\n\n\n<li><strong>Hygienische, leicht zu reinigende Oberfl\u00e4che:<\/strong> Die glatte keramische Glasur verhindert Schmutzablagerungen und erm\u00f6glicht eine schnelle und einfache Reinigung, was vor allem im Gastgewerbe wichtig ist, wo Hygiene und Effizienz entscheidend sind.<\/li>\n<\/ul>\n<\/div>\n\n\n\n<div class=\"wp-block-column is-layout-flow wp-block-column-is-layout-flow\">\n<figure class=\"wp-block-image size-full\"><img fetchpriority=\"high\" decoding=\"async\" width=\"800\" height=\"800\" src=\"https:\/\/www.ceramicbasin.com\/wp-content\/uploads\/2026\/03\/bathroom-sink-countertops\uff0cvanity-sinks-for-bathroom\uff0cceramic-sinks5.webp\" alt=\"gro\u00dfhandel-porzellan-waschbecken-hotel-badezimmer-waschbecken-angebot-5\" class=\"wp-image-9277\" srcset=\"https:\/\/www.ceramicbasin.com\/wp-content\/uploads\/2026\/03\/bathroom-sink-countertops\uff0cvanity-sinks-for-bathroom\uff0cceramic-sinks5.webp 800w, https:\/\/www.ceramicbasin.com\/wp-content\/uploads\/2026\/03\/bathroom-sink-countertops\uff0cvanity-sinks-for-bathroom\uff0cceramic-sinks5-300x300.webp 300w, https:\/\/www.ceramicbasin.com\/wp-content\/uploads\/2026\/03\/bathroom-sink-countertops\uff0cvanity-sinks-for-bathroom\uff0cceramic-sinks5-150x150.webp 150w, https:\/\/www.ceramicbasin.com\/wp-content\/uploads\/2026\/03\/bathroom-sink-countertops\uff0cvanity-sinks-for-bathroom\uff0cceramic-sinks5-768x768.webp 768w, https:\/\/www.ceramicbasin.com\/wp-content\/uploads\/2026\/03\/bathroom-sink-countertops\uff0cvanity-sinks-for-bathroom\uff0cceramic-sinks5-12x12.webp 12w, https:\/\/www.ceramicbasin.com\/wp-content\/uploads\/2026\/03\/bathroom-sink-countertops\uff0cvanity-sinks-for-bathroom\uff0cceramic-sinks5-285x285.webp 285w, https:\/\/www.ceramicbasin.com\/wp-content\/uploads\/2026\/03\/bathroom-sink-countertops\uff0cvanity-sinks-for-bathroom\uff0cceramic-sinks5-270x270.webp 270w, https:\/\/www.ceramicbasin.com\/wp-content\/uploads\/2026\/03\/bathroom-sink-countertops\uff0cvanity-sinks-for-bathroom\uff0cceramic-sinks5-540x540.webp 540w, https:\/\/www.ceramicbasin.com\/wp-content\/uploads\/2026\/03\/bathroom-sink-countertops\uff0cvanity-sinks-for-bathroom\uff0cceramic-sinks5-660x660.webp 660w\" sizes=\"(max-width: 800px) 100vw, 800px\" \/><\/figure>\n<\/div>\n<\/div>","protected":false},"excerpt":{"rendered":"<p>Willkommen in unserem Gro\u00dfhandel Porzellan Waschbecken, die eine einfache Design-\u00c4sthetik mit praktischer Funktionalit\u00e4t verbindet, eine ideale Wahl f\u00fcr Hotelprojekte zu kaufen. Erh\u00e4ltlich f\u00fcr Gro\u00dfhandel Lieferung und OEM-Anpassung, hilft diese Keramik-Becken B2B-K\u00e4ufer erstellen High-End-Bad-L\u00f6sungen, w\u00e4hrend die Gew\u00e4hrleistung zuverl\u00e4ssiger Qualit\u00e4t, wettbewerbsf\u00e4hige Preise und stabile Bulk-Lieferung f\u00fcr Gastfreundschaft und kommerzielle Projekte.<\/p>\n<table border=\"0\" width=\"311\" cellspacing=\"0\" cellpadding=\"0\">\n<tbody>\n<tr>\n<td width=\"108\" height=\"17\">Hersteller<\/td>\n<td width=\"202\">HanYu<\/td>\n<\/tr>\n<tr>\n<td height=\"17\">Modell Nr.<\/td>\n<td>HY-9004<\/td>\n<\/tr>\n<tr>\n<td height=\"17\">Typ<\/td>\n<td>Mattes Waschbecken, Aufsatzbecken<\/td>\n<\/tr>\n<tr>\n<td height=\"17\">Form<\/td>\n<td>Runde Form<\/td>\n<\/tr>\n<tr>\n<td height=\"36\">Farbe<\/td>\n<td width=\"202\">Schwarz\/Wei\u00df\/Blau\/Grau\/Rosa\/Gr\u00fcn\/Braun\/Khaki......<\/td>\n<\/tr>\n<tr>\n<td height=\"18\">Dimension<\/td>\n<td width=\"202\">42*42*12.5<\/td>\n<\/tr>\n<tr>\n<td height=\"17\">N.W \/SET<\/td>\n<td>12KGS\/PCS<\/td>\n<\/tr>\n<tr>\n<td height=\"17\">MOQ<\/td>\n<td>10St\u00fcck<\/td>\n<\/tr>\n<tr>\n<td height=\"17\">Benutzerdefinierte Option<\/td>\n<td>Farbe\/Muster\/Gr\u00f6\u00dfe\/Logo\/Verpackung<\/td>\n<\/tr>\n<\/tbody>\n<\/table>","protected":false},"featured_media":9272,"comment_status":"closed","ping_status":"closed","template":"","meta":{"_acf_changed":false},"product_brand":[],"product_cat":[50,55],"product_tag":[],"class_list":{"0":"post-9271","1":"product","2":"type-product","3":"status-publish","4":"has-post-thumbnail","6":"product_cat-wholesale-countertop-sinks","7":"product_cat-wholesale-matte-sinks","9":"first","10":"instock","11":"shipping-taxable","12":"product-type-simple"},"acf":[],"_links":{"self":[{"href":"https:\/\/www.ceramicbasin.com\/de\/wp-json\/wp\/v2\/product\/9271","targetHints":{"allow":["GET"]}}],"collection":[{"href":"https:\/\/www.ceramicbasin.com\/de\/wp-json\/wp\/v2\/product"}],"about":[{"href":"https:\/\/www.ceramicbasin.com\/de\/wp-json\/wp\/v2\/types\/product"}],"replies":[{"embeddable":true,"href":"https:\/\/www.ceramicbasin.com\/de\/wp-json\/wp\/v2\/comments?post=9271"}],"wp:featuredmedia":[{"embeddable":true,"href":"https:\/\/www.ceramicbasin.com\/de\/wp-json\/wp\/v2\/media\/9272"}],"wp:attachment":[{"href":"https:\/\/www.ceramicbasin.com\/de\/wp-json\/wp\/v2\/media?parent=9271"}],"wp:term":[{"taxonomy":"product_brand","embeddable":true,"href":"https:\/\/www.ceramicbasin.com\/de\/wp-json\/wp\/v2\/product_brand?post=9271"},{"taxonomy":"product_cat","embeddable":true,"href":"https:\/\/www.ceramicbasin.com\/de\/wp-json\/wp\/v2\/product_cat?post=9271"},{"taxonomy":"product_tag","embeddable":true,"href":"https:\/\/www.ceramicbasin.com\/de\/wp-json\/wp\/v2\/product_tag?post=9271"}],"curies":[{"name":"wp","href":"https:\/\/api.w.org\/{rel}","templated":true}]}}