{"id":9321,"date":"2026-03-21T08:07:12","date_gmt":"2026-03-21T08:07:12","guid":{"rendered":"https:\/\/www.ceramicbasin.com\/?post_type=product&#038;p=9321"},"modified":"2026-03-21T08:07:14","modified_gmt":"2026-03-21T08:07:14","slug":"wholesale-bathroom-round-sink","status":"publish","type":"product","link":"https:\/\/www.ceramicbasin.com\/de\/produkt\/wholesale-bathroom-round-sink\/","title":{"rendered":"Gro\u00dfhandel Bad Runde Waschbecken, Schwarz-Gold-Marmor-Kunst-Becken"},"content":{"rendered":"<div class=\"wp-block-columns is-layout-flex wp-container-core-columns-is-layout-9d6595d7 wp-block-columns-is-layout-flex\">\n<div class=\"wp-block-column is-layout-flow wp-block-column-is-layout-flow\">\n<h2 class=\"wp-block-heading\">Premium Gro\u00dfhandel Badezimmer Runde Waschbecken Eigenschaften:<\/h2>\n\n\n\n<ul class=\"wp-block-list\">\n<li><strong>Luxuri\u00f6ses, k\u00fcnstlerisches Design in Schwarz und Gold:<\/strong> Dieses runde Waschbecken f\u00fcr den Gro\u00dfhandel zeichnet sich durch eine raffinierte mattschwarze Basis in Kombination mit einer opulenten goldenen Marmorierung aus, die eine einzigartige Atmosph\u00e4re von k\u00fcnstlerischem Luxus schafft und jeden Waschraum sofort aufwertet.<\/li>\n\n\n\n<li><strong>Abgerundetes, kompaktes Profil:<\/strong> Mit einem anmutigen Durchmesser von 415 mm hat dieses Keramikbecken aus dem Gro\u00dfhandel ein abgerundetes, kompaktes Design, das nicht nur Platz auf der Arbeitsplatte spart, sondern auch eine glatte, angenehme Haptik bietet - die ideale Wahl f\u00fcr die Installation mit einem Einloch-Wasserhahn.<\/li>\n\n\n\n<li><strong>Hochwertige, langlebige Keramik:<\/strong> Unsere runden Badezimmerwaschbecken f\u00fcr den Gro\u00dfhandel werden bei hohen Temperaturen gebrannt, um einen dichten K\u00f6rper mit extrem geringer Wasseraufnahme zu erzeugen. Sie weisen eine au\u00dfergew\u00f6hnliche Riss- und Abriebfestigkeit auf und erf\u00fcllen die strengen Anforderungen gro\u00dfer kommerzieller und technischer Projekte.<\/li>\n\n\n\n<li><strong>Leicht zu reinigende, schmutzabweisende Oberfl\u00e4che:<\/strong> Dieses Keramik-Kunstbecken f\u00fcr den Gro\u00dfhandel verf\u00fcgt \u00fcber eine speziell glasierte Oberfl\u00e4che, die mit fortschrittlicher Technologie behandelt wurde. Seine hydrophoben und oleophoben Eigenschaften weisen Wasserflecken und Schmutz ab, so dass ein einfaches t\u00e4gliches Abwischen ausreicht, um seine gl\u00e4nzende, metall\u00e4hnliche Oberfl\u00e4che \u00fcber Jahre hinweg zu erhalten.<\/li>\n<\/ul>\n<\/div>\n\n\n\n<div class=\"wp-block-column is-layout-flow wp-block-column-is-layout-flow\">\n<figure class=\"wp-block-image size-full\"><img fetchpriority=\"high\" decoding=\"async\" width=\"1024\" height=\"1024\" src=\"https:\/\/www.ceramicbasin.com\/wp-content\/uploads\/2026\/03\/Customized-Marble-Pattern-Hand-Wash-Basin-Bathroom-Ceramic-Black-And-Gold-Round-Sinks-5.webp\" alt=\"Ma\u00dfgeschneiderte Marmor-Handwaschbecken-Bad-Keramik-Schwarz-Gold-Rundsp\u00fclen\" class=\"wp-image-9327\" srcset=\"https:\/\/www.ceramicbasin.com\/wp-content\/uploads\/2026\/03\/Customized-Marble-Pattern-Hand-Wash-Basin-Bathroom-Ceramic-Black-And-Gold-Round-Sinks-5.webp 1024w, https:\/\/www.ceramicbasin.com\/wp-content\/uploads\/2026\/03\/Customized-Marble-Pattern-Hand-Wash-Basin-Bathroom-Ceramic-Black-And-Gold-Round-Sinks-5-300x300.webp 300w, https:\/\/www.ceramicbasin.com\/wp-content\/uploads\/2026\/03\/Customized-Marble-Pattern-Hand-Wash-Basin-Bathroom-Ceramic-Black-And-Gold-Round-Sinks-5-150x150.webp 150w, https:\/\/www.ceramicbasin.com\/wp-content\/uploads\/2026\/03\/Customized-Marble-Pattern-Hand-Wash-Basin-Bathroom-Ceramic-Black-And-Gold-Round-Sinks-5-768x768.webp 768w, https:\/\/www.ceramicbasin.com\/wp-content\/uploads\/2026\/03\/Customized-Marble-Pattern-Hand-Wash-Basin-Bathroom-Ceramic-Black-And-Gold-Round-Sinks-5-12x12.webp 12w, https:\/\/www.ceramicbasin.com\/wp-content\/uploads\/2026\/03\/Customized-Marble-Pattern-Hand-Wash-Basin-Bathroom-Ceramic-Black-And-Gold-Round-Sinks-5-285x285.webp 285w, https:\/\/www.ceramicbasin.com\/wp-content\/uploads\/2026\/03\/Customized-Marble-Pattern-Hand-Wash-Basin-Bathroom-Ceramic-Black-And-Gold-Round-Sinks-5-270x270.webp 270w, https:\/\/www.ceramicbasin.com\/wp-content\/uploads\/2026\/03\/Customized-Marble-Pattern-Hand-Wash-Basin-Bathroom-Ceramic-Black-And-Gold-Round-Sinks-5-540x540.webp 540w, https:\/\/www.ceramicbasin.com\/wp-content\/uploads\/2026\/03\/Customized-Marble-Pattern-Hand-Wash-Basin-Bathroom-Ceramic-Black-And-Gold-Round-Sinks-5-660x660.webp 660w\" sizes=\"(max-width: 1024px) 100vw, 1024px\" \/><\/figure>\n<\/div>\n<\/div>","protected":false},"excerpt":{"rendered":"<p>Willkommen zum Kauf von Keramik-Kunst-Waschbecken. Luxus 415mm Gro\u00dfhandel Badezimmer runden Waschbecken mit atemberaubenden schwarz und gold Marmor-Finish. Langlebige Keramikgef\u00e4\u00df Waschbecken f\u00fcr High-End-Hotel und moderne Eitelkeit Projekte.<\/p>\n<table style=\"border-collapse: collapse; width: 311.02pt;\" border=\"0\" width=\"311\" cellspacing=\"0\" cellpadding=\"0\">\n<tbody>\n<tr style=\"height: 17.60pt;\">\n<td class=\"et3\" style=\"height: 17.60pt; width: 108.35pt;\" width=\"108\" height=\"17\">Hersteller<\/td>\n<td class=\"et3\" style=\"width: 202.95pt;\" width=\"202\">HanYu<\/td>\n<\/tr>\n<tr style=\"height: 17.60pt;\">\n<td class=\"et3\" style=\"height: 17.60pt;\" height=\"17\">Modell Nr.<\/td>\n<td class=\"et4\">HY-8069D98<\/td>\n<\/tr>\n<tr style=\"height: 36.00pt;\">\n<td class=\"et3\" style=\"height: 36.00pt;\" height=\"36\">Typ<\/td>\n<td class=\"et5\" style=\"width: 202.95pt;\" width=\"202\">Becken in Marmorfarbe, Aufsatzbecken<\/td>\n<\/tr>\n<tr style=\"height: 17.60pt;\">\n<td class=\"et3\" style=\"height: 17.60pt;\" height=\"17\">Form<\/td>\n<td class=\"et3\">Runde Form<\/td>\n<\/tr>\n<tr style=\"height: 18.00pt;\">\n<td class=\"et4\" style=\"height: 18.00pt;\" height=\"18\">Farbe<\/td>\n<td class=\"et5\" style=\"width: 202.95pt;\" width=\"202\">Marmor<\/td>\n<\/tr>\n<tr style=\"height: 18.00pt;\">\n<td class=\"et3\" style=\"height: 18.00pt;\" height=\"18\">Dimension<\/td>\n<td class=\"et5\" style=\"width: 202.95pt;\" width=\"202\">41.5*41.5*13.5<\/td>\n<\/tr>\n<tr style=\"height: 17.60pt;\">\n<td class=\"et3\" style=\"height: 17.60pt;\" height=\"17\">N.W \/SET<\/td>\n<td class=\"et3\">8 KGS\/PCS<\/td>\n<\/tr>\n<tr style=\"height: 17.60pt;\">\n<td class=\"et3\" style=\"height: 17.60pt;\" height=\"17\">MOQ<\/td>\n<td class=\"et3\">20St\u00fcck<\/td>\n<\/tr>\n<tr style=\"height: 17.60pt;\">\n<td class=\"et3\" style=\"height: 17.60pt;\" height=\"17\">Benutzerdefinierte Option<\/td>\n<td class=\"et3\">Farbe\/Muster\/Gr\u00f6\u00dfe\/Logo\/Verpackung<\/td>\n<\/tr>\n<\/tbody>\n<\/table>","protected":false},"featured_media":9326,"comment_status":"closed","ping_status":"closed","template":"","meta":{"_acf_changed":false},"product_brand":[],"product_cat":[50,54],"product_tag":[],"class_list":{"0":"post-9321","1":"product","2":"type-product","3":"status-publish","4":"has-post-thumbnail","6":"product_cat-wholesale-countertop-sinks","7":"product_cat-wholesale-marble-sinks","9":"first","10":"instock","11":"shipping-taxable","12":"product-type-simple"},"acf":[],"_links":{"self":[{"href":"https:\/\/www.ceramicbasin.com\/de\/wp-json\/wp\/v2\/product\/9321","targetHints":{"allow":["GET"]}}],"collection":[{"href":"https:\/\/www.ceramicbasin.com\/de\/wp-json\/wp\/v2\/product"}],"about":[{"href":"https:\/\/www.ceramicbasin.com\/de\/wp-json\/wp\/v2\/types\/product"}],"replies":[{"embeddable":true,"href":"https:\/\/www.ceramicbasin.com\/de\/wp-json\/wp\/v2\/comments?post=9321"}],"wp:featuredmedia":[{"embeddable":true,"href":"https:\/\/www.ceramicbasin.com\/de\/wp-json\/wp\/v2\/media\/9326"}],"wp:attachment":[{"href":"https:\/\/www.ceramicbasin.com\/de\/wp-json\/wp\/v2\/media?parent=9321"}],"wp:term":[{"taxonomy":"product_brand","embeddable":true,"href":"https:\/\/www.ceramicbasin.com\/de\/wp-json\/wp\/v2\/product_brand?post=9321"},{"taxonomy":"product_cat","embeddable":true,"href":"https:\/\/www.ceramicbasin.com\/de\/wp-json\/wp\/v2\/product_cat?post=9321"},{"taxonomy":"product_tag","embeddable":true,"href":"https:\/\/www.ceramicbasin.com\/de\/wp-json\/wp\/v2\/product_tag?post=9321"}],"curies":[{"name":"wp","href":"https:\/\/api.w.org\/{rel}","templated":true}]}}