{"id":9335,"date":"2026-03-21T07:26:11","date_gmt":"2026-03-21T07:26:11","guid":{"rendered":"https:\/\/www.ceramicbasin.com\/?post_type=product&#038;p=9335"},"modified":"2026-03-21T07:26:15","modified_gmt":"2026-03-21T07:26:15","slug":"wholesale-rectangular-basin","status":"publish","type":"product","link":"https:\/\/www.ceramicbasin.com\/de\/produkt\/wholesale-rectangular-basin\/","title":{"rendered":"Gro\u00dfhandel Rechteckige Becken, Grau Marmor Keramik Kunst Waschbecken"},"content":{"rendered":"<div class=\"wp-block-columns is-layout-flex wp-container-core-columns-is-layout-9d6595d7 wp-block-columns-is-layout-flex\">\n<div class=\"wp-block-column is-layout-flow wp-block-column-is-layout-flow\">\n<h2 class=\"wp-block-heading\">Premium-Gro\u00dfhandel Rechteckiges Becken Merkmale:<\/h2>\n\n\n\n<ul class=\"wp-block-list\">\n<li><strong>Schicke Morandi Grau Palette:<\/strong> Dieses rechteckige Waschbecken f\u00fcr den Gro\u00dfhandel zeichnet sich durch ein einzigartiges graues Marmormuster in Kombination mit einer matten Oberfl\u00e4che aus. Es strahlt einen eleganten Stil aus und erg\u00e4nzt m\u00fchelos sowohl industrielle als auch moderne minimalistische Inneneinrichtungen.<\/li>\n\n\n\n<li><strong>Ultra-schlankes, rechteckiges Profil:<\/strong> Unser Aufsatzwaschbecken f\u00fcr den Gro\u00dfhandel (550x380mm) zeichnet sich durch klassische Proportionen in Kombination mit einem schlanken, geradlinigen Design aus, das die r\u00e4umliche Effizienz deutlich erh\u00f6ht und ein Gef\u00fchl von visueller Gro\u00dfz\u00fcgigkeit vermittelt.<\/li>\n\n\n\n<li><strong>Bei hohen Temperaturen gebrannte Keramik f\u00fcr Langlebigkeit:<\/strong> Dieses rechteckige Becken f\u00fcr den Gro\u00dfhandel wird bei intensiven 1280 \u00b0C gebrannt und verf\u00fcgt \u00fcber einen dichten, harten Keramikk\u00f6rper mit au\u00dfergew\u00f6hnlicher Sto\u00dffestigkeit. Die nahtlose Konstruktion sorgt daf\u00fcr, dass das Becken absolut wasserdicht bleibt.<\/li>\n\n\n\n<li><strong>Fleckenresistente, leicht zu reinigende Glasur:<\/strong> Dieses Gro\u00dfhandels-Waschbecken ist mit einer schmutzabweisenden Nano-Glasur versehen, die Schmutz abweist und Wasserflecken verhindert, so dass es jahrelang wie neu aussieht - eine problemlose Wahl f\u00fcr die Beschaffung in Unternehmen und Projekten.<\/li>\n\n\n\n<li><strong>Universelle Installation Kompatibilit\u00e4t:<\/strong> Dieses rechteckige Waschbecken f\u00fcr den Gro\u00dfhandel ist so konzipiert, dass es perfekt zu einer breiten Palette von Standard-Badarbeitsplatten passt. Es l\u00e4sst sich leicht installieren und ist eine ideale Wahl f\u00fcr verschiedene Anwendungen, einschlie\u00dflich Hotels, Restaurants und Renovierungen von Wohngeb\u00e4uden.<\/li>\n<\/ul>\n<\/div>\n\n\n\n<div class=\"wp-block-column is-layout-flow wp-block-column-is-layout-flow\">\n<figure class=\"wp-block-image size-full\"><img fetchpriority=\"high\" decoding=\"async\" width=\"1024\" height=\"1024\" src=\"https:\/\/www.ceramicbasin.com\/wp-content\/uploads\/2026\/03\/Custom-Rectangular-Dark-Grayish-Blue-Marble-Ceramic-Sink-Nordic-Style-Light-Grey-Bathroom-Lavatory-5.webp\" alt=\"Custom Rectangular Dark Grayish Blue Marble Ceramic Sink, Nordic Style Light Grey Bathroom Lavatory \" class=\"wp-image-9340\" srcset=\"https:\/\/www.ceramicbasin.com\/wp-content\/uploads\/2026\/03\/Custom-Rectangular-Dark-Grayish-Blue-Marble-Ceramic-Sink-Nordic-Style-Light-Grey-Bathroom-Lavatory-5.webp 1024w, https:\/\/www.ceramicbasin.com\/wp-content\/uploads\/2026\/03\/Custom-Rectangular-Dark-Grayish-Blue-Marble-Ceramic-Sink-Nordic-Style-Light-Grey-Bathroom-Lavatory-5-300x300.webp 300w, https:\/\/www.ceramicbasin.com\/wp-content\/uploads\/2026\/03\/Custom-Rectangular-Dark-Grayish-Blue-Marble-Ceramic-Sink-Nordic-Style-Light-Grey-Bathroom-Lavatory-5-150x150.webp 150w, https:\/\/www.ceramicbasin.com\/wp-content\/uploads\/2026\/03\/Custom-Rectangular-Dark-Grayish-Blue-Marble-Ceramic-Sink-Nordic-Style-Light-Grey-Bathroom-Lavatory-5-768x768.webp 768w, https:\/\/www.ceramicbasin.com\/wp-content\/uploads\/2026\/03\/Custom-Rectangular-Dark-Grayish-Blue-Marble-Ceramic-Sink-Nordic-Style-Light-Grey-Bathroom-Lavatory-5-12x12.webp 12w, https:\/\/www.ceramicbasin.com\/wp-content\/uploads\/2026\/03\/Custom-Rectangular-Dark-Grayish-Blue-Marble-Ceramic-Sink-Nordic-Style-Light-Grey-Bathroom-Lavatory-5-285x285.webp 285w, https:\/\/www.ceramicbasin.com\/wp-content\/uploads\/2026\/03\/Custom-Rectangular-Dark-Grayish-Blue-Marble-Ceramic-Sink-Nordic-Style-Light-Grey-Bathroom-Lavatory-5-270x270.webp 270w, https:\/\/www.ceramicbasin.com\/wp-content\/uploads\/2026\/03\/Custom-Rectangular-Dark-Grayish-Blue-Marble-Ceramic-Sink-Nordic-Style-Light-Grey-Bathroom-Lavatory-5-540x540.webp 540w, https:\/\/www.ceramicbasin.com\/wp-content\/uploads\/2026\/03\/Custom-Rectangular-Dark-Grayish-Blue-Marble-Ceramic-Sink-Nordic-Style-Light-Grey-Bathroom-Lavatory-5-660x660.webp 660w\" sizes=\"(max-width: 1024px) 100vw, 1024px\" \/><\/figure>\n<\/div>\n<\/div>","protected":false},"excerpt":{"rendered":"<p>Willkommen im Gro\u00dfhandel Bad Waschbecken zu kaufen. Moderne 550mm Gro\u00dfhandel rechteckige Becken mit einzigartigen grauen Marmor Textur. Langlebige Arbeitsplatte Gef\u00e4\u00df Waschbecken, perfekt f\u00fcr stilvolle Bad Eitelkeit Upgrades.<\/p>\n<table style=\"border-collapse: collapse; width: 311.02pt;\" border=\"0\" width=\"311\" cellspacing=\"0\" cellpadding=\"0\">\n<tbody>\n<tr style=\"height: 17.60pt;\">\n<td class=\"et3\" style=\"height: 17.60pt; width: 108.35pt;\" width=\"108\" height=\"17\">Hersteller<\/td>\n<td class=\"et3\" style=\"width: 202.95pt;\" width=\"202\">HanYu<\/td>\n<\/tr>\n<tr style=\"height: 17.60pt;\">\n<td class=\"et3\" style=\"height: 17.60pt;\" height=\"17\">Modell Nr.<\/td>\n<td class=\"et4\">HY-8064-55D102<\/td>\n<\/tr>\n<tr style=\"height: 36.00pt;\">\n<td class=\"et3\" style=\"height: 36.00pt;\" height=\"36\">Typ<\/td>\n<td class=\"et5\" style=\"width: 202.95pt;\" width=\"202\">Becken in Marmorfarbe, Aufsatzbecken<\/td>\n<\/tr>\n<tr style=\"height: 17.60pt;\">\n<td class=\"et3\" style=\"height: 17.60pt;\" height=\"17\">Form<\/td>\n<td class=\"et3\">Rechteckige Form<\/td>\n<\/tr>\n<tr style=\"height: 18.00pt;\">\n<td class=\"et4\" style=\"height: 18.00pt;\" height=\"18\">Farbe<\/td>\n<td class=\"et5\" style=\"width: 202.95pt;\" width=\"202\">Schwarz<\/td>\n<\/tr>\n<tr style=\"height: 18.00pt;\">\n<td class=\"et3\" style=\"height: 18.00pt;\" height=\"18\">Dimension<\/td>\n<td class=\"et5\" style=\"width: 202.95pt;\" width=\"202\">55*38*11<\/td>\n<\/tr>\n<tr style=\"height: 17.60pt;\">\n<td class=\"et3\" style=\"height: 17.60pt;\" height=\"17\">N.W \/SET<\/td>\n<td class=\"et3\">11.2KGS\/PCS<\/td>\n<\/tr>\n<tr style=\"height: 17.60pt;\">\n<td class=\"et3\" style=\"height: 17.60pt;\" height=\"17\">MOQ<\/td>\n<td class=\"et3\">20St\u00fcck<\/td>\n<\/tr>\n<tr style=\"height: 17.60pt;\">\n<td class=\"et3\" style=\"height: 17.60pt;\" height=\"17\">Benutzerdefinierte Option<\/td>\n<td class=\"et3\">Farbe\/Muster\/Gr\u00f6\u00dfe\/Logo\/Verpackung<\/td>\n<\/tr>\n<\/tbody>\n<\/table>","protected":false},"featured_media":9339,"comment_status":"closed","ping_status":"closed","template":"","meta":{"_acf_changed":false},"product_brand":[],"product_cat":[50,54],"product_tag":[],"class_list":{"0":"post-9335","1":"product","2":"type-product","3":"status-publish","4":"has-post-thumbnail","6":"product_cat-wholesale-countertop-sinks","7":"product_cat-wholesale-marble-sinks","9":"first","10":"instock","11":"shipping-taxable","12":"product-type-simple"},"acf":[],"_links":{"self":[{"href":"https:\/\/www.ceramicbasin.com\/de\/wp-json\/wp\/v2\/product\/9335","targetHints":{"allow":["GET"]}}],"collection":[{"href":"https:\/\/www.ceramicbasin.com\/de\/wp-json\/wp\/v2\/product"}],"about":[{"href":"https:\/\/www.ceramicbasin.com\/de\/wp-json\/wp\/v2\/types\/product"}],"replies":[{"embeddable":true,"href":"https:\/\/www.ceramicbasin.com\/de\/wp-json\/wp\/v2\/comments?post=9335"}],"wp:featuredmedia":[{"embeddable":true,"href":"https:\/\/www.ceramicbasin.com\/de\/wp-json\/wp\/v2\/media\/9339"}],"wp:attachment":[{"href":"https:\/\/www.ceramicbasin.com\/de\/wp-json\/wp\/v2\/media?parent=9335"}],"wp:term":[{"taxonomy":"product_brand","embeddable":true,"href":"https:\/\/www.ceramicbasin.com\/de\/wp-json\/wp\/v2\/product_brand?post=9335"},{"taxonomy":"product_cat","embeddable":true,"href":"https:\/\/www.ceramicbasin.com\/de\/wp-json\/wp\/v2\/product_cat?post=9335"},{"taxonomy":"product_tag","embeddable":true,"href":"https:\/\/www.ceramicbasin.com\/de\/wp-json\/wp\/v2\/product_tag?post=9335"}],"curies":[{"name":"wp","href":"https:\/\/api.w.org\/{rel}","templated":true}]}}