{"id":9538,"date":"2026-04-14T03:38:04","date_gmt":"2026-04-14T03:38:04","guid":{"rendered":"https:\/\/www.ceramicbasin.com\/?post_type=product&#038;p=9538"},"modified":"2026-04-14T03:38:11","modified_gmt":"2026-04-14T03:38:11","slug":"factory-supply-wall-hung-basin","status":"publish","type":"product","link":"https:\/\/www.ceramicbasin.com\/de\/produkt\/factory-supply-wall-hung-basin\/","title":{"rendered":"Factory Supply Wall Hung Basin, Bulk Ceramic Bathroom Sink"},"content":{"rendered":"<div class=\"wp-block-columns is-layout-flex wp-container-core-columns-is-layout-9d6595d7 wp-block-columns-is-layout-flex\">\n<div class=\"wp-block-column is-layout-flow wp-block-column-is-layout-flow\">\n<h2 class=\"wp-block-heading\">Premium Factory Supply Wall Hung Basin Merkmale:<\/h2>\n\n\n\n<ul class=\"wp-block-list\">\n<li><strong>Klassisches Design: <\/strong>Unsere Fabrik liefern Wand h\u00e4ngenden Waschbecken Gro\u00dfhandel verf\u00fcgt \u00fcber ein zeitloses klassisches Design mit sauberen, mit einem kleinen Wand-Installation, um die Nutzung der begrenzten Raum zu maximieren.<\/li>\n\n\n\n<li><strong>Wandmontierte Installation: <\/strong>Das wandmontierte Design spart Platz und ist leicht zu reinigen. Diese werkseitig gelieferten, wandh\u00e4ngenden Waschbecken eignen sich besonders f\u00fcr moderne, kompakte B\u00e4der und unterstreichen die Ordnung und Modernit\u00e4t des gesamten Raums.<\/li>\n\n\n\n<li><strong>Leicht zu reinigende Glasurbehandlung:<\/strong> Die Oberfl\u00e4che dieses Gro\u00dfhandels Keramik Waschbecken nimmt spezielle easy-to-clean Glasur Technologie, die glatt und zart ist, Flecken zu haften, und ist leicht zu reinigen.<\/li>\n\n\n\n<li><strong>Rabatt bei Gro\u00dfeinkauf:<\/strong> Als professioneller Hersteller und Lieferant von Keramikbecken bieten wir sehr wettbewerbsf\u00e4hige Preise, die f\u00fcr gro\u00dfe Dekorationsprojekte wie Hotels, Wohnungen, B\u00fcros usw. geeignet sind.<\/li>\n<\/ul>\n<\/div>\n\n\n\n<div class=\"wp-block-column is-layout-flow wp-block-column-is-layout-flow\">\n<figure class=\"wp-block-image size-full\"><img fetchpriority=\"high\" decoding=\"async\" width=\"1024\" height=\"1023\" src=\"https:\/\/www.ceramicbasin.com\/wp-content\/uploads\/2026\/04\/Bathroom-basin-ceramic-wall-hung-wash-basin-factory-supply-5.webp\" alt=\"werksseitige-lieferung-wandh\u00e4ngendes-waschbecken-massiv-keramik-bad-waschbecken-5\" class=\"wp-image-9543\" srcset=\"https:\/\/www.ceramicbasin.com\/wp-content\/uploads\/2026\/04\/Bathroom-basin-ceramic-wall-hung-wash-basin-factory-supply-5.webp 1024w, https:\/\/www.ceramicbasin.com\/wp-content\/uploads\/2026\/04\/Bathroom-basin-ceramic-wall-hung-wash-basin-factory-supply-5-300x300.webp 300w, https:\/\/www.ceramicbasin.com\/wp-content\/uploads\/2026\/04\/Bathroom-basin-ceramic-wall-hung-wash-basin-factory-supply-5-150x150.webp 150w, https:\/\/www.ceramicbasin.com\/wp-content\/uploads\/2026\/04\/Bathroom-basin-ceramic-wall-hung-wash-basin-factory-supply-5-768x767.webp 768w, https:\/\/www.ceramicbasin.com\/wp-content\/uploads\/2026\/04\/Bathroom-basin-ceramic-wall-hung-wash-basin-factory-supply-5-12x12.webp 12w, https:\/\/www.ceramicbasin.com\/wp-content\/uploads\/2026\/04\/Bathroom-basin-ceramic-wall-hung-wash-basin-factory-supply-5-285x285.webp 285w, https:\/\/www.ceramicbasin.com\/wp-content\/uploads\/2026\/04\/Bathroom-basin-ceramic-wall-hung-wash-basin-factory-supply-5-270x270.webp 270w, https:\/\/www.ceramicbasin.com\/wp-content\/uploads\/2026\/04\/Bathroom-basin-ceramic-wall-hung-wash-basin-factory-supply-5-540x540.webp 540w, https:\/\/www.ceramicbasin.com\/wp-content\/uploads\/2026\/04\/Bathroom-basin-ceramic-wall-hung-wash-basin-factory-supply-5-660x660.webp 660w\" sizes=\"(max-width: 1024px) 100vw, 1024px\" \/><\/figure>\n<\/div>\n<\/div>","protected":false},"excerpt":{"rendered":"<p>Willkommen zum Kauf Hanyu Fabrik Versorgung Wand h\u00e4ngenden Waschbecken, aus langlebiger Keramik gefertigt. Partner mit einem vertrauensw\u00fcrdigen Hersteller f\u00fcr den Gro\u00dfhandel Keramik Bad Waschbecken. Es gibt eine gro\u00dfe Menge an Bad Waschbecken Inventar Vorbereitung und schnellen Lieferservice, um die dringenden Projektanforderungen zu erf\u00fcllen.<\/p>\n<table border=\"0\" width=\"478\" cellspacing=\"0\" cellpadding=\"0\">\n<tbody>\n<tr>\n<td width=\"166\" height=\"23\">Hersteller<\/td>\n<td width=\"312\">HanYu<\/td>\n<\/tr>\n<tr>\n<td height=\"23\">Modell Nr.<\/td>\n<td>HY-3095<\/td>\n<\/tr>\n<tr>\n<td height=\"23\">Typ<\/td>\n<td width=\"312\">Wandh\u00e4ngende Waschbecken<\/td>\n<\/tr>\n<tr>\n<td height=\"24\">Form<\/td>\n<td>Rectanglue Form<\/td>\n<\/tr>\n<tr>\n<td height=\"46\">Farbe<\/td>\n<td width=\"312\">schwarz\/wei\u00df\/blau\/grau\/rosa\/gr\u00fcn\/braun\/khaki<\/td>\n<\/tr>\n<tr>\n<td height=\"24\">Dimension<\/td>\n<td width=\"312\">36*25*10<\/td>\n<\/tr>\n<tr>\n<td height=\"23\">N.W \/SET<\/td>\n<td>6.5KGS\/PCS<\/td>\n<\/tr>\n<tr>\n<td height=\"23\">MOQ<\/td>\n<td>20St\u00fcck<\/td>\n<\/tr>\n<tr>\n<td height=\"23\">Benutzerdefinierte Option<\/td>\n<td>Farbe\/Muster\/Gr\u00f6\u00dfe\/Logo\/Verpackung<\/td>\n<\/tr>\n<\/tbody>\n<\/table>","protected":false},"featured_media":9539,"comment_status":"closed","ping_status":"closed","template":"","meta":{"_acf_changed":false},"product_brand":[],"product_cat":[57],"product_tag":[],"class_list":{"0":"post-9538","1":"product","2":"type-product","3":"status-publish","4":"has-post-thumbnail","6":"product_cat-wholesale-wall-mounted-sinks","8":"first","9":"instock","10":"shipping-taxable","11":"product-type-simple"},"acf":[],"_links":{"self":[{"href":"https:\/\/www.ceramicbasin.com\/de\/wp-json\/wp\/v2\/product\/9538","targetHints":{"allow":["GET"]}}],"collection":[{"href":"https:\/\/www.ceramicbasin.com\/de\/wp-json\/wp\/v2\/product"}],"about":[{"href":"https:\/\/www.ceramicbasin.com\/de\/wp-json\/wp\/v2\/types\/product"}],"replies":[{"embeddable":true,"href":"https:\/\/www.ceramicbasin.com\/de\/wp-json\/wp\/v2\/comments?post=9538"}],"wp:featuredmedia":[{"embeddable":true,"href":"https:\/\/www.ceramicbasin.com\/de\/wp-json\/wp\/v2\/media\/9539"}],"wp:attachment":[{"href":"https:\/\/www.ceramicbasin.com\/de\/wp-json\/wp\/v2\/media?parent=9538"}],"wp:term":[{"taxonomy":"product_brand","embeddable":true,"href":"https:\/\/www.ceramicbasin.com\/de\/wp-json\/wp\/v2\/product_brand?post=9538"},{"taxonomy":"product_cat","embeddable":true,"href":"https:\/\/www.ceramicbasin.com\/de\/wp-json\/wp\/v2\/product_cat?post=9538"},{"taxonomy":"product_tag","embeddable":true,"href":"https:\/\/www.ceramicbasin.com\/de\/wp-json\/wp\/v2\/product_tag?post=9538"}],"curies":[{"name":"wp","href":"https:\/\/api.w.org\/{rel}","templated":true}]}}