{"id":9588,"date":"2026-04-20T09:10:09","date_gmt":"2026-04-20T09:10:09","guid":{"rendered":"https:\/\/www.ceramicbasin.com\/?post_type=product&#038;p=9588"},"modified":"2026-04-20T09:10:14","modified_gmt":"2026-04-20T09:10:14","slug":"marble-look-vessel-basin-wholesale","status":"publish","type":"product","link":"https:\/\/www.ceramicbasin.com\/de\/produkt\/marble-look-vessel-basin-wholesale\/","title":{"rendered":"Marmor Look Vessel Basin Gro\u00dfhandel, Oval Arbeitsplatte Waschbecken Bulk"},"content":{"rendered":"<div class=\"wp-block-columns is-layout-flex wp-container-core-columns-is-layout-9d6595d7 wp-block-columns-is-layout-flex\">\n<div class=\"wp-block-column is-layout-flow wp-block-column-is-layout-flow\">\n<h2 class=\"wp-block-heading\">Premium Marmor Look Vessel Basin Gro\u00dfhandel Features:<\/h2>\n\n\n\n<ul class=\"wp-block-list\">\n<li><strong>Elegantes ovales Kurvendesign: <\/strong>Das Gef\u00e4\u00dfwaschbecken im Gro\u00dfhandel in Marmoroptik zeichnet sich durch ein einzigartiges, stromlinienf\u00f6rmiges, ovales Design aus; dieses Becken bricht mit den traditionellen, starren, quadratischen Formen. Mit seinen Abmessungen von 650x440x160mm bietet es nicht nur ein optisch leichtes und dynamisches Erscheinungsbild, sondern erweitert auch effektiv den Waschbereich und minimiert gleichzeitig das Spritzen von Wasser.<\/li>\n\n\n\n<li><strong>Anspruchsvolle Glasur in Marmoroptik:<\/strong> Das Gef\u00e4\u00dfbecken in Marmoroptik im Gro\u00dfhandel nutzt fortschrittliche Glasurtechniken, um die zarten Strukturen von Naturstein zu imitieren. Dieses Becken bringt eine perfekte Verschmelzung von Natur und Luxus in das Badezimmer. Die Oberfl\u00e4che verf\u00fcgt \u00fcber eine hochgl\u00e4nzende Oberfl\u00e4che, die nicht verblasst, und bietet eine glatte, warme Haptik, die an feine Jade erinnert.<\/li>\n\n\n\n<li><strong>Langlebige Keramikkonstruktion:<\/strong> Unser ovales Aufsatzwaschbecken wird aus hochwertigem, umweltfreundlichem Ton hergestellt, der bei hohen Temperaturen gebrannt wird. Der Keramikk\u00f6rper ist au\u00dfergew\u00f6hnlich dicht und bietet eine hervorragende Schlag- und Abriebfestigkeit. Die geringe Wasseraufnahme sorgt daf\u00fcr, dass das Produkt selbst in feuchten Badezimmern vergilbungs- und fleckenbest\u00e4ndig bleibt.<\/li>\n\n\n\n<li><strong>M\u00fchelose Wartung:<\/strong> Unser ovales Arbeitsplatten-Sp\u00fclbecken zeichnet sich durch glatte, abgerundete Kanten ohne schwer zug\u00e4ngliche Ecken aus, kombiniert mit einer hydrophoben, schmutzabweisenden Glasur, die die t\u00e4gliche Reinigung bemerkenswert einfach macht. Ein sanftes Abwischen mit einem feuchten Tuch gen\u00fcgt, um die lang anhaltende Sauberkeit und den strahlenden Glanz zu erhalten.<\/li>\n<\/ul>\n<\/div>\n\n\n\n<div class=\"wp-block-column is-layout-flow wp-block-column-is-layout-flow\">\n<figure class=\"wp-block-image size-full\"><img fetchpriority=\"high\" decoding=\"async\" width=\"651\" height=\"858\" src=\"https:\/\/www.ceramicbasin.com\/wp-content\/uploads\/2026\/04\/Luxury-marble-look-vessel-art-basinhotsale-above-counter-hand-washing-basin-5.webp\" alt=\"Luxus-Marmorbecken-Gro\u00dfhandel-ovale-Abdeckplatte-Sp\u00fclbecken-5\" class=\"wp-image-9566\" srcset=\"https:\/\/www.ceramicbasin.com\/wp-content\/uploads\/2026\/04\/Luxury-marble-look-vessel-art-basinhotsale-above-counter-hand-washing-basin-5.webp 651w, https:\/\/www.ceramicbasin.com\/wp-content\/uploads\/2026\/04\/Luxury-marble-look-vessel-art-basinhotsale-above-counter-hand-washing-basin-5-228x300.webp 228w, https:\/\/www.ceramicbasin.com\/wp-content\/uploads\/2026\/04\/Luxury-marble-look-vessel-art-basinhotsale-above-counter-hand-washing-basin-5-9x12.webp 9w, https:\/\/www.ceramicbasin.com\/wp-content\/uploads\/2026\/04\/Luxury-marble-look-vessel-art-basinhotsale-above-counter-hand-washing-basin-5-285x376.webp 285w, https:\/\/www.ceramicbasin.com\/wp-content\/uploads\/2026\/04\/Luxury-marble-look-vessel-art-basinhotsale-above-counter-hand-washing-basin-5-501x660.webp 501w, https:\/\/www.ceramicbasin.com\/wp-content\/uploads\/2026\/04\/Luxury-marble-look-vessel-art-basinhotsale-above-counter-hand-washing-basin-5-114x150.webp 114w\" sizes=\"(max-width: 651px) 100vw, 651px\" \/><\/figure>\n<\/div>\n<\/div>","protected":false},"excerpt":{"rendered":"<p>Willkommen zum Kauf unserer Marmor-Look Gef\u00e4\u00df Becken Gro\u00dfhandel Design f\u00fcr B2B-K\u00e4ufer, einschlie\u00dflich derjenigen in High-End-Einrichtung und Gastfreundschaft Projekte. Wir verwenden fortschrittliche Wassertransfertechnologie, um die nat\u00fcrliche Textur und Farbe des Marmors genau nachzubilden und dem Becken einen einzigartigen visuellen Charme zu verleihen. Wir gew\u00e4hrleisten eine schnelle Auftragsabwicklung und einen schnellen Versand f\u00fcr Kunstbecken in gro\u00dfen Mengen, um Ihre Projektfristen einzuhalten.<\/p>\n<table border=\"0\" width=\"478\" cellspacing=\"0\" cellpadding=\"0\">\n<tbody>\n<tr>\n<td width=\"166\" height=\"23\">Hersteller<\/td>\n<td width=\"312\">HanYu<\/td>\n<\/tr>\n<tr>\n<td height=\"23\">Modell Nr.<\/td>\n<td>HY-8010D18<\/td>\n<\/tr>\n<tr>\n<td height=\"23\">Typ<\/td>\n<td width=\"312\">Marmorsp\u00fclen<\/td>\n<\/tr>\n<tr>\n<td height=\"24\">Form<\/td>\n<td>Ovale Form<\/td>\n<\/tr>\n<tr>\n<td height=\"46\">Farbe<\/td>\n<td width=\"312\">schwarz\/wei\u00df\/blau\/grau\/rosa\/gr\u00fcn\/braun\/khaki<\/td>\n<\/tr>\n<tr>\n<td height=\"24\">Dimension<\/td>\n<td width=\"312\">65*44*16<\/td>\n<\/tr>\n<tr>\n<td height=\"23\">N.W \/SET<\/td>\n<td>12KGS\/PCS<\/td>\n<\/tr>\n<tr>\n<td height=\"23\">MOQ<\/td>\n<td>20St\u00fcck<\/td>\n<\/tr>\n<tr>\n<td height=\"23\">Benutzerdefinierte Option<\/td>\n<td>Farbe\/Muster\/Gr\u00f6\u00dfe\/Logo\/Verpackung<\/td>\n<\/tr>\n<\/tbody>\n<\/table>","protected":false},"featured_media":9565,"comment_status":"closed","ping_status":"closed","template":"","meta":{"_acf_changed":false},"product_brand":[],"product_cat":[54,50],"product_tag":[],"class_list":{"0":"post-9588","1":"product","2":"type-product","3":"status-publish","4":"has-post-thumbnail","6":"product_cat-wholesale-marble-sinks","7":"product_cat-wholesale-countertop-sinks","9":"first","10":"instock","11":"shipping-taxable","12":"product-type-simple"},"acf":[],"_links":{"self":[{"href":"https:\/\/www.ceramicbasin.com\/de\/wp-json\/wp\/v2\/product\/9588","targetHints":{"allow":["GET"]}}],"collection":[{"href":"https:\/\/www.ceramicbasin.com\/de\/wp-json\/wp\/v2\/product"}],"about":[{"href":"https:\/\/www.ceramicbasin.com\/de\/wp-json\/wp\/v2\/types\/product"}],"replies":[{"embeddable":true,"href":"https:\/\/www.ceramicbasin.com\/de\/wp-json\/wp\/v2\/comments?post=9588"}],"wp:featuredmedia":[{"embeddable":true,"href":"https:\/\/www.ceramicbasin.com\/de\/wp-json\/wp\/v2\/media\/9565"}],"wp:attachment":[{"href":"https:\/\/www.ceramicbasin.com\/de\/wp-json\/wp\/v2\/media?parent=9588"}],"wp:term":[{"taxonomy":"product_brand","embeddable":true,"href":"https:\/\/www.ceramicbasin.com\/de\/wp-json\/wp\/v2\/product_brand?post=9588"},{"taxonomy":"product_cat","embeddable":true,"href":"https:\/\/www.ceramicbasin.com\/de\/wp-json\/wp\/v2\/product_cat?post=9588"},{"taxonomy":"product_tag","embeddable":true,"href":"https:\/\/www.ceramicbasin.com\/de\/wp-json\/wp\/v2\/product_tag?post=9588"}],"curies":[{"name":"wp","href":"https:\/\/api.w.org\/{rel}","templated":true}]}}