{"id":2876,"date":"2024-07-12T02:53:12","date_gmt":"2024-07-12T02:53:12","guid":{"rendered":"https:\/\/www.ceramicbasin.com\/?post_type=product&#038;p=2876"},"modified":"2024-07-23T09:46:39","modified_gmt":"2024-07-23T09:46:39","slug":"wholesale-bathroom-sinks-in-bulk","status":"publish","type":"product","link":"https:\/\/www.ceramicbasin.com\/es\/producto\/wholesale-bathroom-sinks-in-bulk\/","title":{"rendered":"Mayorista Lavabos Sobre Encimera Lavabos Ovalados Al Por Mayor"},"content":{"rendered":"<div class=\"wp-block-columns is-layout-flex wp-container-core-columns-is-layout-9d6595d7 wp-block-columns-is-layout-flex\">\n<div class=\"wp-block-column is-layout-flow wp-block-column-is-layout-flow\">\n<h2 class=\"wp-block-heading\">Premium Fregaderos de ba\u00f1o al por mayor Caracter\u00edsticas:<\/h2>\n\n\n\n<ul class=\"wp-block-list\">\n<li><strong>Dise\u00f1o elegante: <\/strong>Nuestros lavabos sobre encimera al por mayor a\u00f1aden un toque de elegancia y modernidad a cualquier cuarto de ba\u00f1o, convirti\u00e9ndolos en un elegante punto focal.<\/li>\n\n\n\n<li><strong>Calidad superior: <\/strong>Fabricados en cer\u00e1mica de alta calidad, estos lavabos de ba\u00f1o al por mayor ofrecen durabilidad, una superficie lisa y resistencia a las manchas y ara\u00f1azos, lo que garantiza una belleza duradera.<\/li>\n\n\n\n<li><strong>F\u00e1cil instalaci\u00f3n:<\/strong> Dise\u00f1ados para su montaje sobre encimera, estos lavabos de cer\u00e1mica a granel son f\u00e1ciles de instalar y ofrecen una soluci\u00f3n sin complicaciones tanto para nuevas construcciones como para renovaciones de cuartos de ba\u00f1o.<\/li>\n\n\n\n<li><strong>Opciones personalizables: <\/strong>Disponibles en varios colores, acabados superficiales y embalajes personalizables, los lavabos Hanyu al por mayor le permiten adaptar el producto a las necesidades de su empresa.<\/li>\n<\/ul>\n<\/div>\n\n\n\n<div class=\"wp-block-column is-layout-flow wp-block-column-is-layout-flow\">\n<figure class=\"wp-block-image size-full\"><img fetchpriority=\"high\" decoding=\"async\" width=\"750\" height=\"750\" src=\"https:\/\/www.ceramicbasin.com\/wp-content\/uploads\/2024\/07\/Wholesale-Bathroom-Sinks-Above-Counter-Oval-Basins-In-Bulk-1.webp\" alt=\"\" class=\"wp-image-2877\" srcset=\"https:\/\/www.ceramicbasin.com\/wp-content\/uploads\/2024\/07\/Wholesale-Bathroom-Sinks-Above-Counter-Oval-Basins-In-Bulk-1.webp 750w, https:\/\/www.ceramicbasin.com\/wp-content\/uploads\/2024\/07\/Wholesale-Bathroom-Sinks-Above-Counter-Oval-Basins-In-Bulk-1-300x300.webp 300w, https:\/\/www.ceramicbasin.com\/wp-content\/uploads\/2024\/07\/Wholesale-Bathroom-Sinks-Above-Counter-Oval-Basins-In-Bulk-1-150x150.webp 150w, https:\/\/www.ceramicbasin.com\/wp-content\/uploads\/2024\/07\/Wholesale-Bathroom-Sinks-Above-Counter-Oval-Basins-In-Bulk-1-12x12.webp 12w, https:\/\/www.ceramicbasin.com\/wp-content\/uploads\/2024\/07\/Wholesale-Bathroom-Sinks-Above-Counter-Oval-Basins-In-Bulk-1-285x285.webp 285w, https:\/\/www.ceramicbasin.com\/wp-content\/uploads\/2024\/07\/Wholesale-Bathroom-Sinks-Above-Counter-Oval-Basins-In-Bulk-1-270x270.webp 270w, https:\/\/www.ceramicbasin.com\/wp-content\/uploads\/2024\/07\/Wholesale-Bathroom-Sinks-Above-Counter-Oval-Basins-In-Bulk-1-540x540.webp 540w, https:\/\/www.ceramicbasin.com\/wp-content\/uploads\/2024\/07\/Wholesale-Bathroom-Sinks-Above-Counter-Oval-Basins-In-Bulk-1-660x660.webp 660w\" sizes=\"(max-width: 750px) 100vw, 750px\" \/><\/figure>\n<\/div>\n<\/div>","protected":false},"excerpt":{"rendered":"<p>Nuestros lavabos de ba\u00f1o al por mayor presentan una elegante forma ovalada sobre encimera que a\u00f1ade modernidad a cualquier cuarto de ba\u00f1o. Fabricados en cer\u00e1mica de primera calidad, estos lavabos de cer\u00e1mica son duraderos, resistentes a las manchas y f\u00e1ciles de instalar. Con varios colores, acabados y opciones de embalaje personalizables, se adaptan a diversas marcas y requisitos del mercado.<\/p>\n<table width=\"311\">\n<tbody>\n<tr>\n<td width=\"108\">Fabricante<\/td>\n<td width=\"202\">HanYu<\/td>\n<\/tr>\n<tr>\n<td>N\u00ba de modelo<\/td>\n<td>HY-488A<\/td>\n<\/tr>\n<tr>\n<td>Tipo<\/td>\n<td>Lavabo sobre encimera<\/td>\n<\/tr>\n<tr>\n<td>Forma<\/td>\n<td>Oval<\/td>\n<\/tr>\n<tr>\n<td>Color<\/td>\n<td>Blanco<\/td>\n<\/tr>\n<tr>\n<td>Dimensi\u00f3n<\/td>\n<td width=\"202\">68*44*16.5<\/td>\n<\/tr>\n<tr>\n<td>N.W \/SET<\/td>\n<td>12KG\/PCS<\/td>\n<\/tr>\n<tr>\n<td>MOQ<\/td>\n<td>20 piezas<\/td>\n<\/tr>\n<tr>\n<td>Opci\u00f3n personalizada<\/td>\n<td>Color\/Patr\u00f3n\/Tama\u00f1o\/Logotipo\/Embalaje<\/td>\n<\/tr>\n<\/tbody>\n<\/table>","protected":false},"featured_media":2879,"comment_status":"closed","ping_status":"closed","template":"","meta":{"_acf_changed":false},"product_brand":[],"product_cat":[50],"product_tag":[],"class_list":{"0":"post-2876","1":"product","2":"type-product","3":"status-publish","4":"has-post-thumbnail","6":"product_cat-wholesale-countertop-sinks","8":"first","9":"instock","10":"shipping-taxable","11":"product-type-simple"},"acf":[],"_links":{"self":[{"href":"https:\/\/www.ceramicbasin.com\/es\/wp-json\/wp\/v2\/product\/2876","targetHints":{"allow":["GET"]}}],"collection":[{"href":"https:\/\/www.ceramicbasin.com\/es\/wp-json\/wp\/v2\/product"}],"about":[{"href":"https:\/\/www.ceramicbasin.com\/es\/wp-json\/wp\/v2\/types\/product"}],"replies":[{"embeddable":true,"href":"https:\/\/www.ceramicbasin.com\/es\/wp-json\/wp\/v2\/comments?post=2876"}],"wp:featuredmedia":[{"embeddable":true,"href":"https:\/\/www.ceramicbasin.com\/es\/wp-json\/wp\/v2\/media\/2879"}],"wp:attachment":[{"href":"https:\/\/www.ceramicbasin.com\/es\/wp-json\/wp\/v2\/media?parent=2876"}],"wp:term":[{"taxonomy":"product_brand","embeddable":true,"href":"https:\/\/www.ceramicbasin.com\/es\/wp-json\/wp\/v2\/product_brand?post=2876"},{"taxonomy":"product_cat","embeddable":true,"href":"https:\/\/www.ceramicbasin.com\/es\/wp-json\/wp\/v2\/product_cat?post=2876"},{"taxonomy":"product_tag","embeddable":true,"href":"https:\/\/www.ceramicbasin.com\/es\/wp-json\/wp\/v2\/product_tag?post=2876"}],"curies":[{"name":"wp","href":"https:\/\/api.w.org\/{rel}","templated":true}]}}