{"id":3095,"date":"2024-07-12T03:06:16","date_gmt":"2024-07-12T03:06:16","guid":{"rendered":"https:\/\/www.ceramicbasin.com\/?post_type=product&#038;p=3095"},"modified":"2024-07-23T09:46:33","modified_gmt":"2024-07-23T09:46:33","slug":"custom-bathroom-countertop-basins","status":"publish","type":"product","link":"https:\/\/www.ceramicbasin.com\/es\/producto\/custom-bathroom-countertop-basins\/","title":{"rendered":"Lavabos De Encimera De Ba\u00f1o Con Orificio Para Grifo De F\u00e1brica Directos A Medida"},"content":{"rendered":"<div class=\"wp-block-columns is-layout-flex wp-container-core-columns-is-layout-9d6595d7 wp-block-columns-is-layout-flex\">\n<div class=\"wp-block-column is-layout-flow wp-block-column-is-layout-flow\">\n<h2 class=\"wp-block-heading\">Premium Custom Ba\u00f1o Encimera Lavabos Caracter\u00edsticas:<\/h2>\n\n\n\n<ul class=\"wp-block-list\">\n<li><strong>Alta calidad y durabilidad: <\/strong>Estos lavabos a medida para encimeras de ba\u00f1o a granel est\u00e1n fabricados con material cer\u00e1mico de alta calidad y han sido sometidos a un riguroso proceso de fabricaci\u00f3n para garantizar que el producto sea duradero, resistente a las manchas y a los ara\u00f1azos. <\/li>\n\n\n\n<li><strong>Dise\u00f1o est\u00e9tico<\/strong>: Nuestro lavabo de cer\u00e1mica al por mayor tiene un elegante dise\u00f1o aerodin\u00e1mico que es a la vez moderno y cl\u00e1sico, y puede integrarse perfectamente en cualquier estilo de decoraci\u00f3n de ba\u00f1o.<\/li>\n\n\n\n<li><strong>Suministro directo de f\u00e1brica: <\/strong>Nuestros lavabos a medida para encimeras de ba\u00f1o se suministran directamente de f\u00e1brica, lo que elimina intermediarios y le garantiza productos de alta calidad al precio m\u00e1s competitivo. Las compras a granel pueden disfrutar de descuentos al por mayor, lo que le ayudar\u00e1 a ahorrar costes y aumentar los m\u00e1rgenes de beneficio.<\/li>\n\n\n\n<li><strong>Dise\u00f1o personalizado:<\/strong> Ofrecemos una gran variedad de estilos y tama\u00f1os de lavabos de cer\u00e1mica a granel, que pueden personalizarse seg\u00fan sus necesidades. Ya sea el color, la forma o la textura, puede satisfacer las necesidades de personalizaci\u00f3n de su marca.<\/li>\n<\/ul>\n<\/div>\n\n\n\n<div class=\"wp-block-column is-layout-flow wp-block-column-is-layout-flow\">\n<figure class=\"wp-block-image size-full\"><img fetchpriority=\"high\" decoding=\"async\" width=\"750\" height=\"750\" src=\"https:\/\/www.ceramicbasin.com\/wp-content\/uploads\/2024\/07\/factory-direct-custom-bathroom-countertop-basins-in-bulk-2.webp\" alt=\"lavabos sobre encimera personalizados directos de f\u00e1brica a granel-2\" class=\"wp-image-3097\" srcset=\"https:\/\/www.ceramicbasin.com\/wp-content\/uploads\/2024\/07\/factory-direct-custom-bathroom-countertop-basins-in-bulk-2.webp 750w, https:\/\/www.ceramicbasin.com\/wp-content\/uploads\/2024\/07\/factory-direct-custom-bathroom-countertop-basins-in-bulk-2-300x300.webp 300w, https:\/\/www.ceramicbasin.com\/wp-content\/uploads\/2024\/07\/factory-direct-custom-bathroom-countertop-basins-in-bulk-2-150x150.webp 150w, https:\/\/www.ceramicbasin.com\/wp-content\/uploads\/2024\/07\/factory-direct-custom-bathroom-countertop-basins-in-bulk-2-12x12.webp 12w, https:\/\/www.ceramicbasin.com\/wp-content\/uploads\/2024\/07\/factory-direct-custom-bathroom-countertop-basins-in-bulk-2-285x285.webp 285w, https:\/\/www.ceramicbasin.com\/wp-content\/uploads\/2024\/07\/factory-direct-custom-bathroom-countertop-basins-in-bulk-2-270x270.webp 270w, https:\/\/www.ceramicbasin.com\/wp-content\/uploads\/2024\/07\/factory-direct-custom-bathroom-countertop-basins-in-bulk-2-540x540.webp 540w, https:\/\/www.ceramicbasin.com\/wp-content\/uploads\/2024\/07\/factory-direct-custom-bathroom-countertop-basins-in-bulk-2-660x660.webp 660w\" sizes=\"(max-width: 750px) 100vw, 750px\" \/><\/figure>\n<\/div>\n<\/div>","protected":false},"excerpt":{"rendered":"<p>HanYu proporciona lavabos de encimera de ba\u00f1o personalizados de alta calidad al por mayor directamente desde nuestra f\u00e1brica, y admite el servicio personalizado al precio m\u00e1s competitivo. El elegante dise\u00f1o aerodin\u00e1mico de nuestros lavabos al por mayor se integra en varios estilos de ba\u00f1o, creando ambientes de ba\u00f1o ideales para las necesidades de los clientes.<\/p>\n<table width=\"311\">\n<tbody>\n<tr>\n<td width=\"108\">Fabricante<\/td>\n<td width=\"202\">HanYu<\/td>\n<\/tr>\n<tr>\n<td>N\u00ba de modelo<\/td>\n<td>HY-3008A<\/td>\n<\/tr>\n<tr>\n<td>Tipo<\/td>\n<td>Lavabo de Encimera<\/td>\n<\/tr>\n<tr>\n<td>Forma<\/td>\n<td>Oval\u00a0<\/td>\n<\/tr>\n<tr>\n<td>Color<\/td>\n<td>Blanco<\/td>\n<\/tr>\n<tr>\n<td>Dimensi\u00f3n<\/td>\n<td width=\"202\">59*39.5*21.5<\/td>\n<\/tr>\n<tr>\n<td>N.W \/SET<\/td>\n<td>11KG\/PCS<\/td>\n<\/tr>\n<tr>\n<td>MOQ<\/td>\n<td>20 piezas<\/td>\n<\/tr>\n<tr>\n<td>Opci\u00f3n personalizada<\/td>\n<td>Color\/Patr\u00f3n\/Tama\u00f1o\/Logotipo\/Embalaje<\/td>\n<\/tr>\n<\/tbody>\n<\/table>","protected":false},"featured_media":3099,"comment_status":"closed","ping_status":"closed","template":"","meta":{"_acf_changed":false},"product_brand":[],"product_cat":[50],"product_tag":[],"class_list":{"0":"post-3095","1":"product","2":"type-product","3":"status-publish","4":"has-post-thumbnail","6":"product_cat-wholesale-countertop-sinks","8":"first","9":"instock","10":"shipping-taxable","11":"product-type-simple"},"acf":[],"_links":{"self":[{"href":"https:\/\/www.ceramicbasin.com\/es\/wp-json\/wp\/v2\/product\/3095","targetHints":{"allow":["GET"]}}],"collection":[{"href":"https:\/\/www.ceramicbasin.com\/es\/wp-json\/wp\/v2\/product"}],"about":[{"href":"https:\/\/www.ceramicbasin.com\/es\/wp-json\/wp\/v2\/types\/product"}],"replies":[{"embeddable":true,"href":"https:\/\/www.ceramicbasin.com\/es\/wp-json\/wp\/v2\/comments?post=3095"}],"wp:featuredmedia":[{"embeddable":true,"href":"https:\/\/www.ceramicbasin.com\/es\/wp-json\/wp\/v2\/media\/3099"}],"wp:attachment":[{"href":"https:\/\/www.ceramicbasin.com\/es\/wp-json\/wp\/v2\/media?parent=3095"}],"wp:term":[{"taxonomy":"product_brand","embeddable":true,"href":"https:\/\/www.ceramicbasin.com\/es\/wp-json\/wp\/v2\/product_brand?post=3095"},{"taxonomy":"product_cat","embeddable":true,"href":"https:\/\/www.ceramicbasin.com\/es\/wp-json\/wp\/v2\/product_cat?post=3095"},{"taxonomy":"product_tag","embeddable":true,"href":"https:\/\/www.ceramicbasin.com\/es\/wp-json\/wp\/v2\/product_tag?post=3095"}],"curies":[{"name":"wp","href":"https:\/\/api.w.org\/{rel}","templated":true}]}}